{"id":511550,"date":"2025-09-05T12:06:15","date_gmt":"2025-09-05T12:06:15","guid":{"rendered":"https:\/\/www.erresse-shop.it\/?post_type=product&#038;p=511550"},"modified":"2025-09-05T12:17:41","modified_gmt":"2025-09-05T12:17:41","slug":"caso-design-machine-a-cafe-espressogourmet-latte","status":"publish","type":"product","link":"https:\/\/www.erresse-shop.it\/fr\/shop\/petits-electromenagers\/machines-cafe\/automatique\/caso-design-machine-a-cafe-espressogourmet-latte\/","title":{"rendered":"CASO DESIGN Machine \u00e0 caf\u00e9 EspressoGourmet Latte"},"content":{"rendered":"<h4>Un caf\u00e9 cors\u00e9 et une mousse de lait onctueuse\u00a0: CASO EspressoGourmet Latte<\/h4>\n<p>Avec la machine \u00e0 caf\u00e9 porte-filtre CASO Design EspressoGourmet Latte, savourez le meilleur du caf\u00e9 directement chez vous.<\/p>\n<p>Cette machine \u00e0 caf\u00e9 porte-filtre en acier inoxydable de haute qualit\u00e9 allie un design \u00e9l\u00e9gant \u00e0 une technologie de pointe, vous permettant de savourer un expresso cors\u00e9, un cappuccino onctueux, un d\u00e9licieux latte macchiato et bien d&#8217;autres sp\u00e9cialit\u00e9s expresso.<\/p>\n<h4>Syst\u00e8me de moussage de lait automatique en une seule touche pour un plaisir onctueux<\/h4>\n<p>Gr\u00e2ce \u00e0 la puissante pompe ULKA de 20\u00a0bars et au syst\u00e8me Thermoblock \u00e0 double circuit de haute qualit\u00e9 avec fonction de pr\u00e9-infusion, vous pouvez cr\u00e9er des sp\u00e9cialit\u00e9s de caf\u00e9 \u00e0 la cr\u00e8me parfaite et aux ar\u00f4mes intenses.<\/p>\n<p>Le syst\u00e8me de moussage de lait automatique en une seule touche produit une mousse de lait onctueuse d&#8217;une simple pression sur un bouton, id\u00e9ale pour les lattes et autres laits, que vous utilisiez du lait nature ou des substituts de lait.<\/p>\n<h4>Distribution de caf\u00e9 personnalis\u00e9e et chauffe-tasses<\/h4>\n<p>Gr\u00e2ce aux boutons multifonctions, personnalisez votre distribution de caf\u00e9 et adaptez-la \u00e0 des verres encore plus grands, jusqu&#8217;\u00e0 13,5 cm de hauteur.<\/p>\n<p>Le chauffe-tasses int\u00e9gr\u00e9 maintient les tasses au chaud, garantissant un caf\u00e9 toujours \u00e0 la temp\u00e9rature id\u00e9ale. L&#8217;\u00e9cran LCD clair et les fonctions pratiques de nettoyage et de d\u00e9tartrage rendent la machine particuli\u00e8rement facile \u00e0 utiliser et \u00e0 entretenir.<\/p>\n<h4>Large gamme d&#8217;accessoires pour une pr\u00e9paration de caf\u00e9 polyvalente<\/h4>\n<p>Le r\u00e9servoir d&#8217;eau transparent amovible de 1,3 litre et le r\u00e9servoir \u00e0 lait de 700 ml permettent de pr\u00e9parer plusieurs tasses sans avoir \u00e0 les remplir fr\u00e9quemment.<\/p>\n<p>L&#8217;emballage comprend une cuill\u00e8re en acier inoxydable, un tamper en m\u00e9tal robuste avec manche en bois, deux filtres en acier inoxydable \u00e0 double paroi et deux filtres en acier inoxydable \u00e0 simple paroi pour 1 et 2 tasses, ainsi qu&#8217;un filtre \u00e0 dosettes ESE et un porte-filtre en acier inoxydable.<\/p>\n<p>Avec l&#8217;EspressoGourmet Latte, vous ne choisissez pas seulement une machine \u00e0 caf\u00e9 \u00e0 porte-filtre, mais une exp\u00e9rience caf\u00e9 compl\u00e8te. Laissez-vous convaincre par la qualit\u00e9 et la fonctionnalit\u00e9 de cette machine et savourez votre caf\u00e9 pr\u00e9f\u00e9r\u00e9 comme un barista au quotidien.<\/p>\n<p>Dimensions\u00a0: 44 x 22 x 30,5 cm<br \/>\nPoids\u00a0: 3,67 kg<br \/>\nPuissance (watts)\u00a0: 1350<br \/>\nTension\u00a0: 220-240 V~, 50-60 Hz<\/p>\n","protected":false},"excerpt":{"rendered":"<p>Un caf\u00e9 cors\u00e9 et une mousse de lait onctueuse\u00a0: CASO EspressoGourmet Latte Avec la machine \u00e0 caf\u00e9 porte-filtre CASO Design<\/p>\n","protected":false},"featured_media":511561,"template":"","meta":{"_acf_changed":false,"inline_featured_image":false},"product_cat":[25360,12764,12449],"product_tag":[12956,12948,12950,23226],"acf":[],"yoast_head":"<!-- This site is optimized with the Yoast SEO Premium plugin v18.6 (Yoast SEO v19.13) - https:\/\/yoast.com\/wordpress\/plugins\/seo\/ -->\n<title>MAGIMIX Juice Expert 3 avec Coffret Coupe L\u00e9gumes Noir<\/title>\n<meta name=\"description\" content=\"D\u00e9couvrez MAGIMIX Juice Expert 3 avec Coffret Coupe L\u00e9gumes Noir sur ErresseShop. Qualit\u00e9, prix r\u00e9duits et achat s\u00e9curis\u00e9 \u2013 commandez d\u00e8s maintenant en ligne !\" \/>\n<meta name=\"robots\" content=\"index, follow, max-snippet:-1, max-image-preview:large, max-video-preview:-1\" \/>\n<link rel=\"canonical\" href=\"https:\/\/www.erresse-shop.it\/fr\/shop\/petits-electromenagers\/machines-cafe\/automatique\/caso-design-machine-a-cafe-espressogourmet-latte\/\" \/>\n<meta property=\"og:locale\" content=\"fr_FR\" \/>\n<meta property=\"og:type\" content=\"article\" \/>\n<meta property=\"og:title\" content=\"CASO DESIGN Machine \u00e0 caf\u00e9 EspressoGourmet Latte\" \/>\n<meta property=\"og:description\" content=\"D\u00e9couvrez MAGIMIX Juice Expert 3 avec Coffret Coupe L\u00e9gumes Noir sur ErresseShop. Qualit\u00e9, prix r\u00e9duits et achat s\u00e9curis\u00e9 \u2013 commandez d\u00e8s maintenant en ligne !\" \/>\n<meta property=\"og:url\" content=\"https:\/\/www.erresse-shop.it\/fr\/shop\/petits-electromenagers\/machines-cafe\/automatique\/caso-design-machine-a-cafe-espressogourmet-latte\/\" \/>\n<meta property=\"og:site_name\" content=\"Erresse Shop\" \/>\n<meta property=\"article:modified_time\" content=\"2025-09-05T12:17:41+00:00\" \/>\n<meta property=\"og:image\" content=\"https:\/\/www.erresse-shop.it\/wp-content\/uploads\/2025\/09\/CASO-DESIGN-Macchina-da-Caffe-EspressoGourmet-Latte.jpg\" \/>\n\t<meta property=\"og:image:width\" content=\"1200\" \/>\n\t<meta property=\"og:image:height\" content=\"1200\" \/>\n\t<meta property=\"og:image:type\" content=\"image\/jpeg\" \/>\n<meta name=\"twitter:card\" content=\"summary_large_image\" \/>\n<script type=\"application\/ld+json\" class=\"yoast-schema-graph\">{\"@context\":\"https:\/\/schema.org\",\"@graph\":[{\"@type\":\"WebPage\",\"@id\":\"https:\/\/www.erresse-shop.it\/fr\/shop\/petits-electromenagers\/machines-cafe\/automatique\/caso-design-machine-a-cafe-espressogourmet-latte\/\",\"url\":\"https:\/\/www.erresse-shop.it\/fr\/shop\/petits-electromenagers\/machines-cafe\/automatique\/caso-design-machine-a-cafe-espressogourmet-latte\/\",\"name\":\"MAGIMIX Juice Expert 3 avec Coffret Coupe L\u00e9gumes Noir\",\"isPartOf\":{\"@id\":\"https:\/\/www.erresse-shop.it\/fr\/#website\"},\"datePublished\":\"2025-09-05T12:06:15+00:00\",\"dateModified\":\"2025-09-05T12:17:41+00:00\",\"description\":\"D\u00e9couvrez MAGIMIX Juice Expert 3 avec Coffret Coupe L\u00e9gumes Noir sur ErresseShop. Qualit\u00e9, prix r\u00e9duits et achat s\u00e9curis\u00e9 \u2013 commandez d\u00e8s maintenant en ligne !\",\"breadcrumb\":{\"@id\":\"https:\/\/www.erresse-shop.it\/fr\/shop\/petits-electromenagers\/machines-cafe\/automatique\/caso-design-machine-a-cafe-espressogourmet-latte\/#breadcrumb\"},\"inLanguage\":\"fr-FR\",\"potentialAction\":[{\"@type\":\"ReadAction\",\"target\":[\"https:\/\/www.erresse-shop.it\/fr\/shop\/petits-electromenagers\/machines-cafe\/automatique\/caso-design-machine-a-cafe-espressogourmet-latte\/\"]}]},{\"@type\":\"BreadcrumbList\",\"@id\":\"https:\/\/www.erresse-shop.it\/fr\/shop\/petits-electromenagers\/machines-cafe\/automatique\/caso-design-machine-a-cafe-espressogourmet-latte\/#breadcrumb\",\"itemListElement\":[{\"@type\":\"ListItem\",\"position\":1,\"name\":\"Home\",\"item\":\"https:\/\/www.erresse-shop.it\/fr\/\"},{\"@type\":\"ListItem\",\"position\":2,\"name\":\"Shop\",\"item\":\"https:\/\/www.erresse-shop.it\/fr\/shop\/\"},{\"@type\":\"ListItem\",\"position\":3,\"name\":\"CASO DESIGN Machine \u00e0 caf\u00e9 EspressoGourmet Latte\"}]},{\"@type\":\"WebSite\",\"@id\":\"https:\/\/www.erresse-shop.it\/fr\/#website\",\"url\":\"https:\/\/www.erresse-shop.it\/fr\/\",\"name\":\"Erresse Shop\",\"description\":\"Articoli di qualit\u00e0 per la casa\",\"potentialAction\":[{\"@type\":\"SearchAction\",\"target\":{\"@type\":\"EntryPoint\",\"urlTemplate\":\"https:\/\/www.erresse-shop.it\/fr\/?s={search_term_string}\"},\"query-input\":\"required name=search_term_string\"}],\"inLanguage\":\"fr-FR\"}]}<\/script>\n<!-- \/ Yoast SEO Premium plugin. -->","yoast_head_json":{"title":"MAGIMIX Juice Expert 3 avec Coffret Coupe L\u00e9gumes Noir","description":"D\u00e9couvrez MAGIMIX Juice Expert 3 avec Coffret Coupe L\u00e9gumes Noir sur ErresseShop. Qualit\u00e9, prix r\u00e9duits et achat s\u00e9curis\u00e9 \u2013 commandez d\u00e8s maintenant en ligne !","robots":{"index":"index","follow":"follow","max-snippet":"max-snippet:-1","max-image-preview":"max-image-preview:large","max-video-preview":"max-video-preview:-1"},"canonical":"https:\/\/www.erresse-shop.it\/fr\/shop\/petits-electromenagers\/machines-cafe\/automatique\/caso-design-machine-a-cafe-espressogourmet-latte\/","og_locale":"fr_FR","og_type":"article","og_title":"CASO DESIGN Machine \u00e0 caf\u00e9 EspressoGourmet Latte","og_description":"D\u00e9couvrez MAGIMIX Juice Expert 3 avec Coffret Coupe L\u00e9gumes Noir sur ErresseShop. Qualit\u00e9, prix r\u00e9duits et achat s\u00e9curis\u00e9 \u2013 commandez d\u00e8s maintenant en ligne !","og_url":"https:\/\/www.erresse-shop.it\/fr\/shop\/petits-electromenagers\/machines-cafe\/automatique\/caso-design-machine-a-cafe-espressogourmet-latte\/","og_site_name":"Erresse Shop","article_modified_time":"2025-09-05T12:17:41+00:00","og_image":[{"width":1200,"height":1200,"url":"https:\/\/www.erresse-shop.it\/wp-content\/uploads\/2025\/09\/CASO-DESIGN-Macchina-da-Caffe-EspressoGourmet-Latte.jpg","type":"image\/jpeg"}],"twitter_card":"summary_large_image","schema":{"@context":"https:\/\/schema.org","@graph":[{"@type":"WebPage","@id":"https:\/\/www.erresse-shop.it\/fr\/shop\/petits-electromenagers\/machines-cafe\/automatique\/caso-design-machine-a-cafe-espressogourmet-latte\/","url":"https:\/\/www.erresse-shop.it\/fr\/shop\/petits-electromenagers\/machines-cafe\/automatique\/caso-design-machine-a-cafe-espressogourmet-latte\/","name":"MAGIMIX Juice Expert 3 avec Coffret Coupe L\u00e9gumes Noir","isPartOf":{"@id":"https:\/\/www.erresse-shop.it\/fr\/#website"},"datePublished":"2025-09-05T12:06:15+00:00","dateModified":"2025-09-05T12:17:41+00:00","description":"D\u00e9couvrez MAGIMIX Juice Expert 3 avec Coffret Coupe L\u00e9gumes Noir sur ErresseShop. Qualit\u00e9, prix r\u00e9duits et achat s\u00e9curis\u00e9 \u2013 commandez d\u00e8s maintenant en ligne !","breadcrumb":{"@id":"https:\/\/www.erresse-shop.it\/fr\/shop\/petits-electromenagers\/machines-cafe\/automatique\/caso-design-machine-a-cafe-espressogourmet-latte\/#breadcrumb"},"inLanguage":"fr-FR","potentialAction":[{"@type":"ReadAction","target":["https:\/\/www.erresse-shop.it\/fr\/shop\/petits-electromenagers\/machines-cafe\/automatique\/caso-design-machine-a-cafe-espressogourmet-latte\/"]}]},{"@type":"BreadcrumbList","@id":"https:\/\/www.erresse-shop.it\/fr\/shop\/petits-electromenagers\/machines-cafe\/automatique\/caso-design-machine-a-cafe-espressogourmet-latte\/#breadcrumb","itemListElement":[{"@type":"ListItem","position":1,"name":"Home","item":"https:\/\/www.erresse-shop.it\/fr\/"},{"@type":"ListItem","position":2,"name":"Shop","item":"https:\/\/www.erresse-shop.it\/fr\/shop\/"},{"@type":"ListItem","position":3,"name":"CASO DESIGN Machine \u00e0 caf\u00e9 EspressoGourmet Latte"}]},{"@type":"WebSite","@id":"https:\/\/www.erresse-shop.it\/fr\/#website","url":"https:\/\/www.erresse-shop.it\/fr\/","name":"Erresse Shop","description":"Articoli di qualit\u00e0 per la casa","potentialAction":[{"@type":"SearchAction","target":{"@type":"EntryPoint","urlTemplate":"https:\/\/www.erresse-shop.it\/fr\/?s={search_term_string}"},"query-input":"required name=search_term_string"}],"inLanguage":"fr-FR"}]}},"df_price":249.99,"df_sale_price":249.99,"df_regular_price":249.99,"df_image_link":"https:\/\/www.erresse-shop.it\/wp-content\/uploads\/2025\/09\/CASO-DESIGN-Macchina-da-Caffe-EspressoGourmet-Latte-300x300.jpg","_links":{"self":[{"href":"https:\/\/www.erresse-shop.it\/fr\/wp-json\/wp\/v2\/product\/511550"}],"collection":[{"href":"https:\/\/www.erresse-shop.it\/fr\/wp-json\/wp\/v2\/product"}],"about":[{"href":"https:\/\/www.erresse-shop.it\/fr\/wp-json\/wp\/v2\/types\/product"}],"wp:featuredmedia":[{"embeddable":true,"href":"https:\/\/www.erresse-shop.it\/fr\/wp-json\/wp\/v2\/media\/511561"}],"wp:attachment":[{"href":"https:\/\/www.erresse-shop.it\/fr\/wp-json\/wp\/v2\/media?parent=511550"}],"wp:term":[{"taxonomy":"product_cat","embeddable":true,"href":"https:\/\/www.erresse-shop.it\/fr\/wp-json\/wp\/v2\/product_cat?post=511550"},{"taxonomy":"product_tag","embeddable":true,"href":"https:\/\/www.erresse-shop.it\/fr\/wp-json\/wp\/v2\/product_tag?post=511550"}],"curies":[{"name":"wp","href":"https:\/\/api.w.org\/{rel}","templated":true}]}}