{"id":511533,"date":"2025-09-05T10:41:44","date_gmt":"2025-09-05T10:41:44","guid":{"rendered":"https:\/\/www.erresse-shop.it\/?post_type=product&#038;p=511533"},"modified":"2025-09-05T10:51:39","modified_gmt":"2025-09-05T10:51:39","slug":"caso-design-machine-a-cafe-espressogourmet-crema","status":"publish","type":"product","link":"https:\/\/www.erresse-shop.it\/fr\/shop\/petits-electromenagers\/machines-cafe\/automatique\/caso-design-machine-a-cafe-espressogourmet-crema\/","title":{"rendered":"CASO DESIGN Machine \u00e0 caf\u00e9 EspressoGourmet Crema"},"content":{"rendered":"<p>CASO EspressoGourmet Crema &#8211; La machine \u00e0 caf\u00e9 porte-filtre pour les vrais amateurs de caf\u00e9\u00a0!<br \/>\nCASO EspressoGourmet Crema &#8211; Votre machine \u00e0 caf\u00e9 porte-filtre compacte et \u00e9l\u00e9gante pour la maison.<\/p>\n<p>Cette machine \u00e0 caf\u00e9 porte-filtre r\u00e9volutionne l&#8217;art de la pr\u00e9paration de l&#8217;espresso et transforme votre cuisine en un v\u00e9ritable caf\u00e9.<\/p>\n<p>Avec sa finition en acier inoxydable de haute qualit\u00e9, elle allie un design intemporel \u00e0 une fonctionnalit\u00e9 durable qui saura satisfaire les amateurs de caf\u00e9 les plus exigeants.<\/p>\n<p>Performances maximales pour un expresso cors\u00e9<\/p>\n<p>Avec sa puissante pompe ULKA de 20 bars, la machine \u00e0 caf\u00e9 porte-filtre CASO garantit une extraction id\u00e9ale des ar\u00f4mes et un go\u00fbt intense et cors\u00e9.<\/p>\n<p>Trois r\u00e9glages de temp\u00e9rature pr\u00e9cis (basse, moyenne, haute) vous permettent d&#8217;ajuster individuellement la temp\u00e9rature d&#8217;infusion pour un r\u00e9sultat parfait, personnalis\u00e9 selon vos pr\u00e9f\u00e9rences.<\/p>\n<p>Qu&#8217;il s&#8217;agisse d&#8217;un expresso cors\u00e9 ou d&#8217;un cappuccino onctueux, chaque tasse est un moment fort. <\/p>\n<h4>Fonctions polyvalentes pour les amateurs de mousse de lait<\/h4>\n<p>La buse vapeur professionnelle produit de la vapeur s\u00e8che pour cr\u00e9er une mousse de lait d\u00e9licieusement onctueuse, id\u00e9ale pour les lattes, les cappuccinos ou les alternatives au lait v\u00e9g\u00e9tal.<\/p>\n<p>Gr\u00e2ce \u00e0 son temps de chauffe rapide de seulement 12 secondes, savourez votre caf\u00e9 sans attendre. L&#8217;\u00e9cran LCD int\u00e9gr\u00e9 et les commandes intuitives simplifient grandement l&#8217;utilisation.<\/p>\n<h4>Design sophistiqu\u00e9 pour un confort optimal<\/h4>\n<p>L&#8217;EspressoGourmet Crema a \u00e9t\u00e9 con\u00e7ue pour une utilisation optimale. Son r\u00e9servoir d&#8217;eau amovible de 1,3 litre, son chauffe-tasses int\u00e9gr\u00e9 et ses fonctions pratiques de nettoyage et de d\u00e9tartrage simplifient son utilisation quotidienne et garantissent une longue dur\u00e9e de vie. Avec une hauteur allant jusqu&#8217;\u00e0 13,5 cm, m\u00eame les tasses et verres les plus grands peuvent facilement se glisser sous la machine \u00e0 porte-filtre. <\/p>\n<h4>Une large gamme d&#8217;accessoires pour une v\u00e9ritable exp\u00e9rience barista<\/h4>\n<p>La machine \u00e0 porte-filtre CASO est livr\u00e9e avec une gamme compl\u00e8te d&#8217;accessoires, dont un tamper m\u00e9tallique robuste, un porte-filtre professionnel et divers porte-filtres pour une pr\u00e9paration \u00e0 simple et double paroi.<\/p>\n<p>Que vous utilisiez des dosettes ESE ou que vous pr\u00e9f\u00e9riez du caf\u00e9 fra\u00eechement moulu, cette machine offre une flexibilit\u00e9 maximale pour vos cr\u00e9ations caf\u00e9.<\/p>\n<h4>Une qualit\u00e9 exceptionnelle<\/h4>\n<p>Avec la CASO EspressoGourmet Crema, choisissez une machine \u00e0 expresso alliant parfaitement plaisir, fonctionnalit\u00e9 et style.<\/p>\n<p>Faites l&#8217;exp\u00e9rience d&#8217;une qualit\u00e9 barista m\u00eame dans les plus petits espaces et d\u00e9couvrez comme il est facile de savourer un caf\u00e9 parfait \u00e0 la maison. Achetez cet appareil de haute qualit\u00e9 et laissez-vous inspirer par l&#8217;univers du caf\u00e9\u00a0!<\/p>\n<p>Dimensions\u00a0: 32 x 14,5 x 31 cm<br \/>\nPoids\u00a0: 3,4 kg<br \/>\nPuissance (watts)\u00a0: 1\u00a0350<br \/>\nTension\u00a0: 220-240 V, 50\/60 Hz<\/p>\n","protected":false},"excerpt":{"rendered":"<p>CASO EspressoGourmet Crema &#8211; La machine \u00e0 caf\u00e9 porte-filtre pour les vrais amateurs de caf\u00e9\u00a0! CASO EspressoGourmet Crema &#8211; Votre<\/p>\n","protected":false},"featured_media":511544,"template":"","meta":{"_acf_changed":false,"inline_featured_image":false},"product_cat":[25360,12764,12449],"product_tag":[12956,12948,12950,23226],"acf":[],"yoast_head":"<!-- This site is optimized with the Yoast SEO Premium plugin v18.6 (Yoast SEO v19.13) - https:\/\/yoast.com\/wordpress\/plugins\/seo\/ -->\n<title>MAGIMIX Juice Expert 3 avec Coffret Coupe L\u00e9gumes Noir<\/title>\n<meta name=\"description\" content=\"D\u00e9couvrez MAGIMIX Juice Expert 3 avec Coffret Coupe L\u00e9gumes Noir sur ErresseShop. Qualit\u00e9, prix r\u00e9duits et achat s\u00e9curis\u00e9 \u2013 commandez d\u00e8s maintenant en ligne !\" \/>\n<meta name=\"robots\" content=\"index, follow, max-snippet:-1, max-image-preview:large, max-video-preview:-1\" \/>\n<link rel=\"canonical\" href=\"https:\/\/www.erresse-shop.it\/fr\/shop\/petits-electromenagers\/machines-cafe\/automatique\/caso-design-machine-a-cafe-espressogourmet-crema\/\" \/>\n<meta property=\"og:locale\" content=\"fr_FR\" \/>\n<meta property=\"og:type\" content=\"article\" \/>\n<meta property=\"og:title\" content=\"CASO DESIGN Machine \u00e0 caf\u00e9 EspressoGourmet Crema\" \/>\n<meta property=\"og:description\" content=\"D\u00e9couvrez MAGIMIX Juice Expert 3 avec Coffret Coupe L\u00e9gumes Noir sur ErresseShop. Qualit\u00e9, prix r\u00e9duits et achat s\u00e9curis\u00e9 \u2013 commandez d\u00e8s maintenant en ligne !\" \/>\n<meta property=\"og:url\" content=\"https:\/\/www.erresse-shop.it\/fr\/shop\/petits-electromenagers\/machines-cafe\/automatique\/caso-design-machine-a-cafe-espressogourmet-crema\/\" \/>\n<meta property=\"og:site_name\" content=\"Erresse Shop\" \/>\n<meta property=\"article:modified_time\" content=\"2025-09-05T10:51:39+00:00\" \/>\n<meta property=\"og:image\" content=\"https:\/\/www.erresse-shop.it\/wp-content\/uploads\/2025\/09\/CASO-DESIGN-Macchina-da-Caffe-EspressoGourmet-Crema.jpg\" \/>\n\t<meta property=\"og:image:width\" content=\"1200\" \/>\n\t<meta property=\"og:image:height\" content=\"1200\" \/>\n\t<meta property=\"og:image:type\" content=\"image\/jpeg\" \/>\n<meta name=\"twitter:card\" content=\"summary_large_image\" \/>\n<script type=\"application\/ld+json\" class=\"yoast-schema-graph\">{\"@context\":\"https:\/\/schema.org\",\"@graph\":[{\"@type\":\"WebPage\",\"@id\":\"https:\/\/www.erresse-shop.it\/fr\/shop\/petits-electromenagers\/machines-cafe\/automatique\/caso-design-machine-a-cafe-espressogourmet-crema\/\",\"url\":\"https:\/\/www.erresse-shop.it\/fr\/shop\/petits-electromenagers\/machines-cafe\/automatique\/caso-design-machine-a-cafe-espressogourmet-crema\/\",\"name\":\"MAGIMIX Juice Expert 3 avec Coffret Coupe L\u00e9gumes Noir\",\"isPartOf\":{\"@id\":\"https:\/\/www.erresse-shop.it\/fr\/#website\"},\"datePublished\":\"2025-09-05T10:41:44+00:00\",\"dateModified\":\"2025-09-05T10:51:39+00:00\",\"description\":\"D\u00e9couvrez MAGIMIX Juice Expert 3 avec Coffret Coupe L\u00e9gumes Noir sur ErresseShop. Qualit\u00e9, prix r\u00e9duits et achat s\u00e9curis\u00e9 \u2013 commandez d\u00e8s maintenant en ligne !\",\"breadcrumb\":{\"@id\":\"https:\/\/www.erresse-shop.it\/fr\/shop\/petits-electromenagers\/machines-cafe\/automatique\/caso-design-machine-a-cafe-espressogourmet-crema\/#breadcrumb\"},\"inLanguage\":\"fr-FR\",\"potentialAction\":[{\"@type\":\"ReadAction\",\"target\":[\"https:\/\/www.erresse-shop.it\/fr\/shop\/petits-electromenagers\/machines-cafe\/automatique\/caso-design-machine-a-cafe-espressogourmet-crema\/\"]}]},{\"@type\":\"BreadcrumbList\",\"@id\":\"https:\/\/www.erresse-shop.it\/fr\/shop\/petits-electromenagers\/machines-cafe\/automatique\/caso-design-machine-a-cafe-espressogourmet-crema\/#breadcrumb\",\"itemListElement\":[{\"@type\":\"ListItem\",\"position\":1,\"name\":\"Home\",\"item\":\"https:\/\/www.erresse-shop.it\/fr\/\"},{\"@type\":\"ListItem\",\"position\":2,\"name\":\"Shop\",\"item\":\"https:\/\/www.erresse-shop.it\/fr\/shop\/\"},{\"@type\":\"ListItem\",\"position\":3,\"name\":\"CASO DESIGN Machine \u00e0 caf\u00e9 EspressoGourmet Crema\"}]},{\"@type\":\"WebSite\",\"@id\":\"https:\/\/www.erresse-shop.it\/fr\/#website\",\"url\":\"https:\/\/www.erresse-shop.it\/fr\/\",\"name\":\"Erresse Shop\",\"description\":\"Articoli di qualit\u00e0 per la casa\",\"potentialAction\":[{\"@type\":\"SearchAction\",\"target\":{\"@type\":\"EntryPoint\",\"urlTemplate\":\"https:\/\/www.erresse-shop.it\/fr\/?s={search_term_string}\"},\"query-input\":\"required name=search_term_string\"}],\"inLanguage\":\"fr-FR\"}]}<\/script>\n<!-- \/ Yoast SEO Premium plugin. -->","yoast_head_json":{"title":"MAGIMIX Juice Expert 3 avec Coffret Coupe L\u00e9gumes Noir","description":"D\u00e9couvrez MAGIMIX Juice Expert 3 avec Coffret Coupe L\u00e9gumes Noir sur ErresseShop. Qualit\u00e9, prix r\u00e9duits et achat s\u00e9curis\u00e9 \u2013 commandez d\u00e8s maintenant en ligne !","robots":{"index":"index","follow":"follow","max-snippet":"max-snippet:-1","max-image-preview":"max-image-preview:large","max-video-preview":"max-video-preview:-1"},"canonical":"https:\/\/www.erresse-shop.it\/fr\/shop\/petits-electromenagers\/machines-cafe\/automatique\/caso-design-machine-a-cafe-espressogourmet-crema\/","og_locale":"fr_FR","og_type":"article","og_title":"CASO DESIGN Machine \u00e0 caf\u00e9 EspressoGourmet Crema","og_description":"D\u00e9couvrez MAGIMIX Juice Expert 3 avec Coffret Coupe L\u00e9gumes Noir sur ErresseShop. Qualit\u00e9, prix r\u00e9duits et achat s\u00e9curis\u00e9 \u2013 commandez d\u00e8s maintenant en ligne !","og_url":"https:\/\/www.erresse-shop.it\/fr\/shop\/petits-electromenagers\/machines-cafe\/automatique\/caso-design-machine-a-cafe-espressogourmet-crema\/","og_site_name":"Erresse Shop","article_modified_time":"2025-09-05T10:51:39+00:00","og_image":[{"width":1200,"height":1200,"url":"https:\/\/www.erresse-shop.it\/wp-content\/uploads\/2025\/09\/CASO-DESIGN-Macchina-da-Caffe-EspressoGourmet-Crema.jpg","type":"image\/jpeg"}],"twitter_card":"summary_large_image","schema":{"@context":"https:\/\/schema.org","@graph":[{"@type":"WebPage","@id":"https:\/\/www.erresse-shop.it\/fr\/shop\/petits-electromenagers\/machines-cafe\/automatique\/caso-design-machine-a-cafe-espressogourmet-crema\/","url":"https:\/\/www.erresse-shop.it\/fr\/shop\/petits-electromenagers\/machines-cafe\/automatique\/caso-design-machine-a-cafe-espressogourmet-crema\/","name":"MAGIMIX Juice Expert 3 avec Coffret Coupe L\u00e9gumes Noir","isPartOf":{"@id":"https:\/\/www.erresse-shop.it\/fr\/#website"},"datePublished":"2025-09-05T10:41:44+00:00","dateModified":"2025-09-05T10:51:39+00:00","description":"D\u00e9couvrez MAGIMIX Juice Expert 3 avec Coffret Coupe L\u00e9gumes Noir sur ErresseShop. Qualit\u00e9, prix r\u00e9duits et achat s\u00e9curis\u00e9 \u2013 commandez d\u00e8s maintenant en ligne !","breadcrumb":{"@id":"https:\/\/www.erresse-shop.it\/fr\/shop\/petits-electromenagers\/machines-cafe\/automatique\/caso-design-machine-a-cafe-espressogourmet-crema\/#breadcrumb"},"inLanguage":"fr-FR","potentialAction":[{"@type":"ReadAction","target":["https:\/\/www.erresse-shop.it\/fr\/shop\/petits-electromenagers\/machines-cafe\/automatique\/caso-design-machine-a-cafe-espressogourmet-crema\/"]}]},{"@type":"BreadcrumbList","@id":"https:\/\/www.erresse-shop.it\/fr\/shop\/petits-electromenagers\/machines-cafe\/automatique\/caso-design-machine-a-cafe-espressogourmet-crema\/#breadcrumb","itemListElement":[{"@type":"ListItem","position":1,"name":"Home","item":"https:\/\/www.erresse-shop.it\/fr\/"},{"@type":"ListItem","position":2,"name":"Shop","item":"https:\/\/www.erresse-shop.it\/fr\/shop\/"},{"@type":"ListItem","position":3,"name":"CASO DESIGN Machine \u00e0 caf\u00e9 EspressoGourmet Crema"}]},{"@type":"WebSite","@id":"https:\/\/www.erresse-shop.it\/fr\/#website","url":"https:\/\/www.erresse-shop.it\/fr\/","name":"Erresse Shop","description":"Articoli di qualit\u00e0 per la casa","potentialAction":[{"@type":"SearchAction","target":{"@type":"EntryPoint","urlTemplate":"https:\/\/www.erresse-shop.it\/fr\/?s={search_term_string}"},"query-input":"required name=search_term_string"}],"inLanguage":"fr-FR"}]}},"df_price":179.99,"df_sale_price":179.99,"df_regular_price":179.99,"df_image_link":"https:\/\/www.erresse-shop.it\/wp-content\/uploads\/2025\/09\/CASO-DESIGN-Macchina-da-Caffe-EspressoGourmet-Crema-300x300.jpg","_links":{"self":[{"href":"https:\/\/www.erresse-shop.it\/fr\/wp-json\/wp\/v2\/product\/511533"}],"collection":[{"href":"https:\/\/www.erresse-shop.it\/fr\/wp-json\/wp\/v2\/product"}],"about":[{"href":"https:\/\/www.erresse-shop.it\/fr\/wp-json\/wp\/v2\/types\/product"}],"wp:featuredmedia":[{"embeddable":true,"href":"https:\/\/www.erresse-shop.it\/fr\/wp-json\/wp\/v2\/media\/511544"}],"wp:attachment":[{"href":"https:\/\/www.erresse-shop.it\/fr\/wp-json\/wp\/v2\/media?parent=511533"}],"wp:term":[{"taxonomy":"product_cat","embeddable":true,"href":"https:\/\/www.erresse-shop.it\/fr\/wp-json\/wp\/v2\/product_cat?post=511533"},{"taxonomy":"product_tag","embeddable":true,"href":"https:\/\/www.erresse-shop.it\/fr\/wp-json\/wp\/v2\/product_tag?post=511533"}],"curies":[{"name":"wp","href":"https:\/\/api.w.org\/{rel}","templated":true}]}}