{"id":511481,"date":"2025-09-05T10:12:46","date_gmt":"2025-09-05T10:12:46","guid":{"rendered":"https:\/\/www.erresse-shop.it\/?post_type=product&#038;p=511481"},"modified":"2025-09-05T10:22:40","modified_gmt":"2025-09-05T10:22:40","slug":"caso-design-bouilloire-electrique-wk-2200","status":"publish","type":"product","link":"https:\/\/www.erresse-shop.it\/fr\/shop\/petits-electromenagers\/bouilloires-electriques\/caso-design-bouilloire-electrique-wk-2200\/","title":{"rendered":"CASO DESIGN Bouilloire \u00e9lectrique WK 2200"},"content":{"rendered":"<h3>Pour tous les amateurs de th\u00e9 et de caf\u00e9<\/h3>\n<h4>La bouilloire WK 2200 de CASO Design.<\/h4>\n<p>Les connaisseurs de th\u00e9 et les amateurs de caf\u00e9 savent depuis longtemps que l&#8217;eau utilis\u00e9e pour l&#8217;infusion ne doit pas d\u00e9passer le point d&#8217;\u00e9bullition.<\/p>\n<p>Il est pr\u00e9f\u00e9rable d&#8217;infuser le th\u00e9 avec de l&#8217;eau \u00e0 70-80 \u00b0C, tandis que le caf\u00e9 pr\u00e9f\u00e8re une temp\u00e9rature d&#8217;infusion de 90 \u00b0C. Faire bouillir l&#8217;eau et la laisser refroidir \u00e0 la temp\u00e9rature exacte prend du temps et n\u00e9cessite un thermom\u00e8tre.<\/p>\n<p>C&#8217;est plus simple avec la bouilloire WK 2200 de CASO Design, pr\u00e9cise et fiable.<\/p>\n<p>La WK 2200 pr\u00e9sente un design \u00e9l\u00e9gant et \u00e9pur\u00e9, et son cadre en acier inoxydable bross\u00e9 avec poign\u00e9e noire thermo-isolante est sans fil.<\/p>\n<p>Elle repose sur un socle dot\u00e9 d&#8217;un panneau de commande intuitif et d&#8217;un \u00e9cran LED bleu, permettant un contr\u00f4le pr\u00e9cis de la temp\u00e9rature\u00a0: tout en maintenant un contr\u00f4le pr\u00e9cis de la temp\u00e9rature, l&#8217;eau peut \u00eatre chauff\u00e9e \u00e0 la temp\u00e9rature souhait\u00e9e par paliers de 10 \u00b0C, de 40 \u00e0 100 \u00b0C. La temp\u00e9rature actuelle de l&#8217;eau s&#8217;affiche.<\/p>\n<p>Le compte \u00e0 rebours indique le temps n\u00e9cessaire pour atteindre la temp\u00e9rature souhait\u00e9e. Id\u00e9al pour pr\u00e9parer parfaitement diff\u00e9rents types de th\u00e9, des petits pots pour b\u00e9b\u00e9 ou m\u00eame de l&#8217;eau pour bouillottes.<\/p>\n<p>La bouilloire CASO Design WK 2200 est \u00e9quip\u00e9e d&#8217;un filtre \u00e0 eau en acier inoxydable, d&#8217;un indicateur de niveau d&#8217;eau, d&#8217;un arr\u00eat automatique et d&#8217;un range-cordon. Un signal sonore indique lorsque la temp\u00e9rature de chauffe s\u00e9lectionn\u00e9e est atteinte.<\/p>\n<p>Pr\u00e9parer un th\u00e9 ou un caf\u00e9 parfait n&#8217;a jamais \u00e9t\u00e9 aussi simple.<\/p>\n<p>Dimensions\u00a0: 19,5 x 15 x 24 cm<br \/>\nPoids\u00a0: 1,2\u00a0kg<br \/>\nPuissance (watts)\u00a0: 2\u00a0200\u00a0watts<br \/>\nTension\u00a0: 220-240\u00a0V~, 50-60\u00a0Hz<\/p>\n","protected":false},"excerpt":{"rendered":"<p>Pour tous les amateurs de th\u00e9 et de caf\u00e9 La bouilloire WK 2200 de CASO Design. Les connaisseurs de th\u00e9<\/p>\n","protected":false},"featured_media":511498,"template":"","meta":{"_acf_changed":false,"inline_featured_image":false},"product_cat":[12763,12449],"product_tag":[13265,13895,21045,12948],"acf":[],"yoast_head":"<!-- This site is optimized with the Yoast SEO Premium plugin v18.6 (Yoast SEO v19.13) - https:\/\/yoast.com\/wordpress\/plugins\/seo\/ -->\n<title>MAGIMIX Juice Expert 3 avec Coffret Coupe L\u00e9gumes Noir<\/title>\n<meta name=\"description\" content=\"D\u00e9couvrez MAGIMIX Juice Expert 3 avec Coffret Coupe L\u00e9gumes Noir sur ErresseShop. Qualit\u00e9, prix r\u00e9duits et achat s\u00e9curis\u00e9 \u2013 commandez d\u00e8s maintenant en ligne !\" \/>\n<meta name=\"robots\" content=\"index, follow, max-snippet:-1, max-image-preview:large, max-video-preview:-1\" \/>\n<link rel=\"canonical\" href=\"https:\/\/www.erresse-shop.it\/fr\/shop\/petits-electromenagers\/bouilloires-electriques\/caso-design-bouilloire-electrique-wk-2200\/\" \/>\n<meta property=\"og:locale\" content=\"fr_FR\" \/>\n<meta property=\"og:type\" content=\"article\" \/>\n<meta property=\"og:title\" content=\"CASO DESIGN Bouilloire \u00e9lectrique WK 2200\" \/>\n<meta property=\"og:description\" content=\"D\u00e9couvrez MAGIMIX Juice Expert 3 avec Coffret Coupe L\u00e9gumes Noir sur ErresseShop. Qualit\u00e9, prix r\u00e9duits et achat s\u00e9curis\u00e9 \u2013 commandez d\u00e8s maintenant en ligne !\" \/>\n<meta property=\"og:url\" content=\"https:\/\/www.erresse-shop.it\/fr\/shop\/petits-electromenagers\/bouilloires-electriques\/caso-design-bouilloire-electrique-wk-2200\/\" \/>\n<meta property=\"og:site_name\" content=\"Erresse Shop\" \/>\n<meta property=\"article:modified_time\" content=\"2025-09-05T10:22:40+00:00\" \/>\n<meta property=\"og:image\" content=\"https:\/\/www.erresse-shop.it\/wp-content\/uploads\/2025\/09\/CASO-DESIGN-Bollitore-Elettrico-WK-2200.jpg\" \/>\n\t<meta property=\"og:image:width\" content=\"1200\" \/>\n\t<meta property=\"og:image:height\" content=\"1200\" \/>\n\t<meta property=\"og:image:type\" content=\"image\/jpeg\" \/>\n<meta name=\"twitter:card\" content=\"summary_large_image\" \/>\n<script type=\"application\/ld+json\" class=\"yoast-schema-graph\">{\"@context\":\"https:\/\/schema.org\",\"@graph\":[{\"@type\":\"WebPage\",\"@id\":\"https:\/\/www.erresse-shop.it\/fr\/shop\/petits-electromenagers\/bouilloires-electriques\/caso-design-bouilloire-electrique-wk-2200\/\",\"url\":\"https:\/\/www.erresse-shop.it\/fr\/shop\/petits-electromenagers\/bouilloires-electriques\/caso-design-bouilloire-electrique-wk-2200\/\",\"name\":\"MAGIMIX Juice Expert 3 avec Coffret Coupe L\u00e9gumes Noir\",\"isPartOf\":{\"@id\":\"https:\/\/www.erresse-shop.it\/fr\/#website\"},\"datePublished\":\"2025-09-05T10:12:46+00:00\",\"dateModified\":\"2025-09-05T10:22:40+00:00\",\"description\":\"D\u00e9couvrez MAGIMIX Juice Expert 3 avec Coffret Coupe L\u00e9gumes Noir sur ErresseShop. Qualit\u00e9, prix r\u00e9duits et achat s\u00e9curis\u00e9 \u2013 commandez d\u00e8s maintenant en ligne !\",\"breadcrumb\":{\"@id\":\"https:\/\/www.erresse-shop.it\/fr\/shop\/petits-electromenagers\/bouilloires-electriques\/caso-design-bouilloire-electrique-wk-2200\/#breadcrumb\"},\"inLanguage\":\"fr-FR\",\"potentialAction\":[{\"@type\":\"ReadAction\",\"target\":[\"https:\/\/www.erresse-shop.it\/fr\/shop\/petits-electromenagers\/bouilloires-electriques\/caso-design-bouilloire-electrique-wk-2200\/\"]}]},{\"@type\":\"BreadcrumbList\",\"@id\":\"https:\/\/www.erresse-shop.it\/fr\/shop\/petits-electromenagers\/bouilloires-electriques\/caso-design-bouilloire-electrique-wk-2200\/#breadcrumb\",\"itemListElement\":[{\"@type\":\"ListItem\",\"position\":1,\"name\":\"Home\",\"item\":\"https:\/\/www.erresse-shop.it\/fr\/\"},{\"@type\":\"ListItem\",\"position\":2,\"name\":\"Shop\",\"item\":\"https:\/\/www.erresse-shop.it\/fr\/shop\/\"},{\"@type\":\"ListItem\",\"position\":3,\"name\":\"CASO DESIGN Bouilloire \u00e9lectrique WK 2200\"}]},{\"@type\":\"WebSite\",\"@id\":\"https:\/\/www.erresse-shop.it\/fr\/#website\",\"url\":\"https:\/\/www.erresse-shop.it\/fr\/\",\"name\":\"Erresse Shop\",\"description\":\"Articoli di qualit\u00e0 per la casa\",\"potentialAction\":[{\"@type\":\"SearchAction\",\"target\":{\"@type\":\"EntryPoint\",\"urlTemplate\":\"https:\/\/www.erresse-shop.it\/fr\/?s={search_term_string}\"},\"query-input\":\"required name=search_term_string\"}],\"inLanguage\":\"fr-FR\"}]}<\/script>\n<!-- \/ Yoast SEO Premium plugin. -->","yoast_head_json":{"title":"MAGIMIX Juice Expert 3 avec Coffret Coupe L\u00e9gumes Noir","description":"D\u00e9couvrez MAGIMIX Juice Expert 3 avec Coffret Coupe L\u00e9gumes Noir sur ErresseShop. Qualit\u00e9, prix r\u00e9duits et achat s\u00e9curis\u00e9 \u2013 commandez d\u00e8s maintenant en ligne !","robots":{"index":"index","follow":"follow","max-snippet":"max-snippet:-1","max-image-preview":"max-image-preview:large","max-video-preview":"max-video-preview:-1"},"canonical":"https:\/\/www.erresse-shop.it\/fr\/shop\/petits-electromenagers\/bouilloires-electriques\/caso-design-bouilloire-electrique-wk-2200\/","og_locale":"fr_FR","og_type":"article","og_title":"CASO DESIGN Bouilloire \u00e9lectrique WK 2200","og_description":"D\u00e9couvrez MAGIMIX Juice Expert 3 avec Coffret Coupe L\u00e9gumes Noir sur ErresseShop. Qualit\u00e9, prix r\u00e9duits et achat s\u00e9curis\u00e9 \u2013 commandez d\u00e8s maintenant en ligne !","og_url":"https:\/\/www.erresse-shop.it\/fr\/shop\/petits-electromenagers\/bouilloires-electriques\/caso-design-bouilloire-electrique-wk-2200\/","og_site_name":"Erresse Shop","article_modified_time":"2025-09-05T10:22:40+00:00","og_image":[{"width":1200,"height":1200,"url":"https:\/\/www.erresse-shop.it\/wp-content\/uploads\/2025\/09\/CASO-DESIGN-Bollitore-Elettrico-WK-2200.jpg","type":"image\/jpeg"}],"twitter_card":"summary_large_image","schema":{"@context":"https:\/\/schema.org","@graph":[{"@type":"WebPage","@id":"https:\/\/www.erresse-shop.it\/fr\/shop\/petits-electromenagers\/bouilloires-electriques\/caso-design-bouilloire-electrique-wk-2200\/","url":"https:\/\/www.erresse-shop.it\/fr\/shop\/petits-electromenagers\/bouilloires-electriques\/caso-design-bouilloire-electrique-wk-2200\/","name":"MAGIMIX Juice Expert 3 avec Coffret Coupe L\u00e9gumes Noir","isPartOf":{"@id":"https:\/\/www.erresse-shop.it\/fr\/#website"},"datePublished":"2025-09-05T10:12:46+00:00","dateModified":"2025-09-05T10:22:40+00:00","description":"D\u00e9couvrez MAGIMIX Juice Expert 3 avec Coffret Coupe L\u00e9gumes Noir sur ErresseShop. Qualit\u00e9, prix r\u00e9duits et achat s\u00e9curis\u00e9 \u2013 commandez d\u00e8s maintenant en ligne !","breadcrumb":{"@id":"https:\/\/www.erresse-shop.it\/fr\/shop\/petits-electromenagers\/bouilloires-electriques\/caso-design-bouilloire-electrique-wk-2200\/#breadcrumb"},"inLanguage":"fr-FR","potentialAction":[{"@type":"ReadAction","target":["https:\/\/www.erresse-shop.it\/fr\/shop\/petits-electromenagers\/bouilloires-electriques\/caso-design-bouilloire-electrique-wk-2200\/"]}]},{"@type":"BreadcrumbList","@id":"https:\/\/www.erresse-shop.it\/fr\/shop\/petits-electromenagers\/bouilloires-electriques\/caso-design-bouilloire-electrique-wk-2200\/#breadcrumb","itemListElement":[{"@type":"ListItem","position":1,"name":"Home","item":"https:\/\/www.erresse-shop.it\/fr\/"},{"@type":"ListItem","position":2,"name":"Shop","item":"https:\/\/www.erresse-shop.it\/fr\/shop\/"},{"@type":"ListItem","position":3,"name":"CASO DESIGN Bouilloire \u00e9lectrique WK 2200"}]},{"@type":"WebSite","@id":"https:\/\/www.erresse-shop.it\/fr\/#website","url":"https:\/\/www.erresse-shop.it\/fr\/","name":"Erresse Shop","description":"Articoli di qualit\u00e0 per la casa","potentialAction":[{"@type":"SearchAction","target":{"@type":"EntryPoint","urlTemplate":"https:\/\/www.erresse-shop.it\/fr\/?s={search_term_string}"},"query-input":"required name=search_term_string"}],"inLanguage":"fr-FR"}]}},"df_price":69.99,"df_sale_price":69.99,"df_regular_price":69.99,"df_image_link":"https:\/\/www.erresse-shop.it\/wp-content\/uploads\/2025\/09\/CASO-DESIGN-Bollitore-Elettrico-WK-2200-300x300.jpg","_links":{"self":[{"href":"https:\/\/www.erresse-shop.it\/fr\/wp-json\/wp\/v2\/product\/511481"}],"collection":[{"href":"https:\/\/www.erresse-shop.it\/fr\/wp-json\/wp\/v2\/product"}],"about":[{"href":"https:\/\/www.erresse-shop.it\/fr\/wp-json\/wp\/v2\/types\/product"}],"wp:featuredmedia":[{"embeddable":true,"href":"https:\/\/www.erresse-shop.it\/fr\/wp-json\/wp\/v2\/media\/511498"}],"wp:attachment":[{"href":"https:\/\/www.erresse-shop.it\/fr\/wp-json\/wp\/v2\/media?parent=511481"}],"wp:term":[{"taxonomy":"product_cat","embeddable":true,"href":"https:\/\/www.erresse-shop.it\/fr\/wp-json\/wp\/v2\/product_cat?post=511481"},{"taxonomy":"product_tag","embeddable":true,"href":"https:\/\/www.erresse-shop.it\/fr\/wp-json\/wp\/v2\/product_tag?post=511481"}],"curies":[{"name":"wp","href":"https:\/\/api.w.org\/{rel}","templated":true}]}}