{"id":511463,"date":"2025-09-05T09:50:03","date_gmt":"2025-09-05T09:50:03","guid":{"rendered":"https:\/\/www.erresse-shop.it\/?post_type=product&#038;p=511463"},"modified":"2025-09-05T09:59:31","modified_gmt":"2025-09-05T09:59:31","slug":"caso-design-bouilloire-electrique-hw-660","status":"publish","type":"product","link":"https:\/\/www.erresse-shop.it\/fr\/shop\/petits-electromenagers\/bouilloires-electriques\/caso-design-bouilloire-electrique-hw-660\/","title":{"rendered":"CASO DESIGN Bouilloire \u00e9lectrique HW 660"},"content":{"rendered":"<h4>Distributeur d&#8217;eau chaude CASO Design \u00ab\u00a0HW 660\u00a0\u00bb\u00a0: l&#8217;eau bouillante passe au niveau sup\u00e9rieur.<\/h4>\n<p>Le distributeur d&#8217;eau chaude turbo CASO Design \u00ab\u00a0HW 660\u00a0\u00bb fournit de l&#8217;eau chaude \u00e0 la bonne temp\u00e9rature et en quantit\u00e9 id\u00e9ale, en quelques secondes et avec une efficacit\u00e9 maximale.<\/p>\n<ul>\n<li>\u00c9conomies d&#8217;\u00e9nergie\u00a0: jusqu&#8217;\u00e0 50\u00a0% par rapport aux bouilloires traditionnelles<\/li>\n<li>Gain de temps\u00a0: eau chaude en quelques secondes gr\u00e2ce \u00e0 la puissance de 2\u00a0600\u00a0watts<\/li>\n<li>7\u00a0r\u00e9glages de temp\u00e9rature\u00a0: 40\u00a0&#8211;\u00a0100\u00a0\u00b0C (par paliers de 10\u00a0\u00b0C)<\/li>\n<li>Bouton de s\u00e9lection directe pour la pr\u00e9paration des repas de b\u00e9b\u00e9<\/li>\n<li>7\u00a0volumes de distribution pour une distribution \u00e0 la demande\u00a0: 100\u00a0\/\u00a0150\u00a0\/\u00a0200\u00a0\/\u00a0250\u00a0\/\u00a0300\u00a0\/\u00a0350\u00a0\/\u00a0400\u00a0ml et en continu<\/li>\n<li>\u00c9cran tactile frontal\u00a0: utilisation simple et intuitive<\/li>\n<li>Grand r\u00e9servoir d&#8217;eau de 2,7\u00a0litres\u00a0: amovible, facile \u00e0 remplir et \u00e0 nettoyer<\/li>\n<li>Rappel de d\u00e9tartrage int\u00e9gr\u00e9<\/li>\n<li>Filtre \u00e0 eau inclus pour une eau de qualit\u00e9 optimale<\/li>\n<li>Parfait pour pr\u00e9parer du th\u00e9, du caf\u00e9 instantan\u00e9, des nouilles instantan\u00e9es, et aliments pour b\u00e9b\u00e9<\/li>\n<li>Design compact et \u00e9l\u00e9gant en acier inoxydable de haute qualit\u00e9<\/li>\n<\/ul>\n<p><strong>Dimensions\u00a0: 25,5 x 15,5 x 31,5 cm<br \/>\n<\/strong><strong>Poids\u00a0: 2,4 kg<br \/>\nPuissance (watts)\u00a0:<\/strong> 2200 &#8211; 2600<br \/>\n<strong>Tension\u00a0:<\/strong> 220-240 V~, 50-60 Hz<\/p>\n<p>&nbsp;<\/p>\n","protected":false},"excerpt":{"rendered":"<p>Distributeur d&#8217;eau chaude CASO Design \u00ab\u00a0HW 660\u00a0\u00bb\u00a0: l&#8217;eau bouillante passe au niveau sup\u00e9rieur. Le distributeur d&#8217;eau chaude turbo CASO Design<\/p>\n","protected":false},"featured_media":511474,"template":"","meta":{"_acf_changed":false,"inline_featured_image":false},"product_cat":[12763,12449],"product_tag":[13265,13895,21045,12948],"acf":[],"yoast_head":"<!-- This site is optimized with the Yoast SEO Premium plugin v18.6 (Yoast SEO v19.13) - https:\/\/yoast.com\/wordpress\/plugins\/seo\/ -->\n<title>MAGIMIX Juice Expert 3 avec Coffret Coupe L\u00e9gumes Noir<\/title>\n<meta name=\"description\" content=\"D\u00e9couvrez MAGIMIX Juice Expert 3 avec Coffret Coupe L\u00e9gumes Noir sur ErresseShop. Qualit\u00e9, prix r\u00e9duits et achat s\u00e9curis\u00e9 \u2013 commandez d\u00e8s maintenant en ligne !\" \/>\n<meta name=\"robots\" content=\"index, follow, max-snippet:-1, max-image-preview:large, max-video-preview:-1\" \/>\n<link rel=\"canonical\" href=\"https:\/\/www.erresse-shop.it\/fr\/shop\/petits-electromenagers\/bouilloires-electriques\/caso-design-bouilloire-electrique-hw-660\/\" \/>\n<meta property=\"og:locale\" content=\"fr_FR\" \/>\n<meta property=\"og:type\" content=\"article\" \/>\n<meta property=\"og:title\" content=\"CASO DESIGN Bouilloire \u00e9lectrique HW 660\" \/>\n<meta property=\"og:description\" content=\"D\u00e9couvrez MAGIMIX Juice Expert 3 avec Coffret Coupe L\u00e9gumes Noir sur ErresseShop. Qualit\u00e9, prix r\u00e9duits et achat s\u00e9curis\u00e9 \u2013 commandez d\u00e8s maintenant en ligne !\" \/>\n<meta property=\"og:url\" content=\"https:\/\/www.erresse-shop.it\/fr\/shop\/petits-electromenagers\/bouilloires-electriques\/caso-design-bouilloire-electrique-hw-660\/\" \/>\n<meta property=\"og:site_name\" content=\"Erresse Shop\" \/>\n<meta property=\"article:modified_time\" content=\"2025-09-05T09:59:31+00:00\" \/>\n<meta property=\"og:image\" content=\"https:\/\/www.erresse-shop.it\/wp-content\/uploads\/2025\/09\/CASO-DESIGN-Bollitore-Elettrico-HW-660.jpg\" \/>\n\t<meta property=\"og:image:width\" content=\"1200\" \/>\n\t<meta property=\"og:image:height\" content=\"1200\" \/>\n\t<meta property=\"og:image:type\" content=\"image\/jpeg\" \/>\n<meta name=\"twitter:card\" content=\"summary_large_image\" \/>\n<script type=\"application\/ld+json\" class=\"yoast-schema-graph\">{\"@context\":\"https:\/\/schema.org\",\"@graph\":[{\"@type\":\"WebPage\",\"@id\":\"https:\/\/www.erresse-shop.it\/fr\/shop\/petits-electromenagers\/bouilloires-electriques\/caso-design-bouilloire-electrique-hw-660\/\",\"url\":\"https:\/\/www.erresse-shop.it\/fr\/shop\/petits-electromenagers\/bouilloires-electriques\/caso-design-bouilloire-electrique-hw-660\/\",\"name\":\"MAGIMIX Juice Expert 3 avec Coffret Coupe L\u00e9gumes Noir\",\"isPartOf\":{\"@id\":\"https:\/\/www.erresse-shop.it\/fr\/#website\"},\"datePublished\":\"2025-09-05T09:50:03+00:00\",\"dateModified\":\"2025-09-05T09:59:31+00:00\",\"description\":\"D\u00e9couvrez MAGIMIX Juice Expert 3 avec Coffret Coupe L\u00e9gumes Noir sur ErresseShop. Qualit\u00e9, prix r\u00e9duits et achat s\u00e9curis\u00e9 \u2013 commandez d\u00e8s maintenant en ligne !\",\"breadcrumb\":{\"@id\":\"https:\/\/www.erresse-shop.it\/fr\/shop\/petits-electromenagers\/bouilloires-electriques\/caso-design-bouilloire-electrique-hw-660\/#breadcrumb\"},\"inLanguage\":\"fr-FR\",\"potentialAction\":[{\"@type\":\"ReadAction\",\"target\":[\"https:\/\/www.erresse-shop.it\/fr\/shop\/petits-electromenagers\/bouilloires-electriques\/caso-design-bouilloire-electrique-hw-660\/\"]}]},{\"@type\":\"BreadcrumbList\",\"@id\":\"https:\/\/www.erresse-shop.it\/fr\/shop\/petits-electromenagers\/bouilloires-electriques\/caso-design-bouilloire-electrique-hw-660\/#breadcrumb\",\"itemListElement\":[{\"@type\":\"ListItem\",\"position\":1,\"name\":\"Home\",\"item\":\"https:\/\/www.erresse-shop.it\/fr\/\"},{\"@type\":\"ListItem\",\"position\":2,\"name\":\"Shop\",\"item\":\"https:\/\/www.erresse-shop.it\/fr\/shop\/\"},{\"@type\":\"ListItem\",\"position\":3,\"name\":\"CASO DESIGN Bouilloire \u00e9lectrique HW 660\"}]},{\"@type\":\"WebSite\",\"@id\":\"https:\/\/www.erresse-shop.it\/fr\/#website\",\"url\":\"https:\/\/www.erresse-shop.it\/fr\/\",\"name\":\"Erresse Shop\",\"description\":\"Articoli di qualit\u00e0 per la casa\",\"potentialAction\":[{\"@type\":\"SearchAction\",\"target\":{\"@type\":\"EntryPoint\",\"urlTemplate\":\"https:\/\/www.erresse-shop.it\/fr\/?s={search_term_string}\"},\"query-input\":\"required name=search_term_string\"}],\"inLanguage\":\"fr-FR\"}]}<\/script>\n<!-- \/ Yoast SEO Premium plugin. -->","yoast_head_json":{"title":"MAGIMIX Juice Expert 3 avec Coffret Coupe L\u00e9gumes Noir","description":"D\u00e9couvrez MAGIMIX Juice Expert 3 avec Coffret Coupe L\u00e9gumes Noir sur ErresseShop. Qualit\u00e9, prix r\u00e9duits et achat s\u00e9curis\u00e9 \u2013 commandez d\u00e8s maintenant en ligne !","robots":{"index":"index","follow":"follow","max-snippet":"max-snippet:-1","max-image-preview":"max-image-preview:large","max-video-preview":"max-video-preview:-1"},"canonical":"https:\/\/www.erresse-shop.it\/fr\/shop\/petits-electromenagers\/bouilloires-electriques\/caso-design-bouilloire-electrique-hw-660\/","og_locale":"fr_FR","og_type":"article","og_title":"CASO DESIGN Bouilloire \u00e9lectrique HW 660","og_description":"D\u00e9couvrez MAGIMIX Juice Expert 3 avec Coffret Coupe L\u00e9gumes Noir sur ErresseShop. Qualit\u00e9, prix r\u00e9duits et achat s\u00e9curis\u00e9 \u2013 commandez d\u00e8s maintenant en ligne !","og_url":"https:\/\/www.erresse-shop.it\/fr\/shop\/petits-electromenagers\/bouilloires-electriques\/caso-design-bouilloire-electrique-hw-660\/","og_site_name":"Erresse Shop","article_modified_time":"2025-09-05T09:59:31+00:00","og_image":[{"width":1200,"height":1200,"url":"https:\/\/www.erresse-shop.it\/wp-content\/uploads\/2025\/09\/CASO-DESIGN-Bollitore-Elettrico-HW-660.jpg","type":"image\/jpeg"}],"twitter_card":"summary_large_image","schema":{"@context":"https:\/\/schema.org","@graph":[{"@type":"WebPage","@id":"https:\/\/www.erresse-shop.it\/fr\/shop\/petits-electromenagers\/bouilloires-electriques\/caso-design-bouilloire-electrique-hw-660\/","url":"https:\/\/www.erresse-shop.it\/fr\/shop\/petits-electromenagers\/bouilloires-electriques\/caso-design-bouilloire-electrique-hw-660\/","name":"MAGIMIX Juice Expert 3 avec Coffret Coupe L\u00e9gumes Noir","isPartOf":{"@id":"https:\/\/www.erresse-shop.it\/fr\/#website"},"datePublished":"2025-09-05T09:50:03+00:00","dateModified":"2025-09-05T09:59:31+00:00","description":"D\u00e9couvrez MAGIMIX Juice Expert 3 avec Coffret Coupe L\u00e9gumes Noir sur ErresseShop. Qualit\u00e9, prix r\u00e9duits et achat s\u00e9curis\u00e9 \u2013 commandez d\u00e8s maintenant en ligne !","breadcrumb":{"@id":"https:\/\/www.erresse-shop.it\/fr\/shop\/petits-electromenagers\/bouilloires-electriques\/caso-design-bouilloire-electrique-hw-660\/#breadcrumb"},"inLanguage":"fr-FR","potentialAction":[{"@type":"ReadAction","target":["https:\/\/www.erresse-shop.it\/fr\/shop\/petits-electromenagers\/bouilloires-electriques\/caso-design-bouilloire-electrique-hw-660\/"]}]},{"@type":"BreadcrumbList","@id":"https:\/\/www.erresse-shop.it\/fr\/shop\/petits-electromenagers\/bouilloires-electriques\/caso-design-bouilloire-electrique-hw-660\/#breadcrumb","itemListElement":[{"@type":"ListItem","position":1,"name":"Home","item":"https:\/\/www.erresse-shop.it\/fr\/"},{"@type":"ListItem","position":2,"name":"Shop","item":"https:\/\/www.erresse-shop.it\/fr\/shop\/"},{"@type":"ListItem","position":3,"name":"CASO DESIGN Bouilloire \u00e9lectrique HW 660"}]},{"@type":"WebSite","@id":"https:\/\/www.erresse-shop.it\/fr\/#website","url":"https:\/\/www.erresse-shop.it\/fr\/","name":"Erresse Shop","description":"Articoli di qualit\u00e0 per la casa","potentialAction":[{"@type":"SearchAction","target":{"@type":"EntryPoint","urlTemplate":"https:\/\/www.erresse-shop.it\/fr\/?s={search_term_string}"},"query-input":"required name=search_term_string"}],"inLanguage":"fr-FR"}]}},"df_price":129.99,"df_sale_price":129.99,"df_regular_price":129.99,"df_image_link":"https:\/\/www.erresse-shop.it\/wp-content\/uploads\/2025\/09\/CASO-DESIGN-Bollitore-Elettrico-HW-660-300x300.jpg","_links":{"self":[{"href":"https:\/\/www.erresse-shop.it\/fr\/wp-json\/wp\/v2\/product\/511463"}],"collection":[{"href":"https:\/\/www.erresse-shop.it\/fr\/wp-json\/wp\/v2\/product"}],"about":[{"href":"https:\/\/www.erresse-shop.it\/fr\/wp-json\/wp\/v2\/types\/product"}],"wp:featuredmedia":[{"embeddable":true,"href":"https:\/\/www.erresse-shop.it\/fr\/wp-json\/wp\/v2\/media\/511474"}],"wp:attachment":[{"href":"https:\/\/www.erresse-shop.it\/fr\/wp-json\/wp\/v2\/media?parent=511463"}],"wp:term":[{"taxonomy":"product_cat","embeddable":true,"href":"https:\/\/www.erresse-shop.it\/fr\/wp-json\/wp\/v2\/product_cat?post=511463"},{"taxonomy":"product_tag","embeddable":true,"href":"https:\/\/www.erresse-shop.it\/fr\/wp-json\/wp\/v2\/product_tag?post=511463"}],"curies":[{"name":"wp","href":"https:\/\/api.w.org\/{rel}","templated":true}]}}