{"id":511428,"date":"2025-09-05T09:26:35","date_gmt":"2025-09-05T09:26:35","guid":{"rendered":"https:\/\/www.erresse-shop.it\/?post_type=product&#038;p=511428"},"modified":"2025-09-05T09:43:07","modified_gmt":"2025-09-05T09:43:07","slug":"caso-design-machine-a-cafe-caffe-crema-one","status":"publish","type":"product","link":"https:\/\/www.erresse-shop.it\/fr\/shop\/petits-electromenagers\/machines-cafe\/automatique\/caso-design-machine-a-cafe-caffe-crema-one\/","title":{"rendered":"CASO DESIGN Machine \u00e0 caf\u00e9 Caff\u00e9 Crema One"},"content":{"rendered":"<h4>Fine, puissante, aromatique\u00a0: la CASO Caf\u00e9 Crema One<\/h4>\n<p>Avec la CASO Caf\u00e9 Crema One, pr\u00e9parez chaque expresso, cappuccino ou latte macchiato \u00e0 la perfection. Gr\u00e2ce \u00e0 sa technologie de pointe et \u00e0 son utilisation intuitive, cette machine \u00e0 caf\u00e9 enti\u00e8rement automatique vous offre un plaisir maximal en cuisine.<\/p>\n<p>Que ce soit pour un expresso cors\u00e9 le matin, un cappuccino onctueux l&#8217;apr\u00e8s-midi ou un caff\u00e8 crema aromatique entre deux caf\u00e9s, savourez l&#8217;art du caf\u00e9 \u00e0 son apog\u00e9e d&#8217;une simple pression sur un bouton.<\/p>\n<h4>Design \u00e9l\u00e9gant, performances maximales<\/h4>\n<p>La Caf\u00e9 Crema One impressionne non seulement par son design \u00e9l\u00e9gant et compact, mais aussi par ses performances impressionnantes.<\/p>\n<p>Le broyeur conique en acier inoxydable ultra-silencieux garantit des grains fra\u00eechement moulus \u00e0 la granulom\u00e9trie parfaite, tandis que le syst\u00e8me de chauffage innovant atteint la temp\u00e9rature id\u00e9ale en un clin d&#8217;\u0153il.<\/p>\n<p>Gr\u00e2ce \u00e0 la pression de 19 bars de la pompe, les ar\u00f4mes des grains sont parfaitement lib\u00e9r\u00e9s, pour un go\u00fbt cors\u00e9 et intense, avec une cr\u00e8me onctueuse.<\/p>\n<h4>Une mousse de lait parfaite pour les cappuccinos et les lattes<\/h4>\n<p>Gr\u00e2ce \u00e0 la puissante buse vapeur, cr\u00e9ez une mousse de lait fine pour de d\u00e9licieuses sp\u00e9cialit\u00e9s de latte. Qu&#8217;il s&#8217;agisse d&#8217;un cappuccino onctueux ou d&#8217;un latte macchiato parfaitement \u00e9tag\u00e9, la CASO Caf\u00e9 Crema One r\u00e9alise vos r\u00eaves de mousse de lait.<\/p>\n<p>La fonction eau chaude simplifie \u00e9galement la pr\u00e9paration du th\u00e9 ou du caf\u00e9 filtre.<\/p>\n<h4>Des r\u00e9glages personnalis\u00e9s pour votre caf\u00e9 pr\u00e9f\u00e9r\u00e9<\/h4>\n<p>Chaque amateur de caf\u00e9 a ses propres pr\u00e9f\u00e9rences\u00a0: c&#8217;est pourquoi vous pouvez cr\u00e9er le caf\u00e9 parfait gr\u00e2ce au moulin \u00e0 caf\u00e9 r\u00e9glable en continu et \u00e0 l&#8217;intensit\u00e9 variable du caf\u00e9.<\/p>\n<p>L&#8217;\u00e9coulement du caf\u00e9 r\u00e9glable en hauteur facilite le remplissage des petites tasses \u00e0 expresso comme des grands verres \u00e0 latte macchiato. L&#8217;\u00e9clairage int\u00e9gr\u00e9 de la tasse transforme la pr\u00e9paration en un v\u00e9ritable moment de plaisir.<\/p>\n<h4>Nettoyage facile et plaisir durable<\/h4>\n<p>D\u00e9guster un caf\u00e9 devrait \u00eatre simple\u00a0: c&#8217;est pourquoi le groupe caf\u00e9 est facile \u00e0 retirer et \u00e0 nettoyer. La fonction de rin\u00e7age et de d\u00e9tartrage automatique garantit un nettoyage hygi\u00e9nique et une longue dur\u00e9e de vie.<\/p>\n<p>Gr\u00e2ce \u00e0 son arr\u00eat automatique \u00e9conome en \u00e9nergie, Caf\u00e9 Crema One ne consomme de l&#8217;\u00e9lectricit\u00e9 que lorsque vous en avez vraiment besoin.<\/p>\n<h4>Un plaisir quotidien par simple pression sur un bouton<\/h4>\n<p>Que ce soit pour le premier caf\u00e9 de la journ\u00e9e ou pour un moment de gourmandise, avec la CASO Caf\u00e9 Crema One, savourez le plaisir d&#8217;un caf\u00e9 raffin\u00e9 sous sa plus belle forme.<\/p>\n<p>Une cr\u00e8me parfaite, un ar\u00f4me unique et une mousse de lait onctueuse font de cette machine \u00e0 caf\u00e9 enti\u00e8rement automatique la pi\u00e8ce ma\u00eetresse de votre cuisine.<\/p>\n<p>Dimensions\u00a0: 42,5 x 18 x 33,5 cm<br \/>\nPoids\u00a0: 7,7 kg<\/p>\n","protected":false},"excerpt":{"rendered":"<p>Fine, puissante, aromatique\u00a0: la CASO Caf\u00e9 Crema One Avec la CASO Caf\u00e9 Crema One, pr\u00e9parez chaque expresso, cappuccino ou latte<\/p>\n","protected":false},"featured_media":511457,"template":"","meta":{"_acf_changed":false,"inline_featured_image":false},"product_cat":[25360,12764,12449],"product_tag":[12956,12948,12950,23226],"acf":[],"yoast_head":"<!-- This site is optimized with the Yoast SEO Premium plugin v18.6 (Yoast SEO v19.13) - https:\/\/yoast.com\/wordpress\/plugins\/seo\/ -->\n<title>MAGIMIX Juice Expert 3 avec Coffret Coupe L\u00e9gumes Noir<\/title>\n<meta name=\"description\" content=\"D\u00e9couvrez MAGIMIX Juice Expert 3 avec Coffret Coupe L\u00e9gumes Noir sur ErresseShop. Qualit\u00e9, prix r\u00e9duits et achat s\u00e9curis\u00e9 \u2013 commandez d\u00e8s maintenant en ligne !\" \/>\n<meta name=\"robots\" content=\"index, follow, max-snippet:-1, max-image-preview:large, max-video-preview:-1\" \/>\n<link rel=\"canonical\" href=\"https:\/\/www.erresse-shop.it\/fr\/shop\/petits-electromenagers\/machines-cafe\/automatique\/caso-design-machine-a-cafe-caffe-crema-one\/\" \/>\n<meta property=\"og:locale\" content=\"fr_FR\" \/>\n<meta property=\"og:type\" content=\"article\" \/>\n<meta property=\"og:title\" content=\"CASO DESIGN Machine \u00e0 caf\u00e9 Caff\u00e9 Crema One\" \/>\n<meta property=\"og:description\" content=\"D\u00e9couvrez MAGIMIX Juice Expert 3 avec Coffret Coupe L\u00e9gumes Noir sur ErresseShop. Qualit\u00e9, prix r\u00e9duits et achat s\u00e9curis\u00e9 \u2013 commandez d\u00e8s maintenant en ligne !\" \/>\n<meta property=\"og:url\" content=\"https:\/\/www.erresse-shop.it\/fr\/shop\/petits-electromenagers\/machines-cafe\/automatique\/caso-design-machine-a-cafe-caffe-crema-one\/\" \/>\n<meta property=\"og:site_name\" content=\"Erresse Shop\" \/>\n<meta property=\"article:modified_time\" content=\"2025-09-05T09:43:07+00:00\" \/>\n<meta property=\"og:image\" content=\"https:\/\/www.erresse-shop.it\/wp-content\/uploads\/2025\/09\/CASO-DESIGN-Macchina-da-Caffe-Caffe-Crema-One.jpg\" \/>\n\t<meta property=\"og:image:width\" content=\"1200\" \/>\n\t<meta property=\"og:image:height\" content=\"1200\" \/>\n\t<meta property=\"og:image:type\" content=\"image\/jpeg\" \/>\n<meta name=\"twitter:card\" content=\"summary_large_image\" \/>\n<script type=\"application\/ld+json\" class=\"yoast-schema-graph\">{\"@context\":\"https:\/\/schema.org\",\"@graph\":[{\"@type\":\"WebPage\",\"@id\":\"https:\/\/www.erresse-shop.it\/fr\/shop\/petits-electromenagers\/machines-cafe\/automatique\/caso-design-machine-a-cafe-caffe-crema-one\/\",\"url\":\"https:\/\/www.erresse-shop.it\/fr\/shop\/petits-electromenagers\/machines-cafe\/automatique\/caso-design-machine-a-cafe-caffe-crema-one\/\",\"name\":\"MAGIMIX Juice Expert 3 avec Coffret Coupe L\u00e9gumes Noir\",\"isPartOf\":{\"@id\":\"https:\/\/www.erresse-shop.it\/fr\/#website\"},\"datePublished\":\"2025-09-05T09:26:35+00:00\",\"dateModified\":\"2025-09-05T09:43:07+00:00\",\"description\":\"D\u00e9couvrez MAGIMIX Juice Expert 3 avec Coffret Coupe L\u00e9gumes Noir sur ErresseShop. Qualit\u00e9, prix r\u00e9duits et achat s\u00e9curis\u00e9 \u2013 commandez d\u00e8s maintenant en ligne !\",\"breadcrumb\":{\"@id\":\"https:\/\/www.erresse-shop.it\/fr\/shop\/petits-electromenagers\/machines-cafe\/automatique\/caso-design-machine-a-cafe-caffe-crema-one\/#breadcrumb\"},\"inLanguage\":\"fr-FR\",\"potentialAction\":[{\"@type\":\"ReadAction\",\"target\":[\"https:\/\/www.erresse-shop.it\/fr\/shop\/petits-electromenagers\/machines-cafe\/automatique\/caso-design-machine-a-cafe-caffe-crema-one\/\"]}]},{\"@type\":\"BreadcrumbList\",\"@id\":\"https:\/\/www.erresse-shop.it\/fr\/shop\/petits-electromenagers\/machines-cafe\/automatique\/caso-design-machine-a-cafe-caffe-crema-one\/#breadcrumb\",\"itemListElement\":[{\"@type\":\"ListItem\",\"position\":1,\"name\":\"Home\",\"item\":\"https:\/\/www.erresse-shop.it\/fr\/\"},{\"@type\":\"ListItem\",\"position\":2,\"name\":\"Shop\",\"item\":\"https:\/\/www.erresse-shop.it\/fr\/shop\/\"},{\"@type\":\"ListItem\",\"position\":3,\"name\":\"CASO DESIGN Machine \u00e0 caf\u00e9 Caff\u00e9 Crema One\"}]},{\"@type\":\"WebSite\",\"@id\":\"https:\/\/www.erresse-shop.it\/fr\/#website\",\"url\":\"https:\/\/www.erresse-shop.it\/fr\/\",\"name\":\"Erresse Shop\",\"description\":\"Articoli di qualit\u00e0 per la casa\",\"potentialAction\":[{\"@type\":\"SearchAction\",\"target\":{\"@type\":\"EntryPoint\",\"urlTemplate\":\"https:\/\/www.erresse-shop.it\/fr\/?s={search_term_string}\"},\"query-input\":\"required name=search_term_string\"}],\"inLanguage\":\"fr-FR\"}]}<\/script>\n<!-- \/ Yoast SEO Premium plugin. -->","yoast_head_json":{"title":"MAGIMIX Juice Expert 3 avec Coffret Coupe L\u00e9gumes Noir","description":"D\u00e9couvrez MAGIMIX Juice Expert 3 avec Coffret Coupe L\u00e9gumes Noir sur ErresseShop. Qualit\u00e9, prix r\u00e9duits et achat s\u00e9curis\u00e9 \u2013 commandez d\u00e8s maintenant en ligne !","robots":{"index":"index","follow":"follow","max-snippet":"max-snippet:-1","max-image-preview":"max-image-preview:large","max-video-preview":"max-video-preview:-1"},"canonical":"https:\/\/www.erresse-shop.it\/fr\/shop\/petits-electromenagers\/machines-cafe\/automatique\/caso-design-machine-a-cafe-caffe-crema-one\/","og_locale":"fr_FR","og_type":"article","og_title":"CASO DESIGN Machine \u00e0 caf\u00e9 Caff\u00e9 Crema One","og_description":"D\u00e9couvrez MAGIMIX Juice Expert 3 avec Coffret Coupe L\u00e9gumes Noir sur ErresseShop. Qualit\u00e9, prix r\u00e9duits et achat s\u00e9curis\u00e9 \u2013 commandez d\u00e8s maintenant en ligne !","og_url":"https:\/\/www.erresse-shop.it\/fr\/shop\/petits-electromenagers\/machines-cafe\/automatique\/caso-design-machine-a-cafe-caffe-crema-one\/","og_site_name":"Erresse Shop","article_modified_time":"2025-09-05T09:43:07+00:00","og_image":[{"width":1200,"height":1200,"url":"https:\/\/www.erresse-shop.it\/wp-content\/uploads\/2025\/09\/CASO-DESIGN-Macchina-da-Caffe-Caffe-Crema-One.jpg","type":"image\/jpeg"}],"twitter_card":"summary_large_image","schema":{"@context":"https:\/\/schema.org","@graph":[{"@type":"WebPage","@id":"https:\/\/www.erresse-shop.it\/fr\/shop\/petits-electromenagers\/machines-cafe\/automatique\/caso-design-machine-a-cafe-caffe-crema-one\/","url":"https:\/\/www.erresse-shop.it\/fr\/shop\/petits-electromenagers\/machines-cafe\/automatique\/caso-design-machine-a-cafe-caffe-crema-one\/","name":"MAGIMIX Juice Expert 3 avec Coffret Coupe L\u00e9gumes Noir","isPartOf":{"@id":"https:\/\/www.erresse-shop.it\/fr\/#website"},"datePublished":"2025-09-05T09:26:35+00:00","dateModified":"2025-09-05T09:43:07+00:00","description":"D\u00e9couvrez MAGIMIX Juice Expert 3 avec Coffret Coupe L\u00e9gumes Noir sur ErresseShop. Qualit\u00e9, prix r\u00e9duits et achat s\u00e9curis\u00e9 \u2013 commandez d\u00e8s maintenant en ligne !","breadcrumb":{"@id":"https:\/\/www.erresse-shop.it\/fr\/shop\/petits-electromenagers\/machines-cafe\/automatique\/caso-design-machine-a-cafe-caffe-crema-one\/#breadcrumb"},"inLanguage":"fr-FR","potentialAction":[{"@type":"ReadAction","target":["https:\/\/www.erresse-shop.it\/fr\/shop\/petits-electromenagers\/machines-cafe\/automatique\/caso-design-machine-a-cafe-caffe-crema-one\/"]}]},{"@type":"BreadcrumbList","@id":"https:\/\/www.erresse-shop.it\/fr\/shop\/petits-electromenagers\/machines-cafe\/automatique\/caso-design-machine-a-cafe-caffe-crema-one\/#breadcrumb","itemListElement":[{"@type":"ListItem","position":1,"name":"Home","item":"https:\/\/www.erresse-shop.it\/fr\/"},{"@type":"ListItem","position":2,"name":"Shop","item":"https:\/\/www.erresse-shop.it\/fr\/shop\/"},{"@type":"ListItem","position":3,"name":"CASO DESIGN Machine \u00e0 caf\u00e9 Caff\u00e9 Crema One"}]},{"@type":"WebSite","@id":"https:\/\/www.erresse-shop.it\/fr\/#website","url":"https:\/\/www.erresse-shop.it\/fr\/","name":"Erresse Shop","description":"Articoli di qualit\u00e0 per la casa","potentialAction":[{"@type":"SearchAction","target":{"@type":"EntryPoint","urlTemplate":"https:\/\/www.erresse-shop.it\/fr\/?s={search_term_string}"},"query-input":"required name=search_term_string"}],"inLanguage":"fr-FR"}]}},"df_price":499,"df_sale_price":499,"df_regular_price":499,"df_image_link":"https:\/\/www.erresse-shop.it\/wp-content\/uploads\/2025\/09\/CASO-DESIGN-Macchina-da-Caffe-Caffe-Crema-One-300x300.jpg","_links":{"self":[{"href":"https:\/\/www.erresse-shop.it\/fr\/wp-json\/wp\/v2\/product\/511428"}],"collection":[{"href":"https:\/\/www.erresse-shop.it\/fr\/wp-json\/wp\/v2\/product"}],"about":[{"href":"https:\/\/www.erresse-shop.it\/fr\/wp-json\/wp\/v2\/types\/product"}],"wp:featuredmedia":[{"embeddable":true,"href":"https:\/\/www.erresse-shop.it\/fr\/wp-json\/wp\/v2\/media\/511457"}],"wp:attachment":[{"href":"https:\/\/www.erresse-shop.it\/fr\/wp-json\/wp\/v2\/media?parent=511428"}],"wp:term":[{"taxonomy":"product_cat","embeddable":true,"href":"https:\/\/www.erresse-shop.it\/fr\/wp-json\/wp\/v2\/product_cat?post=511428"},{"taxonomy":"product_tag","embeddable":true,"href":"https:\/\/www.erresse-shop.it\/fr\/wp-json\/wp\/v2\/product_tag?post=511428"}],"curies":[{"name":"wp","href":"https:\/\/api.w.org\/{rel}","templated":true}]}}