{"id":511375,"date":"2025-09-05T08:46:54","date_gmt":"2025-09-05T08:46:54","guid":{"rendered":"https:\/\/www.erresse-shop.it\/?post_type=product&#038;p=511375"},"modified":"2025-09-05T09:21:19","modified_gmt":"2025-09-05T09:21:19","slug":"caso-design-machine-a-cafe-caffe-crema-touch","status":"publish","type":"product","link":"https:\/\/www.erresse-shop.it\/fr\/shop\/petits-electromenagers\/machines-cafe\/automatique\/caso-design-machine-a-cafe-caffe-crema-touch\/","title":{"rendered":"CASO DESIGN Machine \u00e0 caf\u00e9 Caff\u00e9 Crema Touch"},"content":{"rendered":"<p>Machine \u00e0 caf\u00e9 enti\u00e8rement automatique CASO Design \u00ab\u00a0Caf\u00e9 Crema Touch\u00a0\u00bb\u00a0: une grande vari\u00e9t\u00e9 de caf\u00e9s sur simple pression d&#8217;un bouton.<\/p>\n<p>Les amateurs de caf\u00e9s de sp\u00e9cialit\u00e9 avec la qualit\u00e9 d&#8217;un porte-filtre et d&#8217;esth\u00e9tique appr\u00e9cieront la Caf\u00e9 Crema Touch de CASO Design.<\/p>\n<p>Cette machine \u00e0 caf\u00e9 enti\u00e8rement automatique impressionne par son ext\u00e9rieur \u00e9l\u00e9gant, son grand \u00e9cran tactile et ses caract\u00e9ristiques internes de qualit\u00e9 sup\u00e9rieure. Son utilisation est intuitive et son nettoyage facile.<\/p>\n<p>La Caf\u00e9 Crema Touch offre tout ce que les connaisseurs de caf\u00e9 les plus exigeants attendent d&#8217;une machine \u00e0 caf\u00e9 enti\u00e8rement automatique moderne.<\/p>\n<p>Un large choix de sp\u00e9cialit\u00e9s de caf\u00e9 raffin\u00e9es<\/p>\n<p>Que commandez-vous aujourd&#8217;hui\u00a0? Un expresso rapide, un latte macchiato avec une mousse de lait onctueuse ou simplement de l&#8217;eau chaude\u00a0? Nous proposons un large choix de caf\u00e9s de sp\u00e9cialit\u00e9 raffin\u00e9s avec et sans mousse de lait.<\/p>\n<p>Utiliser la Caf\u00e9 Crema Touch est un jeu d&#8217;enfant. L&#8217;\u00e9cran tactile LED moderne et clair est dot\u00e9 de boutons de s\u00e9lection directe qui vous permettent de s\u00e9lectionner vos sp\u00e9cialit\u00e9s de caf\u00e9 et m\u00e9langes d&#8217;une simple pression du doigt.<\/p>\n<p>Une double pression vous permet de pr\u00e9parer directement une grande portion pour certaines sp\u00e9cialit\u00e9s.<\/p>\n<h4>Tout pour une exp\u00e9rience caf\u00e9 parfaite<\/h4>\n<p>Gr\u00e2ce \u00e0 son syst\u00e8me de chauffe innovant, Caf\u00e9 Crema Touch est pr\u00eat \u00e0 l&#8217;emploi en un clin d&#8217;\u0153il.<\/p>\n<p>Le broyeur conique en acier inoxydable de haute qualit\u00e9, r\u00e9glable en continu, fonctionne silencieusement et de mani\u00e8re fiable.<\/p>\n<p>La fonction de pr\u00e9-infusion conf\u00e8re au caf\u00e9 un ar\u00f4me particuli\u00e8rement cors\u00e9. Associ\u00e9 \u00e0 une mousse de lait onctueuse, ce caf\u00e9 de sp\u00e9cialit\u00e9 devient un plaisir incomparable.<\/p>\n<p>Pour remplir facilement m\u00eame les verres \u00e0 latte macchiato les plus hauts, le bec verseur de caf\u00e9 et de lait est r\u00e9glable jusqu&#8217;\u00e0 une hauteur de 16 centim\u00e8tres. Le r\u00e9servoir \u00e0 lait s\u00e9par\u00e9 peut \u00eatre conserv\u00e9 au r\u00e9frig\u00e9rateur entre chaque utilisation, pour un lait toujours frais.<\/p>\n<p>Dimensions\u00a0: 42,5 x 18 x 33,5 cm<br \/>\nPoids\u00a0: 8,25 kg<br \/>\nPuissance (watts)\u00a0: 1\u00a0350<br \/>\nTension\u00a0: 220-240 V~, 50-60 Hz<\/p>\n","protected":false},"excerpt":{"rendered":"<p>Machine \u00e0 caf\u00e9 enti\u00e8rement automatique CASO Design \u00ab\u00a0Caf\u00e9 Crema Touch\u00a0\u00bb\u00a0: une grande vari\u00e9t\u00e9 de caf\u00e9s sur simple pression d&#8217;un bouton.<\/p>\n","protected":false},"featured_media":511422,"template":"","meta":{"_acf_changed":false,"inline_featured_image":false},"product_cat":[25360,12764,12449],"product_tag":[12956,12948,12950,23226],"acf":[],"yoast_head":"<!-- This site is optimized with the Yoast SEO Premium plugin v18.6 (Yoast SEO v19.13) - https:\/\/yoast.com\/wordpress\/plugins\/seo\/ -->\n<title>MAGIMIX Juice Expert 3 avec Coffret Coupe L\u00e9gumes Noir<\/title>\n<meta name=\"description\" content=\"D\u00e9couvrez MAGIMIX Juice Expert 3 avec Coffret Coupe L\u00e9gumes Noir sur ErresseShop. Qualit\u00e9, prix r\u00e9duits et achat s\u00e9curis\u00e9 \u2013 commandez d\u00e8s maintenant en ligne !\" \/>\n<meta name=\"robots\" content=\"index, follow, max-snippet:-1, max-image-preview:large, max-video-preview:-1\" \/>\n<link rel=\"canonical\" href=\"https:\/\/www.erresse-shop.it\/fr\/shop\/petits-electromenagers\/machines-cafe\/automatique\/caso-design-machine-a-cafe-caffe-crema-touch\/\" \/>\n<meta property=\"og:locale\" content=\"fr_FR\" \/>\n<meta property=\"og:type\" content=\"article\" \/>\n<meta property=\"og:title\" content=\"CASO DESIGN Machine \u00e0 caf\u00e9 Caff\u00e9 Crema Touch\" \/>\n<meta property=\"og:description\" content=\"D\u00e9couvrez MAGIMIX Juice Expert 3 avec Coffret Coupe L\u00e9gumes Noir sur ErresseShop. Qualit\u00e9, prix r\u00e9duits et achat s\u00e9curis\u00e9 \u2013 commandez d\u00e8s maintenant en ligne !\" \/>\n<meta property=\"og:url\" content=\"https:\/\/www.erresse-shop.it\/fr\/shop\/petits-electromenagers\/machines-cafe\/automatique\/caso-design-machine-a-cafe-caffe-crema-touch\/\" \/>\n<meta property=\"og:site_name\" content=\"Erresse Shop\" \/>\n<meta property=\"article:modified_time\" content=\"2025-09-05T09:21:19+00:00\" \/>\n<meta property=\"og:image\" content=\"https:\/\/www.erresse-shop.it\/wp-content\/uploads\/2025\/09\/CASO-DESIGN-Macchina-da-Caffe-Caffe-Crema-Touch.jpg\" \/>\n\t<meta property=\"og:image:width\" content=\"1200\" \/>\n\t<meta property=\"og:image:height\" content=\"1200\" \/>\n\t<meta property=\"og:image:type\" content=\"image\/jpeg\" \/>\n<meta name=\"twitter:card\" content=\"summary_large_image\" \/>\n<script type=\"application\/ld+json\" class=\"yoast-schema-graph\">{\"@context\":\"https:\/\/schema.org\",\"@graph\":[{\"@type\":\"WebPage\",\"@id\":\"https:\/\/www.erresse-shop.it\/fr\/shop\/petits-electromenagers\/machines-cafe\/automatique\/caso-design-machine-a-cafe-caffe-crema-touch\/\",\"url\":\"https:\/\/www.erresse-shop.it\/fr\/shop\/petits-electromenagers\/machines-cafe\/automatique\/caso-design-machine-a-cafe-caffe-crema-touch\/\",\"name\":\"MAGIMIX Juice Expert 3 avec Coffret Coupe L\u00e9gumes Noir\",\"isPartOf\":{\"@id\":\"https:\/\/www.erresse-shop.it\/fr\/#website\"},\"datePublished\":\"2025-09-05T08:46:54+00:00\",\"dateModified\":\"2025-09-05T09:21:19+00:00\",\"description\":\"D\u00e9couvrez MAGIMIX Juice Expert 3 avec Coffret Coupe L\u00e9gumes Noir sur ErresseShop. Qualit\u00e9, prix r\u00e9duits et achat s\u00e9curis\u00e9 \u2013 commandez d\u00e8s maintenant en ligne !\",\"breadcrumb\":{\"@id\":\"https:\/\/www.erresse-shop.it\/fr\/shop\/petits-electromenagers\/machines-cafe\/automatique\/caso-design-machine-a-cafe-caffe-crema-touch\/#breadcrumb\"},\"inLanguage\":\"fr-FR\",\"potentialAction\":[{\"@type\":\"ReadAction\",\"target\":[\"https:\/\/www.erresse-shop.it\/fr\/shop\/petits-electromenagers\/machines-cafe\/automatique\/caso-design-machine-a-cafe-caffe-crema-touch\/\"]}]},{\"@type\":\"BreadcrumbList\",\"@id\":\"https:\/\/www.erresse-shop.it\/fr\/shop\/petits-electromenagers\/machines-cafe\/automatique\/caso-design-machine-a-cafe-caffe-crema-touch\/#breadcrumb\",\"itemListElement\":[{\"@type\":\"ListItem\",\"position\":1,\"name\":\"Home\",\"item\":\"https:\/\/www.erresse-shop.it\/fr\/\"},{\"@type\":\"ListItem\",\"position\":2,\"name\":\"Shop\",\"item\":\"https:\/\/www.erresse-shop.it\/fr\/shop\/\"},{\"@type\":\"ListItem\",\"position\":3,\"name\":\"CASO DESIGN Machine \u00e0 caf\u00e9 Caff\u00e9 Crema Touch\"}]},{\"@type\":\"WebSite\",\"@id\":\"https:\/\/www.erresse-shop.it\/fr\/#website\",\"url\":\"https:\/\/www.erresse-shop.it\/fr\/\",\"name\":\"Erresse Shop\",\"description\":\"Articoli di qualit\u00e0 per la casa\",\"potentialAction\":[{\"@type\":\"SearchAction\",\"target\":{\"@type\":\"EntryPoint\",\"urlTemplate\":\"https:\/\/www.erresse-shop.it\/fr\/?s={search_term_string}\"},\"query-input\":\"required name=search_term_string\"}],\"inLanguage\":\"fr-FR\"}]}<\/script>\n<!-- \/ Yoast SEO Premium plugin. -->","yoast_head_json":{"title":"MAGIMIX Juice Expert 3 avec Coffret Coupe L\u00e9gumes Noir","description":"D\u00e9couvrez MAGIMIX Juice Expert 3 avec Coffret Coupe L\u00e9gumes Noir sur ErresseShop. Qualit\u00e9, prix r\u00e9duits et achat s\u00e9curis\u00e9 \u2013 commandez d\u00e8s maintenant en ligne !","robots":{"index":"index","follow":"follow","max-snippet":"max-snippet:-1","max-image-preview":"max-image-preview:large","max-video-preview":"max-video-preview:-1"},"canonical":"https:\/\/www.erresse-shop.it\/fr\/shop\/petits-electromenagers\/machines-cafe\/automatique\/caso-design-machine-a-cafe-caffe-crema-touch\/","og_locale":"fr_FR","og_type":"article","og_title":"CASO DESIGN Machine \u00e0 caf\u00e9 Caff\u00e9 Crema Touch","og_description":"D\u00e9couvrez MAGIMIX Juice Expert 3 avec Coffret Coupe L\u00e9gumes Noir sur ErresseShop. Qualit\u00e9, prix r\u00e9duits et achat s\u00e9curis\u00e9 \u2013 commandez d\u00e8s maintenant en ligne !","og_url":"https:\/\/www.erresse-shop.it\/fr\/shop\/petits-electromenagers\/machines-cafe\/automatique\/caso-design-machine-a-cafe-caffe-crema-touch\/","og_site_name":"Erresse Shop","article_modified_time":"2025-09-05T09:21:19+00:00","og_image":[{"width":1200,"height":1200,"url":"https:\/\/www.erresse-shop.it\/wp-content\/uploads\/2025\/09\/CASO-DESIGN-Macchina-da-Caffe-Caffe-Crema-Touch.jpg","type":"image\/jpeg"}],"twitter_card":"summary_large_image","schema":{"@context":"https:\/\/schema.org","@graph":[{"@type":"WebPage","@id":"https:\/\/www.erresse-shop.it\/fr\/shop\/petits-electromenagers\/machines-cafe\/automatique\/caso-design-machine-a-cafe-caffe-crema-touch\/","url":"https:\/\/www.erresse-shop.it\/fr\/shop\/petits-electromenagers\/machines-cafe\/automatique\/caso-design-machine-a-cafe-caffe-crema-touch\/","name":"MAGIMIX Juice Expert 3 avec Coffret Coupe L\u00e9gumes Noir","isPartOf":{"@id":"https:\/\/www.erresse-shop.it\/fr\/#website"},"datePublished":"2025-09-05T08:46:54+00:00","dateModified":"2025-09-05T09:21:19+00:00","description":"D\u00e9couvrez MAGIMIX Juice Expert 3 avec Coffret Coupe L\u00e9gumes Noir sur ErresseShop. Qualit\u00e9, prix r\u00e9duits et achat s\u00e9curis\u00e9 \u2013 commandez d\u00e8s maintenant en ligne !","breadcrumb":{"@id":"https:\/\/www.erresse-shop.it\/fr\/shop\/petits-electromenagers\/machines-cafe\/automatique\/caso-design-machine-a-cafe-caffe-crema-touch\/#breadcrumb"},"inLanguage":"fr-FR","potentialAction":[{"@type":"ReadAction","target":["https:\/\/www.erresse-shop.it\/fr\/shop\/petits-electromenagers\/machines-cafe\/automatique\/caso-design-machine-a-cafe-caffe-crema-touch\/"]}]},{"@type":"BreadcrumbList","@id":"https:\/\/www.erresse-shop.it\/fr\/shop\/petits-electromenagers\/machines-cafe\/automatique\/caso-design-machine-a-cafe-caffe-crema-touch\/#breadcrumb","itemListElement":[{"@type":"ListItem","position":1,"name":"Home","item":"https:\/\/www.erresse-shop.it\/fr\/"},{"@type":"ListItem","position":2,"name":"Shop","item":"https:\/\/www.erresse-shop.it\/fr\/shop\/"},{"@type":"ListItem","position":3,"name":"CASO DESIGN Machine \u00e0 caf\u00e9 Caff\u00e9 Crema Touch"}]},{"@type":"WebSite","@id":"https:\/\/www.erresse-shop.it\/fr\/#website","url":"https:\/\/www.erresse-shop.it\/fr\/","name":"Erresse Shop","description":"Articoli di qualit\u00e0 per la casa","potentialAction":[{"@type":"SearchAction","target":{"@type":"EntryPoint","urlTemplate":"https:\/\/www.erresse-shop.it\/fr\/?s={search_term_string}"},"query-input":"required name=search_term_string"}],"inLanguage":"fr-FR"}]}},"df_price":549,"df_sale_price":549,"df_regular_price":549,"df_image_link":"https:\/\/www.erresse-shop.it\/wp-content\/uploads\/2025\/09\/CASO-DESIGN-Macchina-da-Caffe-Caffe-Crema-Touch-300x300.jpg","_links":{"self":[{"href":"https:\/\/www.erresse-shop.it\/fr\/wp-json\/wp\/v2\/product\/511375"}],"collection":[{"href":"https:\/\/www.erresse-shop.it\/fr\/wp-json\/wp\/v2\/product"}],"about":[{"href":"https:\/\/www.erresse-shop.it\/fr\/wp-json\/wp\/v2\/types\/product"}],"wp:featuredmedia":[{"embeddable":true,"href":"https:\/\/www.erresse-shop.it\/fr\/wp-json\/wp\/v2\/media\/511422"}],"wp:attachment":[{"href":"https:\/\/www.erresse-shop.it\/fr\/wp-json\/wp\/v2\/media?parent=511375"}],"wp:term":[{"taxonomy":"product_cat","embeddable":true,"href":"https:\/\/www.erresse-shop.it\/fr\/wp-json\/wp\/v2\/product_cat?post=511375"},{"taxonomy":"product_tag","embeddable":true,"href":"https:\/\/www.erresse-shop.it\/fr\/wp-json\/wp\/v2\/product_tag?post=511375"}],"curies":[{"name":"wp","href":"https:\/\/api.w.org\/{rel}","templated":true}]}}