{"id":511358,"date":"2025-09-05T08:24:06","date_gmt":"2025-09-05T08:24:06","guid":{"rendered":"https:\/\/www.erresse-shop.it\/?post_type=product&#038;p=511358"},"modified":"2025-09-05T08:42:17","modified_gmt":"2025-09-05T08:42:17","slug":"caso-design-bouilloire-electrique-hw-1660","status":"publish","type":"product","link":"https:\/\/www.erresse-shop.it\/fr\/shop\/petits-electromenagers\/bouilloires-electriques\/caso-design-bouilloire-electrique-hw-1660\/","title":{"rendered":"CASO DESIGN Bouilloire \u00e9lectrique HW 1660"},"content":{"rendered":"<h4>Distributeur d&#8217;eau chaude turbo CASO Design \u00ab\u00a0HW 1660\u00a0\u00bb &#8211; De l&#8217;eau chaude en quelques secondes.<\/h4>\n<p>Avec le distributeur d&#8217;eau chaude turbo CASO Design \u00ab\u00a0HW 1660\u00a0\u00bb, seule la quantit\u00e9 d&#8217;eau r\u00e9ellement n\u00e9cessaire est chauff\u00e9e \u00e0 la temp\u00e9rature souhait\u00e9e en quelques secondes. Vous \u00e9conomisez ainsi jusqu&#8217;\u00e0 50\u00a0% d&#8217;\u00e9nergie, d&#8217;eau et de temps par rapport \u00e0 une bouilloire traditionnelle.<\/p>\n<p>Choisissez entre 7 temp\u00e9ratures (de 40 \u00e0 100\u00a0\u00b0C par paliers de 10\u00a0\u00b0C) et 7 volumes (de 100 \u00e0 400\u00a0ml par paliers de 50\u00a0ml)\u00a0: l&#8217;id\u00e9al pour une pr\u00e9paration optimale du th\u00e9.<\/p>\n<h4>Le choix id\u00e9al pour tous les th\u00e9s<\/h4>\n<p>Le HW 1660 est parfait pour tous les th\u00e9s\u00a0: avec un r\u00e9glage de temp\u00e9rature entre 40 et 100\u00a0\u00b0C par paliers de 10\u00a0\u00b0C, vous pouvez rapidement et facilement choisir la temp\u00e9rature id\u00e9ale pour chaque type de th\u00e9.<\/p>\n<p>Le petit plus\u00a0: pas de temps de refroidissement fastidieux. Un filtre \u00e0 eau est inclus pour une qualit\u00e9 d&#8217;eau optimale et une long\u00e9vit\u00e9 accrue de l&#8217;appareil, ainsi qu&#8217;une tablette pour les petites tasses.<\/p>\n<h4>Id\u00e9al pour la maison, le bureau et les buffets<\/h4>\n<p>Que vous pr\u00e9pariez un th\u00e9 parfait, un verre d&#8217;eau chaude ou des boissons chaudes comme une limonade\u00a0: le HW 1660 distribue de l&#8217;eau \u00e0 la bonne temp\u00e9rature rapidement et facilement.<\/p>\n<p>Avec son r\u00e9servoir extra-large amovible de quatre litres, facile \u00e0 remplir et \u00e0 nettoyer, le distributeur d&#8217;eau chaude Turbo est \u00e9galement id\u00e9al pour les cuisines de bureau, les salles de conf\u00e9rence et les buffets de petit-d\u00e9jeuner, par exemple.<\/p>\n<p>Esth\u00e9tiquement, le HW 1660 pr\u00e9sente un design \u00e9l\u00e9gant en acier inoxydable de haute qualit\u00e9 et un panneau de commande tactile frontal avec \u00e9clairage LED blanc, intuitif et facile \u00e0 utiliser.<\/p>\n<p>Dimensions\u00a0: 30 x 19 x 35 cm<br \/>\nPoids\u00a0: 3,42 kg<br \/>\nPuissance (watts)\u00a0: 2\u00a0200 &#8211; 2\u00a0600<br \/>\nTension\u00a0: 220-240 V~, 50-60 Hz<br \/>\nTemp\u00e9rature (\u00b0C)\u00a0: 40, 50, 60, 70, 80, 90, 100 \u00b0C<\/p>\n","protected":false},"excerpt":{"rendered":"<p>Distributeur d&#8217;eau chaude turbo CASO Design \u00ab\u00a0HW 1660\u00a0\u00bb &#8211; De l&#8217;eau chaude en quelques secondes. Avec le distributeur d&#8217;eau chaude<\/p>\n","protected":false},"featured_media":511369,"template":"","meta":{"_acf_changed":false,"inline_featured_image":false},"product_cat":[12763,12449],"product_tag":[13265,13895,21045,12948],"acf":[],"yoast_head":"<!-- This site is optimized with the Yoast SEO Premium plugin v18.6 (Yoast SEO v19.13) - https:\/\/yoast.com\/wordpress\/plugins\/seo\/ -->\n<title>MAGIMIX Juice Expert 3 avec Coffret Coupe L\u00e9gumes Noir<\/title>\n<meta name=\"description\" content=\"D\u00e9couvrez MAGIMIX Juice Expert 3 avec Coffret Coupe L\u00e9gumes Noir sur ErresseShop. Qualit\u00e9, prix r\u00e9duits et achat s\u00e9curis\u00e9 \u2013 commandez d\u00e8s maintenant en ligne !\" \/>\n<meta name=\"robots\" content=\"index, follow, max-snippet:-1, max-image-preview:large, max-video-preview:-1\" \/>\n<link rel=\"canonical\" href=\"https:\/\/www.erresse-shop.it\/fr\/shop\/petits-electromenagers\/bouilloires-electriques\/caso-design-bouilloire-electrique-hw-1660\/\" \/>\n<meta property=\"og:locale\" content=\"fr_FR\" \/>\n<meta property=\"og:type\" content=\"article\" \/>\n<meta property=\"og:title\" content=\"CASO DESIGN Bouilloire \u00e9lectrique HW 1660\" \/>\n<meta property=\"og:description\" content=\"D\u00e9couvrez MAGIMIX Juice Expert 3 avec Coffret Coupe L\u00e9gumes Noir sur ErresseShop. Qualit\u00e9, prix r\u00e9duits et achat s\u00e9curis\u00e9 \u2013 commandez d\u00e8s maintenant en ligne !\" \/>\n<meta property=\"og:url\" content=\"https:\/\/www.erresse-shop.it\/fr\/shop\/petits-electromenagers\/bouilloires-electriques\/caso-design-bouilloire-electrique-hw-1660\/\" \/>\n<meta property=\"og:site_name\" content=\"Erresse Shop\" \/>\n<meta property=\"article:modified_time\" content=\"2025-09-05T08:42:17+00:00\" \/>\n<meta property=\"og:image\" content=\"https:\/\/www.erresse-shop.it\/wp-content\/uploads\/2025\/09\/CASO-DESIGN-Bollitore-Elettrico-HW-1660.jpg\" \/>\n\t<meta property=\"og:image:width\" content=\"1200\" \/>\n\t<meta property=\"og:image:height\" content=\"1200\" \/>\n\t<meta property=\"og:image:type\" content=\"image\/jpeg\" \/>\n<meta name=\"twitter:card\" content=\"summary_large_image\" \/>\n<script type=\"application\/ld+json\" class=\"yoast-schema-graph\">{\"@context\":\"https:\/\/schema.org\",\"@graph\":[{\"@type\":\"WebPage\",\"@id\":\"https:\/\/www.erresse-shop.it\/fr\/shop\/petits-electromenagers\/bouilloires-electriques\/caso-design-bouilloire-electrique-hw-1660\/\",\"url\":\"https:\/\/www.erresse-shop.it\/fr\/shop\/petits-electromenagers\/bouilloires-electriques\/caso-design-bouilloire-electrique-hw-1660\/\",\"name\":\"MAGIMIX Juice Expert 3 avec Coffret Coupe L\u00e9gumes Noir\",\"isPartOf\":{\"@id\":\"https:\/\/www.erresse-shop.it\/fr\/#website\"},\"datePublished\":\"2025-09-05T08:24:06+00:00\",\"dateModified\":\"2025-09-05T08:42:17+00:00\",\"description\":\"D\u00e9couvrez MAGIMIX Juice Expert 3 avec Coffret Coupe L\u00e9gumes Noir sur ErresseShop. Qualit\u00e9, prix r\u00e9duits et achat s\u00e9curis\u00e9 \u2013 commandez d\u00e8s maintenant en ligne !\",\"breadcrumb\":{\"@id\":\"https:\/\/www.erresse-shop.it\/fr\/shop\/petits-electromenagers\/bouilloires-electriques\/caso-design-bouilloire-electrique-hw-1660\/#breadcrumb\"},\"inLanguage\":\"fr-FR\",\"potentialAction\":[{\"@type\":\"ReadAction\",\"target\":[\"https:\/\/www.erresse-shop.it\/fr\/shop\/petits-electromenagers\/bouilloires-electriques\/caso-design-bouilloire-electrique-hw-1660\/\"]}]},{\"@type\":\"BreadcrumbList\",\"@id\":\"https:\/\/www.erresse-shop.it\/fr\/shop\/petits-electromenagers\/bouilloires-electriques\/caso-design-bouilloire-electrique-hw-1660\/#breadcrumb\",\"itemListElement\":[{\"@type\":\"ListItem\",\"position\":1,\"name\":\"Home\",\"item\":\"https:\/\/www.erresse-shop.it\/fr\/\"},{\"@type\":\"ListItem\",\"position\":2,\"name\":\"Shop\",\"item\":\"https:\/\/www.erresse-shop.it\/fr\/shop\/\"},{\"@type\":\"ListItem\",\"position\":3,\"name\":\"CASO DESIGN Bouilloire \u00e9lectrique HW 1660\"}]},{\"@type\":\"WebSite\",\"@id\":\"https:\/\/www.erresse-shop.it\/fr\/#website\",\"url\":\"https:\/\/www.erresse-shop.it\/fr\/\",\"name\":\"Erresse Shop\",\"description\":\"Articoli di qualit\u00e0 per la casa\",\"potentialAction\":[{\"@type\":\"SearchAction\",\"target\":{\"@type\":\"EntryPoint\",\"urlTemplate\":\"https:\/\/www.erresse-shop.it\/fr\/?s={search_term_string}\"},\"query-input\":\"required name=search_term_string\"}],\"inLanguage\":\"fr-FR\"}]}<\/script>\n<!-- \/ Yoast SEO Premium plugin. -->","yoast_head_json":{"title":"MAGIMIX Juice Expert 3 avec Coffret Coupe L\u00e9gumes Noir","description":"D\u00e9couvrez MAGIMIX Juice Expert 3 avec Coffret Coupe L\u00e9gumes Noir sur ErresseShop. Qualit\u00e9, prix r\u00e9duits et achat s\u00e9curis\u00e9 \u2013 commandez d\u00e8s maintenant en ligne !","robots":{"index":"index","follow":"follow","max-snippet":"max-snippet:-1","max-image-preview":"max-image-preview:large","max-video-preview":"max-video-preview:-1"},"canonical":"https:\/\/www.erresse-shop.it\/fr\/shop\/petits-electromenagers\/bouilloires-electriques\/caso-design-bouilloire-electrique-hw-1660\/","og_locale":"fr_FR","og_type":"article","og_title":"CASO DESIGN Bouilloire \u00e9lectrique HW 1660","og_description":"D\u00e9couvrez MAGIMIX Juice Expert 3 avec Coffret Coupe L\u00e9gumes Noir sur ErresseShop. Qualit\u00e9, prix r\u00e9duits et achat s\u00e9curis\u00e9 \u2013 commandez d\u00e8s maintenant en ligne !","og_url":"https:\/\/www.erresse-shop.it\/fr\/shop\/petits-electromenagers\/bouilloires-electriques\/caso-design-bouilloire-electrique-hw-1660\/","og_site_name":"Erresse Shop","article_modified_time":"2025-09-05T08:42:17+00:00","og_image":[{"width":1200,"height":1200,"url":"https:\/\/www.erresse-shop.it\/wp-content\/uploads\/2025\/09\/CASO-DESIGN-Bollitore-Elettrico-HW-1660.jpg","type":"image\/jpeg"}],"twitter_card":"summary_large_image","schema":{"@context":"https:\/\/schema.org","@graph":[{"@type":"WebPage","@id":"https:\/\/www.erresse-shop.it\/fr\/shop\/petits-electromenagers\/bouilloires-electriques\/caso-design-bouilloire-electrique-hw-1660\/","url":"https:\/\/www.erresse-shop.it\/fr\/shop\/petits-electromenagers\/bouilloires-electriques\/caso-design-bouilloire-electrique-hw-1660\/","name":"MAGIMIX Juice Expert 3 avec Coffret Coupe L\u00e9gumes Noir","isPartOf":{"@id":"https:\/\/www.erresse-shop.it\/fr\/#website"},"datePublished":"2025-09-05T08:24:06+00:00","dateModified":"2025-09-05T08:42:17+00:00","description":"D\u00e9couvrez MAGIMIX Juice Expert 3 avec Coffret Coupe L\u00e9gumes Noir sur ErresseShop. Qualit\u00e9, prix r\u00e9duits et achat s\u00e9curis\u00e9 \u2013 commandez d\u00e8s maintenant en ligne !","breadcrumb":{"@id":"https:\/\/www.erresse-shop.it\/fr\/shop\/petits-electromenagers\/bouilloires-electriques\/caso-design-bouilloire-electrique-hw-1660\/#breadcrumb"},"inLanguage":"fr-FR","potentialAction":[{"@type":"ReadAction","target":["https:\/\/www.erresse-shop.it\/fr\/shop\/petits-electromenagers\/bouilloires-electriques\/caso-design-bouilloire-electrique-hw-1660\/"]}]},{"@type":"BreadcrumbList","@id":"https:\/\/www.erresse-shop.it\/fr\/shop\/petits-electromenagers\/bouilloires-electriques\/caso-design-bouilloire-electrique-hw-1660\/#breadcrumb","itemListElement":[{"@type":"ListItem","position":1,"name":"Home","item":"https:\/\/www.erresse-shop.it\/fr\/"},{"@type":"ListItem","position":2,"name":"Shop","item":"https:\/\/www.erresse-shop.it\/fr\/shop\/"},{"@type":"ListItem","position":3,"name":"CASO DESIGN Bouilloire \u00e9lectrique HW 1660"}]},{"@type":"WebSite","@id":"https:\/\/www.erresse-shop.it\/fr\/#website","url":"https:\/\/www.erresse-shop.it\/fr\/","name":"Erresse Shop","description":"Articoli di qualit\u00e0 per la casa","potentialAction":[{"@type":"SearchAction","target":{"@type":"EntryPoint","urlTemplate":"https:\/\/www.erresse-shop.it\/fr\/?s={search_term_string}"},"query-input":"required name=search_term_string"}],"inLanguage":"fr-FR"}]}},"df_price":159.99,"df_sale_price":159.99,"df_regular_price":159.99,"df_image_link":"https:\/\/www.erresse-shop.it\/wp-content\/uploads\/2025\/09\/CASO-DESIGN-Bollitore-Elettrico-HW-1660-300x300.jpg","_links":{"self":[{"href":"https:\/\/www.erresse-shop.it\/fr\/wp-json\/wp\/v2\/product\/511358"}],"collection":[{"href":"https:\/\/www.erresse-shop.it\/fr\/wp-json\/wp\/v2\/product"}],"about":[{"href":"https:\/\/www.erresse-shop.it\/fr\/wp-json\/wp\/v2\/types\/product"}],"wp:featuredmedia":[{"embeddable":true,"href":"https:\/\/www.erresse-shop.it\/fr\/wp-json\/wp\/v2\/media\/511369"}],"wp:attachment":[{"href":"https:\/\/www.erresse-shop.it\/fr\/wp-json\/wp\/v2\/media?parent=511358"}],"wp:term":[{"taxonomy":"product_cat","embeddable":true,"href":"https:\/\/www.erresse-shop.it\/fr\/wp-json\/wp\/v2\/product_cat?post=511358"},{"taxonomy":"product_tag","embeddable":true,"href":"https:\/\/www.erresse-shop.it\/fr\/wp-json\/wp\/v2\/product_tag?post=511358"}],"curies":[{"name":"wp","href":"https:\/\/api.w.org\/{rel}","templated":true}]}}