{"id":511306,"date":"2025-09-05T07:38:20","date_gmt":"2025-09-05T07:38:20","guid":{"rendered":"https:\/\/www.erresse-shop.it\/?post_type=product&#038;p=511306"},"modified":"2025-09-05T07:52:55","modified_gmt":"2025-09-05T07:52:55","slug":"caso-design-extracteur-juicefit","status":"publish","type":"product","link":"https:\/\/www.erresse-shop.it\/fr\/shop\/petits-electromenagers\/centrifugeuses-extracteurs-jus\/caso-design-extracteur-juicefit\/","title":{"rendered":"CASO DESIGN Extracteur JuiceFit"},"content":{"rendered":"<h4>Jus frais et faciles \u00e0 pr\u00e9parer avec l&#8217;extracteur de jus \u00ab\u00a0JuiceFit\u00a0\u00bb de CASO Design<\/h4>\n<p>Savourez chaque jour des jus frais et riches en nutriments gr\u00e2ce \u00e0 l&#8217;extracteur de jus JuiceFit. Cet extracteur compact est id\u00e9al pour votre cuisine et vous permet de pr\u00e9parer sans effort de d\u00e9licieux jus de fruits, de l\u00e9gumes et d&#8217;herbes aromatiques.<\/p>\n<p>Ses fonctions intuitives et son \u00e9l\u00e9gant design noir mat en font un appareil indispensable.<\/p>\n<h4>Technologie d&#8217;extraction lente douce<\/h4>\n<p>L&#8217;extracteur de jus JuiceFit utilise une vitesse lente de 40 tr\/min pour pr\u00e9server la saveur naturelle et les pr\u00e9cieux nutriments et vitamines des ingr\u00e9dients.<\/p>\n<p>Cette technologie d&#8217;extraction lente assure un traitement particuli\u00e8rement doux, offrant des rendements jusqu&#8217;\u00e0 30\u00a0% sup\u00e9rieurs \u00e0 ceux des extracteurs de jus traditionnels. Ainsi, chaque goutte de votre jus est riche en saveur et en nutriments.<\/p>\n<h4>Utilisations polyvalentes<\/h4>\n<p>JuiceFit convient non seulement pour extraire des jus de fruits et de l\u00e9gumes, mais aussi pour pr\u00e9parer du lait d&#8217;amande. Profitez de la vari\u00e9t\u00e9 de boissons saines que vous pouvez pr\u00e9parer avec cet extracteur de jus polyvalent.<\/p>\n<p>Que ce soit pour un jus d&#8217;orange frais le matin ou un jus vert riche en nutriments apr\u00e8s une s\u00e9ance de sport, JuiceFit offre des possibilit\u00e9s infinies.<\/p>\n<h4>Extraction de jus de fruits entiers (tuyau d&#8217;alimentation extra-large)<\/h4>\n<p>Gr\u00e2ce au tuyau d&#8217;alimentation extra-large de 105 mm de diam\u00e8tre, vous pouvez extraire le jus de fruits et l\u00e9gumes entiers sans avoir \u00e0 les couper au pr\u00e9alable. Cela vous fait gagner du temps et simplifie encore plus la pr\u00e9paration des jus.<\/p>\n<p>JuiceFit est id\u00e9al pour tous ceux qui souhaitent pr\u00e9parer des jus frais rapidement et facilement.<\/p>\n<h4>Pratique et bien con\u00e7u<\/h4>\n<p>L&#8217;extracteur de jus JuiceFit est \u00e9quip\u00e9 de deux grands r\u00e9cipients pour le jus et le marc, d&#8217;une capacit\u00e9 de 800 ml chacun. Ces r\u00e9cipients vous permettent de pr\u00e9parer de grandes quantit\u00e9s de jus en une seule fois sans avoir \u00e0 vider constamment le marc.<\/p>\n<p>De plus, la brosse de nettoyage incluse facilite grandement le nettoyage de l&#8217;appareil apr\u00e8s utilisation, vous laissant plus de temps pour savourer vos jus.<\/p>\n<h4>Pourquoi choisir l&#8217;extracteur de jus JuiceFit\u00a0?<\/h4>\n<p>Choisissez l&#8217;extracteur de jus JuiceFit et profitez d&#8217;un rendement maximal en jus, tout en pr\u00e9servant la saveur naturelle et les pr\u00e9cieux nutriments de vos boissons. Sa simplicit\u00e9 d&#8217;utilisation et son design \u00e9l\u00e9gant en font un atout pr\u00e9cieux pour toute cuisine.<\/p>\n<p>Offrez-vous le luxe de jus frais et sains, facilement et confortablement \u00e0 la maison.<\/p>\n<p>Dimensions\u00a0: 18 x 18 x 40 cm<br \/>\nPoids\u00a0: 2,7 kg<br \/>\nPuissance (watts)\u00a0: 200<br \/>\nTension\u00a0: 220-240 V~, 50-60 Hz<br \/>\nVitesse\u00a0: 40<br \/>\nType de prise\u00a0: Fiche Schuko<br \/>\nLongueur du c\u00e2ble\u00a0: 90 cm<br \/>\nR\u00e9cipient \u00e0 pulpe\u00a0: 800 ml<\/p>\n","protected":false},"excerpt":{"rendered":"<p>Jus frais et faciles \u00e0 pr\u00e9parer avec l&#8217;extracteur de jus \u00ab\u00a0JuiceFit\u00a0\u00bb de CASO Design Savourez chaque jour des jus frais<\/p>\n","protected":false},"featured_media":511329,"template":"","meta":{"_acf_changed":false,"inline_featured_image":false},"product_cat":[12765,12449],"product_tag":[13088,13263,21821],"acf":[],"yoast_head":"<!-- This site is optimized with the Yoast SEO Premium plugin v18.6 (Yoast SEO v19.13) - https:\/\/yoast.com\/wordpress\/plugins\/seo\/ -->\n<title>MAGIMIX Juice Expert 3 avec Coffret Coupe L\u00e9gumes Noir<\/title>\n<meta name=\"description\" content=\"D\u00e9couvrez MAGIMIX Juice Expert 3 avec Coffret Coupe L\u00e9gumes Noir sur ErresseShop. Qualit\u00e9, prix r\u00e9duits et achat s\u00e9curis\u00e9 \u2013 commandez d\u00e8s maintenant en ligne !\" \/>\n<meta name=\"robots\" content=\"index, follow, max-snippet:-1, max-image-preview:large, max-video-preview:-1\" \/>\n<link rel=\"canonical\" href=\"https:\/\/www.erresse-shop.it\/fr\/shop\/petits-electromenagers\/centrifugeuses-extracteurs-jus\/caso-design-extracteur-juicefit\/\" \/>\n<meta property=\"og:locale\" content=\"fr_FR\" \/>\n<meta property=\"og:type\" content=\"article\" \/>\n<meta property=\"og:title\" content=\"CASO DESIGN Extracteur JuiceFit\" \/>\n<meta property=\"og:description\" content=\"D\u00e9couvrez MAGIMIX Juice Expert 3 avec Coffret Coupe L\u00e9gumes Noir sur ErresseShop. Qualit\u00e9, prix r\u00e9duits et achat s\u00e9curis\u00e9 \u2013 commandez d\u00e8s maintenant en ligne !\" \/>\n<meta property=\"og:url\" content=\"https:\/\/www.erresse-shop.it\/fr\/shop\/petits-electromenagers\/centrifugeuses-extracteurs-jus\/caso-design-extracteur-juicefit\/\" \/>\n<meta property=\"og:site_name\" content=\"Erresse Shop\" \/>\n<meta property=\"article:modified_time\" content=\"2025-09-05T07:52:55+00:00\" \/>\n<meta property=\"og:image\" content=\"https:\/\/www.erresse-shop.it\/wp-content\/uploads\/2025\/09\/CASO-DESIGN-Estrattore-JuiceFit.jpg\" \/>\n\t<meta property=\"og:image:width\" content=\"1200\" \/>\n\t<meta property=\"og:image:height\" content=\"1200\" \/>\n\t<meta property=\"og:image:type\" content=\"image\/jpeg\" \/>\n<meta name=\"twitter:card\" content=\"summary_large_image\" \/>\n<script type=\"application\/ld+json\" class=\"yoast-schema-graph\">{\"@context\":\"https:\/\/schema.org\",\"@graph\":[{\"@type\":\"WebPage\",\"@id\":\"https:\/\/www.erresse-shop.it\/fr\/shop\/petits-electromenagers\/centrifugeuses-extracteurs-jus\/caso-design-extracteur-juicefit\/\",\"url\":\"https:\/\/www.erresse-shop.it\/fr\/shop\/petits-electromenagers\/centrifugeuses-extracteurs-jus\/caso-design-extracteur-juicefit\/\",\"name\":\"MAGIMIX Juice Expert 3 avec Coffret Coupe L\u00e9gumes Noir\",\"isPartOf\":{\"@id\":\"https:\/\/www.erresse-shop.it\/fr\/#website\"},\"datePublished\":\"2025-09-05T07:38:20+00:00\",\"dateModified\":\"2025-09-05T07:52:55+00:00\",\"description\":\"D\u00e9couvrez MAGIMIX Juice Expert 3 avec Coffret Coupe L\u00e9gumes Noir sur ErresseShop. Qualit\u00e9, prix r\u00e9duits et achat s\u00e9curis\u00e9 \u2013 commandez d\u00e8s maintenant en ligne !\",\"breadcrumb\":{\"@id\":\"https:\/\/www.erresse-shop.it\/fr\/shop\/petits-electromenagers\/centrifugeuses-extracteurs-jus\/caso-design-extracteur-juicefit\/#breadcrumb\"},\"inLanguage\":\"fr-FR\",\"potentialAction\":[{\"@type\":\"ReadAction\",\"target\":[\"https:\/\/www.erresse-shop.it\/fr\/shop\/petits-electromenagers\/centrifugeuses-extracteurs-jus\/caso-design-extracteur-juicefit\/\"]}]},{\"@type\":\"BreadcrumbList\",\"@id\":\"https:\/\/www.erresse-shop.it\/fr\/shop\/petits-electromenagers\/centrifugeuses-extracteurs-jus\/caso-design-extracteur-juicefit\/#breadcrumb\",\"itemListElement\":[{\"@type\":\"ListItem\",\"position\":1,\"name\":\"Home\",\"item\":\"https:\/\/www.erresse-shop.it\/fr\/\"},{\"@type\":\"ListItem\",\"position\":2,\"name\":\"Shop\",\"item\":\"https:\/\/www.erresse-shop.it\/fr\/shop\/\"},{\"@type\":\"ListItem\",\"position\":3,\"name\":\"CASO DESIGN Extracteur JuiceFit\"}]},{\"@type\":\"WebSite\",\"@id\":\"https:\/\/www.erresse-shop.it\/fr\/#website\",\"url\":\"https:\/\/www.erresse-shop.it\/fr\/\",\"name\":\"Erresse Shop\",\"description\":\"Articoli di qualit\u00e0 per la casa\",\"potentialAction\":[{\"@type\":\"SearchAction\",\"target\":{\"@type\":\"EntryPoint\",\"urlTemplate\":\"https:\/\/www.erresse-shop.it\/fr\/?s={search_term_string}\"},\"query-input\":\"required name=search_term_string\"}],\"inLanguage\":\"fr-FR\"}]}<\/script>\n<!-- \/ Yoast SEO Premium plugin. -->","yoast_head_json":{"title":"MAGIMIX Juice Expert 3 avec Coffret Coupe L\u00e9gumes Noir","description":"D\u00e9couvrez MAGIMIX Juice Expert 3 avec Coffret Coupe L\u00e9gumes Noir sur ErresseShop. Qualit\u00e9, prix r\u00e9duits et achat s\u00e9curis\u00e9 \u2013 commandez d\u00e8s maintenant en ligne !","robots":{"index":"index","follow":"follow","max-snippet":"max-snippet:-1","max-image-preview":"max-image-preview:large","max-video-preview":"max-video-preview:-1"},"canonical":"https:\/\/www.erresse-shop.it\/fr\/shop\/petits-electromenagers\/centrifugeuses-extracteurs-jus\/caso-design-extracteur-juicefit\/","og_locale":"fr_FR","og_type":"article","og_title":"CASO DESIGN Extracteur JuiceFit","og_description":"D\u00e9couvrez MAGIMIX Juice Expert 3 avec Coffret Coupe L\u00e9gumes Noir sur ErresseShop. Qualit\u00e9, prix r\u00e9duits et achat s\u00e9curis\u00e9 \u2013 commandez d\u00e8s maintenant en ligne !","og_url":"https:\/\/www.erresse-shop.it\/fr\/shop\/petits-electromenagers\/centrifugeuses-extracteurs-jus\/caso-design-extracteur-juicefit\/","og_site_name":"Erresse Shop","article_modified_time":"2025-09-05T07:52:55+00:00","og_image":[{"width":1200,"height":1200,"url":"https:\/\/www.erresse-shop.it\/wp-content\/uploads\/2025\/09\/CASO-DESIGN-Estrattore-JuiceFit.jpg","type":"image\/jpeg"}],"twitter_card":"summary_large_image","schema":{"@context":"https:\/\/schema.org","@graph":[{"@type":"WebPage","@id":"https:\/\/www.erresse-shop.it\/fr\/shop\/petits-electromenagers\/centrifugeuses-extracteurs-jus\/caso-design-extracteur-juicefit\/","url":"https:\/\/www.erresse-shop.it\/fr\/shop\/petits-electromenagers\/centrifugeuses-extracteurs-jus\/caso-design-extracteur-juicefit\/","name":"MAGIMIX Juice Expert 3 avec Coffret Coupe L\u00e9gumes Noir","isPartOf":{"@id":"https:\/\/www.erresse-shop.it\/fr\/#website"},"datePublished":"2025-09-05T07:38:20+00:00","dateModified":"2025-09-05T07:52:55+00:00","description":"D\u00e9couvrez MAGIMIX Juice Expert 3 avec Coffret Coupe L\u00e9gumes Noir sur ErresseShop. Qualit\u00e9, prix r\u00e9duits et achat s\u00e9curis\u00e9 \u2013 commandez d\u00e8s maintenant en ligne !","breadcrumb":{"@id":"https:\/\/www.erresse-shop.it\/fr\/shop\/petits-electromenagers\/centrifugeuses-extracteurs-jus\/caso-design-extracteur-juicefit\/#breadcrumb"},"inLanguage":"fr-FR","potentialAction":[{"@type":"ReadAction","target":["https:\/\/www.erresse-shop.it\/fr\/shop\/petits-electromenagers\/centrifugeuses-extracteurs-jus\/caso-design-extracteur-juicefit\/"]}]},{"@type":"BreadcrumbList","@id":"https:\/\/www.erresse-shop.it\/fr\/shop\/petits-electromenagers\/centrifugeuses-extracteurs-jus\/caso-design-extracteur-juicefit\/#breadcrumb","itemListElement":[{"@type":"ListItem","position":1,"name":"Home","item":"https:\/\/www.erresse-shop.it\/fr\/"},{"@type":"ListItem","position":2,"name":"Shop","item":"https:\/\/www.erresse-shop.it\/fr\/shop\/"},{"@type":"ListItem","position":3,"name":"CASO DESIGN Extracteur JuiceFit"}]},{"@type":"WebSite","@id":"https:\/\/www.erresse-shop.it\/fr\/#website","url":"https:\/\/www.erresse-shop.it\/fr\/","name":"Erresse Shop","description":"Articoli di qualit\u00e0 per la casa","potentialAction":[{"@type":"SearchAction","target":{"@type":"EntryPoint","urlTemplate":"https:\/\/www.erresse-shop.it\/fr\/?s={search_term_string}"},"query-input":"required name=search_term_string"}],"inLanguage":"fr-FR"}]}},"df_price":119.99,"df_sale_price":119.99,"df_regular_price":119.99,"df_image_link":"https:\/\/www.erresse-shop.it\/wp-content\/uploads\/2025\/09\/CASO-DESIGN-Estrattore-JuiceFit-300x300.jpg","_links":{"self":[{"href":"https:\/\/www.erresse-shop.it\/fr\/wp-json\/wp\/v2\/product\/511306"}],"collection":[{"href":"https:\/\/www.erresse-shop.it\/fr\/wp-json\/wp\/v2\/product"}],"about":[{"href":"https:\/\/www.erresse-shop.it\/fr\/wp-json\/wp\/v2\/types\/product"}],"wp:featuredmedia":[{"embeddable":true,"href":"https:\/\/www.erresse-shop.it\/fr\/wp-json\/wp\/v2\/media\/511329"}],"wp:attachment":[{"href":"https:\/\/www.erresse-shop.it\/fr\/wp-json\/wp\/v2\/media?parent=511306"}],"wp:term":[{"taxonomy":"product_cat","embeddable":true,"href":"https:\/\/www.erresse-shop.it\/fr\/wp-json\/wp\/v2\/product_cat?post=511306"},{"taxonomy":"product_tag","embeddable":true,"href":"https:\/\/www.erresse-shop.it\/fr\/wp-json\/wp\/v2\/product_tag?post=511306"}],"curies":[{"name":"wp","href":"https:\/\/api.w.org\/{rel}","templated":true}]}}