{"id":511271,"date":"2025-09-05T07:16:48","date_gmt":"2025-09-05T07:16:48","guid":{"rendered":"https:\/\/www.erresse-shop.it\/?post_type=product&#038;p=511271"},"modified":"2025-09-05T07:34:41","modified_gmt":"2025-09-05T07:34:41","slug":"caso-design-extracteur-juicefit-pro","status":"publish","type":"product","link":"https:\/\/www.erresse-shop.it\/fr\/shop\/petits-electromenagers\/centrifugeuses-extracteurs-jus\/caso-design-extracteur-juicefit-pro\/","title":{"rendered":"CASO DESIGN Extracteur JuiceFit Pro"},"content":{"rendered":"<h4><strong>Extracteur de jus lent \u00ab\u00a0JuiceFit Pro\u00a0\u00bb CASO Design &#8211; Plus de jus, plus de vitamines, plus de saveur<\/strong><\/h4>\n<p>Le nouvel extracteur de jus lent JuiceFit Pro de CASO Design extrait d\u00e9licatement les fruits, les l\u00e9gumes et les herbes \u00e0 seulement 40\u00a0tr\/min.<\/p>\n<p>La vis sans fin \u00e0 rotation lente r\u00e9duit la production de chaleur, pr\u00e9servant ainsi les pr\u00e9cieuses vitamines, enzymes, oligo-\u00e9l\u00e9ments et min\u00e9raux\u00a0: id\u00e9al pour bien commencer la journ\u00e9e ou pour un apport vitamin\u00e9 entre les repas.<\/p>\n<p>Gr\u00e2ce \u00e0 l&#8217;extraction lente, le rendement en jus est jusqu&#8217;\u00e0 30\u00a0% sup\u00e9rieur \u00e0 celui des extracteurs de jus traditionnels.<\/p>\n<p>L&#8217;extracteur de jus lent JuiceFit Pro de 250\u00a0watts de CASO Design extrait le meilleur des fruits et l\u00e9gumes et convient aux fruits durs comme aux fruits mous.<\/p>\n<p>Le r\u00e9sultat\u00a0: un jus frais, onctueux et riche, non seulement d\u00e9licieux et aromatique, mais aussi riche en vitamines et nutriments.<\/p>\n<h4>Extraction de jus de fruits entiers (tuyau d&#8217;alimentation XL)<\/h4>\n<p>Le tube d&#8217;alimentation extra-large du JuiceFit Pro, d&#8217;un diam\u00e8tre de 130 mm, est particuli\u00e8rement pratique\u00a0: les fruits entiers comme les pommes ou les poires peuvent \u00eatre ins\u00e9r\u00e9s enti\u00e8rement dans l&#8217;extracteur de jus sans avoir \u00e0 les \u00e9plucher ni les couper au pr\u00e9alable.<\/p>\n<p>Cet extracteur de jus lent de haute qualit\u00e9 est \u00e9galement id\u00e9al pour extraire le jus du gingembre ou des l\u00e9gumes comme le c\u00e9leri, le brocoli et les \u00e9pinards.<\/p>\n<p>Si vous souhaitez ajouter un ingr\u00e9dient \u00e0 l&#8217;improviste, rien de plus simple\u00a0: la fonction d&#8217;arr\u00eat de s\u00e9curit\u00e9 arr\u00eate la rotation d\u00e8s l&#8217;ouverture du couvercle.<\/p>\n<p>Pour pr\u00e9parer des jus mix\u00e9s, fermez simplement le bec verseur\u00a0: le jus reste dans le compartiment de filtration et est mix\u00e9 directement.<\/p>\n<h4>Compl\u00e9ment pour muesli, soupes et autres pr\u00e9parations.<\/h4>\n<p>La pulpe restante est recueillie dans un r\u00e9cipient d&#8217;un litre et peut \u00eatre utilis\u00e9e comme accompagnement id\u00e9al pour le muesli, les soupes ou les salades, par exemple.<\/p>\n<p>Le jus press\u00e9 s&#8217;\u00e9coule dans un autre r\u00e9cipient d&#8217;un litre ou directement dans un verre. Avec son bo\u00eetier noir mat de haute qualit\u00e9, cet extracteur de jus fin se distingue \u00e9galement par son esth\u00e9tique.<\/p>\n<p>Son assemblage simple, compos\u00e9 de quelques composants seulement, le rend imm\u00e9diatement pr\u00eat \u00e0 l&#8217;emploi. Facile et rapide \u00e0 nettoyer gr\u00e2ce \u00e0 ses pi\u00e8ces amovibles, il se range facilement.<\/p>\n<p>Dimensions\u00a0: 20 x 22 x 43,5 cm<br \/>\nPoids\u00a0: 4,72 kg<br \/>\nPuissance (watts)\u00a0: 250<br \/>\nTension\u00a0: 220-240 V~, 50-60 Hz<br \/>\nVitesse\u00a0: 40 tr\/min<br \/>\nType de prise\u00a0: Prise Schuko<br \/>\nLongueur du c\u00e2ble\u00a0: 90 cm<\/p>\n","protected":false},"excerpt":{"rendered":"<p>Extracteur de jus lent \u00ab\u00a0JuiceFit Pro\u00a0\u00bb CASO Design &#8211; Plus de jus, plus de vitamines, plus de saveur Le nouvel<\/p>\n","protected":false},"featured_media":511300,"template":"","meta":{"_acf_changed":false,"inline_featured_image":false},"product_cat":[12765,12449],"product_tag":[13088,13263,21821],"acf":[],"yoast_head":"<!-- This site is optimized with the Yoast SEO Premium plugin v18.6 (Yoast SEO v19.13) - https:\/\/yoast.com\/wordpress\/plugins\/seo\/ -->\n<title>MAGIMIX Juice Expert 3 avec Coffret Coupe L\u00e9gumes Noir<\/title>\n<meta name=\"description\" content=\"D\u00e9couvrez MAGIMIX Juice Expert 3 avec Coffret Coupe L\u00e9gumes Noir sur ErresseShop. Qualit\u00e9, prix r\u00e9duits et achat s\u00e9curis\u00e9 \u2013 commandez d\u00e8s maintenant en ligne !\" \/>\n<meta name=\"robots\" content=\"index, follow, max-snippet:-1, max-image-preview:large, max-video-preview:-1\" \/>\n<link rel=\"canonical\" href=\"https:\/\/www.erresse-shop.it\/fr\/shop\/petits-electromenagers\/centrifugeuses-extracteurs-jus\/caso-design-extracteur-juicefit-pro\/\" \/>\n<meta property=\"og:locale\" content=\"fr_FR\" \/>\n<meta property=\"og:type\" content=\"article\" \/>\n<meta property=\"og:title\" content=\"CASO DESIGN Extracteur JuiceFit Pro\" \/>\n<meta property=\"og:description\" content=\"D\u00e9couvrez MAGIMIX Juice Expert 3 avec Coffret Coupe L\u00e9gumes Noir sur ErresseShop. Qualit\u00e9, prix r\u00e9duits et achat s\u00e9curis\u00e9 \u2013 commandez d\u00e8s maintenant en ligne !\" \/>\n<meta property=\"og:url\" content=\"https:\/\/www.erresse-shop.it\/fr\/shop\/petits-electromenagers\/centrifugeuses-extracteurs-jus\/caso-design-extracteur-juicefit-pro\/\" \/>\n<meta property=\"og:site_name\" content=\"Erresse Shop\" \/>\n<meta property=\"article:modified_time\" content=\"2025-09-05T07:34:41+00:00\" \/>\n<meta property=\"og:image\" content=\"https:\/\/www.erresse-shop.it\/wp-content\/uploads\/2025\/09\/CASO-DESIGN-Estrattore-JuiceFit-Pro.jpg\" \/>\n\t<meta property=\"og:image:width\" content=\"1200\" \/>\n\t<meta property=\"og:image:height\" content=\"1200\" \/>\n\t<meta property=\"og:image:type\" content=\"image\/jpeg\" \/>\n<meta name=\"twitter:card\" content=\"summary_large_image\" \/>\n<script type=\"application\/ld+json\" class=\"yoast-schema-graph\">{\"@context\":\"https:\/\/schema.org\",\"@graph\":[{\"@type\":\"WebPage\",\"@id\":\"https:\/\/www.erresse-shop.it\/fr\/shop\/petits-electromenagers\/centrifugeuses-extracteurs-jus\/caso-design-extracteur-juicefit-pro\/\",\"url\":\"https:\/\/www.erresse-shop.it\/fr\/shop\/petits-electromenagers\/centrifugeuses-extracteurs-jus\/caso-design-extracteur-juicefit-pro\/\",\"name\":\"MAGIMIX Juice Expert 3 avec Coffret Coupe L\u00e9gumes Noir\",\"isPartOf\":{\"@id\":\"https:\/\/www.erresse-shop.it\/fr\/#website\"},\"datePublished\":\"2025-09-05T07:16:48+00:00\",\"dateModified\":\"2025-09-05T07:34:41+00:00\",\"description\":\"D\u00e9couvrez MAGIMIX Juice Expert 3 avec Coffret Coupe L\u00e9gumes Noir sur ErresseShop. Qualit\u00e9, prix r\u00e9duits et achat s\u00e9curis\u00e9 \u2013 commandez d\u00e8s maintenant en ligne !\",\"breadcrumb\":{\"@id\":\"https:\/\/www.erresse-shop.it\/fr\/shop\/petits-electromenagers\/centrifugeuses-extracteurs-jus\/caso-design-extracteur-juicefit-pro\/#breadcrumb\"},\"inLanguage\":\"fr-FR\",\"potentialAction\":[{\"@type\":\"ReadAction\",\"target\":[\"https:\/\/www.erresse-shop.it\/fr\/shop\/petits-electromenagers\/centrifugeuses-extracteurs-jus\/caso-design-extracteur-juicefit-pro\/\"]}]},{\"@type\":\"BreadcrumbList\",\"@id\":\"https:\/\/www.erresse-shop.it\/fr\/shop\/petits-electromenagers\/centrifugeuses-extracteurs-jus\/caso-design-extracteur-juicefit-pro\/#breadcrumb\",\"itemListElement\":[{\"@type\":\"ListItem\",\"position\":1,\"name\":\"Home\",\"item\":\"https:\/\/www.erresse-shop.it\/fr\/\"},{\"@type\":\"ListItem\",\"position\":2,\"name\":\"Shop\",\"item\":\"https:\/\/www.erresse-shop.it\/fr\/shop\/\"},{\"@type\":\"ListItem\",\"position\":3,\"name\":\"CASO DESIGN Extracteur JuiceFit Pro\"}]},{\"@type\":\"WebSite\",\"@id\":\"https:\/\/www.erresse-shop.it\/fr\/#website\",\"url\":\"https:\/\/www.erresse-shop.it\/fr\/\",\"name\":\"Erresse Shop\",\"description\":\"Articoli di qualit\u00e0 per la casa\",\"potentialAction\":[{\"@type\":\"SearchAction\",\"target\":{\"@type\":\"EntryPoint\",\"urlTemplate\":\"https:\/\/www.erresse-shop.it\/fr\/?s={search_term_string}\"},\"query-input\":\"required name=search_term_string\"}],\"inLanguage\":\"fr-FR\"}]}<\/script>\n<!-- \/ Yoast SEO Premium plugin. -->","yoast_head_json":{"title":"MAGIMIX Juice Expert 3 avec Coffret Coupe L\u00e9gumes Noir","description":"D\u00e9couvrez MAGIMIX Juice Expert 3 avec Coffret Coupe L\u00e9gumes Noir sur ErresseShop. Qualit\u00e9, prix r\u00e9duits et achat s\u00e9curis\u00e9 \u2013 commandez d\u00e8s maintenant en ligne !","robots":{"index":"index","follow":"follow","max-snippet":"max-snippet:-1","max-image-preview":"max-image-preview:large","max-video-preview":"max-video-preview:-1"},"canonical":"https:\/\/www.erresse-shop.it\/fr\/shop\/petits-electromenagers\/centrifugeuses-extracteurs-jus\/caso-design-extracteur-juicefit-pro\/","og_locale":"fr_FR","og_type":"article","og_title":"CASO DESIGN Extracteur JuiceFit Pro","og_description":"D\u00e9couvrez MAGIMIX Juice Expert 3 avec Coffret Coupe L\u00e9gumes Noir sur ErresseShop. Qualit\u00e9, prix r\u00e9duits et achat s\u00e9curis\u00e9 \u2013 commandez d\u00e8s maintenant en ligne !","og_url":"https:\/\/www.erresse-shop.it\/fr\/shop\/petits-electromenagers\/centrifugeuses-extracteurs-jus\/caso-design-extracteur-juicefit-pro\/","og_site_name":"Erresse Shop","article_modified_time":"2025-09-05T07:34:41+00:00","og_image":[{"width":1200,"height":1200,"url":"https:\/\/www.erresse-shop.it\/wp-content\/uploads\/2025\/09\/CASO-DESIGN-Estrattore-JuiceFit-Pro.jpg","type":"image\/jpeg"}],"twitter_card":"summary_large_image","schema":{"@context":"https:\/\/schema.org","@graph":[{"@type":"WebPage","@id":"https:\/\/www.erresse-shop.it\/fr\/shop\/petits-electromenagers\/centrifugeuses-extracteurs-jus\/caso-design-extracteur-juicefit-pro\/","url":"https:\/\/www.erresse-shop.it\/fr\/shop\/petits-electromenagers\/centrifugeuses-extracteurs-jus\/caso-design-extracteur-juicefit-pro\/","name":"MAGIMIX Juice Expert 3 avec Coffret Coupe L\u00e9gumes Noir","isPartOf":{"@id":"https:\/\/www.erresse-shop.it\/fr\/#website"},"datePublished":"2025-09-05T07:16:48+00:00","dateModified":"2025-09-05T07:34:41+00:00","description":"D\u00e9couvrez MAGIMIX Juice Expert 3 avec Coffret Coupe L\u00e9gumes Noir sur ErresseShop. Qualit\u00e9, prix r\u00e9duits et achat s\u00e9curis\u00e9 \u2013 commandez d\u00e8s maintenant en ligne !","breadcrumb":{"@id":"https:\/\/www.erresse-shop.it\/fr\/shop\/petits-electromenagers\/centrifugeuses-extracteurs-jus\/caso-design-extracteur-juicefit-pro\/#breadcrumb"},"inLanguage":"fr-FR","potentialAction":[{"@type":"ReadAction","target":["https:\/\/www.erresse-shop.it\/fr\/shop\/petits-electromenagers\/centrifugeuses-extracteurs-jus\/caso-design-extracteur-juicefit-pro\/"]}]},{"@type":"BreadcrumbList","@id":"https:\/\/www.erresse-shop.it\/fr\/shop\/petits-electromenagers\/centrifugeuses-extracteurs-jus\/caso-design-extracteur-juicefit-pro\/#breadcrumb","itemListElement":[{"@type":"ListItem","position":1,"name":"Home","item":"https:\/\/www.erresse-shop.it\/fr\/"},{"@type":"ListItem","position":2,"name":"Shop","item":"https:\/\/www.erresse-shop.it\/fr\/shop\/"},{"@type":"ListItem","position":3,"name":"CASO DESIGN Extracteur JuiceFit Pro"}]},{"@type":"WebSite","@id":"https:\/\/www.erresse-shop.it\/fr\/#website","url":"https:\/\/www.erresse-shop.it\/fr\/","name":"Erresse Shop","description":"Articoli di qualit\u00e0 per la casa","potentialAction":[{"@type":"SearchAction","target":{"@type":"EntryPoint","urlTemplate":"https:\/\/www.erresse-shop.it\/fr\/?s={search_term_string}"},"query-input":"required name=search_term_string"}],"inLanguage":"fr-FR"}]}},"df_price":199.99,"df_sale_price":199.99,"df_regular_price":199.99,"df_image_link":"https:\/\/www.erresse-shop.it\/wp-content\/uploads\/2025\/09\/CASO-DESIGN-Estrattore-JuiceFit-Pro-300x300.jpg","_links":{"self":[{"href":"https:\/\/www.erresse-shop.it\/fr\/wp-json\/wp\/v2\/product\/511271"}],"collection":[{"href":"https:\/\/www.erresse-shop.it\/fr\/wp-json\/wp\/v2\/product"}],"about":[{"href":"https:\/\/www.erresse-shop.it\/fr\/wp-json\/wp\/v2\/types\/product"}],"wp:featuredmedia":[{"embeddable":true,"href":"https:\/\/www.erresse-shop.it\/fr\/wp-json\/wp\/v2\/media\/511300"}],"wp:attachment":[{"href":"https:\/\/www.erresse-shop.it\/fr\/wp-json\/wp\/v2\/media?parent=511271"}],"wp:term":[{"taxonomy":"product_cat","embeddable":true,"href":"https:\/\/www.erresse-shop.it\/fr\/wp-json\/wp\/v2\/product_cat?post=511271"},{"taxonomy":"product_tag","embeddable":true,"href":"https:\/\/www.erresse-shop.it\/fr\/wp-json\/wp\/v2\/product_tag?post=511271"}],"curies":[{"name":"wp","href":"https:\/\/api.w.org\/{rel}","templated":true}]}}