{"id":511251,"date":"2025-09-05T06:51:08","date_gmt":"2025-09-05T06:51:08","guid":{"rendered":"https:\/\/www.erresse-shop.it\/?post_type=product&#038;p=511251"},"modified":"2025-09-05T07:11:11","modified_gmt":"2025-09-05T07:11:11","slug":"caso-design-machine-a-glacons-icechef-compact","status":"publish","type":"product","link":"https:\/\/www.erresse-shop.it\/fr\/shop\/petits-electromenagers\/caso-design-machine-a-glacons-icechef-compact\/","title":{"rendered":"CASO DESIGN Machine \u00e0 gla\u00e7ons IceChef Compact"},"content":{"rendered":"<h3>IceChef Compact &#8211; Le plaisir d&#8217;une glace parfaite, partout et \u00e0 tout moment<\/h3>\n<p><strong>Rafra\u00eechissant en toute occasion<\/strong><\/p>\n<p>L&#8217;IceChef Compact est le compagnon id\u00e9al pour les f\u00eates d&#8217;\u00e9t\u00e9, les r\u00e9unions improvis\u00e9es ou les soir\u00e9es intimes \u00e0 la maison.<\/p>\n<p>Avec cette machine \u00e0 gla\u00e7ons compacte et puissante, vous aurez toujours des gla\u00e7ons frais et cristallins \u00e0 port\u00e9e de main.<\/p>\n<p>Que vous souhaitiez rafra\u00eechir vos cocktails, vos boissons ou simplement servir une gourmandise glac\u00e9e, l&#8217;IceChef Compact est exactement ce qu&#8217;il vous faut.<\/p>\n<p><strong>Design compact et maniable<\/strong><\/p>\n<p>Gr\u00e2ce \u00e0 son design noir mat moderne, l&#8217;IceChef Compact s&#8217;int\u00e8gre parfaitement dans toutes les cuisines et terrasses.<\/p>\n<p>Avec ses dimensions de 240 x 269 x 282 mm et son poids de seulement 6,6 kg, il est facile \u00e0 transporter et pr\u00eat \u00e0 l&#8217;emploi partout. Sa poign\u00e9e pratique facilite son transport, vous permettant de ne jamais \u00eatre \u00e0 court de glace, m\u00eame en d\u00e9placement.<\/p>\n<p><strong>Production de glace rapide et efficace<\/strong><\/p>\n<p>N&#8217;attendez plus jamais\u00a0! L&#8217;IceChef Compact produit des gla\u00e7ons frais en seulement 6 \u00e0 13\u00a0minutes.<\/p>\n<p>Choisissez entre deux tailles de gla\u00e7ons et savourez jusqu&#8217;\u00e0 12\u00a0kg de gla\u00e7ons en 24\u00a0heures. Le r\u00e9servoir d&#8217;eau de 1\u00a0litre et le bac \u00e0 gla\u00e7ons amovible garantissent une manipulation ais\u00e9e et une production rapide.<\/p>\n<p><strong>Pratique et facile \u00e0 utiliser<\/strong><\/p>\n<p>L&#8217;IceChef Compact est \u00e9quip\u00e9 d&#8217;un compresseur silencieux \u00e0 seulement 43\u00a0dB, vous le remarquerez donc \u00e0 peine.<\/p>\n<p>Une fen\u00eatre de visualisation vous permet de visualiser rapidement votre r\u00e9serve de gla\u00e7ons \u00e0 tout moment. Les indicateurs de r\u00e9servoir vide et de bac \u00e0 gla\u00e7ons plein vous indiquent pr\u00e9cis\u00e9ment quand il faut le remplir.<\/p>\n<p><strong>Hygi\u00e9nique et facile \u00e0 nettoyer<\/strong><\/p>\n<p>Gr\u00e2ce \u00e0 sa fonction autonettoyante int\u00e9gr\u00e9e, l&#8217;IceChef Compact reste toujours parfaitement propre et hygi\u00e9nique. Cela permet de gagner du temps et de l&#8217;\u00e9nergie lors du nettoyage et garantit des gla\u00e7ons toujours frais et propres.<\/p>\n<p>La pelle \u00e0 glace incluse et le bac \u00e0 gla\u00e7ons amovible facilitent le dosage et le service.<\/p>\n","protected":false},"excerpt":{"rendered":"<p>IceChef Compact &#8211; Le plaisir d&#8217;une glace parfaite, partout et \u00e0 tout moment Rafra\u00eechissant en toute occasion L&#8217;IceChef Compact est<\/p>\n","protected":false},"featured_media":511263,"template":"","meta":{"_acf_changed":false,"inline_featured_image":false},"product_cat":[12449],"product_tag":[12948,24415,23368,12856],"acf":[],"yoast_head":"<!-- This site is optimized with the Yoast SEO Premium plugin v18.6 (Yoast SEO v19.13) - https:\/\/yoast.com\/wordpress\/plugins\/seo\/ -->\n<title>MAGIMIX Gelato Expert<\/title>\n<meta name=\"description\" content=\"D\u00e9couvrez MAGIMIX Gelato Expert sur ErresseShop. Qualit\u00e9, prix r\u00e9duits et achat s\u00e9curis\u00e9 \u2013 commandez d\u00e8s maintenant en ligne !\" \/>\n<meta name=\"robots\" content=\"index, follow, max-snippet:-1, max-image-preview:large, max-video-preview:-1\" \/>\n<link rel=\"canonical\" href=\"https:\/\/www.erresse-shop.it\/fr\/shop\/petits-electromenagers\/caso-design-machine-a-glacons-icechef-compact\/\" \/>\n<meta property=\"og:locale\" content=\"fr_FR\" \/>\n<meta property=\"og:type\" content=\"article\" \/>\n<meta property=\"og:title\" content=\"CASO DESIGN Machine \u00e0 gla\u00e7ons IceChef Compact\" \/>\n<meta property=\"og:description\" content=\"D\u00e9couvrez MAGIMIX Gelato Expert sur ErresseShop. Qualit\u00e9, prix r\u00e9duits et achat s\u00e9curis\u00e9 \u2013 commandez d\u00e8s maintenant en ligne !\" \/>\n<meta property=\"og:url\" content=\"https:\/\/www.erresse-shop.it\/fr\/shop\/petits-electromenagers\/caso-design-machine-a-glacons-icechef-compact\/\" \/>\n<meta property=\"og:site_name\" content=\"Erresse Shop\" \/>\n<meta property=\"article:modified_time\" content=\"2025-09-05T07:11:11+00:00\" \/>\n<meta property=\"og:image\" content=\"https:\/\/www.erresse-shop.it\/wp-content\/uploads\/2025\/09\/CASO-DESIGN-Macchina-del-Ghiaccio-IceChef-Compact.jpg\" \/>\n\t<meta property=\"og:image:width\" content=\"1200\" \/>\n\t<meta property=\"og:image:height\" content=\"1200\" \/>\n\t<meta property=\"og:image:type\" content=\"image\/jpeg\" \/>\n<meta name=\"twitter:card\" content=\"summary_large_image\" \/>\n<script type=\"application\/ld+json\" class=\"yoast-schema-graph\">{\"@context\":\"https:\/\/schema.org\",\"@graph\":[{\"@type\":\"WebPage\",\"@id\":\"https:\/\/www.erresse-shop.it\/fr\/shop\/petits-electromenagers\/caso-design-machine-a-glacons-icechef-compact\/\",\"url\":\"https:\/\/www.erresse-shop.it\/fr\/shop\/petits-electromenagers\/caso-design-machine-a-glacons-icechef-compact\/\",\"name\":\"MAGIMIX Gelato Expert\",\"isPartOf\":{\"@id\":\"https:\/\/www.erresse-shop.it\/fr\/#website\"},\"datePublished\":\"2025-09-05T06:51:08+00:00\",\"dateModified\":\"2025-09-05T07:11:11+00:00\",\"description\":\"D\u00e9couvrez MAGIMIX Gelato Expert sur ErresseShop. Qualit\u00e9, prix r\u00e9duits et achat s\u00e9curis\u00e9 \u2013 commandez d\u00e8s maintenant en ligne !\",\"breadcrumb\":{\"@id\":\"https:\/\/www.erresse-shop.it\/fr\/shop\/petits-electromenagers\/caso-design-machine-a-glacons-icechef-compact\/#breadcrumb\"},\"inLanguage\":\"fr-FR\",\"potentialAction\":[{\"@type\":\"ReadAction\",\"target\":[\"https:\/\/www.erresse-shop.it\/fr\/shop\/petits-electromenagers\/caso-design-machine-a-glacons-icechef-compact\/\"]}]},{\"@type\":\"BreadcrumbList\",\"@id\":\"https:\/\/www.erresse-shop.it\/fr\/shop\/petits-electromenagers\/caso-design-machine-a-glacons-icechef-compact\/#breadcrumb\",\"itemListElement\":[{\"@type\":\"ListItem\",\"position\":1,\"name\":\"Home\",\"item\":\"https:\/\/www.erresse-shop.it\/fr\/\"},{\"@type\":\"ListItem\",\"position\":2,\"name\":\"Shop\",\"item\":\"https:\/\/www.erresse-shop.it\/fr\/shop\/\"},{\"@type\":\"ListItem\",\"position\":3,\"name\":\"CASO DESIGN Machine \u00e0 gla\u00e7ons IceChef Compact\"}]},{\"@type\":\"WebSite\",\"@id\":\"https:\/\/www.erresse-shop.it\/fr\/#website\",\"url\":\"https:\/\/www.erresse-shop.it\/fr\/\",\"name\":\"Erresse Shop\",\"description\":\"Articoli di qualit\u00e0 per la casa\",\"potentialAction\":[{\"@type\":\"SearchAction\",\"target\":{\"@type\":\"EntryPoint\",\"urlTemplate\":\"https:\/\/www.erresse-shop.it\/fr\/?s={search_term_string}\"},\"query-input\":\"required name=search_term_string\"}],\"inLanguage\":\"fr-FR\"}]}<\/script>\n<!-- \/ Yoast SEO Premium plugin. -->","yoast_head_json":{"title":"MAGIMIX Gelato Expert","description":"D\u00e9couvrez MAGIMIX Gelato Expert sur ErresseShop. Qualit\u00e9, prix r\u00e9duits et achat s\u00e9curis\u00e9 \u2013 commandez d\u00e8s maintenant en ligne !","robots":{"index":"index","follow":"follow","max-snippet":"max-snippet:-1","max-image-preview":"max-image-preview:large","max-video-preview":"max-video-preview:-1"},"canonical":"https:\/\/www.erresse-shop.it\/fr\/shop\/petits-electromenagers\/caso-design-machine-a-glacons-icechef-compact\/","og_locale":"fr_FR","og_type":"article","og_title":"CASO DESIGN Machine \u00e0 gla\u00e7ons IceChef Compact","og_description":"D\u00e9couvrez MAGIMIX Gelato Expert sur ErresseShop. Qualit\u00e9, prix r\u00e9duits et achat s\u00e9curis\u00e9 \u2013 commandez d\u00e8s maintenant en ligne !","og_url":"https:\/\/www.erresse-shop.it\/fr\/shop\/petits-electromenagers\/caso-design-machine-a-glacons-icechef-compact\/","og_site_name":"Erresse Shop","article_modified_time":"2025-09-05T07:11:11+00:00","og_image":[{"width":1200,"height":1200,"url":"https:\/\/www.erresse-shop.it\/wp-content\/uploads\/2025\/09\/CASO-DESIGN-Macchina-del-Ghiaccio-IceChef-Compact.jpg","type":"image\/jpeg"}],"twitter_card":"summary_large_image","schema":{"@context":"https:\/\/schema.org","@graph":[{"@type":"WebPage","@id":"https:\/\/www.erresse-shop.it\/fr\/shop\/petits-electromenagers\/caso-design-machine-a-glacons-icechef-compact\/","url":"https:\/\/www.erresse-shop.it\/fr\/shop\/petits-electromenagers\/caso-design-machine-a-glacons-icechef-compact\/","name":"MAGIMIX Gelato Expert","isPartOf":{"@id":"https:\/\/www.erresse-shop.it\/fr\/#website"},"datePublished":"2025-09-05T06:51:08+00:00","dateModified":"2025-09-05T07:11:11+00:00","description":"D\u00e9couvrez MAGIMIX Gelato Expert sur ErresseShop. Qualit\u00e9, prix r\u00e9duits et achat s\u00e9curis\u00e9 \u2013 commandez d\u00e8s maintenant en ligne !","breadcrumb":{"@id":"https:\/\/www.erresse-shop.it\/fr\/shop\/petits-electromenagers\/caso-design-machine-a-glacons-icechef-compact\/#breadcrumb"},"inLanguage":"fr-FR","potentialAction":[{"@type":"ReadAction","target":["https:\/\/www.erresse-shop.it\/fr\/shop\/petits-electromenagers\/caso-design-machine-a-glacons-icechef-compact\/"]}]},{"@type":"BreadcrumbList","@id":"https:\/\/www.erresse-shop.it\/fr\/shop\/petits-electromenagers\/caso-design-machine-a-glacons-icechef-compact\/#breadcrumb","itemListElement":[{"@type":"ListItem","position":1,"name":"Home","item":"https:\/\/www.erresse-shop.it\/fr\/"},{"@type":"ListItem","position":2,"name":"Shop","item":"https:\/\/www.erresse-shop.it\/fr\/shop\/"},{"@type":"ListItem","position":3,"name":"CASO DESIGN Machine \u00e0 gla\u00e7ons IceChef Compact"}]},{"@type":"WebSite","@id":"https:\/\/www.erresse-shop.it\/fr\/#website","url":"https:\/\/www.erresse-shop.it\/fr\/","name":"Erresse Shop","description":"Articoli di qualit\u00e0 per la casa","potentialAction":[{"@type":"SearchAction","target":{"@type":"EntryPoint","urlTemplate":"https:\/\/www.erresse-shop.it\/fr\/?s={search_term_string}"},"query-input":"required name=search_term_string"}],"inLanguage":"fr-FR"}]}},"df_price":119.99,"df_sale_price":119.99,"df_regular_price":119.99,"df_image_link":"https:\/\/www.erresse-shop.it\/wp-content\/uploads\/2025\/09\/CASO-DESIGN-Macchina-del-Ghiaccio-IceChef-Compact-300x300.jpg","_links":{"self":[{"href":"https:\/\/www.erresse-shop.it\/fr\/wp-json\/wp\/v2\/product\/511251"}],"collection":[{"href":"https:\/\/www.erresse-shop.it\/fr\/wp-json\/wp\/v2\/product"}],"about":[{"href":"https:\/\/www.erresse-shop.it\/fr\/wp-json\/wp\/v2\/types\/product"}],"wp:featuredmedia":[{"embeddable":true,"href":"https:\/\/www.erresse-shop.it\/fr\/wp-json\/wp\/v2\/media\/511263"}],"wp:attachment":[{"href":"https:\/\/www.erresse-shop.it\/fr\/wp-json\/wp\/v2\/media?parent=511251"}],"wp:term":[{"taxonomy":"product_cat","embeddable":true,"href":"https:\/\/www.erresse-shop.it\/fr\/wp-json\/wp\/v2\/product_cat?post=511251"},{"taxonomy":"product_tag","embeddable":true,"href":"https:\/\/www.erresse-shop.it\/fr\/wp-json\/wp\/v2\/product_tag?post=511251"}],"curies":[{"name":"wp","href":"https:\/\/api.w.org\/{rel}","templated":true}]}}