{"id":511231,"date":"2025-09-05T06:22:52","date_gmt":"2025-09-05T06:22:52","guid":{"rendered":"https:\/\/www.erresse-shop.it\/?post_type=product&#038;p=511231"},"modified":"2025-09-05T06:45:59","modified_gmt":"2025-09-05T06:45:59","slug":"caso-design-micro-ondes-mcg-30-ceramic-chef","status":"publish","type":"product","link":"https:\/\/www.erresse-shop.it\/fr\/shop\/petits-electromenagers\/fours\/caso-design-micro-ondes-mcg-30-ceramic-chef\/","title":{"rendered":"CASO DESIGN Micro-ondes MCG 30 Ceramic Chef"},"content":{"rendered":"<p>Un appareil polyvalent\u00a0: le micro-ondes design MCG 30 Ceramic Chef<\/p>\n<p>Ce micro-ondes sophistiqu\u00e9 combine les fonctions micro-ondes, convection et gril en un seul appareil pour r\u00e9pondre \u00e0 tous vos besoins culinaires.<\/p>\n<p>Que vous souhaitiez pr\u00e9parer un d\u00e9jeuner rapide, griller un steak succulent ou cuire un d\u00e9licieux rago\u00fbt, le MCG 30 Ceramic Chef est parfait.<\/p>\n<p>Gr\u00e2ce \u00e0 sa finition de haute qualit\u00e9 et \u00e0 son design \u00e9l\u00e9gant, cet appareil s&#8217;int\u00e8gre parfaitement \u00e0 toute cuisine moderne.<\/p>\n<p>Innovant gr\u00e2ce \u00e0 son r\u00e9flecteur micro-ondes<\/p>\n<p>Le MCG 30 Ceramic Chef se distingue par sa base plate en verre borosilicate avec r\u00e9flecteur micro-ondes, qui assure une r\u00e9partition uniforme des micro-ondes.<\/p>\n<p>Les aliments sont ainsi chauff\u00e9s uniform\u00e9ment et de mani\u00e8re optimale, sans plateau tournant. La surface utile est ainsi optimis\u00e9e, permettant d&#8217;utiliser facilement m\u00eame les grands plats de cuisson anguleux.<\/p>\n<p>La surface lisse de la base facilite \u00e9galement le nettoyage.<\/p>\n<p>Micro-ondes, Convection et Gril<\/p>\n<p>Avec une puissance de 900 watts pour le micro-ondes, 1100 watts pour le gril et 2100 watts pour le four \u00e0 convection, le four MCG 30 Ceramic Chef offre une polyvalence incroyable.<\/p>\n<p>Les dix r\u00e9glages de convection, allant de 110 \u00e0 200 \u00b0C, permettent une cuisson et un r\u00f4tissage pr\u00e9cis, tandis que les cinq niveaux de puissance du micro-ondes assurent un chauffage rapide et efficace.<\/p>\n<p>La fonction de pr\u00e9chauffage assure une pr\u00e9paration encore plus pr\u00e9cise des plats.<\/p>\n<p>R\u00e9sultats de cuisson parfaits<\/p>\n<p>Gr\u00e2ce \u00e0 la fonction de convection arri\u00e8re, le MCG 30 Ceramic Chef obtient toujours des r\u00e9sultats de cuisson parfaits.<\/p>\n<p>Le socle permet de cuire et de d\u00e9congeler simultan\u00e9ment sur deux niveaux, ce qui est particuli\u00e8rement pratique pour les grandes pr\u00e9parations.<\/p>\n<p>Qu&#8217;il s&#8217;agisse d&#8217;une pizza croustillante, d&#8217;un g\u00e2teau fondant ou d&#8217;un r\u00f4ti de f\u00eate, cet appareil rel\u00e8ve tous les d\u00e9fis.<\/p>\n<p>Programmes de cuisson automatiques<\/p>\n<p>Les neuf programmes de cuisson automatiques simplifient la pr\u00e9paration de vos plats avec le MCG 30 Ceramic Chef.<\/p>\n<p>Que vous souhaitiez cuire des l\u00e9gumes \u00e0 la vapeur, griller de la viande ou cuire du pain, les programmes pr\u00e9r\u00e9gl\u00e9s vous simplifient la vie et garantissent des r\u00e9sultats optimaux.<\/p>\n<p>De plus, quatre programmes combin\u00e9s micro-ondes et chaleur tournante, ainsi que deux programmes combin\u00e9s micro-ondes et gril, vous permettent de profiter pleinement de la polyvalence de l&#8217;appareil.<\/p>\n<p>Facilit\u00e9 d&#8217;utilisation et design<\/p>\n<p>Le MCG 30 Ceramic Chef est non seulement puissant, mais aussi extr\u00eamement simple d&#8217;utilisation. Son int\u00e9rieur en acier inoxydable d&#8217;une capacit\u00e9 d&#8217;environ 30 litres offre un espace g\u00e9n\u00e9reux pour toutes vos cr\u00e9ations et est parfaitement \u00e9clair\u00e9 par l&#8217;\u00e9clairage int\u00e9rieur.<\/p>\n<p>L&#8217;\u00e9cran num\u00e9rique et la minuterie de 95 minutes avec signal sonore de fin de cuisson garantissent une utilisation facile, tandis que la fonction marche\/arr\u00eat du son est r\u00e9glable individuellement.<\/p>\n<p>Dimensions\u00a0: 50 x 54 x 31 cm<br \/>\nPoids\u00a0: 18,6 kg<br \/>\nPuissance (watts)\u00a0: 900<br \/>\nTension\u00a0: 230-240 V~, 50 Hz<br \/>\nType de prise\u00a0: Schuko<br \/>\nLongueur du c\u00e2ble\u00a0: 100 cm<\/p>\n","protected":false},"excerpt":{"rendered":"<p>Un appareil polyvalent\u00a0: le micro-ondes design MCG 30 Ceramic Chef Ce micro-ondes sophistiqu\u00e9 combine les fonctions micro-ondes, convection et gril<\/p>\n","protected":false},"featured_media":511243,"template":"","meta":{"_acf_changed":false,"inline_featured_image":false},"product_cat":[15660,12449],"product_tag":[12948,24415,17107,13269,12856,21083],"acf":[],"yoast_head":"<!-- This site is optimized with the Yoast SEO Premium plugin v18.6 (Yoast SEO v19.13) - https:\/\/yoast.com\/wordpress\/plugins\/seo\/ -->\n<title>MAGIMIX Gelato Expert<\/title>\n<meta name=\"description\" content=\"D\u00e9couvrez MAGIMIX Gelato Expert sur ErresseShop. Qualit\u00e9, prix r\u00e9duits et achat s\u00e9curis\u00e9 \u2013 commandez d\u00e8s maintenant en ligne !\" \/>\n<meta name=\"robots\" content=\"index, follow, max-snippet:-1, max-image-preview:large, max-video-preview:-1\" \/>\n<link rel=\"canonical\" href=\"https:\/\/www.erresse-shop.it\/fr\/shop\/petits-electromenagers\/fours\/caso-design-micro-ondes-mcg-30-ceramic-chef\/\" \/>\n<meta property=\"og:locale\" content=\"fr_FR\" \/>\n<meta property=\"og:type\" content=\"article\" \/>\n<meta property=\"og:title\" content=\"CASO DESIGN Micro-ondes MCG 30 Ceramic Chef\" \/>\n<meta property=\"og:description\" content=\"D\u00e9couvrez MAGIMIX Gelato Expert sur ErresseShop. Qualit\u00e9, prix r\u00e9duits et achat s\u00e9curis\u00e9 \u2013 commandez d\u00e8s maintenant en ligne !\" \/>\n<meta property=\"og:url\" content=\"https:\/\/www.erresse-shop.it\/fr\/shop\/petits-electromenagers\/fours\/caso-design-micro-ondes-mcg-30-ceramic-chef\/\" \/>\n<meta property=\"og:site_name\" content=\"Erresse Shop\" \/>\n<meta property=\"article:modified_time\" content=\"2025-09-05T06:45:59+00:00\" \/>\n<meta property=\"og:image\" content=\"https:\/\/www.erresse-shop.it\/wp-content\/uploads\/2025\/09\/CASO-DESIGN-Microonde-MCG-30-Ceramic-Chef.jpg\" \/>\n\t<meta property=\"og:image:width\" content=\"1200\" \/>\n\t<meta property=\"og:image:height\" content=\"1200\" \/>\n\t<meta property=\"og:image:type\" content=\"image\/jpeg\" \/>\n<meta name=\"twitter:card\" content=\"summary_large_image\" \/>\n<script type=\"application\/ld+json\" class=\"yoast-schema-graph\">{\"@context\":\"https:\/\/schema.org\",\"@graph\":[{\"@type\":\"WebPage\",\"@id\":\"https:\/\/www.erresse-shop.it\/fr\/shop\/petits-electromenagers\/fours\/caso-design-micro-ondes-mcg-30-ceramic-chef\/\",\"url\":\"https:\/\/www.erresse-shop.it\/fr\/shop\/petits-electromenagers\/fours\/caso-design-micro-ondes-mcg-30-ceramic-chef\/\",\"name\":\"MAGIMIX Gelato Expert\",\"isPartOf\":{\"@id\":\"https:\/\/www.erresse-shop.it\/fr\/#website\"},\"datePublished\":\"2025-09-05T06:22:52+00:00\",\"dateModified\":\"2025-09-05T06:45:59+00:00\",\"description\":\"D\u00e9couvrez MAGIMIX Gelato Expert sur ErresseShop. Qualit\u00e9, prix r\u00e9duits et achat s\u00e9curis\u00e9 \u2013 commandez d\u00e8s maintenant en ligne !\",\"breadcrumb\":{\"@id\":\"https:\/\/www.erresse-shop.it\/fr\/shop\/petits-electromenagers\/fours\/caso-design-micro-ondes-mcg-30-ceramic-chef\/#breadcrumb\"},\"inLanguage\":\"fr-FR\",\"potentialAction\":[{\"@type\":\"ReadAction\",\"target\":[\"https:\/\/www.erresse-shop.it\/fr\/shop\/petits-electromenagers\/fours\/caso-design-micro-ondes-mcg-30-ceramic-chef\/\"]}]},{\"@type\":\"BreadcrumbList\",\"@id\":\"https:\/\/www.erresse-shop.it\/fr\/shop\/petits-electromenagers\/fours\/caso-design-micro-ondes-mcg-30-ceramic-chef\/#breadcrumb\",\"itemListElement\":[{\"@type\":\"ListItem\",\"position\":1,\"name\":\"Home\",\"item\":\"https:\/\/www.erresse-shop.it\/fr\/\"},{\"@type\":\"ListItem\",\"position\":2,\"name\":\"Shop\",\"item\":\"https:\/\/www.erresse-shop.it\/fr\/shop\/\"},{\"@type\":\"ListItem\",\"position\":3,\"name\":\"CASO DESIGN Micro-ondes MCG 30 Ceramic Chef\"}]},{\"@type\":\"WebSite\",\"@id\":\"https:\/\/www.erresse-shop.it\/fr\/#website\",\"url\":\"https:\/\/www.erresse-shop.it\/fr\/\",\"name\":\"Erresse Shop\",\"description\":\"Articoli di qualit\u00e0 per la casa\",\"potentialAction\":[{\"@type\":\"SearchAction\",\"target\":{\"@type\":\"EntryPoint\",\"urlTemplate\":\"https:\/\/www.erresse-shop.it\/fr\/?s={search_term_string}\"},\"query-input\":\"required name=search_term_string\"}],\"inLanguage\":\"fr-FR\"}]}<\/script>\n<!-- \/ Yoast SEO Premium plugin. -->","yoast_head_json":{"title":"MAGIMIX Gelato Expert","description":"D\u00e9couvrez MAGIMIX Gelato Expert sur ErresseShop. Qualit\u00e9, prix r\u00e9duits et achat s\u00e9curis\u00e9 \u2013 commandez d\u00e8s maintenant en ligne !","robots":{"index":"index","follow":"follow","max-snippet":"max-snippet:-1","max-image-preview":"max-image-preview:large","max-video-preview":"max-video-preview:-1"},"canonical":"https:\/\/www.erresse-shop.it\/fr\/shop\/petits-electromenagers\/fours\/caso-design-micro-ondes-mcg-30-ceramic-chef\/","og_locale":"fr_FR","og_type":"article","og_title":"CASO DESIGN Micro-ondes MCG 30 Ceramic Chef","og_description":"D\u00e9couvrez MAGIMIX Gelato Expert sur ErresseShop. Qualit\u00e9, prix r\u00e9duits et achat s\u00e9curis\u00e9 \u2013 commandez d\u00e8s maintenant en ligne !","og_url":"https:\/\/www.erresse-shop.it\/fr\/shop\/petits-electromenagers\/fours\/caso-design-micro-ondes-mcg-30-ceramic-chef\/","og_site_name":"Erresse Shop","article_modified_time":"2025-09-05T06:45:59+00:00","og_image":[{"width":1200,"height":1200,"url":"https:\/\/www.erresse-shop.it\/wp-content\/uploads\/2025\/09\/CASO-DESIGN-Microonde-MCG-30-Ceramic-Chef.jpg","type":"image\/jpeg"}],"twitter_card":"summary_large_image","schema":{"@context":"https:\/\/schema.org","@graph":[{"@type":"WebPage","@id":"https:\/\/www.erresse-shop.it\/fr\/shop\/petits-electromenagers\/fours\/caso-design-micro-ondes-mcg-30-ceramic-chef\/","url":"https:\/\/www.erresse-shop.it\/fr\/shop\/petits-electromenagers\/fours\/caso-design-micro-ondes-mcg-30-ceramic-chef\/","name":"MAGIMIX Gelato Expert","isPartOf":{"@id":"https:\/\/www.erresse-shop.it\/fr\/#website"},"datePublished":"2025-09-05T06:22:52+00:00","dateModified":"2025-09-05T06:45:59+00:00","description":"D\u00e9couvrez MAGIMIX Gelato Expert sur ErresseShop. Qualit\u00e9, prix r\u00e9duits et achat s\u00e9curis\u00e9 \u2013 commandez d\u00e8s maintenant en ligne !","breadcrumb":{"@id":"https:\/\/www.erresse-shop.it\/fr\/shop\/petits-electromenagers\/fours\/caso-design-micro-ondes-mcg-30-ceramic-chef\/#breadcrumb"},"inLanguage":"fr-FR","potentialAction":[{"@type":"ReadAction","target":["https:\/\/www.erresse-shop.it\/fr\/shop\/petits-electromenagers\/fours\/caso-design-micro-ondes-mcg-30-ceramic-chef\/"]}]},{"@type":"BreadcrumbList","@id":"https:\/\/www.erresse-shop.it\/fr\/shop\/petits-electromenagers\/fours\/caso-design-micro-ondes-mcg-30-ceramic-chef\/#breadcrumb","itemListElement":[{"@type":"ListItem","position":1,"name":"Home","item":"https:\/\/www.erresse-shop.it\/fr\/"},{"@type":"ListItem","position":2,"name":"Shop","item":"https:\/\/www.erresse-shop.it\/fr\/shop\/"},{"@type":"ListItem","position":3,"name":"CASO DESIGN Micro-ondes MCG 30 Ceramic Chef"}]},{"@type":"WebSite","@id":"https:\/\/www.erresse-shop.it\/fr\/#website","url":"https:\/\/www.erresse-shop.it\/fr\/","name":"Erresse Shop","description":"Articoli di qualit\u00e0 per la casa","potentialAction":[{"@type":"SearchAction","target":{"@type":"EntryPoint","urlTemplate":"https:\/\/www.erresse-shop.it\/fr\/?s={search_term_string}"},"query-input":"required name=search_term_string"}],"inLanguage":"fr-FR"}]}},"df_price":259.99,"df_sale_price":259.99,"df_regular_price":259.99,"df_image_link":"https:\/\/www.erresse-shop.it\/wp-content\/uploads\/2025\/09\/CASO-DESIGN-Microonde-MCG-30-Ceramic-Chef-300x300.jpg","_links":{"self":[{"href":"https:\/\/www.erresse-shop.it\/fr\/wp-json\/wp\/v2\/product\/511231"}],"collection":[{"href":"https:\/\/www.erresse-shop.it\/fr\/wp-json\/wp\/v2\/product"}],"about":[{"href":"https:\/\/www.erresse-shop.it\/fr\/wp-json\/wp\/v2\/types\/product"}],"wp:featuredmedia":[{"embeddable":true,"href":"https:\/\/www.erresse-shop.it\/fr\/wp-json\/wp\/v2\/media\/511243"}],"wp:attachment":[{"href":"https:\/\/www.erresse-shop.it\/fr\/wp-json\/wp\/v2\/media?parent=511231"}],"wp:term":[{"taxonomy":"product_cat","embeddable":true,"href":"https:\/\/www.erresse-shop.it\/fr\/wp-json\/wp\/v2\/product_cat?post=511231"},{"taxonomy":"product_tag","embeddable":true,"href":"https:\/\/www.erresse-shop.it\/fr\/wp-json\/wp\/v2\/product_tag?post=511231"}],"curies":[{"name":"wp","href":"https:\/\/api.w.org\/{rel}","templated":true}]}}