{"id":511187,"date":"2025-09-04T13:29:10","date_gmt":"2025-09-04T13:29:13","guid":{"rendered":"https:\/\/www.erresse-shop.it\/?post_type=product&#038;p=511187"},"modified":"2025-09-04T13:46:43","modified_gmt":"2025-09-04T13:46:43","slug":"caso-design-micro-ondes-mg-25-ecostyle-ceramic","status":"publish","type":"product","link":"https:\/\/www.erresse-shop.it\/fr\/shop\/petits-electromenagers\/fours\/caso-design-micro-ondes-mg-25-ecostyle-ceramic\/","title":{"rendered":"CASO DESIGN Micro-ondes MG 25 Ecostyle Ceramic"},"content":{"rendered":"<p><strong>Vainqueur du test\u00a0: CASO Design MG 25 Ecostyle Ceramic. Performances exceptionnelles avec micro-ondes et gril<\/strong><\/p>\n<p>Le four \u00e0 micro-ondes Caso MG 25 Ecostyle Ceramic a remport\u00e9 le test.<\/p>\n<p>Dans le c\u00e9l\u00e8bre test \u00ab\u00a0Haus &#038; Garten\u00a0\u00bb de mai 2022, cet appareil combin\u00e9 a obtenu la note exceptionnelle de 1,3, confirmant ses excellentes performances et sa haute qualit\u00e9.<\/p>\n<p>Gr\u00e2ce \u00e0 sa technologie innovante et \u00e0 son design \u00e9l\u00e9gant, le MG 25 Ecostyle Ceramic est le compl\u00e9ment id\u00e9al de toute cuisine moderne.<\/p>\n<p><strong>Design innovant pour des r\u00e9sultats optimaux<\/strong><\/p>\n<p>La particularit\u00e9 du MG 25 Ecostyle Ceramic r\u00e9side dans sa base en verre borosilicate de haute qualit\u00e9 et r\u00e9sistante \u00e0 la chaleur, qui assure une r\u00e9partition uniforme des micro-ondes. Ainsi, les aliments sont chauff\u00e9s de mani\u00e8re optimale sans plateau tournant. La surface utile est ainsi nettement plus grande, id\u00e9ale pour les grands plats \u00e0 gratin carr\u00e9s. La conception en verre lisse facilite \u00e9galement le nettoyage et garantit une hygi\u00e8ne constante du compartiment de cuisson.<\/p>\n<p><strong>Un espace de cuisson puissant pour des applications polyvalentes<\/strong><\/p>\n<p>Avec une capacit\u00e9 de cuisson d&#8217;environ 25 litres, le MG 25 Ecostyle Ceramic offre suffisamment d&#8217;espace pour pr\u00e9parer une grande vari\u00e9t\u00e9 de plats.<\/p>\n<p>Le micro-ondes est \u00e9quip\u00e9 d&#8217;un four puissant de 900 watts, tandis que le gril \u00e0 quartz int\u00e9gr\u00e9 de 1000 watts assure un brunissage uniforme sans pr\u00e9chauffage.<\/p>\n<p>Gr\u00e2ce \u00e0 une technologie innovante, vous pouvez cuisiner sur deux niveaux simultan\u00e9ment, ce qui est particuli\u00e8rement pratique pour les repas copieux.<\/p>\n<p><strong>Commandes intuitives et programmes polyvalents<\/strong><\/p>\n<p>Le bouton de commande intuitif simplifie consid\u00e9rablement l&#8217;utilisation du MG 25 Ecostyle Ceramic.<\/p>\n<p>Avec cinq r\u00e9glages micro-ondes diff\u00e9rents, trois programmes combin\u00e9s (micro-ondes + gril) et un programme gril seul, vous \u00eates parfaitement \u00e9quip\u00e9 pour relever tous les d\u00e9fis culinaires.<\/p>\n<p>La minuterie pr\u00e9cise de 30 minutes avec signal de fin de cuisson garantit des r\u00e9sultats de cuisson parfaits et \u00e9limine les approximations.<\/p>\n<p>Dimensions\u00a0: 42 x 50 x 29<br \/>\nPoids\u00a0: 13,9 kg<br \/>\nGril (watts)\u00a0: 1000<br \/>\nMicro-ondes (watts)\u00a0: 900<br \/>\nTension\u00a0: 230\u00a0V~, 50\u00a0Hz, 230-240\u00a0V~, 50\u00a0Hz<\/p>\n","protected":false},"excerpt":{"rendered":"<p>Vainqueur du test\u00a0: CASO Design MG 25 Ecostyle Ceramic. Performances exceptionnelles avec micro-ondes et gril Le four \u00e0 micro-ondes Caso<\/p>\n","protected":false},"featured_media":511193,"template":"","meta":{"_acf_changed":false,"inline_featured_image":false},"product_cat":[15660,12449],"product_tag":[12948,24415,17107,13269,12856,21083],"acf":[],"yoast_head":"<!-- This site is optimized with the Yoast SEO Premium plugin v18.6 (Yoast SEO v19.13) - https:\/\/yoast.com\/wordpress\/plugins\/seo\/ -->\n<title>MAGIMIX Gelato Expert<\/title>\n<meta name=\"description\" content=\"D\u00e9couvrez MAGIMIX Gelato Expert sur ErresseShop. Qualit\u00e9, prix r\u00e9duits et achat s\u00e9curis\u00e9 \u2013 commandez d\u00e8s maintenant en ligne !\" \/>\n<meta name=\"robots\" content=\"index, follow, max-snippet:-1, max-image-preview:large, max-video-preview:-1\" \/>\n<link rel=\"canonical\" href=\"https:\/\/www.erresse-shop.it\/fr\/shop\/petits-electromenagers\/fours\/caso-design-micro-ondes-mg-25-ecostyle-ceramic\/\" \/>\n<meta property=\"og:locale\" content=\"fr_FR\" \/>\n<meta property=\"og:type\" content=\"article\" \/>\n<meta property=\"og:title\" content=\"CASO DESIGN Micro-ondes MG 25 Ecostyle Ceramic\" \/>\n<meta property=\"og:description\" content=\"D\u00e9couvrez MAGIMIX Gelato Expert sur ErresseShop. Qualit\u00e9, prix r\u00e9duits et achat s\u00e9curis\u00e9 \u2013 commandez d\u00e8s maintenant en ligne !\" \/>\n<meta property=\"og:url\" content=\"https:\/\/www.erresse-shop.it\/fr\/shop\/petits-electromenagers\/fours\/caso-design-micro-ondes-mg-25-ecostyle-ceramic\/\" \/>\n<meta property=\"og:site_name\" content=\"Erresse Shop\" \/>\n<meta property=\"article:modified_time\" content=\"2025-09-04T13:46:43+00:00\" \/>\n<meta property=\"og:image\" content=\"https:\/\/www.erresse-shop.it\/wp-content\/uploads\/2025\/09\/CASO-DESIGN-Microonde-MG-25-Ecostyle-Ceramic.jpg\" \/>\n\t<meta property=\"og:image:width\" content=\"1200\" \/>\n\t<meta property=\"og:image:height\" content=\"1200\" \/>\n\t<meta property=\"og:image:type\" content=\"image\/jpeg\" \/>\n<meta name=\"twitter:card\" content=\"summary_large_image\" \/>\n<script type=\"application\/ld+json\" class=\"yoast-schema-graph\">{\"@context\":\"https:\/\/schema.org\",\"@graph\":[{\"@type\":\"WebPage\",\"@id\":\"https:\/\/www.erresse-shop.it\/fr\/shop\/petits-electromenagers\/fours\/caso-design-micro-ondes-mg-25-ecostyle-ceramic\/\",\"url\":\"https:\/\/www.erresse-shop.it\/fr\/shop\/petits-electromenagers\/fours\/caso-design-micro-ondes-mg-25-ecostyle-ceramic\/\",\"name\":\"MAGIMIX Gelato Expert\",\"isPartOf\":{\"@id\":\"https:\/\/www.erresse-shop.it\/fr\/#website\"},\"datePublished\":\"2025-09-04T13:29:13+00:00\",\"dateModified\":\"2025-09-04T13:46:43+00:00\",\"description\":\"D\u00e9couvrez MAGIMIX Gelato Expert sur ErresseShop. Qualit\u00e9, prix r\u00e9duits et achat s\u00e9curis\u00e9 \u2013 commandez d\u00e8s maintenant en ligne !\",\"breadcrumb\":{\"@id\":\"https:\/\/www.erresse-shop.it\/fr\/shop\/petits-electromenagers\/fours\/caso-design-micro-ondes-mg-25-ecostyle-ceramic\/#breadcrumb\"},\"inLanguage\":\"fr-FR\",\"potentialAction\":[{\"@type\":\"ReadAction\",\"target\":[\"https:\/\/www.erresse-shop.it\/fr\/shop\/petits-electromenagers\/fours\/caso-design-micro-ondes-mg-25-ecostyle-ceramic\/\"]}]},{\"@type\":\"BreadcrumbList\",\"@id\":\"https:\/\/www.erresse-shop.it\/fr\/shop\/petits-electromenagers\/fours\/caso-design-micro-ondes-mg-25-ecostyle-ceramic\/#breadcrumb\",\"itemListElement\":[{\"@type\":\"ListItem\",\"position\":1,\"name\":\"Home\",\"item\":\"https:\/\/www.erresse-shop.it\/fr\/\"},{\"@type\":\"ListItem\",\"position\":2,\"name\":\"Shop\",\"item\":\"https:\/\/www.erresse-shop.it\/fr\/shop\/\"},{\"@type\":\"ListItem\",\"position\":3,\"name\":\"CASO DESIGN Micro-ondes MG 25 Ecostyle Ceramic\"}]},{\"@type\":\"WebSite\",\"@id\":\"https:\/\/www.erresse-shop.it\/fr\/#website\",\"url\":\"https:\/\/www.erresse-shop.it\/fr\/\",\"name\":\"Erresse Shop\",\"description\":\"Articoli di qualit\u00e0 per la casa\",\"potentialAction\":[{\"@type\":\"SearchAction\",\"target\":{\"@type\":\"EntryPoint\",\"urlTemplate\":\"https:\/\/www.erresse-shop.it\/fr\/?s={search_term_string}\"},\"query-input\":\"required name=search_term_string\"}],\"inLanguage\":\"fr-FR\"}]}<\/script>\n<!-- \/ Yoast SEO Premium plugin. -->","yoast_head_json":{"title":"MAGIMIX Gelato Expert","description":"D\u00e9couvrez MAGIMIX Gelato Expert sur ErresseShop. Qualit\u00e9, prix r\u00e9duits et achat s\u00e9curis\u00e9 \u2013 commandez d\u00e8s maintenant en ligne !","robots":{"index":"index","follow":"follow","max-snippet":"max-snippet:-1","max-image-preview":"max-image-preview:large","max-video-preview":"max-video-preview:-1"},"canonical":"https:\/\/www.erresse-shop.it\/fr\/shop\/petits-electromenagers\/fours\/caso-design-micro-ondes-mg-25-ecostyle-ceramic\/","og_locale":"fr_FR","og_type":"article","og_title":"CASO DESIGN Micro-ondes MG 25 Ecostyle Ceramic","og_description":"D\u00e9couvrez MAGIMIX Gelato Expert sur ErresseShop. Qualit\u00e9, prix r\u00e9duits et achat s\u00e9curis\u00e9 \u2013 commandez d\u00e8s maintenant en ligne !","og_url":"https:\/\/www.erresse-shop.it\/fr\/shop\/petits-electromenagers\/fours\/caso-design-micro-ondes-mg-25-ecostyle-ceramic\/","og_site_name":"Erresse Shop","article_modified_time":"2025-09-04T13:46:43+00:00","og_image":[{"width":1200,"height":1200,"url":"https:\/\/www.erresse-shop.it\/wp-content\/uploads\/2025\/09\/CASO-DESIGN-Microonde-MG-25-Ecostyle-Ceramic.jpg","type":"image\/jpeg"}],"twitter_card":"summary_large_image","schema":{"@context":"https:\/\/schema.org","@graph":[{"@type":"WebPage","@id":"https:\/\/www.erresse-shop.it\/fr\/shop\/petits-electromenagers\/fours\/caso-design-micro-ondes-mg-25-ecostyle-ceramic\/","url":"https:\/\/www.erresse-shop.it\/fr\/shop\/petits-electromenagers\/fours\/caso-design-micro-ondes-mg-25-ecostyle-ceramic\/","name":"MAGIMIX Gelato Expert","isPartOf":{"@id":"https:\/\/www.erresse-shop.it\/fr\/#website"},"datePublished":"2025-09-04T13:29:13+00:00","dateModified":"2025-09-04T13:46:43+00:00","description":"D\u00e9couvrez MAGIMIX Gelato Expert sur ErresseShop. Qualit\u00e9, prix r\u00e9duits et achat s\u00e9curis\u00e9 \u2013 commandez d\u00e8s maintenant en ligne !","breadcrumb":{"@id":"https:\/\/www.erresse-shop.it\/fr\/shop\/petits-electromenagers\/fours\/caso-design-micro-ondes-mg-25-ecostyle-ceramic\/#breadcrumb"},"inLanguage":"fr-FR","potentialAction":[{"@type":"ReadAction","target":["https:\/\/www.erresse-shop.it\/fr\/shop\/petits-electromenagers\/fours\/caso-design-micro-ondes-mg-25-ecostyle-ceramic\/"]}]},{"@type":"BreadcrumbList","@id":"https:\/\/www.erresse-shop.it\/fr\/shop\/petits-electromenagers\/fours\/caso-design-micro-ondes-mg-25-ecostyle-ceramic\/#breadcrumb","itemListElement":[{"@type":"ListItem","position":1,"name":"Home","item":"https:\/\/www.erresse-shop.it\/fr\/"},{"@type":"ListItem","position":2,"name":"Shop","item":"https:\/\/www.erresse-shop.it\/fr\/shop\/"},{"@type":"ListItem","position":3,"name":"CASO DESIGN Micro-ondes MG 25 Ecostyle Ceramic"}]},{"@type":"WebSite","@id":"https:\/\/www.erresse-shop.it\/fr\/#website","url":"https:\/\/www.erresse-shop.it\/fr\/","name":"Erresse Shop","description":"Articoli di qualit\u00e0 per la casa","potentialAction":[{"@type":"SearchAction","target":{"@type":"EntryPoint","urlTemplate":"https:\/\/www.erresse-shop.it\/fr\/?s={search_term_string}"},"query-input":"required name=search_term_string"}],"inLanguage":"fr-FR"}]}},"df_price":169.99,"df_sale_price":169.99,"df_regular_price":169.99,"df_image_link":"https:\/\/www.erresse-shop.it\/wp-content\/uploads\/2025\/09\/CASO-DESIGN-Microonde-MG-25-Ecostyle-Ceramic-300x300.jpg","_links":{"self":[{"href":"https:\/\/www.erresse-shop.it\/fr\/wp-json\/wp\/v2\/product\/511187"}],"collection":[{"href":"https:\/\/www.erresse-shop.it\/fr\/wp-json\/wp\/v2\/product"}],"about":[{"href":"https:\/\/www.erresse-shop.it\/fr\/wp-json\/wp\/v2\/types\/product"}],"wp:featuredmedia":[{"embeddable":true,"href":"https:\/\/www.erresse-shop.it\/fr\/wp-json\/wp\/v2\/media\/511193"}],"wp:attachment":[{"href":"https:\/\/www.erresse-shop.it\/fr\/wp-json\/wp\/v2\/media?parent=511187"}],"wp:term":[{"taxonomy":"product_cat","embeddable":true,"href":"https:\/\/www.erresse-shop.it\/fr\/wp-json\/wp\/v2\/product_cat?post=511187"},{"taxonomy":"product_tag","embeddable":true,"href":"https:\/\/www.erresse-shop.it\/fr\/wp-json\/wp\/v2\/product_tag?post=511187"}],"curies":[{"name":"wp","href":"https:\/\/api.w.org\/{rel}","templated":true}]}}