{"id":511160,"date":"2025-09-04T12:16:37","date_gmt":"2025-09-04T12:16:37","guid":{"rendered":"https:\/\/www.erresse-shop.it\/?post_type=product&#038;p=511160"},"modified":"2025-09-04T12:36:03","modified_gmt":"2025-09-04T12:36:03","slug":"caso-design-micro-ondes-mg-20-ecostyle-ceramic","status":"publish","type":"product","link":"https:\/\/www.erresse-shop.it\/fr\/shop\/petits-electromenagers\/fours\/caso-design-micro-ondes-mg-20-ecostyle-ceramic\/","title":{"rendered":"CASO DESIGN Micro-ondes MG 20 Ecostyle Ceramic"},"content":{"rendered":"<p>CASO Design MG 20 Ecostyle Ceramic\u00a0: la combinaison parfaite entre micro-ondes et gril<\/p>\n<p>Le MG 20 Ecostyle Ceramic est la solution id\u00e9ale pour ceux qui privil\u00e9gient l&#8217;efficacit\u00e9 et la polyvalence en cuisine.<\/p>\n<p>Gr\u00e2ce \u00e0 sa base innovante avec r\u00e9flecteur micro-ondes, il assure une chaleur optimale et une r\u00e9partition homog\u00e8ne des ondes.<\/p>\n<p>Cela garantit non seulement des r\u00e9sultats de cuisson parfaits, mais aussi un gain de temps et d&#8217;\u00e9nergie.<\/p>\n<p>Le verre borosilicate de haute qualit\u00e9, r\u00e9sistant \u00e0 la chaleur, garantit des performances exceptionnelles et r\u00e9siste facilement aux exigences quotidiennes de la cuisine.<\/p>\n<p>Espace utilisable maximal sans plateau tournant<\/p>\n<p>L&#8217;absence de plateau tournant est une caract\u00e9ristique unique de ce micro-ondes.<\/p>\n<p>Cela cr\u00e9e une surface utilisable nettement plus grande, id\u00e9ale pour les grands plats de cuisson carr\u00e9s.<\/p>\n<p>La base plate offre plus d&#8217;espace et de flexibilit\u00e9 pendant la cuisson et le r\u00e9chauffage, vous permettant de pr\u00e9parer facilement des plats m\u00eame plus grands. La surface lisse est \u00e9galement tr\u00e8s facile \u00e0 nettoyer et simplifie grandement le nettoyage, vous laissant plus de temps pour savourer vos repas.<\/p>\n<p>Puissant et polyvalent<\/p>\n<p>Avec une puissance de micro-ondes de 700 watts et une puissance de gril de 1000 watts, le mod\u00e8le MG 20 Ecostyle Ceramic offre des performances exceptionnelles.<\/p>\n<p>R\u00e9chauffez vos aliments rapidement et efficacement, et pr\u00e9parez des plats croustillants et parfaitement dor\u00e9s gr\u00e2ce \u00e0 la puissante fonction gril.<\/p>\n<p>La commande rotative intuitive simplifie l&#8217;utilisation, tandis que l&#8217;\u00e9l\u00e9gant bo\u00eetier argent\u00e9 apporte une touche de modernit\u00e9 \u00e0 votre cuisine.<\/p>\n<p>Nettoyage et entretien faciles<\/p>\n<p>L&#8217;int\u00e9rieur du four \u00e0 micro-ondes MG 20 Ecostyle Ceramic est dot\u00e9 d&#8217;un rev\u00eatement protecteur Caso-Clean de haute qualit\u00e9, facilitant ainsi son nettoyage.<\/p>\n<p>Apr\u00e8s la cuisson, les r\u00e9sidus s&#8217;\u00e9liminent facilement, facilitant ainsi le nettoyage et l&#8217;entretien.<\/p>\n<p>La minuterie pr\u00e9cise de 30 minutes avec signal sonore de fin de cuisson garantit que vos plats sont toujours pr\u00eats au bon moment, tandis que les 5 niveaux de puissance et les 3 programmes combin\u00e9s offrent une vari\u00e9t\u00e9 d&#8217;options de cuisson.<\/p>\n<p>Dimensions\u00a0: 40 x 46,5 x 27 cm<br \/>\nPoids\u00a0: 12 kg<br \/>\nGril (watts)\u00a0: 1\u00a0000<br \/>\nMicro-ondes (watts)\u00a0: 700<br \/>\nTension\u00a0: 230-240 V~, 50 Hz<br \/>\nPrise\u00a0: Fiche Schuko<br \/>\nLongueur du c\u00e2ble\u00a0: 100 cm<\/p>\n","protected":false},"excerpt":{"rendered":"<p>CASO Design MG 20 Ecostyle Ceramic\u00a0: la combinaison parfaite entre micro-ondes et gril Le MG 20 Ecostyle Ceramic est la<\/p>\n","protected":false},"featured_media":511166,"template":"","meta":{"_acf_changed":false,"inline_featured_image":false},"product_cat":[15660,12449],"product_tag":[12948,24415,17107,13269,12856,21083],"acf":[],"yoast_head":"<!-- This site is optimized with the Yoast SEO Premium plugin v18.6 (Yoast SEO v19.13) - https:\/\/yoast.com\/wordpress\/plugins\/seo\/ -->\n<title>MAGIMIX Gelato Expert<\/title>\n<meta name=\"description\" content=\"D\u00e9couvrez MAGIMIX Gelato Expert sur ErresseShop. Qualit\u00e9, prix r\u00e9duits et achat s\u00e9curis\u00e9 \u2013 commandez d\u00e8s maintenant en ligne !\" \/>\n<meta name=\"robots\" content=\"index, follow, max-snippet:-1, max-image-preview:large, max-video-preview:-1\" \/>\n<link rel=\"canonical\" href=\"https:\/\/www.erresse-shop.it\/fr\/shop\/petits-electromenagers\/fours\/caso-design-micro-ondes-mg-20-ecostyle-ceramic\/\" \/>\n<meta property=\"og:locale\" content=\"fr_FR\" \/>\n<meta property=\"og:type\" content=\"article\" \/>\n<meta property=\"og:title\" content=\"CASO DESIGN Micro-ondes MG 20 Ecostyle Ceramic\" \/>\n<meta property=\"og:description\" content=\"D\u00e9couvrez MAGIMIX Gelato Expert sur ErresseShop. Qualit\u00e9, prix r\u00e9duits et achat s\u00e9curis\u00e9 \u2013 commandez d\u00e8s maintenant en ligne !\" \/>\n<meta property=\"og:url\" content=\"https:\/\/www.erresse-shop.it\/fr\/shop\/petits-electromenagers\/fours\/caso-design-micro-ondes-mg-20-ecostyle-ceramic\/\" \/>\n<meta property=\"og:site_name\" content=\"Erresse Shop\" \/>\n<meta property=\"article:modified_time\" content=\"2025-09-04T12:36:03+00:00\" \/>\n<meta property=\"og:image\" content=\"https:\/\/www.erresse-shop.it\/wp-content\/uploads\/2025\/09\/CASO-DESIGN-Microonde-MG-20-Ecostyle-Ceramic.jpg\" \/>\n\t<meta property=\"og:image:width\" content=\"1200\" \/>\n\t<meta property=\"og:image:height\" content=\"1200\" \/>\n\t<meta property=\"og:image:type\" content=\"image\/jpeg\" \/>\n<meta name=\"twitter:card\" content=\"summary_large_image\" \/>\n<script type=\"application\/ld+json\" class=\"yoast-schema-graph\">{\"@context\":\"https:\/\/schema.org\",\"@graph\":[{\"@type\":\"WebPage\",\"@id\":\"https:\/\/www.erresse-shop.it\/fr\/shop\/petits-electromenagers\/fours\/caso-design-micro-ondes-mg-20-ecostyle-ceramic\/\",\"url\":\"https:\/\/www.erresse-shop.it\/fr\/shop\/petits-electromenagers\/fours\/caso-design-micro-ondes-mg-20-ecostyle-ceramic\/\",\"name\":\"MAGIMIX Gelato Expert\",\"isPartOf\":{\"@id\":\"https:\/\/www.erresse-shop.it\/fr\/#website\"},\"datePublished\":\"2025-09-04T12:16:37+00:00\",\"dateModified\":\"2025-09-04T12:36:03+00:00\",\"description\":\"D\u00e9couvrez MAGIMIX Gelato Expert sur ErresseShop. Qualit\u00e9, prix r\u00e9duits et achat s\u00e9curis\u00e9 \u2013 commandez d\u00e8s maintenant en ligne !\",\"breadcrumb\":{\"@id\":\"https:\/\/www.erresse-shop.it\/fr\/shop\/petits-electromenagers\/fours\/caso-design-micro-ondes-mg-20-ecostyle-ceramic\/#breadcrumb\"},\"inLanguage\":\"fr-FR\",\"potentialAction\":[{\"@type\":\"ReadAction\",\"target\":[\"https:\/\/www.erresse-shop.it\/fr\/shop\/petits-electromenagers\/fours\/caso-design-micro-ondes-mg-20-ecostyle-ceramic\/\"]}]},{\"@type\":\"BreadcrumbList\",\"@id\":\"https:\/\/www.erresse-shop.it\/fr\/shop\/petits-electromenagers\/fours\/caso-design-micro-ondes-mg-20-ecostyle-ceramic\/#breadcrumb\",\"itemListElement\":[{\"@type\":\"ListItem\",\"position\":1,\"name\":\"Home\",\"item\":\"https:\/\/www.erresse-shop.it\/fr\/\"},{\"@type\":\"ListItem\",\"position\":2,\"name\":\"Shop\",\"item\":\"https:\/\/www.erresse-shop.it\/fr\/shop\/\"},{\"@type\":\"ListItem\",\"position\":3,\"name\":\"CASO DESIGN Micro-ondes MG 20 Ecostyle Ceramic\"}]},{\"@type\":\"WebSite\",\"@id\":\"https:\/\/www.erresse-shop.it\/fr\/#website\",\"url\":\"https:\/\/www.erresse-shop.it\/fr\/\",\"name\":\"Erresse Shop\",\"description\":\"Articoli di qualit\u00e0 per la casa\",\"potentialAction\":[{\"@type\":\"SearchAction\",\"target\":{\"@type\":\"EntryPoint\",\"urlTemplate\":\"https:\/\/www.erresse-shop.it\/fr\/?s={search_term_string}\"},\"query-input\":\"required name=search_term_string\"}],\"inLanguage\":\"fr-FR\"}]}<\/script>\n<!-- \/ Yoast SEO Premium plugin. -->","yoast_head_json":{"title":"MAGIMIX Gelato Expert","description":"D\u00e9couvrez MAGIMIX Gelato Expert sur ErresseShop. Qualit\u00e9, prix r\u00e9duits et achat s\u00e9curis\u00e9 \u2013 commandez d\u00e8s maintenant en ligne !","robots":{"index":"index","follow":"follow","max-snippet":"max-snippet:-1","max-image-preview":"max-image-preview:large","max-video-preview":"max-video-preview:-1"},"canonical":"https:\/\/www.erresse-shop.it\/fr\/shop\/petits-electromenagers\/fours\/caso-design-micro-ondes-mg-20-ecostyle-ceramic\/","og_locale":"fr_FR","og_type":"article","og_title":"CASO DESIGN Micro-ondes MG 20 Ecostyle Ceramic","og_description":"D\u00e9couvrez MAGIMIX Gelato Expert sur ErresseShop. Qualit\u00e9, prix r\u00e9duits et achat s\u00e9curis\u00e9 \u2013 commandez d\u00e8s maintenant en ligne !","og_url":"https:\/\/www.erresse-shop.it\/fr\/shop\/petits-electromenagers\/fours\/caso-design-micro-ondes-mg-20-ecostyle-ceramic\/","og_site_name":"Erresse Shop","article_modified_time":"2025-09-04T12:36:03+00:00","og_image":[{"width":1200,"height":1200,"url":"https:\/\/www.erresse-shop.it\/wp-content\/uploads\/2025\/09\/CASO-DESIGN-Microonde-MG-20-Ecostyle-Ceramic.jpg","type":"image\/jpeg"}],"twitter_card":"summary_large_image","schema":{"@context":"https:\/\/schema.org","@graph":[{"@type":"WebPage","@id":"https:\/\/www.erresse-shop.it\/fr\/shop\/petits-electromenagers\/fours\/caso-design-micro-ondes-mg-20-ecostyle-ceramic\/","url":"https:\/\/www.erresse-shop.it\/fr\/shop\/petits-electromenagers\/fours\/caso-design-micro-ondes-mg-20-ecostyle-ceramic\/","name":"MAGIMIX Gelato Expert","isPartOf":{"@id":"https:\/\/www.erresse-shop.it\/fr\/#website"},"datePublished":"2025-09-04T12:16:37+00:00","dateModified":"2025-09-04T12:36:03+00:00","description":"D\u00e9couvrez MAGIMIX Gelato Expert sur ErresseShop. Qualit\u00e9, prix r\u00e9duits et achat s\u00e9curis\u00e9 \u2013 commandez d\u00e8s maintenant en ligne !","breadcrumb":{"@id":"https:\/\/www.erresse-shop.it\/fr\/shop\/petits-electromenagers\/fours\/caso-design-micro-ondes-mg-20-ecostyle-ceramic\/#breadcrumb"},"inLanguage":"fr-FR","potentialAction":[{"@type":"ReadAction","target":["https:\/\/www.erresse-shop.it\/fr\/shop\/petits-electromenagers\/fours\/caso-design-micro-ondes-mg-20-ecostyle-ceramic\/"]}]},{"@type":"BreadcrumbList","@id":"https:\/\/www.erresse-shop.it\/fr\/shop\/petits-electromenagers\/fours\/caso-design-micro-ondes-mg-20-ecostyle-ceramic\/#breadcrumb","itemListElement":[{"@type":"ListItem","position":1,"name":"Home","item":"https:\/\/www.erresse-shop.it\/fr\/"},{"@type":"ListItem","position":2,"name":"Shop","item":"https:\/\/www.erresse-shop.it\/fr\/shop\/"},{"@type":"ListItem","position":3,"name":"CASO DESIGN Micro-ondes MG 20 Ecostyle Ceramic"}]},{"@type":"WebSite","@id":"https:\/\/www.erresse-shop.it\/fr\/#website","url":"https:\/\/www.erresse-shop.it\/fr\/","name":"Erresse Shop","description":"Articoli di qualit\u00e0 per la casa","potentialAction":[{"@type":"SearchAction","target":{"@type":"EntryPoint","urlTemplate":"https:\/\/www.erresse-shop.it\/fr\/?s={search_term_string}"},"query-input":"required name=search_term_string"}],"inLanguage":"fr-FR"}]}},"df_price":149.99,"df_sale_price":149.99,"df_regular_price":149.99,"df_image_link":"https:\/\/www.erresse-shop.it\/wp-content\/uploads\/2025\/09\/CASO-DESIGN-Microonde-MG-20-Ecostyle-Ceramic-300x300.jpg","_links":{"self":[{"href":"https:\/\/www.erresse-shop.it\/fr\/wp-json\/wp\/v2\/product\/511160"}],"collection":[{"href":"https:\/\/www.erresse-shop.it\/fr\/wp-json\/wp\/v2\/product"}],"about":[{"href":"https:\/\/www.erresse-shop.it\/fr\/wp-json\/wp\/v2\/types\/product"}],"wp:featuredmedia":[{"embeddable":true,"href":"https:\/\/www.erresse-shop.it\/fr\/wp-json\/wp\/v2\/media\/511166"}],"wp:attachment":[{"href":"https:\/\/www.erresse-shop.it\/fr\/wp-json\/wp\/v2\/media?parent=511160"}],"wp:term":[{"taxonomy":"product_cat","embeddable":true,"href":"https:\/\/www.erresse-shop.it\/fr\/wp-json\/wp\/v2\/product_cat?post=511160"},{"taxonomy":"product_tag","embeddable":true,"href":"https:\/\/www.erresse-shop.it\/fr\/wp-json\/wp\/v2\/product_tag?post=511160"}],"curies":[{"name":"wp","href":"https:\/\/api.w.org\/{rel}","templated":true}]}}