{"id":511104,"date":"2025-09-01T14:15:08","date_gmt":"2025-09-01T14:15:12","guid":{"rendered":"https:\/\/www.erresse-shop.it\/?post_type=product&#038;p=511104"},"modified":"2025-09-04T05:50:42","modified_gmt":"2025-09-04T05:50:42","slug":"magimix-gelato-expert-copia","status":"publish","type":"product","link":"https:\/\/www.erresse-shop.it\/fr\/shop\/petits-electromenagers\/sorbetieres\/magimix-gelato-expert-copia\/","title":{"rendered":"CASO DESIGN Sorbeti\u00e8re IceCreamer"},"content":{"rendered":"<p><strong>Soupape \u00e0 glace et yaourti\u00e8re CASO Design \u00ab\u00a0IceCreamer\u00a0\u00bb &#8211; Fondante en bouche.<\/strong><\/p>\n<p>Avec cette sorbeti\u00e8re et yaourti\u00e8re 2 en 1 pratique, pr\u00e9parez facilement des glaces, sorbets, yaourts glac\u00e9s, yaourts nature et bien plus encore, comme vous les aimez, sans additifs artificiels.<\/p>\n<p><strong>Envie de glace maison\u00a0?<\/strong><\/p>\n<p>Pas de probl\u00e8me\u00a0: avec la sorbeti\u00e8re CASO Design, cr\u00e9ez vos propres recettes uniques.<\/p>\n<p>Que ce soit une glace classique, une glace italienne moelleuse, un sorbet aux fruits, un yaourt cr\u00e9meux ou un yaourt glac\u00e9 rafra\u00eechissant, tout est possible gr\u00e2ce \u00e0 la sorbeti\u00e8re polyvalente.<\/p>\n<p>Et le meilleur\u00a0: vous pouvez commencer imm\u00e9diatement\u00a0; aucun pr\u00e9-refroidissement n&#8217;est n\u00e9cessaire.<\/p>\n<p><strong>Vos \u200b\u200bid\u00e9es, vos r\u00e8gles.<\/strong><\/p>\n<p>Pr\u00e9parez vos cr\u00e9ations pr\u00e9f\u00e9r\u00e9es avec du lait de vache ou v\u00e9g\u00e9tal.<\/p>\n<p>Et si une nouvelle id\u00e9e vous vient \u00e0 l&#8217;esprit, vous pouvez toujours ajouter des ingr\u00e9dients gr\u00e2ce au port de remplissage pratique, selon vos envies.<\/p>\n<p>Une fois la glace de vos r\u00eaves pr\u00eate, conservez-la au frais dans la sorbeti\u00e8re jusqu&#8217;\u00e0 60 minutes\u00a0: id\u00e9ale pour votre prochaine soir\u00e9e glace entre amis.<\/p>\n<p>Dimensions\u00a0: 28,5 x 43 x 28 cm<br \/>\nPoids\u00a0: 11,8 kg<br \/>\nPuissance (watts)\u00a0: 180<br \/>\nTension\u00a0: 220-240 V~, 50 Hz<br \/>\nType de prise\u00a0: Schuko<br \/>\nLongueur du c\u00e2ble\u00a0: 115 cm<\/p>\n","protected":false},"excerpt":{"rendered":"<p>Soupape \u00e0 glace et yaourti\u00e8re CASO Design \u00ab\u00a0IceCreamer\u00a0\u00bb &#8211; Fondante en bouche. Avec cette sorbeti\u00e8re et yaourti\u00e8re 2 en 1<\/p>\n","protected":false},"featured_media":511110,"template":"","meta":{"_acf_changed":false,"inline_featured_image":false},"product_cat":[12449,12761],"product_tag":[23910,15819,23660,12948,25021,24415,15818,12856],"acf":[],"yoast_head":"<!-- This site is optimized with the Yoast SEO Premium plugin v18.6 (Yoast SEO v19.13) - https:\/\/yoast.com\/wordpress\/plugins\/seo\/ -->\n<title>MAGIMIX Gelato Expert<\/title>\n<meta name=\"description\" content=\"D\u00e9couvrez MAGIMIX Gelato Expert sur ErresseShop. Qualit\u00e9, prix r\u00e9duits et achat s\u00e9curis\u00e9 \u2013 commandez d\u00e8s maintenant en ligne !\" \/>\n<meta name=\"robots\" content=\"index, follow, max-snippet:-1, max-image-preview:large, max-video-preview:-1\" \/>\n<link rel=\"canonical\" href=\"https:\/\/www.erresse-shop.it\/fr\/shop\/petits-electromenagers\/sorbetieres\/magimix-gelato-expert-copia\/\" \/>\n<meta property=\"og:locale\" content=\"fr_FR\" \/>\n<meta property=\"og:type\" content=\"article\" \/>\n<meta property=\"og:title\" content=\"CASO DESIGN Sorbeti\u00e8re IceCreamer\" \/>\n<meta property=\"og:description\" content=\"D\u00e9couvrez MAGIMIX Gelato Expert sur ErresseShop. Qualit\u00e9, prix r\u00e9duits et achat s\u00e9curis\u00e9 \u2013 commandez d\u00e8s maintenant en ligne !\" \/>\n<meta property=\"og:url\" content=\"https:\/\/www.erresse-shop.it\/fr\/shop\/petits-electromenagers\/sorbetieres\/magimix-gelato-expert-copia\/\" \/>\n<meta property=\"og:site_name\" content=\"Erresse Shop\" \/>\n<meta property=\"article:modified_time\" content=\"2025-09-04T05:50:42+00:00\" \/>\n<meta property=\"og:image\" content=\"https:\/\/www.erresse-shop.it\/wp-content\/uploads\/2025\/09\/CASO-DESIGN-Gelatiera-IceCreamer.jpg\" \/>\n\t<meta property=\"og:image:width\" content=\"1200\" \/>\n\t<meta property=\"og:image:height\" content=\"1200\" \/>\n\t<meta property=\"og:image:type\" content=\"image\/jpeg\" \/>\n<meta name=\"twitter:card\" content=\"summary_large_image\" \/>\n<script type=\"application\/ld+json\" class=\"yoast-schema-graph\">{\"@context\":\"https:\/\/schema.org\",\"@graph\":[{\"@type\":\"WebPage\",\"@id\":\"https:\/\/www.erresse-shop.it\/fr\/shop\/petits-electromenagers\/sorbetieres\/magimix-gelato-expert-copia\/\",\"url\":\"https:\/\/www.erresse-shop.it\/fr\/shop\/petits-electromenagers\/sorbetieres\/magimix-gelato-expert-copia\/\",\"name\":\"MAGIMIX Gelato Expert\",\"isPartOf\":{\"@id\":\"https:\/\/www.erresse-shop.it\/fr\/#website\"},\"datePublished\":\"2025-09-01T14:15:12+00:00\",\"dateModified\":\"2025-09-04T05:50:42+00:00\",\"description\":\"D\u00e9couvrez MAGIMIX Gelato Expert sur ErresseShop. Qualit\u00e9, prix r\u00e9duits et achat s\u00e9curis\u00e9 \u2013 commandez d\u00e8s maintenant en ligne !\",\"breadcrumb\":{\"@id\":\"https:\/\/www.erresse-shop.it\/fr\/shop\/petits-electromenagers\/sorbetieres\/magimix-gelato-expert-copia\/#breadcrumb\"},\"inLanguage\":\"fr-FR\",\"potentialAction\":[{\"@type\":\"ReadAction\",\"target\":[\"https:\/\/www.erresse-shop.it\/fr\/shop\/petits-electromenagers\/sorbetieres\/magimix-gelato-expert-copia\/\"]}]},{\"@type\":\"BreadcrumbList\",\"@id\":\"https:\/\/www.erresse-shop.it\/fr\/shop\/petits-electromenagers\/sorbetieres\/magimix-gelato-expert-copia\/#breadcrumb\",\"itemListElement\":[{\"@type\":\"ListItem\",\"position\":1,\"name\":\"Home\",\"item\":\"https:\/\/www.erresse-shop.it\/fr\/\"},{\"@type\":\"ListItem\",\"position\":2,\"name\":\"Shop\",\"item\":\"https:\/\/www.erresse-shop.it\/fr\/shop\/\"},{\"@type\":\"ListItem\",\"position\":3,\"name\":\"CASO DESIGN Sorbeti\u00e8re IceCreamer\"}]},{\"@type\":\"WebSite\",\"@id\":\"https:\/\/www.erresse-shop.it\/fr\/#website\",\"url\":\"https:\/\/www.erresse-shop.it\/fr\/\",\"name\":\"Erresse Shop\",\"description\":\"Articoli di qualit\u00e0 per la casa\",\"potentialAction\":[{\"@type\":\"SearchAction\",\"target\":{\"@type\":\"EntryPoint\",\"urlTemplate\":\"https:\/\/www.erresse-shop.it\/fr\/?s={search_term_string}\"},\"query-input\":\"required name=search_term_string\"}],\"inLanguage\":\"fr-FR\"}]}<\/script>\n<!-- \/ Yoast SEO Premium plugin. -->","yoast_head_json":{"title":"MAGIMIX Gelato Expert","description":"D\u00e9couvrez MAGIMIX Gelato Expert sur ErresseShop. Qualit\u00e9, prix r\u00e9duits et achat s\u00e9curis\u00e9 \u2013 commandez d\u00e8s maintenant en ligne !","robots":{"index":"index","follow":"follow","max-snippet":"max-snippet:-1","max-image-preview":"max-image-preview:large","max-video-preview":"max-video-preview:-1"},"canonical":"https:\/\/www.erresse-shop.it\/fr\/shop\/petits-electromenagers\/sorbetieres\/magimix-gelato-expert-copia\/","og_locale":"fr_FR","og_type":"article","og_title":"CASO DESIGN Sorbeti\u00e8re IceCreamer","og_description":"D\u00e9couvrez MAGIMIX Gelato Expert sur ErresseShop. Qualit\u00e9, prix r\u00e9duits et achat s\u00e9curis\u00e9 \u2013 commandez d\u00e8s maintenant en ligne !","og_url":"https:\/\/www.erresse-shop.it\/fr\/shop\/petits-electromenagers\/sorbetieres\/magimix-gelato-expert-copia\/","og_site_name":"Erresse Shop","article_modified_time":"2025-09-04T05:50:42+00:00","og_image":[{"width":1200,"height":1200,"url":"https:\/\/www.erresse-shop.it\/wp-content\/uploads\/2025\/09\/CASO-DESIGN-Gelatiera-IceCreamer.jpg","type":"image\/jpeg"}],"twitter_card":"summary_large_image","schema":{"@context":"https:\/\/schema.org","@graph":[{"@type":"WebPage","@id":"https:\/\/www.erresse-shop.it\/fr\/shop\/petits-electromenagers\/sorbetieres\/magimix-gelato-expert-copia\/","url":"https:\/\/www.erresse-shop.it\/fr\/shop\/petits-electromenagers\/sorbetieres\/magimix-gelato-expert-copia\/","name":"MAGIMIX Gelato Expert","isPartOf":{"@id":"https:\/\/www.erresse-shop.it\/fr\/#website"},"datePublished":"2025-09-01T14:15:12+00:00","dateModified":"2025-09-04T05:50:42+00:00","description":"D\u00e9couvrez MAGIMIX Gelato Expert sur ErresseShop. Qualit\u00e9, prix r\u00e9duits et achat s\u00e9curis\u00e9 \u2013 commandez d\u00e8s maintenant en ligne !","breadcrumb":{"@id":"https:\/\/www.erresse-shop.it\/fr\/shop\/petits-electromenagers\/sorbetieres\/magimix-gelato-expert-copia\/#breadcrumb"},"inLanguage":"fr-FR","potentialAction":[{"@type":"ReadAction","target":["https:\/\/www.erresse-shop.it\/fr\/shop\/petits-electromenagers\/sorbetieres\/magimix-gelato-expert-copia\/"]}]},{"@type":"BreadcrumbList","@id":"https:\/\/www.erresse-shop.it\/fr\/shop\/petits-electromenagers\/sorbetieres\/magimix-gelato-expert-copia\/#breadcrumb","itemListElement":[{"@type":"ListItem","position":1,"name":"Home","item":"https:\/\/www.erresse-shop.it\/fr\/"},{"@type":"ListItem","position":2,"name":"Shop","item":"https:\/\/www.erresse-shop.it\/fr\/shop\/"},{"@type":"ListItem","position":3,"name":"CASO DESIGN Sorbeti\u00e8re IceCreamer"}]},{"@type":"WebSite","@id":"https:\/\/www.erresse-shop.it\/fr\/#website","url":"https:\/\/www.erresse-shop.it\/fr\/","name":"Erresse Shop","description":"Articoli di qualit\u00e0 per la casa","potentialAction":[{"@type":"SearchAction","target":{"@type":"EntryPoint","urlTemplate":"https:\/\/www.erresse-shop.it\/fr\/?s={search_term_string}"},"query-input":"required name=search_term_string"}],"inLanguage":"fr-FR"}]}},"df_price":349.99,"df_sale_price":349.99,"df_regular_price":349.99,"df_image_link":"https:\/\/www.erresse-shop.it\/wp-content\/uploads\/2025\/09\/CASO-DESIGN-Gelatiera-IceCreamer-300x300.jpg","_links":{"self":[{"href":"https:\/\/www.erresse-shop.it\/fr\/wp-json\/wp\/v2\/product\/511104"}],"collection":[{"href":"https:\/\/www.erresse-shop.it\/fr\/wp-json\/wp\/v2\/product"}],"about":[{"href":"https:\/\/www.erresse-shop.it\/fr\/wp-json\/wp\/v2\/types\/product"}],"wp:featuredmedia":[{"embeddable":true,"href":"https:\/\/www.erresse-shop.it\/fr\/wp-json\/wp\/v2\/media\/511110"}],"wp:attachment":[{"href":"https:\/\/www.erresse-shop.it\/fr\/wp-json\/wp\/v2\/media?parent=511104"}],"wp:term":[{"taxonomy":"product_cat","embeddable":true,"href":"https:\/\/www.erresse-shop.it\/fr\/wp-json\/wp\/v2\/product_cat?post=511104"},{"taxonomy":"product_tag","embeddable":true,"href":"https:\/\/www.erresse-shop.it\/fr\/wp-json\/wp\/v2\/product_tag?post=511104"}],"curies":[{"name":"wp","href":"https:\/\/api.w.org\/{rel}","templated":true}]}}