{"id":510929,"date":"2025-08-27T08:10:32","date_gmt":"2025-08-27T08:10:32","guid":{"rendered":"https:\/\/www.erresse-shop.it\/?post_type=product&#038;p=510929"},"modified":"2025-08-27T08:31:09","modified_gmt":"2025-08-27T08:31:09","slug":"caso-design-balance-de-cuisine-kitchen-ecostyle","status":"publish","type":"product","link":"https:\/\/www.erresse-shop.it\/fr\/shop\/petits-electromenagers\/balances\/caso-design-balance-de-cuisine-kitchen-ecostyle\/","title":{"rendered":"CASO DESIGN Balance de cuisine Kitchen Ecostyle"},"content":{"rendered":"<p><strong>CASO Design \u00ab\u00a0Kitchen Ecostyle\u00a0\u00bb &#8211; Balance de cuisine durable et sans pile<\/strong><\/p>\n<p>\u00c0 une \u00e9poque o\u00f9 le d\u00e9veloppement durable est de plus en plus important, nous sommes fiers de pr\u00e9senter Kitchen Ecostyle, une balance de cuisine r\u00e9volutionnaire qui se distingue par son respect de l&#8217;environnement.<br \/>\nContrairement aux balances classiques, elle ne n\u00e9cessite pas de piles. Elle g\u00e9n\u00e8re de l&#8217;\u00e9nergie cin\u00e9tique par le simple mouvement du pied. Cela prot\u00e8ge non seulement l&#8217;environnement, mais aussi votre portefeuille.<\/p>\n<p><strong>Des r\u00e9sultats de mesure pr\u00e9cis pour chaque recette<\/strong><\/p>\n<p>Kitchen Ecostyle offre non seulement des solutions respectueuses de l&#8217;environnement, mais impressionne \u00e9galement par sa pr\u00e9cision. Dot\u00e9e d&#8217;un \u00e9cran num\u00e9rique facile \u00e0 lire, elle fournit des mesures fiables en grammes, onces et millilitres pour l&#8217;eau et le lait.<br \/>\nQue vous essayiez une recette de p\u00e2tisserie complexe ou que vous mesuriez les ingr\u00e9dients de votre plat pr\u00e9f\u00e9r\u00e9, cette balance est toujours \u00e0 vos c\u00f4t\u00e9s.<\/p>\n<p>Polyvalence et praticit\u00e9 r\u00e9unies dans un seul outil<\/p>\n<p>Gr\u00e2ce \u00e0 sa balance, qui p\u00e8se jusqu&#8217;\u00e0 5 kg par incr\u00e9ments de 1 g, la Kitchen Ecostyle est extr\u00eamement polyvalente. Elle est parfaite pour tous types de projets de cuisine et de p\u00e2tisserie et offre une pr\u00e9cision maximale.<br \/>\nLa fonction tare pratique vous permet de peser les ingr\u00e9dients dans diff\u00e9rents r\u00e9cipients sans vous soucier du poids du r\u00e9cipient. De plus, la balance se distingue par son design plat et compact en acier inoxydable bross\u00e9, pour une manipulation ais\u00e9e.<\/p>\n<p>Adaptable \u00e0 toutes les tailles de bol<\/p>\n<p>Non seulement \u00e9cologique et pr\u00e9cise, mais aussi extr\u00eamement adaptable\u00a0: la Kitchen Ecostyle peut \u00eatre utilis\u00e9e ferm\u00e9e ou ouverte selon la taille du bol.<br \/>\nPour les bols de 5 \u00e0 12 cm de diam\u00e8tre, la balance est utilis\u00e9e ferm\u00e9e, tandis que pour les bols de 9 \u00e0 18 cm de diam\u00e8tre, l&#8217;utilisation ouverte est id\u00e9ale. Cette flexibilit\u00e9 en fait un outil indispensable dans toutes les cuisines.<\/p>\n<p>Dimensions\u00a0: 22 x 6,5 x 3 cm<br \/>\nPoids\u00a0: 0,2 kg<\/p>\n","protected":false},"excerpt":{"rendered":"<p>CASO Design \u00ab\u00a0Kitchen Ecostyle\u00a0\u00bb &#8211; Balance de cuisine durable et sans pile \u00c0 une \u00e9poque o\u00f9 le d\u00e9veloppement durable est<\/p>\n","protected":false},"featured_media":510965,"template":"","meta":{"_acf_changed":false,"inline_featured_image":false},"product_cat":[25977,12449],"product_tag":[13726,23910],"acf":[],"yoast_head":"<!-- This site is optimized with the Yoast SEO Premium plugin v18.6 (Yoast SEO v19.13) - https:\/\/yoast.com\/wordpress\/plugins\/seo\/ -->\n<title>CASO DESIGN Balance de cuisine Kitchen Ecostyle - Erresse Shop<\/title>\n<meta name=\"description\" content=\"CASO Design \u00ab\u00a0Kitchen Ecostyle\u00a0\u00bb - Balance de cuisine durable et sans pile \u00c0 une \u00e9poque o\u00f9 le d\u00e9veloppement durable est de plus en plus important, nous\" \/>\n<meta name=\"robots\" content=\"index, follow, max-snippet:-1, max-image-preview:large, max-video-preview:-1\" \/>\n<link rel=\"canonical\" href=\"https:\/\/www.erresse-shop.it\/fr\/shop\/petits-electromenagers\/balances\/caso-design-balance-de-cuisine-kitchen-ecostyle\/\" \/>\n<meta property=\"og:locale\" content=\"fr_FR\" \/>\n<meta property=\"og:type\" content=\"article\" \/>\n<meta property=\"og:title\" content=\"CASO DESIGN Balance de cuisine Kitchen Ecostyle\" \/>\n<meta property=\"og:description\" content=\"CASO Design \u00ab\u00a0Kitchen Ecostyle\u00a0\u00bb - Balance de cuisine durable et sans pile \u00c0 une \u00e9poque o\u00f9 le d\u00e9veloppement durable est de plus en plus important, nous\" \/>\n<meta property=\"og:url\" content=\"https:\/\/www.erresse-shop.it\/fr\/shop\/petits-electromenagers\/balances\/caso-design-balance-de-cuisine-kitchen-ecostyle\/\" \/>\n<meta property=\"og:site_name\" content=\"Erresse Shop\" \/>\n<meta property=\"article:modified_time\" content=\"2025-08-27T08:31:09+00:00\" \/>\n<meta property=\"og:image\" content=\"https:\/\/www.erresse-shop.it\/wp-content\/uploads\/2025\/08\/CASO-DESIGN-Bilancia-da-Cucina-Kitchen-Ecostyle.jpg\" \/>\n\t<meta property=\"og:image:width\" content=\"1200\" \/>\n\t<meta property=\"og:image:height\" content=\"1200\" \/>\n\t<meta property=\"og:image:type\" content=\"image\/jpeg\" \/>\n<meta name=\"twitter:card\" content=\"summary_large_image\" \/>\n<script type=\"application\/ld+json\" class=\"yoast-schema-graph\">{\"@context\":\"https:\/\/schema.org\",\"@graph\":[{\"@type\":\"WebPage\",\"@id\":\"https:\/\/www.erresse-shop.it\/fr\/shop\/petits-electromenagers\/balances\/caso-design-balance-de-cuisine-kitchen-ecostyle\/\",\"url\":\"https:\/\/www.erresse-shop.it\/fr\/shop\/petits-electromenagers\/balances\/caso-design-balance-de-cuisine-kitchen-ecostyle\/\",\"name\":\"CASO DESIGN Balance de cuisine Kitchen Ecostyle - Erresse Shop\",\"isPartOf\":{\"@id\":\"https:\/\/www.erresse-shop.it\/fr\/#website\"},\"datePublished\":\"2025-08-27T08:10:32+00:00\",\"dateModified\":\"2025-08-27T08:31:09+00:00\",\"description\":\"CASO Design \u00ab\u00a0Kitchen Ecostyle\u00a0\u00bb - Balance de cuisine durable et sans pile \u00c0 une \u00e9poque o\u00f9 le d\u00e9veloppement durable est de plus en plus important, nous\",\"breadcrumb\":{\"@id\":\"https:\/\/www.erresse-shop.it\/fr\/shop\/petits-electromenagers\/balances\/caso-design-balance-de-cuisine-kitchen-ecostyle\/#breadcrumb\"},\"inLanguage\":\"fr-FR\",\"potentialAction\":[{\"@type\":\"ReadAction\",\"target\":[\"https:\/\/www.erresse-shop.it\/fr\/shop\/petits-electromenagers\/balances\/caso-design-balance-de-cuisine-kitchen-ecostyle\/\"]}]},{\"@type\":\"BreadcrumbList\",\"@id\":\"https:\/\/www.erresse-shop.it\/fr\/shop\/petits-electromenagers\/balances\/caso-design-balance-de-cuisine-kitchen-ecostyle\/#breadcrumb\",\"itemListElement\":[{\"@type\":\"ListItem\",\"position\":1,\"name\":\"Home\",\"item\":\"https:\/\/www.erresse-shop.it\/fr\/\"},{\"@type\":\"ListItem\",\"position\":2,\"name\":\"Shop\",\"item\":\"https:\/\/www.erresse-shop.it\/fr\/shop\/\"},{\"@type\":\"ListItem\",\"position\":3,\"name\":\"CASO DESIGN Balance de cuisine Kitchen Ecostyle\"}]},{\"@type\":\"WebSite\",\"@id\":\"https:\/\/www.erresse-shop.it\/fr\/#website\",\"url\":\"https:\/\/www.erresse-shop.it\/fr\/\",\"name\":\"Erresse Shop\",\"description\":\"Articoli di qualit\u00e0 per la casa\",\"potentialAction\":[{\"@type\":\"SearchAction\",\"target\":{\"@type\":\"EntryPoint\",\"urlTemplate\":\"https:\/\/www.erresse-shop.it\/fr\/?s={search_term_string}\"},\"query-input\":\"required name=search_term_string\"}],\"inLanguage\":\"fr-FR\"}]}<\/script>\n<!-- \/ Yoast SEO Premium plugin. -->","yoast_head_json":{"title":"CASO DESIGN Balance de cuisine Kitchen Ecostyle - Erresse Shop","description":"CASO Design \u00ab\u00a0Kitchen Ecostyle\u00a0\u00bb - Balance de cuisine durable et sans pile \u00c0 une \u00e9poque o\u00f9 le d\u00e9veloppement durable est de plus en plus important, nous","robots":{"index":"index","follow":"follow","max-snippet":"max-snippet:-1","max-image-preview":"max-image-preview:large","max-video-preview":"max-video-preview:-1"},"canonical":"https:\/\/www.erresse-shop.it\/fr\/shop\/petits-electromenagers\/balances\/caso-design-balance-de-cuisine-kitchen-ecostyle\/","og_locale":"fr_FR","og_type":"article","og_title":"CASO DESIGN Balance de cuisine Kitchen Ecostyle","og_description":"CASO Design \u00ab\u00a0Kitchen Ecostyle\u00a0\u00bb - Balance de cuisine durable et sans pile \u00c0 une \u00e9poque o\u00f9 le d\u00e9veloppement durable est de plus en plus important, nous","og_url":"https:\/\/www.erresse-shop.it\/fr\/shop\/petits-electromenagers\/balances\/caso-design-balance-de-cuisine-kitchen-ecostyle\/","og_site_name":"Erresse Shop","article_modified_time":"2025-08-27T08:31:09+00:00","og_image":[{"width":1200,"height":1200,"url":"https:\/\/www.erresse-shop.it\/wp-content\/uploads\/2025\/08\/CASO-DESIGN-Bilancia-da-Cucina-Kitchen-Ecostyle.jpg","type":"image\/jpeg"}],"twitter_card":"summary_large_image","schema":{"@context":"https:\/\/schema.org","@graph":[{"@type":"WebPage","@id":"https:\/\/www.erresse-shop.it\/fr\/shop\/petits-electromenagers\/balances\/caso-design-balance-de-cuisine-kitchen-ecostyle\/","url":"https:\/\/www.erresse-shop.it\/fr\/shop\/petits-electromenagers\/balances\/caso-design-balance-de-cuisine-kitchen-ecostyle\/","name":"CASO DESIGN Balance de cuisine Kitchen Ecostyle - Erresse Shop","isPartOf":{"@id":"https:\/\/www.erresse-shop.it\/fr\/#website"},"datePublished":"2025-08-27T08:10:32+00:00","dateModified":"2025-08-27T08:31:09+00:00","description":"CASO Design \u00ab\u00a0Kitchen Ecostyle\u00a0\u00bb - Balance de cuisine durable et sans pile \u00c0 une \u00e9poque o\u00f9 le d\u00e9veloppement durable est de plus en plus important, nous","breadcrumb":{"@id":"https:\/\/www.erresse-shop.it\/fr\/shop\/petits-electromenagers\/balances\/caso-design-balance-de-cuisine-kitchen-ecostyle\/#breadcrumb"},"inLanguage":"fr-FR","potentialAction":[{"@type":"ReadAction","target":["https:\/\/www.erresse-shop.it\/fr\/shop\/petits-electromenagers\/balances\/caso-design-balance-de-cuisine-kitchen-ecostyle\/"]}]},{"@type":"BreadcrumbList","@id":"https:\/\/www.erresse-shop.it\/fr\/shop\/petits-electromenagers\/balances\/caso-design-balance-de-cuisine-kitchen-ecostyle\/#breadcrumb","itemListElement":[{"@type":"ListItem","position":1,"name":"Home","item":"https:\/\/www.erresse-shop.it\/fr\/"},{"@type":"ListItem","position":2,"name":"Shop","item":"https:\/\/www.erresse-shop.it\/fr\/shop\/"},{"@type":"ListItem","position":3,"name":"CASO DESIGN Balance de cuisine Kitchen Ecostyle"}]},{"@type":"WebSite","@id":"https:\/\/www.erresse-shop.it\/fr\/#website","url":"https:\/\/www.erresse-shop.it\/fr\/","name":"Erresse Shop","description":"Articoli di qualit\u00e0 per la casa","potentialAction":[{"@type":"SearchAction","target":{"@type":"EntryPoint","urlTemplate":"https:\/\/www.erresse-shop.it\/fr\/?s={search_term_string}"},"query-input":"required name=search_term_string"}],"inLanguage":"fr-FR"}]}},"df_price":24.99,"df_sale_price":24.99,"df_regular_price":24.99,"df_image_link":"https:\/\/www.erresse-shop.it\/wp-content\/uploads\/2025\/08\/CASO-DESIGN-Bilancia-da-Cucina-Kitchen-Ecostyle-300x300.jpg","_links":{"self":[{"href":"https:\/\/www.erresse-shop.it\/fr\/wp-json\/wp\/v2\/product\/510929"}],"collection":[{"href":"https:\/\/www.erresse-shop.it\/fr\/wp-json\/wp\/v2\/product"}],"about":[{"href":"https:\/\/www.erresse-shop.it\/fr\/wp-json\/wp\/v2\/types\/product"}],"wp:featuredmedia":[{"embeddable":true,"href":"https:\/\/www.erresse-shop.it\/fr\/wp-json\/wp\/v2\/media\/510965"}],"wp:attachment":[{"href":"https:\/\/www.erresse-shop.it\/fr\/wp-json\/wp\/v2\/media?parent=510929"}],"wp:term":[{"taxonomy":"product_cat","embeddable":true,"href":"https:\/\/www.erresse-shop.it\/fr\/wp-json\/wp\/v2\/product_cat?post=510929"},{"taxonomy":"product_tag","embeddable":true,"href":"https:\/\/www.erresse-shop.it\/fr\/wp-json\/wp\/v2\/product_tag?post=510929"}],"curies":[{"name":"wp","href":"https:\/\/api.w.org\/{rel}","templated":true}]}}