{"id":510850,"date":"2025-08-27T07:19:53","date_gmt":"2025-08-27T07:19:53","guid":{"rendered":"https:\/\/www.erresse-shop.it\/?post_type=product&#038;p=510850"},"modified":"2025-08-27T07:39:50","modified_gmt":"2025-08-27T07:39:50","slug":"magimix-machine-a-gaufres-waffleup","status":"publish","type":"product","link":"https:\/\/www.erresse-shop.it\/fr\/shop\/petits-electromenagers\/magimix-machine-a-gaufres-waffleup\/","title":{"rendered":"MAGIMIX Machine \u00e0 gaufres WaffleUp"},"content":{"rendered":"<p><strong>CASO Design \u00ab\u00a0WaffleUp\u00a0\u00bb &#8211; Bien plus qu&#8217;un simple gaufrier<\/strong><\/p>\n<p>L\u00e9ger, moelleux, dor\u00e9 ou croustillant, le gaufrier innovant \u00ab\u00a0WaffleUp\u00a0\u00bb de CASO Design offre d&#8217;excellents r\u00e9sultats et un plaisir de cuisson incomparable\u00a0!<br \/>\nContrairement aux gaufriers belges traditionnels, le WaffleUp est dot\u00e9 d&#8217;un syst\u00e8me de cuisson vertical qui vous permet de r\u00e9aliser des gaufres belges parfaites.<\/p>\n<p><strong>Du sucr\u00e9 au sal\u00e9<\/strong><\/p>\n<p>\u00ab\u00a0WaffleUp\u00a0\u00bb r\u00e9alise des gaufres parfaites et d\u00e9licieuses (environ 18\u00a0cm de diam\u00e8tre et 2,5\u00a0cm d&#8217;\u00e9paisseur) et est id\u00e9al pour toutes sortes de variantes sucr\u00e9es et sal\u00e9es.<br \/>\nPourquoi ne pas pr\u00e9parer de d\u00e9licieuses gaufres aux pommes de terre ou \u00e0 la betterave, aux carottes, au fromage ou aux herbes\u00a0? L&#8217;en-cas id\u00e9al pour un repas ou un accompagnement original pour un barbecue.<\/p>\n<p>Essayez cette m\u00e9thode simple de pr\u00e9paration des gaufres et savourez le r\u00e9sultat\u00a0!<\/p>\n<p><strong>R\u00e9alisez des gaufres parfaites rapidement et facilement<\/strong><\/p>\n<p>Il vous suffit de verser la p\u00e2te dans l&#8217;appareil par le haut pour la r\u00e9partir uniform\u00e9ment. L&#8217;exc\u00e9dent de p\u00e2te est r\u00e9cup\u00e9r\u00e9 dans un r\u00e9cipient pour la pr\u00e9paration suivante.<br \/>\nCela garantit un r\u00e9sultat impeccable et une pr\u00e9paration impeccable. Rien ne cuit sur l&#8217;appareil. Les gaufres sont parfaitement rondes.<\/p>\n<p>Ce gaufrier design est dot\u00e9 d&#8217;un bouton de commande \u00e0 cinq niveaux de puissance, permettant \u00e0 l&#8217;utilisateur de s\u00e9lectionner le degr\u00e9 de dorage souhait\u00e9 selon ses pr\u00e9f\u00e9rences.<br \/>\nLes gaufres peuvent ainsi \u00eatre l\u00e9g\u00e8res et moelleuses, dor\u00e9es et croustillantes. Un voyant lumineux vous aide \u00e0 d\u00e9terminer le temps de cuisson id\u00e9al.<br \/>\nLorsque le voyant est rouge, vous pouvez verser la p\u00e2te\u00a0; lorsqu&#8217;il est vert, la gaufre est pr\u00eate et peut \u00eatre retir\u00e9e de l&#8217;appareil.<\/p>\n<p>Outre ses qualit\u00e9s intrins\u00e8ques, ce gaufrier de haute qualit\u00e9 s\u00e9duit \u00e9galement par son esth\u00e9tique. Le design vertical moderne du WaffleUp, en argent polaire et acier inoxydable, est une pi\u00e8ce ma\u00eetresse dans toute cuisine\u00a0!<\/p>\n<p>Dimensions\u00a0: 16,5 x 32 x 30 cm<br \/>\nPoids\u00a0: 3,26 kg<br \/>\nPuissance (watts)\u00a0: 800<br \/>\nTension\u00a0: 230 V~, 50-60 Hz<\/p>\n","protected":false},"excerpt":{"rendered":"<p>CASO Design \u00ab\u00a0WaffleUp\u00a0\u00bb &#8211; Bien plus qu&#8217;un simple gaufrier L\u00e9ger, moelleux, dor\u00e9 ou croustillant, le gaufrier innovant \u00ab\u00a0WaffleUp\u00a0\u00bb de CASO<\/p>\n","protected":false},"featured_media":510881,"template":"","meta":{"_acf_changed":false,"inline_featured_image":false},"product_cat":[12449],"product_tag":[15733,23261,12817,21021],"acf":[],"yoast_head":"<!-- This site is optimized with the Yoast SEO Premium plugin v18.6 (Yoast SEO v19.13) - https:\/\/yoast.com\/wordpress\/plugins\/seo\/ -->\n<title>MAGIMIX Machine \u00e0 gaufres WaffleUp - Erresse Shop<\/title>\n<meta name=\"description\" content=\"CASO Design \u00ab\u00a0WaffleUp\u00a0\u00bb - Bien plus qu&#039;un simple gaufrier L\u00e9ger, moelleux, dor\u00e9 ou croustillant, le gaufrier innovant \u00ab\u00a0WaffleUp\u00a0\u00bb de CASO Design offre\" \/>\n<meta name=\"robots\" content=\"index, follow, max-snippet:-1, max-image-preview:large, max-video-preview:-1\" \/>\n<link rel=\"canonical\" href=\"https:\/\/www.erresse-shop.it\/fr\/shop\/petits-electromenagers\/magimix-machine-a-gaufres-waffleup\/\" \/>\n<meta property=\"og:locale\" content=\"fr_FR\" \/>\n<meta property=\"og:type\" content=\"article\" \/>\n<meta property=\"og:title\" content=\"MAGIMIX Machine \u00e0 gaufres WaffleUp\" \/>\n<meta property=\"og:description\" content=\"CASO Design \u00ab\u00a0WaffleUp\u00a0\u00bb - Bien plus qu&#039;un simple gaufrier L\u00e9ger, moelleux, dor\u00e9 ou croustillant, le gaufrier innovant \u00ab\u00a0WaffleUp\u00a0\u00bb de CASO Design offre\" \/>\n<meta property=\"og:url\" content=\"https:\/\/www.erresse-shop.it\/fr\/shop\/petits-electromenagers\/magimix-machine-a-gaufres-waffleup\/\" \/>\n<meta property=\"og:site_name\" content=\"Erresse Shop\" \/>\n<meta property=\"article:modified_time\" content=\"2025-08-27T07:39:50+00:00\" \/>\n<meta property=\"og:image\" content=\"https:\/\/www.erresse-shop.it\/wp-content\/uploads\/2025\/08\/CASO-DESIGN-Macchine-per-Waffle-WaffleUp.jpg\" \/>\n\t<meta property=\"og:image:width\" content=\"1200\" \/>\n\t<meta property=\"og:image:height\" content=\"1200\" \/>\n\t<meta property=\"og:image:type\" content=\"image\/jpeg\" \/>\n<meta name=\"twitter:card\" content=\"summary_large_image\" \/>\n<script type=\"application\/ld+json\" class=\"yoast-schema-graph\">{\"@context\":\"https:\/\/schema.org\",\"@graph\":[{\"@type\":\"WebPage\",\"@id\":\"https:\/\/www.erresse-shop.it\/fr\/shop\/petits-electromenagers\/magimix-machine-a-gaufres-waffleup\/\",\"url\":\"https:\/\/www.erresse-shop.it\/fr\/shop\/petits-electromenagers\/magimix-machine-a-gaufres-waffleup\/\",\"name\":\"MAGIMIX Machine \u00e0 gaufres WaffleUp - Erresse Shop\",\"isPartOf\":{\"@id\":\"https:\/\/www.erresse-shop.it\/fr\/#website\"},\"datePublished\":\"2025-08-27T07:19:53+00:00\",\"dateModified\":\"2025-08-27T07:39:50+00:00\",\"description\":\"CASO Design \u00ab\u00a0WaffleUp\u00a0\u00bb - Bien plus qu'un simple gaufrier L\u00e9ger, moelleux, dor\u00e9 ou croustillant, le gaufrier innovant \u00ab\u00a0WaffleUp\u00a0\u00bb de CASO Design offre\",\"breadcrumb\":{\"@id\":\"https:\/\/www.erresse-shop.it\/fr\/shop\/petits-electromenagers\/magimix-machine-a-gaufres-waffleup\/#breadcrumb\"},\"inLanguage\":\"fr-FR\",\"potentialAction\":[{\"@type\":\"ReadAction\",\"target\":[\"https:\/\/www.erresse-shop.it\/fr\/shop\/petits-electromenagers\/magimix-machine-a-gaufres-waffleup\/\"]}]},{\"@type\":\"BreadcrumbList\",\"@id\":\"https:\/\/www.erresse-shop.it\/fr\/shop\/petits-electromenagers\/magimix-machine-a-gaufres-waffleup\/#breadcrumb\",\"itemListElement\":[{\"@type\":\"ListItem\",\"position\":1,\"name\":\"Home\",\"item\":\"https:\/\/www.erresse-shop.it\/fr\/\"},{\"@type\":\"ListItem\",\"position\":2,\"name\":\"Shop\",\"item\":\"https:\/\/www.erresse-shop.it\/fr\/shop\/\"},{\"@type\":\"ListItem\",\"position\":3,\"name\":\"MAGIMIX Machine \u00e0 gaufres WaffleUp\"}]},{\"@type\":\"WebSite\",\"@id\":\"https:\/\/www.erresse-shop.it\/fr\/#website\",\"url\":\"https:\/\/www.erresse-shop.it\/fr\/\",\"name\":\"Erresse Shop\",\"description\":\"Articoli di qualit\u00e0 per la casa\",\"potentialAction\":[{\"@type\":\"SearchAction\",\"target\":{\"@type\":\"EntryPoint\",\"urlTemplate\":\"https:\/\/www.erresse-shop.it\/fr\/?s={search_term_string}\"},\"query-input\":\"required name=search_term_string\"}],\"inLanguage\":\"fr-FR\"}]}<\/script>\n<!-- \/ Yoast SEO Premium plugin. -->","yoast_head_json":{"title":"MAGIMIX Machine \u00e0 gaufres WaffleUp - Erresse Shop","description":"CASO Design \u00ab\u00a0WaffleUp\u00a0\u00bb - Bien plus qu'un simple gaufrier L\u00e9ger, moelleux, dor\u00e9 ou croustillant, le gaufrier innovant \u00ab\u00a0WaffleUp\u00a0\u00bb de CASO Design offre","robots":{"index":"index","follow":"follow","max-snippet":"max-snippet:-1","max-image-preview":"max-image-preview:large","max-video-preview":"max-video-preview:-1"},"canonical":"https:\/\/www.erresse-shop.it\/fr\/shop\/petits-electromenagers\/magimix-machine-a-gaufres-waffleup\/","og_locale":"fr_FR","og_type":"article","og_title":"MAGIMIX Machine \u00e0 gaufres WaffleUp","og_description":"CASO Design \u00ab\u00a0WaffleUp\u00a0\u00bb - Bien plus qu'un simple gaufrier L\u00e9ger, moelleux, dor\u00e9 ou croustillant, le gaufrier innovant \u00ab\u00a0WaffleUp\u00a0\u00bb de CASO Design offre","og_url":"https:\/\/www.erresse-shop.it\/fr\/shop\/petits-electromenagers\/magimix-machine-a-gaufres-waffleup\/","og_site_name":"Erresse Shop","article_modified_time":"2025-08-27T07:39:50+00:00","og_image":[{"width":1200,"height":1200,"url":"https:\/\/www.erresse-shop.it\/wp-content\/uploads\/2025\/08\/CASO-DESIGN-Macchine-per-Waffle-WaffleUp.jpg","type":"image\/jpeg"}],"twitter_card":"summary_large_image","schema":{"@context":"https:\/\/schema.org","@graph":[{"@type":"WebPage","@id":"https:\/\/www.erresse-shop.it\/fr\/shop\/petits-electromenagers\/magimix-machine-a-gaufres-waffleup\/","url":"https:\/\/www.erresse-shop.it\/fr\/shop\/petits-electromenagers\/magimix-machine-a-gaufres-waffleup\/","name":"MAGIMIX Machine \u00e0 gaufres WaffleUp - Erresse Shop","isPartOf":{"@id":"https:\/\/www.erresse-shop.it\/fr\/#website"},"datePublished":"2025-08-27T07:19:53+00:00","dateModified":"2025-08-27T07:39:50+00:00","description":"CASO Design \u00ab\u00a0WaffleUp\u00a0\u00bb - Bien plus qu'un simple gaufrier L\u00e9ger, moelleux, dor\u00e9 ou croustillant, le gaufrier innovant \u00ab\u00a0WaffleUp\u00a0\u00bb de CASO Design offre","breadcrumb":{"@id":"https:\/\/www.erresse-shop.it\/fr\/shop\/petits-electromenagers\/magimix-machine-a-gaufres-waffleup\/#breadcrumb"},"inLanguage":"fr-FR","potentialAction":[{"@type":"ReadAction","target":["https:\/\/www.erresse-shop.it\/fr\/shop\/petits-electromenagers\/magimix-machine-a-gaufres-waffleup\/"]}]},{"@type":"BreadcrumbList","@id":"https:\/\/www.erresse-shop.it\/fr\/shop\/petits-electromenagers\/magimix-machine-a-gaufres-waffleup\/#breadcrumb","itemListElement":[{"@type":"ListItem","position":1,"name":"Home","item":"https:\/\/www.erresse-shop.it\/fr\/"},{"@type":"ListItem","position":2,"name":"Shop","item":"https:\/\/www.erresse-shop.it\/fr\/shop\/"},{"@type":"ListItem","position":3,"name":"MAGIMIX Machine \u00e0 gaufres WaffleUp"}]},{"@type":"WebSite","@id":"https:\/\/www.erresse-shop.it\/fr\/#website","url":"https:\/\/www.erresse-shop.it\/fr\/","name":"Erresse Shop","description":"Articoli di qualit\u00e0 per la casa","potentialAction":[{"@type":"SearchAction","target":{"@type":"EntryPoint","urlTemplate":"https:\/\/www.erresse-shop.it\/fr\/?s={search_term_string}"},"query-input":"required name=search_term_string"}],"inLanguage":"fr-FR"}]}},"df_price":99.99,"df_sale_price":99.99,"df_regular_price":99.99,"df_image_link":"https:\/\/www.erresse-shop.it\/wp-content\/uploads\/2025\/08\/CASO-DESIGN-Macchine-per-Waffle-WaffleUp-300x300.jpg","_links":{"self":[{"href":"https:\/\/www.erresse-shop.it\/fr\/wp-json\/wp\/v2\/product\/510850"}],"collection":[{"href":"https:\/\/www.erresse-shop.it\/fr\/wp-json\/wp\/v2\/product"}],"about":[{"href":"https:\/\/www.erresse-shop.it\/fr\/wp-json\/wp\/v2\/types\/product"}],"wp:featuredmedia":[{"embeddable":true,"href":"https:\/\/www.erresse-shop.it\/fr\/wp-json\/wp\/v2\/media\/510881"}],"wp:attachment":[{"href":"https:\/\/www.erresse-shop.it\/fr\/wp-json\/wp\/v2\/media?parent=510850"}],"wp:term":[{"taxonomy":"product_cat","embeddable":true,"href":"https:\/\/www.erresse-shop.it\/fr\/wp-json\/wp\/v2\/product_cat?post=510850"},{"taxonomy":"product_tag","embeddable":true,"href":"https:\/\/www.erresse-shop.it\/fr\/wp-json\/wp\/v2\/product_tag?post=510850"}],"curies":[{"name":"wp","href":"https:\/\/api.w.org\/{rel}","templated":true}]}}