{"id":510827,"date":"2025-08-27T06:57:11","date_gmt":"2025-08-27T06:57:11","guid":{"rendered":"https:\/\/www.erresse-shop.it\/?post_type=product&#038;p=510827"},"modified":"2025-08-27T07:16:41","modified_gmt":"2025-08-27T07:16:41","slug":"magimix-crepiere-electrique-cm-1300","status":"publish","type":"product","link":"https:\/\/www.erresse-shop.it\/fr\/shop\/petits-electromenagers\/magimix-crepiere-electrique-cm-1300\/","title":{"rendered":"MAGIMIX Cr\u00eapi\u00e8re \u00e9lectrique CM 1300"},"content":{"rendered":"<p><strong>Le parfum du carnaval dans votre cuisine<\/strong><\/p>\n<p>Qui ne conna\u00eet pas ces instants magiques o\u00f9 l&#8217;odeur des cr\u00eapes fra\u00eechement cuites embaume l&#8217;air d&#8217;un march\u00e9 de No\u00ebl ou d&#8217;un parc d&#8217;attractions\u00a0?<br \/>\nAvec la cr\u00eapi\u00e8re CM 1300 de CASO Design, transmettez cette sensation chez vous. Fini les files d&#8217;attente, fini l&#8217;attente dans le froid\u00a0: juste vous, vos ingr\u00e9dients pr\u00e9f\u00e9r\u00e9s et le d\u00e9licieux parfum des cr\u00eapes XL dor\u00e9es et fra\u00eechement sorties du four, tout droit sorties de votre cuisine.<br \/>\nQue ce soit sucr\u00e9es avec de la cannelle et du sucre ou sal\u00e9es avec du fromage et du jambon, laissez libre cours \u00e0 votre imagination.<\/p>\n<p><strong>Cr\u00eapes professionnelles &#8211; Faciles \u00e0 pr\u00e9parer \u00e0 la maison<\/strong><\/p>\n<p>Le secret d&#8217;une cr\u00eape de qualit\u00e9 r\u00e9side dans la technologie.<br \/>\nLa cr\u00eapi\u00e8re CM 1300 a \u00e9t\u00e9 d\u00e9velopp\u00e9e par CASO Design pour offrir une exp\u00e9rience culinaire in\u00e9gal\u00e9e. Avec sa surface de cuisson extra-large de 33\u00a0cm de diam\u00e8tre, elle offre suffisamment d&#8217;espace pour des cr\u00eapes g\u00e9n\u00e9reuses et ultra-fines, comme au parc d&#8217;attractions.<br \/>\nL&#8217;absence de rebord permet de r\u00e9partir uniform\u00e9ment la cr\u00eape et de la retourner parfaitement.<\/p>\n<p><strong>Chaleur uniforme pour des r\u00e9sultats parfaits<\/strong><\/p>\n<p>Gr\u00e2ce \u00e0 un \u00e9l\u00e9ment chauffant soud\u00e9, toute la surface de cuisson est chauff\u00e9e de mani\u00e8re particuli\u00e8rement uniforme\u00a0: un avantage d\u00e9cisif par rapport aux po\u00eales traditionnelles ou aux appareils moins chers.<br \/>\nLe rev\u00eatement antiadh\u00e9sif ILAG de haute qualit\u00e9 garantit que rien n&#8217;attache et que les cr\u00eapes sont cuites comme au four, m\u00eame sans ajout de mati\u00e8re grasse.<br \/>\nAvec huit r\u00e9glages de temp\u00e9rature, facilement r\u00e9glables gr\u00e2ce \u00e0 un curseur pratique, vous ma\u00eetrisez parfaitement vos cr\u00e9ations de cr\u00eapes.<\/p>\n<p><strong>Design sophistiqu\u00e9 et facilit\u00e9 d&#8217;utilisation<\/strong><\/p>\n<p>Cette cr\u00eapi\u00e8re est non seulement fonctionnelle, mais aussi esth\u00e9tique\u00a0: son design cylindrique en acier inoxydable bross\u00e9 est moderne, compact et attirera tous les regards dans toutes les cuisines.<br \/>\nUn \u00e9cran LED int\u00e9gr\u00e9 indique lorsque la temp\u00e9rature optimale est atteinte, garantissant ainsi une cuisson parfaite de chaque cr\u00eape. Gr\u00e2ce \u00e0 son poids l\u00e9ger de seulement 1,9 kg, l&#8217;appareil est facile \u00e0 ranger et \u00e0 transporter, id\u00e9al pour des moments de plaisir spontan\u00e9s.<\/p>\n<p><strong>Tout le n\u00e9cessaire pour une prise en main parfaite<\/strong><\/p>\n<p>Pour une utilisation imm\u00e9diate, le kit comprend une spatule \u00e0 cr\u00eapes et une pelle \u00e0 cr\u00eapes en bois, digne des professionnels. Il vous suffit d&#8217;une simple p\u00e2te \u00e0 cr\u00eapes et d&#8217;une id\u00e9e cr\u00e9ative pour la garniture.<\/p>\n<p>Le CM 1300 est donc id\u00e9al pour les familles, les gourmets et tous ceux qui souhaitent r\u00e9galer leurs invit\u00e9s.<\/p>\n<p><strong>Dimensions\u00a0:<\/strong>35,5 x 33 x 10 cm<strong><br \/>\nPoids\u00a0:<\/strong>1,9 kg<br \/>\n<strong>Puissance (watts)\u00a0:<\/strong>1300<strong><br \/>\nTension\u00a0:<\/strong> 220-240 V~, 50-60 Hz<\/p>\n","protected":false},"excerpt":{"rendered":"<p>Le parfum du carnaval dans votre cuisine Qui ne conna\u00eet pas ces instants magiques o\u00f9 l&#8217;odeur des cr\u00eapes fra\u00eechement cuites<\/p>\n","protected":false},"featured_media":510846,"template":"","meta":{"_acf_changed":false,"inline_featured_image":false},"product_cat":[12449],"product_tag":[12459,15733,23261,12817],"acf":[],"yoast_head":"<!-- This site is optimized with the Yoast SEO Premium plugin v18.6 (Yoast SEO v19.13) - https:\/\/yoast.com\/wordpress\/plugins\/seo\/ -->\n<title>MAGIMIX Cr\u00eapi\u00e8re \u00e9lectrique CM 1300 - Erresse Shop<\/title>\n<meta name=\"description\" content=\"Le parfum du carnaval dans votre cuisine Qui ne conna\u00eet pas ces instants magiques o\u00f9 l&#039;odeur des cr\u00eapes fra\u00eechement cuites embaume l&#039;air d&#039;un march\u00e9 de\" \/>\n<meta name=\"robots\" content=\"index, follow, max-snippet:-1, max-image-preview:large, max-video-preview:-1\" \/>\n<link rel=\"canonical\" href=\"https:\/\/www.erresse-shop.it\/fr\/shop\/petits-electromenagers\/magimix-crepiere-electrique-cm-1300\/\" \/>\n<meta property=\"og:locale\" content=\"fr_FR\" \/>\n<meta property=\"og:type\" content=\"article\" \/>\n<meta property=\"og:title\" content=\"MAGIMIX Cr\u00eapi\u00e8re \u00e9lectrique CM 1300\" \/>\n<meta property=\"og:description\" content=\"Le parfum du carnaval dans votre cuisine Qui ne conna\u00eet pas ces instants magiques o\u00f9 l&#039;odeur des cr\u00eapes fra\u00eechement cuites embaume l&#039;air d&#039;un march\u00e9 de\" \/>\n<meta property=\"og:url\" content=\"https:\/\/www.erresse-shop.it\/fr\/shop\/petits-electromenagers\/magimix-crepiere-electrique-cm-1300\/\" \/>\n<meta property=\"og:site_name\" content=\"Erresse Shop\" \/>\n<meta property=\"article:modified_time\" content=\"2025-08-27T07:16:41+00:00\" \/>\n<meta property=\"og:image\" content=\"https:\/\/www.erresse-shop.it\/wp-content\/uploads\/2025\/08\/CASO-DESIGN-Crepiera-Elettrica-CM-1300.jpg\" \/>\n\t<meta property=\"og:image:width\" content=\"1200\" \/>\n\t<meta property=\"og:image:height\" content=\"1200\" \/>\n\t<meta property=\"og:image:type\" content=\"image\/jpeg\" \/>\n<meta name=\"twitter:card\" content=\"summary_large_image\" \/>\n<script type=\"application\/ld+json\" class=\"yoast-schema-graph\">{\"@context\":\"https:\/\/schema.org\",\"@graph\":[{\"@type\":\"WebPage\",\"@id\":\"https:\/\/www.erresse-shop.it\/fr\/shop\/petits-electromenagers\/magimix-crepiere-electrique-cm-1300\/\",\"url\":\"https:\/\/www.erresse-shop.it\/fr\/shop\/petits-electromenagers\/magimix-crepiere-electrique-cm-1300\/\",\"name\":\"MAGIMIX Cr\u00eapi\u00e8re \u00e9lectrique CM 1300 - Erresse Shop\",\"isPartOf\":{\"@id\":\"https:\/\/www.erresse-shop.it\/fr\/#website\"},\"datePublished\":\"2025-08-27T06:57:11+00:00\",\"dateModified\":\"2025-08-27T07:16:41+00:00\",\"description\":\"Le parfum du carnaval dans votre cuisine Qui ne conna\u00eet pas ces instants magiques o\u00f9 l'odeur des cr\u00eapes fra\u00eechement cuites embaume l'air d'un march\u00e9 de\",\"breadcrumb\":{\"@id\":\"https:\/\/www.erresse-shop.it\/fr\/shop\/petits-electromenagers\/magimix-crepiere-electrique-cm-1300\/#breadcrumb\"},\"inLanguage\":\"fr-FR\",\"potentialAction\":[{\"@type\":\"ReadAction\",\"target\":[\"https:\/\/www.erresse-shop.it\/fr\/shop\/petits-electromenagers\/magimix-crepiere-electrique-cm-1300\/\"]}]},{\"@type\":\"BreadcrumbList\",\"@id\":\"https:\/\/www.erresse-shop.it\/fr\/shop\/petits-electromenagers\/magimix-crepiere-electrique-cm-1300\/#breadcrumb\",\"itemListElement\":[{\"@type\":\"ListItem\",\"position\":1,\"name\":\"Home\",\"item\":\"https:\/\/www.erresse-shop.it\/fr\/\"},{\"@type\":\"ListItem\",\"position\":2,\"name\":\"Shop\",\"item\":\"https:\/\/www.erresse-shop.it\/fr\/shop\/\"},{\"@type\":\"ListItem\",\"position\":3,\"name\":\"MAGIMIX Cr\u00eapi\u00e8re \u00e9lectrique CM 1300\"}]},{\"@type\":\"WebSite\",\"@id\":\"https:\/\/www.erresse-shop.it\/fr\/#website\",\"url\":\"https:\/\/www.erresse-shop.it\/fr\/\",\"name\":\"Erresse Shop\",\"description\":\"Articoli di qualit\u00e0 per la casa\",\"potentialAction\":[{\"@type\":\"SearchAction\",\"target\":{\"@type\":\"EntryPoint\",\"urlTemplate\":\"https:\/\/www.erresse-shop.it\/fr\/?s={search_term_string}\"},\"query-input\":\"required name=search_term_string\"}],\"inLanguage\":\"fr-FR\"}]}<\/script>\n<!-- \/ Yoast SEO Premium plugin. -->","yoast_head_json":{"title":"MAGIMIX Cr\u00eapi\u00e8re \u00e9lectrique CM 1300 - Erresse Shop","description":"Le parfum du carnaval dans votre cuisine Qui ne conna\u00eet pas ces instants magiques o\u00f9 l'odeur des cr\u00eapes fra\u00eechement cuites embaume l'air d'un march\u00e9 de","robots":{"index":"index","follow":"follow","max-snippet":"max-snippet:-1","max-image-preview":"max-image-preview:large","max-video-preview":"max-video-preview:-1"},"canonical":"https:\/\/www.erresse-shop.it\/fr\/shop\/petits-electromenagers\/magimix-crepiere-electrique-cm-1300\/","og_locale":"fr_FR","og_type":"article","og_title":"MAGIMIX Cr\u00eapi\u00e8re \u00e9lectrique CM 1300","og_description":"Le parfum du carnaval dans votre cuisine Qui ne conna\u00eet pas ces instants magiques o\u00f9 l'odeur des cr\u00eapes fra\u00eechement cuites embaume l'air d'un march\u00e9 de","og_url":"https:\/\/www.erresse-shop.it\/fr\/shop\/petits-electromenagers\/magimix-crepiere-electrique-cm-1300\/","og_site_name":"Erresse Shop","article_modified_time":"2025-08-27T07:16:41+00:00","og_image":[{"width":1200,"height":1200,"url":"https:\/\/www.erresse-shop.it\/wp-content\/uploads\/2025\/08\/CASO-DESIGN-Crepiera-Elettrica-CM-1300.jpg","type":"image\/jpeg"}],"twitter_card":"summary_large_image","schema":{"@context":"https:\/\/schema.org","@graph":[{"@type":"WebPage","@id":"https:\/\/www.erresse-shop.it\/fr\/shop\/petits-electromenagers\/magimix-crepiere-electrique-cm-1300\/","url":"https:\/\/www.erresse-shop.it\/fr\/shop\/petits-electromenagers\/magimix-crepiere-electrique-cm-1300\/","name":"MAGIMIX Cr\u00eapi\u00e8re \u00e9lectrique CM 1300 - Erresse Shop","isPartOf":{"@id":"https:\/\/www.erresse-shop.it\/fr\/#website"},"datePublished":"2025-08-27T06:57:11+00:00","dateModified":"2025-08-27T07:16:41+00:00","description":"Le parfum du carnaval dans votre cuisine Qui ne conna\u00eet pas ces instants magiques o\u00f9 l'odeur des cr\u00eapes fra\u00eechement cuites embaume l'air d'un march\u00e9 de","breadcrumb":{"@id":"https:\/\/www.erresse-shop.it\/fr\/shop\/petits-electromenagers\/magimix-crepiere-electrique-cm-1300\/#breadcrumb"},"inLanguage":"fr-FR","potentialAction":[{"@type":"ReadAction","target":["https:\/\/www.erresse-shop.it\/fr\/shop\/petits-electromenagers\/magimix-crepiere-electrique-cm-1300\/"]}]},{"@type":"BreadcrumbList","@id":"https:\/\/www.erresse-shop.it\/fr\/shop\/petits-electromenagers\/magimix-crepiere-electrique-cm-1300\/#breadcrumb","itemListElement":[{"@type":"ListItem","position":1,"name":"Home","item":"https:\/\/www.erresse-shop.it\/fr\/"},{"@type":"ListItem","position":2,"name":"Shop","item":"https:\/\/www.erresse-shop.it\/fr\/shop\/"},{"@type":"ListItem","position":3,"name":"MAGIMIX Cr\u00eapi\u00e8re \u00e9lectrique CM 1300"}]},{"@type":"WebSite","@id":"https:\/\/www.erresse-shop.it\/fr\/#website","url":"https:\/\/www.erresse-shop.it\/fr\/","name":"Erresse Shop","description":"Articoli di qualit\u00e0 per la casa","potentialAction":[{"@type":"SearchAction","target":{"@type":"EntryPoint","urlTemplate":"https:\/\/www.erresse-shop.it\/fr\/?s={search_term_string}"},"query-input":"required name=search_term_string"}],"inLanguage":"fr-FR"}]}},"df_price":54.99,"df_sale_price":54.99,"df_regular_price":54.99,"df_image_link":"https:\/\/www.erresse-shop.it\/wp-content\/uploads\/2025\/08\/CASO-DESIGN-Crepiera-Elettrica-CM-1300-300x300.jpg","_links":{"self":[{"href":"https:\/\/www.erresse-shop.it\/fr\/wp-json\/wp\/v2\/product\/510827"}],"collection":[{"href":"https:\/\/www.erresse-shop.it\/fr\/wp-json\/wp\/v2\/product"}],"about":[{"href":"https:\/\/www.erresse-shop.it\/fr\/wp-json\/wp\/v2\/types\/product"}],"wp:featuredmedia":[{"embeddable":true,"href":"https:\/\/www.erresse-shop.it\/fr\/wp-json\/wp\/v2\/media\/510846"}],"wp:attachment":[{"href":"https:\/\/www.erresse-shop.it\/fr\/wp-json\/wp\/v2\/media?parent=510827"}],"wp:term":[{"taxonomy":"product_cat","embeddable":true,"href":"https:\/\/www.erresse-shop.it\/fr\/wp-json\/wp\/v2\/product_cat?post=510827"},{"taxonomy":"product_tag","embeddable":true,"href":"https:\/\/www.erresse-shop.it\/fr\/wp-json\/wp\/v2\/product_tag?post=510827"}],"curies":[{"name":"wp","href":"https:\/\/api.w.org\/{rel}","templated":true}]}}