{"id":510803,"date":"2025-08-27T06:34:21","date_gmt":"2025-08-27T06:34:23","guid":{"rendered":"https:\/\/www.erresse-shop.it\/?post_type=product&#038;p=510803"},"modified":"2025-08-27T06:53:49","modified_gmt":"2025-08-27T06:53:49","slug":"magimix-hachoir-fw-2000","status":"publish","type":"product","link":"https:\/\/www.erresse-shop.it\/fr\/shop\/petits-electromenagers\/robots-de-cuisine\/magimix-hachoir-fw-2000\/","title":{"rendered":"MAGIMIX Hachoir FW 2000"},"content":{"rendered":"<p><strong>Hachoir \u00e0 viande CASO Design \u00ab\u00a0FW 2000\u00a0\u00bb\u00a0: une finition parfaite pour votre cuisine<\/strong><\/p>\n<p>Cet appareil exceptionnel transforme votre cuisine en un laboratoire gastronomique o\u00f9 vous saurez toujours exactement ce que contiennent vos plats.<br \/>\nAvec son bo\u00eetier robuste en aluminium moul\u00e9 sous pression et ses lames en acier inoxydable de haute qualit\u00e9, le FW 2000 offre non seulement une durabilit\u00e9 exceptionnelle, mais aussi des performances exceptionnelles.<\/p>\n<p><strong>Performances impressionnantes<\/strong><\/p>\n<p>Le FW 2000 est \u00e9quip\u00e9 d&#8217;un moteur puissant qui, avec une puissance nominale de 800\u00a0watts et une puissance maximale de 2000\u00a0watts, r\u00e9pond facilement \u00e0 tous vos besoins.<br \/>\nQue ce soit pour de la viande hach\u00e9e fine ou des saucisses grossi\u00e8res, ce hachoir \u00e0 viande traite jusqu&#8217;\u00e0 2,5\u00a0kg de viande par minute, garantissant un travail efficace m\u00eame avec de grandes quantit\u00e9s.<\/p>\n<p><strong>R\u00e9sultats de coupe pr\u00e9cis et polyvalents<\/strong><\/p>\n<p>Les lames en acier inoxydable de haute qualit\u00e9 et les diff\u00e9rents jeux de coupe font du FW 2000 un outil de cuisine indispensable. Gr\u00e2ce \u00e0 ses trois lames de coupe en acier inoxydable (3 mm, 5 mm et 8 mm), vous pouvez ajuster la consistance de vos pr\u00e9parations de viande.<br \/>\nLes accessoires inclus, tels que le poussoir \u00e0 saucisses et l&#8217;accessoire \u00e0 p\u00e2tisserie, \u00e9largissent votre champ d&#8217;application et laissent libre cours \u00e0 votre cr\u00e9ativit\u00e9.<\/p>\n<p><strong>Priorit\u00e9 \u00e0 la simplicit\u00e9 d&#8217;utilisation<\/strong><\/p>\n<p>Le hachoir \u00e0 viande FW 2000 est non seulement puissant, mais aussi extr\u00eamement facile \u00e0 utiliser.<br \/>\nL&#8217;accessoire facilement amovible et le grand plateau d&#8217;alimentation en aluminium garantissent une utilisation pratique.<br \/>\nGr\u00e2ce \u00e0 la rotation avant\/arri\u00e8re et aux deux vitesses, vous pouvez adapter le hachoir \u00e0 vos besoins et \u00e9liminer facilement les blocages.<\/p>\n<p><strong>Dimensions\u00a0:<\/strong>18 x 37 x 35,5 cm<br \/>\n<strong>Poids\u00a0:<\/strong>5,5 kg<br \/>\n<strong>Puissance (watts)\u00a0:<\/strong>2000<br \/>\n<strong>Tension\u00a0:<\/strong>220-240 V~, 50-60 Hz<\/p>\n","protected":false},"excerpt":{"rendered":"<p>Hachoir \u00e0 viande CASO Design \u00ab\u00a0FW 2000\u00a0\u00bb\u00a0: une finition parfaite pour votre cuisine Cet appareil exceptionnel transforme votre cuisine en<\/p>\n","protected":false},"featured_media":510823,"template":"","meta":{"_acf_changed":false,"inline_featured_image":false},"product_cat":[12449,12768],"product_tag":[17956,15733,23261,12817],"acf":[],"yoast_head":"<!-- This site is optimized with the Yoast SEO Premium plugin v18.6 (Yoast SEO v19.13) - https:\/\/yoast.com\/wordpress\/plugins\/seo\/ -->\n<title>MAGIMIX Hachoir FW 2000 - Erresse Shop<\/title>\n<meta name=\"description\" content=\"Hachoir \u00e0 viande CASO Design \u00ab\u00a0FW 2000\u00a0\u00bb\u00a0: une finition parfaite pour votre cuisine Cet appareil exceptionnel transforme votre cuisine en un laboratoire\" \/>\n<meta name=\"robots\" content=\"index, follow, max-snippet:-1, max-image-preview:large, max-video-preview:-1\" \/>\n<link rel=\"canonical\" href=\"https:\/\/www.erresse-shop.it\/fr\/shop\/petits-electromenagers\/robots-de-cuisine\/magimix-hachoir-fw-2000\/\" \/>\n<meta property=\"og:locale\" content=\"fr_FR\" \/>\n<meta property=\"og:type\" content=\"article\" \/>\n<meta property=\"og:title\" content=\"MAGIMIX Hachoir FW 2000\" \/>\n<meta property=\"og:description\" content=\"Hachoir \u00e0 viande CASO Design \u00ab\u00a0FW 2000\u00a0\u00bb\u00a0: une finition parfaite pour votre cuisine Cet appareil exceptionnel transforme votre cuisine en un laboratoire\" \/>\n<meta property=\"og:url\" content=\"https:\/\/www.erresse-shop.it\/fr\/shop\/petits-electromenagers\/robots-de-cuisine\/magimix-hachoir-fw-2000\/\" \/>\n<meta property=\"og:site_name\" content=\"Erresse Shop\" \/>\n<meta property=\"article:modified_time\" content=\"2025-08-27T06:53:49+00:00\" \/>\n<meta property=\"og:image\" content=\"https:\/\/www.erresse-shop.it\/wp-content\/uploads\/2025\/08\/CASO-DESIGN-Tritacarne-FW-2000.jpg\" \/>\n\t<meta property=\"og:image:width\" content=\"1200\" \/>\n\t<meta property=\"og:image:height\" content=\"1200\" \/>\n\t<meta property=\"og:image:type\" content=\"image\/jpeg\" \/>\n<meta name=\"twitter:card\" content=\"summary_large_image\" \/>\n<script type=\"application\/ld+json\" class=\"yoast-schema-graph\">{\"@context\":\"https:\/\/schema.org\",\"@graph\":[{\"@type\":\"WebPage\",\"@id\":\"https:\/\/www.erresse-shop.it\/fr\/shop\/petits-electromenagers\/robots-de-cuisine\/magimix-hachoir-fw-2000\/\",\"url\":\"https:\/\/www.erresse-shop.it\/fr\/shop\/petits-electromenagers\/robots-de-cuisine\/magimix-hachoir-fw-2000\/\",\"name\":\"MAGIMIX Hachoir FW 2000 - Erresse Shop\",\"isPartOf\":{\"@id\":\"https:\/\/www.erresse-shop.it\/fr\/#website\"},\"datePublished\":\"2025-08-27T06:34:23+00:00\",\"dateModified\":\"2025-08-27T06:53:49+00:00\",\"description\":\"Hachoir \u00e0 viande CASO Design \u00ab\u00a0FW 2000\u00a0\u00bb\u00a0: une finition parfaite pour votre cuisine Cet appareil exceptionnel transforme votre cuisine en un laboratoire\",\"breadcrumb\":{\"@id\":\"https:\/\/www.erresse-shop.it\/fr\/shop\/petits-electromenagers\/robots-de-cuisine\/magimix-hachoir-fw-2000\/#breadcrumb\"},\"inLanguage\":\"fr-FR\",\"potentialAction\":[{\"@type\":\"ReadAction\",\"target\":[\"https:\/\/www.erresse-shop.it\/fr\/shop\/petits-electromenagers\/robots-de-cuisine\/magimix-hachoir-fw-2000\/\"]}]},{\"@type\":\"BreadcrumbList\",\"@id\":\"https:\/\/www.erresse-shop.it\/fr\/shop\/petits-electromenagers\/robots-de-cuisine\/magimix-hachoir-fw-2000\/#breadcrumb\",\"itemListElement\":[{\"@type\":\"ListItem\",\"position\":1,\"name\":\"Home\",\"item\":\"https:\/\/www.erresse-shop.it\/fr\/\"},{\"@type\":\"ListItem\",\"position\":2,\"name\":\"Shop\",\"item\":\"https:\/\/www.erresse-shop.it\/fr\/shop\/\"},{\"@type\":\"ListItem\",\"position\":3,\"name\":\"MAGIMIX Hachoir FW 2000\"}]},{\"@type\":\"WebSite\",\"@id\":\"https:\/\/www.erresse-shop.it\/fr\/#website\",\"url\":\"https:\/\/www.erresse-shop.it\/fr\/\",\"name\":\"Erresse Shop\",\"description\":\"Articoli di qualit\u00e0 per la casa\",\"potentialAction\":[{\"@type\":\"SearchAction\",\"target\":{\"@type\":\"EntryPoint\",\"urlTemplate\":\"https:\/\/www.erresse-shop.it\/fr\/?s={search_term_string}\"},\"query-input\":\"required name=search_term_string\"}],\"inLanguage\":\"fr-FR\"}]}<\/script>\n<!-- \/ Yoast SEO Premium plugin. -->","yoast_head_json":{"title":"MAGIMIX Hachoir FW 2000 - Erresse Shop","description":"Hachoir \u00e0 viande CASO Design \u00ab\u00a0FW 2000\u00a0\u00bb\u00a0: une finition parfaite pour votre cuisine Cet appareil exceptionnel transforme votre cuisine en un laboratoire","robots":{"index":"index","follow":"follow","max-snippet":"max-snippet:-1","max-image-preview":"max-image-preview:large","max-video-preview":"max-video-preview:-1"},"canonical":"https:\/\/www.erresse-shop.it\/fr\/shop\/petits-electromenagers\/robots-de-cuisine\/magimix-hachoir-fw-2000\/","og_locale":"fr_FR","og_type":"article","og_title":"MAGIMIX Hachoir FW 2000","og_description":"Hachoir \u00e0 viande CASO Design \u00ab\u00a0FW 2000\u00a0\u00bb\u00a0: une finition parfaite pour votre cuisine Cet appareil exceptionnel transforme votre cuisine en un laboratoire","og_url":"https:\/\/www.erresse-shop.it\/fr\/shop\/petits-electromenagers\/robots-de-cuisine\/magimix-hachoir-fw-2000\/","og_site_name":"Erresse Shop","article_modified_time":"2025-08-27T06:53:49+00:00","og_image":[{"width":1200,"height":1200,"url":"https:\/\/www.erresse-shop.it\/wp-content\/uploads\/2025\/08\/CASO-DESIGN-Tritacarne-FW-2000.jpg","type":"image\/jpeg"}],"twitter_card":"summary_large_image","schema":{"@context":"https:\/\/schema.org","@graph":[{"@type":"WebPage","@id":"https:\/\/www.erresse-shop.it\/fr\/shop\/petits-electromenagers\/robots-de-cuisine\/magimix-hachoir-fw-2000\/","url":"https:\/\/www.erresse-shop.it\/fr\/shop\/petits-electromenagers\/robots-de-cuisine\/magimix-hachoir-fw-2000\/","name":"MAGIMIX Hachoir FW 2000 - Erresse Shop","isPartOf":{"@id":"https:\/\/www.erresse-shop.it\/fr\/#website"},"datePublished":"2025-08-27T06:34:23+00:00","dateModified":"2025-08-27T06:53:49+00:00","description":"Hachoir \u00e0 viande CASO Design \u00ab\u00a0FW 2000\u00a0\u00bb\u00a0: une finition parfaite pour votre cuisine Cet appareil exceptionnel transforme votre cuisine en un laboratoire","breadcrumb":{"@id":"https:\/\/www.erresse-shop.it\/fr\/shop\/petits-electromenagers\/robots-de-cuisine\/magimix-hachoir-fw-2000\/#breadcrumb"},"inLanguage":"fr-FR","potentialAction":[{"@type":"ReadAction","target":["https:\/\/www.erresse-shop.it\/fr\/shop\/petits-electromenagers\/robots-de-cuisine\/magimix-hachoir-fw-2000\/"]}]},{"@type":"BreadcrumbList","@id":"https:\/\/www.erresse-shop.it\/fr\/shop\/petits-electromenagers\/robots-de-cuisine\/magimix-hachoir-fw-2000\/#breadcrumb","itemListElement":[{"@type":"ListItem","position":1,"name":"Home","item":"https:\/\/www.erresse-shop.it\/fr\/"},{"@type":"ListItem","position":2,"name":"Shop","item":"https:\/\/www.erresse-shop.it\/fr\/shop\/"},{"@type":"ListItem","position":3,"name":"MAGIMIX Hachoir FW 2000"}]},{"@type":"WebSite","@id":"https:\/\/www.erresse-shop.it\/fr\/#website","url":"https:\/\/www.erresse-shop.it\/fr\/","name":"Erresse Shop","description":"Articoli di qualit\u00e0 per la casa","potentialAction":[{"@type":"SearchAction","target":{"@type":"EntryPoint","urlTemplate":"https:\/\/www.erresse-shop.it\/fr\/?s={search_term_string}"},"query-input":"required name=search_term_string"}],"inLanguage":"fr-FR"}]}},"df_price":159.99,"df_sale_price":159.99,"df_regular_price":159.99,"df_image_link":"https:\/\/www.erresse-shop.it\/wp-content\/uploads\/2025\/08\/CASO-DESIGN-Tritacarne-FW-2000-300x300.jpg","_links":{"self":[{"href":"https:\/\/www.erresse-shop.it\/fr\/wp-json\/wp\/v2\/product\/510803"}],"collection":[{"href":"https:\/\/www.erresse-shop.it\/fr\/wp-json\/wp\/v2\/product"}],"about":[{"href":"https:\/\/www.erresse-shop.it\/fr\/wp-json\/wp\/v2\/types\/product"}],"wp:featuredmedia":[{"embeddable":true,"href":"https:\/\/www.erresse-shop.it\/fr\/wp-json\/wp\/v2\/media\/510823"}],"wp:attachment":[{"href":"https:\/\/www.erresse-shop.it\/fr\/wp-json\/wp\/v2\/media?parent=510803"}],"wp:term":[{"taxonomy":"product_cat","embeddable":true,"href":"https:\/\/www.erresse-shop.it\/fr\/wp-json\/wp\/v2\/product_cat?post=510803"},{"taxonomy":"product_tag","embeddable":true,"href":"https:\/\/www.erresse-shop.it\/fr\/wp-json\/wp\/v2\/product_tag?post=510803"}],"curies":[{"name":"wp","href":"https:\/\/api.w.org\/{rel}","templated":true}]}}