{"id":510790,"date":"2025-08-26T13:28:17","date_gmt":"2025-08-26T13:28:21","guid":{"rendered":"https:\/\/www.erresse-shop.it\/?post_type=product&#038;p=510790"},"modified":"2025-08-27T06:28:36","modified_gmt":"2025-08-27T06:28:36","slug":"caso-design-plaque-de-gril-steakmaster-pro","status":"publish","type":"product","link":"https:\/\/www.erresse-shop.it\/fr\/shop\/petits-electromenagers\/grilles-et-barbecues\/caso-design-plaque-de-gril-steakmaster-pro\/","title":{"rendered":"CASO DESIGN Plaque de gril SteakMaster Pro"},"content":{"rendered":"<p>CASO SteakMaster Pro\u00a0: la perfection pour vos grillades<\/p>\n<p>CASO SteakMaster Pro est le gril \u00e9lectrique id\u00e9al pour les amateurs de grillades polyvalentes, simples et pr\u00e9cises. Gr\u00e2ce \u00e0 sa fonctionnalit\u00e9 3 en 1, il r\u00e9pond \u00e0 tous vos besoins\u00a0: steaks juteux, poisson tendre ou paninis croustillants, chaque plat est un jeu d&#8217;enfant.<\/p>\n<p>Avec sa puissance de 2\u00a0000\u00a0watts, il chauffe rapidement et assure une r\u00e9partition homog\u00e8ne de la chaleur, pour des grillades parfaites et fondantes en bouche.<\/p>\n<p>SteakMaster Pro vous offre une exp\u00e9rience de grillade id\u00e9ale directement dans votre cuisine.<\/p>\n<p>Cuisson pr\u00e9cise gr\u00e2ce au thermom\u00e8tre int\u00e9gr\u00e9<\/p>\n<p>Gr\u00e2ce au capteur de temp\u00e9rature \u00e0 c\u0153ur int\u00e9gr\u00e9, vous pouvez d\u00e9sormais griller tous vos aliments avec une pr\u00e9cision maximale. SteakMaster Pro d\u00e9termine la temp\u00e9rature \u00e0 c\u0153ur exacte pour une cuisson parfaite de la viande, de la volaille, du poisson ou des l\u00e9gumes.<\/p>\n<p>Fini les mauvaises surprises\u00a0: vous \u00eates assur\u00e9 d&#8217;obtenir des r\u00e9sultats de grillades parfaits. Gr\u00e2ce \u00e0 la temp\u00e9rature r\u00e9glable manuellement de 80 \u00e0 240 \u00b0C et \u00e0 la minuterie jusqu&#8217;\u00e0 60 minutes, le gril s&#8217;adapte parfaitement \u00e0 vos besoins.<\/p>\n<p><strong>Polyvalence pour une exp\u00e9rience de grillade optimale<\/strong><\/p>\n<p>Gr\u00e2ce \u00e0 sa fonction 3 en 1, vous pouvez l&#8217;utiliser selon vos besoins. En gril de contact, il cuit paninis et sandwichs jusqu&#8217;\u00e0 ce qu&#8217;ils soient dor\u00e9s et croustillants. En version grande ou petite, il est id\u00e9al pour les grandes tabl\u00e9es et les grillades XXL.<br \/>\nUne fois ouvert, le gril se transforme en gril de table XXL avec une surface de cuisson impressionnante d&#8217;environ 1\u00a0632 cm\u00b2. Cette taille est id\u00e9ale pour griller plusieurs portions \u00e0 la fois, id\u00e9ale pour les familles ou les barbecues entre amis.<\/p>\n<p><strong>Nettoyage facile gr\u00e2ce au rev\u00eatement antiadh\u00e9sif<\/strong><\/p>\n<p>Le SteakMaster Pro est non seulement puissant, mais aussi facile \u00e0 nettoyer. Les plaques amovibles sont dot\u00e9es d&#8217;un rev\u00eatement antiadh\u00e9sif de haute qualit\u00e9 qui emp\u00eache les aliments de coller.<br \/>\nLes plaques de cuisson, lisses et nervur\u00e9es, sont sans PFAS et passent au lave-vaisselle. Le nettoyage apr\u00e8s cuisson est ainsi un jeu d&#8217;enfant.<br \/>\nLe gril est \u00e9galement \u00e9quip\u00e9 d&#8217;un bac \u00e0 graisse amovible qui r\u00e9cup\u00e8re les graisses et les huiles, facilitant ainsi le nettoyage.<\/p>\n<p><strong>Utilisation pratique gr\u00e2ce au panneau de commande tactile num\u00e9rique<\/strong><\/p>\n<p>SteakMaster Pro offre une utilisation intuitive gr\u00e2ce \u00e0 son panneau de commande tactile num\u00e9rique. La s\u00e9lection pratique des programmes pour les burgers\/paninis, la volaille, les saucisses, la viande, le poisson et les l\u00e9gumes simplifie consid\u00e9rablement la cuisson.<br \/>\nEn quelques clics, s\u00e9lectionnez le programme le mieux adapt\u00e9 \u00e0 vos aliments et d\u00e9tendez-vous pendant que le gril fait le reste. Pour encore plus de flexibilit\u00e9, vous pouvez \u00e9galement r\u00e9gler manuellement la temp\u00e9rature et le temps de cuisson pour des r\u00e9sultats parfaits.<\/p>\n<p>Dimensions\u00a0: 35 x 42,5 x 18,5 cm<br \/>\nPoids\u00a0: 8,15 kg<br \/>\nPuissance (watts)\u00a0: 2000<br \/>\nTension\u00a0: 220-240 V, 50\/60 Hz<br \/>\nType de prise\u00a0: Schuko<\/p>\n","protected":false},"excerpt":{"rendered":"<p>CASO SteakMaster Pro\u00a0: la perfection pour vos grillades CASO SteakMaster Pro est le gril \u00e9lectrique id\u00e9al pour les amateurs de<\/p>\n","protected":false},"featured_media":510778,"template":"","meta":{"_acf_changed":false,"inline_featured_image":false},"product_cat":[13383,12449],"product_tag":[12948,12858,13269,15733],"acf":[],"yoast_head":"<!-- This site is optimized with the Yoast SEO Premium plugin v18.6 (Yoast SEO v19.13) - https:\/\/yoast.com\/wordpress\/plugins\/seo\/ -->\n<title>CASO DESIGN Plaque de gril SteakMaster Pro - Erresse Shop<\/title>\n<meta name=\"description\" content=\"CASO SteakMaster Pro\u00a0: la perfection pour vos grillades CASO SteakMaster Pro est le gril \u00e9lectrique id\u00e9al pour les amateurs de grillades polyvalentes,\" \/>\n<meta name=\"robots\" content=\"index, follow, max-snippet:-1, max-image-preview:large, max-video-preview:-1\" \/>\n<link rel=\"canonical\" href=\"https:\/\/www.erresse-shop.it\/fr\/shop\/petits-electromenagers\/grilles-et-barbecues\/caso-design-plaque-de-gril-steakmaster-pro\/\" \/>\n<meta property=\"og:locale\" content=\"fr_FR\" \/>\n<meta property=\"og:type\" content=\"article\" \/>\n<meta property=\"og:title\" content=\"CASO DESIGN Plaque de gril SteakMaster Pro\" \/>\n<meta property=\"og:description\" content=\"CASO SteakMaster Pro\u00a0: la perfection pour vos grillades CASO SteakMaster Pro est le gril \u00e9lectrique id\u00e9al pour les amateurs de grillades polyvalentes,\" \/>\n<meta property=\"og:url\" content=\"https:\/\/www.erresse-shop.it\/fr\/shop\/petits-electromenagers\/grilles-et-barbecues\/caso-design-plaque-de-gril-steakmaster-pro\/\" \/>\n<meta property=\"og:site_name\" content=\"Erresse Shop\" \/>\n<meta property=\"article:modified_time\" content=\"2025-08-27T06:28:36+00:00\" \/>\n<meta property=\"og:image\" content=\"https:\/\/www.erresse-shop.it\/wp-content\/uploads\/2025\/08\/CASO-DESIGN-Piastra-per-Grigliare-SteakChef.jpg\" \/>\n\t<meta property=\"og:image:width\" content=\"1200\" \/>\n\t<meta property=\"og:image:height\" content=\"1200\" \/>\n\t<meta property=\"og:image:type\" content=\"image\/jpeg\" \/>\n<meta name=\"twitter:card\" content=\"summary_large_image\" \/>\n<script type=\"application\/ld+json\" class=\"yoast-schema-graph\">{\"@context\":\"https:\/\/schema.org\",\"@graph\":[{\"@type\":\"WebPage\",\"@id\":\"https:\/\/www.erresse-shop.it\/fr\/shop\/petits-electromenagers\/grilles-et-barbecues\/caso-design-plaque-de-gril-steakmaster-pro\/\",\"url\":\"https:\/\/www.erresse-shop.it\/fr\/shop\/petits-electromenagers\/grilles-et-barbecues\/caso-design-plaque-de-gril-steakmaster-pro\/\",\"name\":\"CASO DESIGN Plaque de gril SteakMaster Pro - Erresse Shop\",\"isPartOf\":{\"@id\":\"https:\/\/www.erresse-shop.it\/fr\/#website\"},\"datePublished\":\"2025-08-26T13:28:21+00:00\",\"dateModified\":\"2025-08-27T06:28:36+00:00\",\"description\":\"CASO SteakMaster Pro\u00a0: la perfection pour vos grillades CASO SteakMaster Pro est le gril \u00e9lectrique id\u00e9al pour les amateurs de grillades polyvalentes,\",\"breadcrumb\":{\"@id\":\"https:\/\/www.erresse-shop.it\/fr\/shop\/petits-electromenagers\/grilles-et-barbecues\/caso-design-plaque-de-gril-steakmaster-pro\/#breadcrumb\"},\"inLanguage\":\"fr-FR\",\"potentialAction\":[{\"@type\":\"ReadAction\",\"target\":[\"https:\/\/www.erresse-shop.it\/fr\/shop\/petits-electromenagers\/grilles-et-barbecues\/caso-design-plaque-de-gril-steakmaster-pro\/\"]}]},{\"@type\":\"BreadcrumbList\",\"@id\":\"https:\/\/www.erresse-shop.it\/fr\/shop\/petits-electromenagers\/grilles-et-barbecues\/caso-design-plaque-de-gril-steakmaster-pro\/#breadcrumb\",\"itemListElement\":[{\"@type\":\"ListItem\",\"position\":1,\"name\":\"Home\",\"item\":\"https:\/\/www.erresse-shop.it\/fr\/\"},{\"@type\":\"ListItem\",\"position\":2,\"name\":\"Shop\",\"item\":\"https:\/\/www.erresse-shop.it\/fr\/shop\/\"},{\"@type\":\"ListItem\",\"position\":3,\"name\":\"CASO DESIGN Plaque de gril SteakMaster Pro\"}]},{\"@type\":\"WebSite\",\"@id\":\"https:\/\/www.erresse-shop.it\/fr\/#website\",\"url\":\"https:\/\/www.erresse-shop.it\/fr\/\",\"name\":\"Erresse Shop\",\"description\":\"Articoli di qualit\u00e0 per la casa\",\"potentialAction\":[{\"@type\":\"SearchAction\",\"target\":{\"@type\":\"EntryPoint\",\"urlTemplate\":\"https:\/\/www.erresse-shop.it\/fr\/?s={search_term_string}\"},\"query-input\":\"required name=search_term_string\"}],\"inLanguage\":\"fr-FR\"}]}<\/script>\n<!-- \/ Yoast SEO Premium plugin. -->","yoast_head_json":{"title":"CASO DESIGN Plaque de gril SteakMaster Pro - Erresse Shop","description":"CASO SteakMaster Pro\u00a0: la perfection pour vos grillades CASO SteakMaster Pro est le gril \u00e9lectrique id\u00e9al pour les amateurs de grillades polyvalentes,","robots":{"index":"index","follow":"follow","max-snippet":"max-snippet:-1","max-image-preview":"max-image-preview:large","max-video-preview":"max-video-preview:-1"},"canonical":"https:\/\/www.erresse-shop.it\/fr\/shop\/petits-electromenagers\/grilles-et-barbecues\/caso-design-plaque-de-gril-steakmaster-pro\/","og_locale":"fr_FR","og_type":"article","og_title":"CASO DESIGN Plaque de gril SteakMaster Pro","og_description":"CASO SteakMaster Pro\u00a0: la perfection pour vos grillades CASO SteakMaster Pro est le gril \u00e9lectrique id\u00e9al pour les amateurs de grillades polyvalentes,","og_url":"https:\/\/www.erresse-shop.it\/fr\/shop\/petits-electromenagers\/grilles-et-barbecues\/caso-design-plaque-de-gril-steakmaster-pro\/","og_site_name":"Erresse Shop","article_modified_time":"2025-08-27T06:28:36+00:00","og_image":[{"width":1200,"height":1200,"url":"https:\/\/www.erresse-shop.it\/wp-content\/uploads\/2025\/08\/CASO-DESIGN-Piastra-per-Grigliare-SteakChef.jpg","type":"image\/jpeg"}],"twitter_card":"summary_large_image","schema":{"@context":"https:\/\/schema.org","@graph":[{"@type":"WebPage","@id":"https:\/\/www.erresse-shop.it\/fr\/shop\/petits-electromenagers\/grilles-et-barbecues\/caso-design-plaque-de-gril-steakmaster-pro\/","url":"https:\/\/www.erresse-shop.it\/fr\/shop\/petits-electromenagers\/grilles-et-barbecues\/caso-design-plaque-de-gril-steakmaster-pro\/","name":"CASO DESIGN Plaque de gril SteakMaster Pro - Erresse Shop","isPartOf":{"@id":"https:\/\/www.erresse-shop.it\/fr\/#website"},"datePublished":"2025-08-26T13:28:21+00:00","dateModified":"2025-08-27T06:28:36+00:00","description":"CASO SteakMaster Pro\u00a0: la perfection pour vos grillades CASO SteakMaster Pro est le gril \u00e9lectrique id\u00e9al pour les amateurs de grillades polyvalentes,","breadcrumb":{"@id":"https:\/\/www.erresse-shop.it\/fr\/shop\/petits-electromenagers\/grilles-et-barbecues\/caso-design-plaque-de-gril-steakmaster-pro\/#breadcrumb"},"inLanguage":"fr-FR","potentialAction":[{"@type":"ReadAction","target":["https:\/\/www.erresse-shop.it\/fr\/shop\/petits-electromenagers\/grilles-et-barbecues\/caso-design-plaque-de-gril-steakmaster-pro\/"]}]},{"@type":"BreadcrumbList","@id":"https:\/\/www.erresse-shop.it\/fr\/shop\/petits-electromenagers\/grilles-et-barbecues\/caso-design-plaque-de-gril-steakmaster-pro\/#breadcrumb","itemListElement":[{"@type":"ListItem","position":1,"name":"Home","item":"https:\/\/www.erresse-shop.it\/fr\/"},{"@type":"ListItem","position":2,"name":"Shop","item":"https:\/\/www.erresse-shop.it\/fr\/shop\/"},{"@type":"ListItem","position":3,"name":"CASO DESIGN Plaque de gril SteakMaster Pro"}]},{"@type":"WebSite","@id":"https:\/\/www.erresse-shop.it\/fr\/#website","url":"https:\/\/www.erresse-shop.it\/fr\/","name":"Erresse Shop","description":"Articoli di qualit\u00e0 per la casa","potentialAction":[{"@type":"SearchAction","target":{"@type":"EntryPoint","urlTemplate":"https:\/\/www.erresse-shop.it\/fr\/?s={search_term_string}"},"query-input":"required name=search_term_string"}],"inLanguage":"fr-FR"}]}},"df_price":299.99,"df_sale_price":299.99,"df_regular_price":299.99,"df_image_link":"https:\/\/www.erresse-shop.it\/wp-content\/uploads\/2025\/08\/CASO-DESIGN-Piastra-per-Grigliare-SteakChef-300x300.jpg","_links":{"self":[{"href":"https:\/\/www.erresse-shop.it\/fr\/wp-json\/wp\/v2\/product\/510790"}],"collection":[{"href":"https:\/\/www.erresse-shop.it\/fr\/wp-json\/wp\/v2\/product"}],"about":[{"href":"https:\/\/www.erresse-shop.it\/fr\/wp-json\/wp\/v2\/types\/product"}],"wp:featuredmedia":[{"embeddable":true,"href":"https:\/\/www.erresse-shop.it\/fr\/wp-json\/wp\/v2\/media\/510778"}],"wp:attachment":[{"href":"https:\/\/www.erresse-shop.it\/fr\/wp-json\/wp\/v2\/media?parent=510790"}],"wp:term":[{"taxonomy":"product_cat","embeddable":true,"href":"https:\/\/www.erresse-shop.it\/fr\/wp-json\/wp\/v2\/product_cat?post=510790"},{"taxonomy":"product_tag","embeddable":true,"href":"https:\/\/www.erresse-shop.it\/fr\/wp-json\/wp\/v2\/product_tag?post=510790"}],"curies":[{"name":"wp","href":"https:\/\/api.w.org\/{rel}","templated":true}]}}