{"id":510749,"date":"2025-08-26T13:04:34","date_gmt":"2025-08-26T13:04:34","guid":{"rendered":"https:\/\/www.erresse-shop.it\/?post_type=product&#038;p=510749"},"modified":"2025-08-26T13:22:28","modified_gmt":"2025-08-26T13:22:28","slug":"caso-design-plaque-de-gril-steakchef","status":"publish","type":"product","link":"https:\/\/www.erresse-shop.it\/fr\/shop\/petits-electromenagers\/grilles-et-barbecues\/caso-design-plaque-de-gril-steakchef\/","title":{"rendered":"CASO DESIGN Plaque de gril SteakChef"},"content":{"rendered":"<p>CASO SteakChef &#8211; Le gril \u00e9lectrique de table polyvalent pour un plaisir de grillades parfait<\/p>\n<p>Le CASO SteakChef sublime le plaisir de la grillade.<\/p>\n<p>Qu&#8217;il s&#8217;agisse d&#8217;un gril de contact pour des steaks juteux et des paninis croustillants ou d&#8217;un gril \u00e9lectrique de table pour pr\u00e9parer des mets vari\u00e9s en famille ou entre amis, ce gril \u00e9lectrique CASO est le choix id\u00e9al pour toutes les occasions.<\/p>\n<p>Son bo\u00eetier \u00e9l\u00e9gant avec couvercle en verre et ses fonctions sophistiqu\u00e9es garantissent non seulement des r\u00e9sultats de grillades exceptionnels, mais aussi une utilisation pratique.<\/p>\n<p>Puissant et polyvalent\u00a0: 2\u00a0000\u00a0watts de puissance pour griller<\/p>\n<p>Avec une puissance impressionnante de 2\u00a0000\u00a0watts et des \u00e9l\u00e9ments chauffants int\u00e9gr\u00e9s aux plaques, ce gril \u00e9lectrique assure une cuisson rapide et uniforme.<\/p>\n<p>Que vous grilliez de la viande, du poisson, des l\u00e9gumes ou de la volaille, le rev\u00eatement c\u00e9ramique antiadh\u00e9sif sans PFAS garantit une cuisson sans effort et sans adh\u00e9rence, pour une cuisson parfaite \u00e0 chaque fois.<\/p>\n<p>B\u00e9n\u00e9ficiez d&#8217;une flexibilit\u00e9 maximale en ouvrant le gril et en l&#8217;utilisant comme gril \u00e9lectrique de table. La grande surface de cuisson d&#8217;environ 2\u00a0000 watts et 1\u00a0440 cm\u00b2 offre suffisamment d&#8217;espace pour ravir tous vos convives.<\/p>\n<p><strong>Facile \u00e0 utiliser &#8211; Pr\u00e9cision \u00e0 toute temp\u00e9rature<\/strong><\/p>\n<p>Le contr\u00f4le intuitif via le bouton rotatif pratique vous permet de r\u00e9gler pr\u00e9cis\u00e9ment la temp\u00e9rature entre 100 et 220 \u00b0C et la minuterie jusqu&#8217;\u00e0 30 minutes.<\/p>\n<p>Gr\u00e2ce aux voyants de mise en marche et de fonctionnement, vous savez toujours quand votre barbecue \u00e9lectrique de table est pr\u00eat \u00e0 l&#8217;emploi. Vous avez ainsi un contr\u00f4le total et profitez d&#8217;un barbecue parfait, en toute s\u00e9r\u00e9nit\u00e9.<\/p>\n<p><strong>Nettoyage facile\u00a0: pratique et hygi\u00e9nique<\/strong><\/p>\n<p>Ce barbecue \u00e9lectrique de table impressionne non seulement par ses performances, mais aussi par sa facilit\u00e9 de nettoyage.<\/p>\n<p>Les plaques de cuisson amovibles et le bac \u00e0 graisse passent au lave-vaisselle, pour un nettoyage rapide et facile.<\/p>\n<p>Gr\u00e2ce \u00e0 son long cordon d&#8217;alimentation de 110 cm, le barbecue reste flexible dans sa position, vous permettant de vous concentrer sur l&#8217;essentiel\u00a0: des plats savoureux et des moments inoubliables.<\/p>\n<p>Dimensions\u00a0: 37,5 x 38,5 x 18 cm<br \/>\nPoids\u00a0: 6,2 kg<br \/>\nPuissance (watts)\u00a0: 2\u00a0000 &#8211; 2\u00a0400<br \/>\nTension\u00a0: 220-240 V, 50\/60 Hz<\/p>\n","protected":false},"excerpt":{"rendered":"<p>CASO SteakChef &#8211; Le gril \u00e9lectrique de table polyvalent pour un plaisir de grillades parfait Le CASO SteakChef sublime le<\/p>\n","protected":false},"featured_media":510778,"template":"","meta":{"_acf_changed":false,"inline_featured_image":false},"product_cat":[13383,12449],"product_tag":[12948,12858,13269,15733],"acf":[],"yoast_head":"<!-- This site is optimized with the Yoast SEO Premium plugin v18.6 (Yoast SEO v19.13) - https:\/\/yoast.com\/wordpress\/plugins\/seo\/ -->\n<title>CASO DESIGN Plaque de gril SteakChef - Erresse Shop<\/title>\n<meta name=\"description\" content=\"CASO SteakChef - Le gril \u00e9lectrique de table polyvalent pour un plaisir de grillades parfait Le CASO SteakChef sublime le plaisir de la grillade. Qu&#039;il\" \/>\n<meta name=\"robots\" content=\"index, follow, max-snippet:-1, max-image-preview:large, max-video-preview:-1\" \/>\n<link rel=\"canonical\" href=\"https:\/\/www.erresse-shop.it\/fr\/shop\/petits-electromenagers\/grilles-et-barbecues\/caso-design-plaque-de-gril-steakchef\/\" \/>\n<meta property=\"og:locale\" content=\"fr_FR\" \/>\n<meta property=\"og:type\" content=\"article\" \/>\n<meta property=\"og:title\" content=\"CASO DESIGN Plaque de gril SteakChef\" \/>\n<meta property=\"og:description\" content=\"CASO SteakChef - Le gril \u00e9lectrique de table polyvalent pour un plaisir de grillades parfait Le CASO SteakChef sublime le plaisir de la grillade. Qu&#039;il\" \/>\n<meta property=\"og:url\" content=\"https:\/\/www.erresse-shop.it\/fr\/shop\/petits-electromenagers\/grilles-et-barbecues\/caso-design-plaque-de-gril-steakchef\/\" \/>\n<meta property=\"og:site_name\" content=\"Erresse Shop\" \/>\n<meta property=\"article:modified_time\" content=\"2025-08-26T13:22:28+00:00\" \/>\n<meta property=\"og:image\" content=\"https:\/\/www.erresse-shop.it\/wp-content\/uploads\/2025\/08\/CASO-DESIGN-Piastra-per-Grigliare-SteakChef.jpg\" \/>\n\t<meta property=\"og:image:width\" content=\"1200\" \/>\n\t<meta property=\"og:image:height\" content=\"1200\" \/>\n\t<meta property=\"og:image:type\" content=\"image\/jpeg\" \/>\n<meta name=\"twitter:card\" content=\"summary_large_image\" \/>\n<script type=\"application\/ld+json\" class=\"yoast-schema-graph\">{\"@context\":\"https:\/\/schema.org\",\"@graph\":[{\"@type\":\"WebPage\",\"@id\":\"https:\/\/www.erresse-shop.it\/fr\/shop\/petits-electromenagers\/grilles-et-barbecues\/caso-design-plaque-de-gril-steakchef\/\",\"url\":\"https:\/\/www.erresse-shop.it\/fr\/shop\/petits-electromenagers\/grilles-et-barbecues\/caso-design-plaque-de-gril-steakchef\/\",\"name\":\"CASO DESIGN Plaque de gril SteakChef - Erresse Shop\",\"isPartOf\":{\"@id\":\"https:\/\/www.erresse-shop.it\/fr\/#website\"},\"datePublished\":\"2025-08-26T13:04:34+00:00\",\"dateModified\":\"2025-08-26T13:22:28+00:00\",\"description\":\"CASO SteakChef - Le gril \u00e9lectrique de table polyvalent pour un plaisir de grillades parfait Le CASO SteakChef sublime le plaisir de la grillade. Qu'il\",\"breadcrumb\":{\"@id\":\"https:\/\/www.erresse-shop.it\/fr\/shop\/petits-electromenagers\/grilles-et-barbecues\/caso-design-plaque-de-gril-steakchef\/#breadcrumb\"},\"inLanguage\":\"fr-FR\",\"potentialAction\":[{\"@type\":\"ReadAction\",\"target\":[\"https:\/\/www.erresse-shop.it\/fr\/shop\/petits-electromenagers\/grilles-et-barbecues\/caso-design-plaque-de-gril-steakchef\/\"]}]},{\"@type\":\"BreadcrumbList\",\"@id\":\"https:\/\/www.erresse-shop.it\/fr\/shop\/petits-electromenagers\/grilles-et-barbecues\/caso-design-plaque-de-gril-steakchef\/#breadcrumb\",\"itemListElement\":[{\"@type\":\"ListItem\",\"position\":1,\"name\":\"Home\",\"item\":\"https:\/\/www.erresse-shop.it\/fr\/\"},{\"@type\":\"ListItem\",\"position\":2,\"name\":\"Shop\",\"item\":\"https:\/\/www.erresse-shop.it\/fr\/shop\/\"},{\"@type\":\"ListItem\",\"position\":3,\"name\":\"CASO DESIGN Plaque de gril SteakChef\"}]},{\"@type\":\"WebSite\",\"@id\":\"https:\/\/www.erresse-shop.it\/fr\/#website\",\"url\":\"https:\/\/www.erresse-shop.it\/fr\/\",\"name\":\"Erresse Shop\",\"description\":\"Articoli di qualit\u00e0 per la casa\",\"potentialAction\":[{\"@type\":\"SearchAction\",\"target\":{\"@type\":\"EntryPoint\",\"urlTemplate\":\"https:\/\/www.erresse-shop.it\/fr\/?s={search_term_string}\"},\"query-input\":\"required name=search_term_string\"}],\"inLanguage\":\"fr-FR\"}]}<\/script>\n<!-- \/ Yoast SEO Premium plugin. -->","yoast_head_json":{"title":"CASO DESIGN Plaque de gril SteakChef - Erresse Shop","description":"CASO SteakChef - Le gril \u00e9lectrique de table polyvalent pour un plaisir de grillades parfait Le CASO SteakChef sublime le plaisir de la grillade. Qu'il","robots":{"index":"index","follow":"follow","max-snippet":"max-snippet:-1","max-image-preview":"max-image-preview:large","max-video-preview":"max-video-preview:-1"},"canonical":"https:\/\/www.erresse-shop.it\/fr\/shop\/petits-electromenagers\/grilles-et-barbecues\/caso-design-plaque-de-gril-steakchef\/","og_locale":"fr_FR","og_type":"article","og_title":"CASO DESIGN Plaque de gril SteakChef","og_description":"CASO SteakChef - Le gril \u00e9lectrique de table polyvalent pour un plaisir de grillades parfait Le CASO SteakChef sublime le plaisir de la grillade. Qu'il","og_url":"https:\/\/www.erresse-shop.it\/fr\/shop\/petits-electromenagers\/grilles-et-barbecues\/caso-design-plaque-de-gril-steakchef\/","og_site_name":"Erresse Shop","article_modified_time":"2025-08-26T13:22:28+00:00","og_image":[{"width":1200,"height":1200,"url":"https:\/\/www.erresse-shop.it\/wp-content\/uploads\/2025\/08\/CASO-DESIGN-Piastra-per-Grigliare-SteakChef.jpg","type":"image\/jpeg"}],"twitter_card":"summary_large_image","schema":{"@context":"https:\/\/schema.org","@graph":[{"@type":"WebPage","@id":"https:\/\/www.erresse-shop.it\/fr\/shop\/petits-electromenagers\/grilles-et-barbecues\/caso-design-plaque-de-gril-steakchef\/","url":"https:\/\/www.erresse-shop.it\/fr\/shop\/petits-electromenagers\/grilles-et-barbecues\/caso-design-plaque-de-gril-steakchef\/","name":"CASO DESIGN Plaque de gril SteakChef - Erresse Shop","isPartOf":{"@id":"https:\/\/www.erresse-shop.it\/fr\/#website"},"datePublished":"2025-08-26T13:04:34+00:00","dateModified":"2025-08-26T13:22:28+00:00","description":"CASO SteakChef - Le gril \u00e9lectrique de table polyvalent pour un plaisir de grillades parfait Le CASO SteakChef sublime le plaisir de la grillade. Qu'il","breadcrumb":{"@id":"https:\/\/www.erresse-shop.it\/fr\/shop\/petits-electromenagers\/grilles-et-barbecues\/caso-design-plaque-de-gril-steakchef\/#breadcrumb"},"inLanguage":"fr-FR","potentialAction":[{"@type":"ReadAction","target":["https:\/\/www.erresse-shop.it\/fr\/shop\/petits-electromenagers\/grilles-et-barbecues\/caso-design-plaque-de-gril-steakchef\/"]}]},{"@type":"BreadcrumbList","@id":"https:\/\/www.erresse-shop.it\/fr\/shop\/petits-electromenagers\/grilles-et-barbecues\/caso-design-plaque-de-gril-steakchef\/#breadcrumb","itemListElement":[{"@type":"ListItem","position":1,"name":"Home","item":"https:\/\/www.erresse-shop.it\/fr\/"},{"@type":"ListItem","position":2,"name":"Shop","item":"https:\/\/www.erresse-shop.it\/fr\/shop\/"},{"@type":"ListItem","position":3,"name":"CASO DESIGN Plaque de gril SteakChef"}]},{"@type":"WebSite","@id":"https:\/\/www.erresse-shop.it\/fr\/#website","url":"https:\/\/www.erresse-shop.it\/fr\/","name":"Erresse Shop","description":"Articoli di qualit\u00e0 per la casa","potentialAction":[{"@type":"SearchAction","target":{"@type":"EntryPoint","urlTemplate":"https:\/\/www.erresse-shop.it\/fr\/?s={search_term_string}"},"query-input":"required name=search_term_string"}],"inLanguage":"fr-FR"}]}},"df_price":149.99,"df_sale_price":149.99,"df_regular_price":149.99,"df_image_link":"https:\/\/www.erresse-shop.it\/wp-content\/uploads\/2025\/08\/CASO-DESIGN-Piastra-per-Grigliare-SteakChef-300x300.jpg","_links":{"self":[{"href":"https:\/\/www.erresse-shop.it\/fr\/wp-json\/wp\/v2\/product\/510749"}],"collection":[{"href":"https:\/\/www.erresse-shop.it\/fr\/wp-json\/wp\/v2\/product"}],"about":[{"href":"https:\/\/www.erresse-shop.it\/fr\/wp-json\/wp\/v2\/types\/product"}],"wp:featuredmedia":[{"embeddable":true,"href":"https:\/\/www.erresse-shop.it\/fr\/wp-json\/wp\/v2\/media\/510778"}],"wp:attachment":[{"href":"https:\/\/www.erresse-shop.it\/fr\/wp-json\/wp\/v2\/media?parent=510749"}],"wp:term":[{"taxonomy":"product_cat","embeddable":true,"href":"https:\/\/www.erresse-shop.it\/fr\/wp-json\/wp\/v2\/product_cat?post=510749"},{"taxonomy":"product_tag","embeddable":true,"href":"https:\/\/www.erresse-shop.it\/fr\/wp-json\/wp\/v2\/product_tag?post=510749"}],"curies":[{"name":"wp","href":"https:\/\/api.w.org\/{rel}","templated":true}]}}