{"id":510729,"date":"2025-08-26T12:41:11","date_gmt":"2025-08-26T12:41:11","guid":{"rendered":"https:\/\/www.erresse-shop.it\/?post_type=product&#038;p=510729"},"modified":"2025-08-26T12:55:52","modified_gmt":"2025-08-26T12:55:52","slug":"caso-design-plaque-a-induction-mobile-proslim-2000","status":"publish","type":"product","link":"https:\/\/www.erresse-shop.it\/fr\/shop\/petits-electromenagers\/caso-design-plaque-a-induction-mobile-proslim-2000\/","title":{"rendered":"CASO DESIGN Plaque \u00e0 induction mobile ProSlim 2000"},"content":{"rendered":"<p>Table de cuisson \u00e0 induction ProSlim 2000\u00a0: votre assistant culinaire polyvalent pour toutes vos aventures<\/p>\n<p>La table de cuisson \u00e0 induction ProSlim 2000 allie design moderne et fonctionnalit\u00e9 optimale. Avec son design ultra-fin et son \u00e9l\u00e9gante surface enti\u00e8rement vitr\u00e9e, cette table de cuisson \u00e0 induction mobile s&#8217;int\u00e8gre parfaitement \u00e0 tout type d&#8217;int\u00e9rieur, qu&#8217;il s&#8217;agisse de votre cuisine mobile, de votre maison de vacances ou comme plaque de cuisson d&#8217;appoint pour maintenir les plats au chaud \u00e0 table, cette table de cuisson \u00e0 induction est polyvalente et flexible.<\/p>\n<p>Sa surface noire \u00e9l\u00e9gante et son design intemporel s&#8217;int\u00e8grent parfaitement \u00e0 tous les int\u00e9rieurs et transforment la cuisine en une exp\u00e9rience esth\u00e9tique.<\/p>\n<p><strong>Efficacit\u00e9 maximale et flexibilit\u00e9 maximale<\/strong><\/p>\n<p>La ProSlim 2000 offre la flexibilit\u00e9 n\u00e9cessaire pour r\u00e9pondre \u00e0 tous vos besoins culinaires. Avec 10 niveaux de puissance jusqu&#8217;\u00e0 2000 watts et 10 niveaux de temp\u00e9rature r\u00e9glables avec pr\u00e9cision de 60 \u00e0 240\u00a0\u00b0C, cette table de cuisson \u00e0 induction est rapide et efficace.<\/p>\n<p>Sa r\u00e9activit\u00e9 rend la cuisson avec cet appareil aussi pratique qu&#8217;avec un appareil \u00e0 gaz, tout en \u00e9tant nettement plus \u00e9conome en \u00e9nergie. Id\u00e9ale pour pr\u00e9parer rapidement vos plats, la table de cuisson s&#8217;adapte \u00e0 vos besoins\u00a0: du mijotage au brunissage intense.<\/p>\n<p><strong>Utilisation intuitive pour tous les styles de cuisson<\/strong><\/p>\n<p>Gr\u00e2ce \u00e0 l&#8217;\u00e9cran tactile intuitif et \u00e0 l&#8217;affichage num\u00e9rique LED facile \u00e0 lire, la table de cuisson \u00e0 induction s&#8217;utilise sans effort.<\/p>\n<p>La d\u00e9tection automatique des casseroles garantit que la table de cuisson ne s&#8217;active que lorsqu&#8217;un ustensile de cuisson \u00e0 induction adapt\u00e9 est utilis\u00e9, pour une cuisson toujours parfaite.<\/p>\n<p>L&#8217;appareil reconna\u00eet les casseroles et po\u00eales d&#8217;un diam\u00e8tre de 12 \u00e0 22\u00a0cm, adapt\u00e9es \u00e0 la plupart des types d&#8217;ustensiles de cuisson. Gr\u00e2ce \u00e0 la fonction minuterie pratique, r\u00e9glable jusqu&#8217;\u00e0 240\u00a0minutes, vous pr\u00e9parez vos plats avec une pr\u00e9cision maximale, pour une cuisson encore plus pr\u00e9cise.<\/p>\n<p><strong>S\u00e9curit\u00e9 et hygi\u00e8ne\u00a0: toujours le meilleur choix<\/strong><\/p>\n<p>Avec la ProSlim 2000, la s\u00e9curit\u00e9 et l&#8217;hygi\u00e8ne sont au rendez-vous. La table de cuisson \u00e0 induction offre non seulement une protection contre la surchauffe, mais aussi une fonction d&#8217;arr\u00eat automatique qui \u00e9teint automatiquement l&#8217;appareil lorsqu&#8217;il n&#8217;est plus utilis\u00e9.<\/p>\n<p>La s\u00e9curit\u00e9 enfant prot\u00e8ge des mains indiscr\u00e8tes. De plus, la table de cuisson se nettoie rapidement et de mani\u00e8re hygi\u00e9nique gr\u00e2ce \u00e0 sa surface lisse enti\u00e8rement en verre, pour un quotidien en toute s\u00e9r\u00e9nit\u00e9.<\/p>\n<p>Dimensions\u00a0: 39 x 29 x 3 cm<br \/>\nPoids\u00a0: 2,3 kg<br \/>\nPuissance (watts)\u00a0: 2000<br \/>\nTension\u00a0: 230 V~, 50 Hz<br \/>\nType de prise\u00a0: Fiche \u00e0 angle droit (type C)<\/p>\n","protected":false},"excerpt":{"rendered":"<p>Table de cuisson \u00e0 induction ProSlim 2000\u00a0: votre assistant culinaire polyvalent pour toutes vos aventures La table de cuisson \u00e0<\/p>\n","protected":false},"featured_media":510740,"template":"","meta":{"_acf_changed":false,"inline_featured_image":false},"product_cat":[12449],"product_tag":[12948,12461,15733],"acf":[],"yoast_head":"<!-- This site is optimized with the Yoast SEO Premium plugin v18.6 (Yoast SEO v19.13) - https:\/\/yoast.com\/wordpress\/plugins\/seo\/ -->\n<title>CASO DESIGN Plaque \u00e0 induction mobile ProSlim 2000 - Erresse Shop<\/title>\n<meta name=\"description\" content=\"Table de cuisson \u00e0 induction ProSlim 2000\u00a0: votre assistant culinaire polyvalent pour toutes vos aventures La table de cuisson \u00e0 induction ProSlim 2000\" \/>\n<meta name=\"robots\" content=\"index, follow, max-snippet:-1, max-image-preview:large, max-video-preview:-1\" \/>\n<link rel=\"canonical\" href=\"https:\/\/www.erresse-shop.it\/fr\/shop\/petits-electromenagers\/caso-design-plaque-a-induction-mobile-proslim-2000\/\" \/>\n<meta property=\"og:locale\" content=\"fr_FR\" \/>\n<meta property=\"og:type\" content=\"article\" \/>\n<meta property=\"og:title\" content=\"CASO DESIGN Plaque \u00e0 induction mobile ProSlim 2000\" \/>\n<meta property=\"og:description\" content=\"Table de cuisson \u00e0 induction ProSlim 2000\u00a0: votre assistant culinaire polyvalent pour toutes vos aventures La table de cuisson \u00e0 induction ProSlim 2000\" \/>\n<meta property=\"og:url\" content=\"https:\/\/www.erresse-shop.it\/fr\/shop\/petits-electromenagers\/caso-design-plaque-a-induction-mobile-proslim-2000\/\" \/>\n<meta property=\"og:site_name\" content=\"Erresse Shop\" \/>\n<meta property=\"article:modified_time\" content=\"2025-08-26T12:55:52+00:00\" \/>\n<meta property=\"og:image\" content=\"https:\/\/www.erresse-shop.it\/wp-content\/uploads\/2025\/08\/CASO-DESIGN-Piano-Cottura-a-Induzione-Mobile-ProSlim-2000.jpg\" \/>\n\t<meta property=\"og:image:width\" content=\"1200\" \/>\n\t<meta property=\"og:image:height\" content=\"1200\" \/>\n\t<meta property=\"og:image:type\" content=\"image\/jpeg\" \/>\n<meta name=\"twitter:card\" content=\"summary_large_image\" \/>\n<script type=\"application\/ld+json\" class=\"yoast-schema-graph\">{\"@context\":\"https:\/\/schema.org\",\"@graph\":[{\"@type\":\"WebPage\",\"@id\":\"https:\/\/www.erresse-shop.it\/fr\/shop\/petits-electromenagers\/caso-design-plaque-a-induction-mobile-proslim-2000\/\",\"url\":\"https:\/\/www.erresse-shop.it\/fr\/shop\/petits-electromenagers\/caso-design-plaque-a-induction-mobile-proslim-2000\/\",\"name\":\"CASO DESIGN Plaque \u00e0 induction mobile ProSlim 2000 - Erresse Shop\",\"isPartOf\":{\"@id\":\"https:\/\/www.erresse-shop.it\/fr\/#website\"},\"datePublished\":\"2025-08-26T12:41:11+00:00\",\"dateModified\":\"2025-08-26T12:55:52+00:00\",\"description\":\"Table de cuisson \u00e0 induction ProSlim 2000\u00a0: votre assistant culinaire polyvalent pour toutes vos aventures La table de cuisson \u00e0 induction ProSlim 2000\",\"breadcrumb\":{\"@id\":\"https:\/\/www.erresse-shop.it\/fr\/shop\/petits-electromenagers\/caso-design-plaque-a-induction-mobile-proslim-2000\/#breadcrumb\"},\"inLanguage\":\"fr-FR\",\"potentialAction\":[{\"@type\":\"ReadAction\",\"target\":[\"https:\/\/www.erresse-shop.it\/fr\/shop\/petits-electromenagers\/caso-design-plaque-a-induction-mobile-proslim-2000\/\"]}]},{\"@type\":\"BreadcrumbList\",\"@id\":\"https:\/\/www.erresse-shop.it\/fr\/shop\/petits-electromenagers\/caso-design-plaque-a-induction-mobile-proslim-2000\/#breadcrumb\",\"itemListElement\":[{\"@type\":\"ListItem\",\"position\":1,\"name\":\"Home\",\"item\":\"https:\/\/www.erresse-shop.it\/fr\/\"},{\"@type\":\"ListItem\",\"position\":2,\"name\":\"Shop\",\"item\":\"https:\/\/www.erresse-shop.it\/fr\/shop\/\"},{\"@type\":\"ListItem\",\"position\":3,\"name\":\"CASO DESIGN Plaque \u00e0 induction mobile ProSlim 2000\"}]},{\"@type\":\"WebSite\",\"@id\":\"https:\/\/www.erresse-shop.it\/fr\/#website\",\"url\":\"https:\/\/www.erresse-shop.it\/fr\/\",\"name\":\"Erresse Shop\",\"description\":\"Articoli di qualit\u00e0 per la casa\",\"potentialAction\":[{\"@type\":\"SearchAction\",\"target\":{\"@type\":\"EntryPoint\",\"urlTemplate\":\"https:\/\/www.erresse-shop.it\/fr\/?s={search_term_string}\"},\"query-input\":\"required name=search_term_string\"}],\"inLanguage\":\"fr-FR\"}]}<\/script>\n<!-- \/ Yoast SEO Premium plugin. -->","yoast_head_json":{"title":"CASO DESIGN Plaque \u00e0 induction mobile ProSlim 2000 - Erresse Shop","description":"Table de cuisson \u00e0 induction ProSlim 2000\u00a0: votre assistant culinaire polyvalent pour toutes vos aventures La table de cuisson \u00e0 induction ProSlim 2000","robots":{"index":"index","follow":"follow","max-snippet":"max-snippet:-1","max-image-preview":"max-image-preview:large","max-video-preview":"max-video-preview:-1"},"canonical":"https:\/\/www.erresse-shop.it\/fr\/shop\/petits-electromenagers\/caso-design-plaque-a-induction-mobile-proslim-2000\/","og_locale":"fr_FR","og_type":"article","og_title":"CASO DESIGN Plaque \u00e0 induction mobile ProSlim 2000","og_description":"Table de cuisson \u00e0 induction ProSlim 2000\u00a0: votre assistant culinaire polyvalent pour toutes vos aventures La table de cuisson \u00e0 induction ProSlim 2000","og_url":"https:\/\/www.erresse-shop.it\/fr\/shop\/petits-electromenagers\/caso-design-plaque-a-induction-mobile-proslim-2000\/","og_site_name":"Erresse Shop","article_modified_time":"2025-08-26T12:55:52+00:00","og_image":[{"width":1200,"height":1200,"url":"https:\/\/www.erresse-shop.it\/wp-content\/uploads\/2025\/08\/CASO-DESIGN-Piano-Cottura-a-Induzione-Mobile-ProSlim-2000.jpg","type":"image\/jpeg"}],"twitter_card":"summary_large_image","schema":{"@context":"https:\/\/schema.org","@graph":[{"@type":"WebPage","@id":"https:\/\/www.erresse-shop.it\/fr\/shop\/petits-electromenagers\/caso-design-plaque-a-induction-mobile-proslim-2000\/","url":"https:\/\/www.erresse-shop.it\/fr\/shop\/petits-electromenagers\/caso-design-plaque-a-induction-mobile-proslim-2000\/","name":"CASO DESIGN Plaque \u00e0 induction mobile ProSlim 2000 - Erresse Shop","isPartOf":{"@id":"https:\/\/www.erresse-shop.it\/fr\/#website"},"datePublished":"2025-08-26T12:41:11+00:00","dateModified":"2025-08-26T12:55:52+00:00","description":"Table de cuisson \u00e0 induction ProSlim 2000\u00a0: votre assistant culinaire polyvalent pour toutes vos aventures La table de cuisson \u00e0 induction ProSlim 2000","breadcrumb":{"@id":"https:\/\/www.erresse-shop.it\/fr\/shop\/petits-electromenagers\/caso-design-plaque-a-induction-mobile-proslim-2000\/#breadcrumb"},"inLanguage":"fr-FR","potentialAction":[{"@type":"ReadAction","target":["https:\/\/www.erresse-shop.it\/fr\/shop\/petits-electromenagers\/caso-design-plaque-a-induction-mobile-proslim-2000\/"]}]},{"@type":"BreadcrumbList","@id":"https:\/\/www.erresse-shop.it\/fr\/shop\/petits-electromenagers\/caso-design-plaque-a-induction-mobile-proslim-2000\/#breadcrumb","itemListElement":[{"@type":"ListItem","position":1,"name":"Home","item":"https:\/\/www.erresse-shop.it\/fr\/"},{"@type":"ListItem","position":2,"name":"Shop","item":"https:\/\/www.erresse-shop.it\/fr\/shop\/"},{"@type":"ListItem","position":3,"name":"CASO DESIGN Plaque \u00e0 induction mobile ProSlim 2000"}]},{"@type":"WebSite","@id":"https:\/\/www.erresse-shop.it\/fr\/#website","url":"https:\/\/www.erresse-shop.it\/fr\/","name":"Erresse Shop","description":"Articoli di qualit\u00e0 per la casa","potentialAction":[{"@type":"SearchAction","target":{"@type":"EntryPoint","urlTemplate":"https:\/\/www.erresse-shop.it\/fr\/?s={search_term_string}"},"query-input":"required name=search_term_string"}],"inLanguage":"fr-FR"}]}},"df_price":69.99,"df_sale_price":69.99,"df_regular_price":69.99,"df_image_link":"https:\/\/www.erresse-shop.it\/wp-content\/uploads\/2025\/08\/CASO-DESIGN-Piano-Cottura-a-Induzione-Mobile-ProSlim-2000-300x300.jpg","_links":{"self":[{"href":"https:\/\/www.erresse-shop.it\/fr\/wp-json\/wp\/v2\/product\/510729"}],"collection":[{"href":"https:\/\/www.erresse-shop.it\/fr\/wp-json\/wp\/v2\/product"}],"about":[{"href":"https:\/\/www.erresse-shop.it\/fr\/wp-json\/wp\/v2\/types\/product"}],"wp:featuredmedia":[{"embeddable":true,"href":"https:\/\/www.erresse-shop.it\/fr\/wp-json\/wp\/v2\/media\/510740"}],"wp:attachment":[{"href":"https:\/\/www.erresse-shop.it\/fr\/wp-json\/wp\/v2\/media?parent=510729"}],"wp:term":[{"taxonomy":"product_cat","embeddable":true,"href":"https:\/\/www.erresse-shop.it\/fr\/wp-json\/wp\/v2\/product_cat?post=510729"},{"taxonomy":"product_tag","embeddable":true,"href":"https:\/\/www.erresse-shop.it\/fr\/wp-json\/wp\/v2\/product_tag?post=510729"}],"curies":[{"name":"wp","href":"https:\/\/api.w.org\/{rel}","templated":true}]}}