{"id":510694,"date":"2025-08-26T12:24:59","date_gmt":"2025-08-26T12:24:59","guid":{"rendered":"https:\/\/www.erresse-shop.it\/?post_type=product&#038;p=510694"},"modified":"2025-08-26T12:39:19","modified_gmt":"2025-08-26T12:39:19","slug":"caso-design-plaque-a-induction-tc-2400-thermo-control","status":"publish","type":"product","link":"https:\/\/www.erresse-shop.it\/fr\/shop\/petits-electromenagers\/caso-design-plaque-a-induction-tc-2400-thermo-control\/","title":{"rendered":"CASO DESIGN Plaque \u00e0 induction TC 2400 Thermo Control"},"content":{"rendered":"<p>Cuisson pr\u00e9cise simplifi\u00e9e avec la CASO Design TC 2400<\/p>\n<p>Avec la TC 2400 ThermoControl, cuisiner devient une exp\u00e9rience pr\u00e9cise et sans effort.<\/p>\n<p>Gr\u00e2ce \u00e0 la technologie innovante de thermom\u00e8tre ThermoControl, d&#8217;une pr\u00e9cision au degr\u00e9 pr\u00e8s, vous contr\u00f4lez la temp\u00e9rature de vos aliments avec pr\u00e9cision. Ceci est particuli\u00e8rement pratique pour les techniques de cuisson sophistiqu\u00e9es telles que la cuisson sous vide, la cuisson pr\u00e9cise de viandes et de poissons, ou le maintien au chaud.<\/p>\n<p>La plage de temp\u00e9rature s&#8217;\u00e9tend de 40 \u00e0 160 \u00b0C et peut \u00eatre r\u00e9gl\u00e9e avec une pr\u00e9cision de 1 \u00b0C gr\u00e2ce \u00e0 FineTemp.<\/p>\n<p><strong>Polyvalence d&#8217;utilisation<\/strong><\/p>\n<p>Cette table de cuisson \u00e0 induction mobile offre la flexibilit\u00e9 dont vous avez besoin en cuisine.<\/p>\n<p>Cette puissante table de cuisson \u00e0 induction peut \u00e9galement \u00eatre utilis\u00e9e sans thermom\u00e8tre ThermoControl et vous permet de cuisiner dans une plage de temp\u00e9rature \u00e9tendue de 60 \u00e0 240 \u00b0C. Vous pouvez ainsi mijoter ou sauter vigoureusement, selon vos besoins et la recette.<\/p>\n<p><strong>Puissant et efficace<\/strong><\/p>\n<p>Avec une puissance de 2400 watts, le TC 2400 ThermoControl assure une cuisson rapide et \u00e9conome en \u00e9nergie.<\/p>\n<p>La d\u00e9tection automatique des casseroles s&#8217;adapte aux r\u00e9cipients de 12 \u00e0 26 cm de diam\u00e8tre, garantissant des conditions de cuisson optimales. Cette technologie intelligente permet non seulement d&#8217;\u00e9conomiser de l&#8217;\u00e9nergie, mais aussi du temps et des efforts en cuisine.<\/p>\n<p><strong>Utilisation intuitive<\/strong><\/p>\n<p>La commande tactile intuitive simplifie la cuisson avec le TC 2400 ThermoControl.<\/p>\n<p>Choisissez parmi 12 niveaux de puissance diff\u00e9rents et ajustez la chaleur selon vos besoins. La fonction minuterie, r\u00e9glable jusqu&#8217;\u00e0 180 minutes, vous permet de contr\u00f4ler pr\u00e9cis\u00e9ment les temps de cuisson et de profiter pleinement de vos recettes.<\/p>\n<p><strong>S\u00e9curit\u00e9 avant tout<\/strong><\/p>\n<p>La s\u00e9curit\u00e9 est une priorit\u00e9 absolue pour le TC 2400 ThermoControl. La protection anti-surchauffe assure l&#8217;arr\u00eat automatique de l&#8217;appareil en cas de surchauffe, prot\u00e9geant ainsi la table de cuisson et la cuisine. De plus, sa conception robuste garantit une longue dur\u00e9e de vie et des performances fiables.<\/p>\n<p><strong>Dimensions\u00a0: 37 x 30 x 6 cm<\/strong><br \/>\n<strong>Poids\u00a0: 3 kg<\/strong><br \/>\n<strong>Puissance (watts)\u00a0: 2400<\/strong><br \/>\n<strong>Tension\u00a0: 230 V~, 50-60 Hz<\/strong><br \/>\n<strong>Type de prise\u00a0: Fiche \u00e0 angle droit (type C)<\/strong><br \/>\n<strong>Longueur de la prise\u00a0: 100 cm<\/strong><\/p>\n","protected":false},"excerpt":{"rendered":"<p>Cuisson pr\u00e9cise simplifi\u00e9e avec la CASO Design TC 2400 Avec la TC 2400 ThermoControl, cuisiner devient une exp\u00e9rience pr\u00e9cise et<\/p>\n","protected":false},"featured_media":510717,"template":"","meta":{"_acf_changed":false,"inline_featured_image":false},"product_cat":[12449],"product_tag":[12948,12461,15733],"acf":[],"yoast_head":"<!-- This site is optimized with the Yoast SEO Premium plugin v18.6 (Yoast SEO v19.13) - https:\/\/yoast.com\/wordpress\/plugins\/seo\/ -->\n<title>CASO DESIGN Plaque \u00e0 induction TC 2400 Thermo Control - Erresse Shop<\/title>\n<meta name=\"description\" content=\"Cuisson pr\u00e9cise simplifi\u00e9e avec la CASO Design TC 2400 Avec la TC 2400 ThermoControl, cuisiner devient une exp\u00e9rience pr\u00e9cise et sans effort. Gr\u00e2ce \u00e0 la\" \/>\n<meta name=\"robots\" content=\"index, follow, max-snippet:-1, max-image-preview:large, max-video-preview:-1\" \/>\n<link rel=\"canonical\" href=\"https:\/\/www.erresse-shop.it\/fr\/shop\/petits-electromenagers\/caso-design-plaque-a-induction-tc-2400-thermo-control\/\" \/>\n<meta property=\"og:locale\" content=\"fr_FR\" \/>\n<meta property=\"og:type\" content=\"article\" \/>\n<meta property=\"og:title\" content=\"CASO DESIGN Plaque \u00e0 induction TC 2400 Thermo Control\" \/>\n<meta property=\"og:description\" content=\"Cuisson pr\u00e9cise simplifi\u00e9e avec la CASO Design TC 2400 Avec la TC 2400 ThermoControl, cuisiner devient une exp\u00e9rience pr\u00e9cise et sans effort. Gr\u00e2ce \u00e0 la\" \/>\n<meta property=\"og:url\" content=\"https:\/\/www.erresse-shop.it\/fr\/shop\/petits-electromenagers\/caso-design-plaque-a-induction-tc-2400-thermo-control\/\" \/>\n<meta property=\"og:site_name\" content=\"Erresse Shop\" \/>\n<meta property=\"article:modified_time\" content=\"2025-08-26T12:39:19+00:00\" \/>\n<meta property=\"og:image\" content=\"https:\/\/www.erresse-shop.it\/wp-content\/uploads\/2025\/08\/CASO-DESIGN-Piano-Cottura-a-Induzione-TC-2400-Thermo-Control.jpg\" \/>\n\t<meta property=\"og:image:width\" content=\"1200\" \/>\n\t<meta property=\"og:image:height\" content=\"1200\" \/>\n\t<meta property=\"og:image:type\" content=\"image\/jpeg\" \/>\n<meta name=\"twitter:card\" content=\"summary_large_image\" \/>\n<script type=\"application\/ld+json\" class=\"yoast-schema-graph\">{\"@context\":\"https:\/\/schema.org\",\"@graph\":[{\"@type\":\"WebPage\",\"@id\":\"https:\/\/www.erresse-shop.it\/fr\/shop\/petits-electromenagers\/caso-design-plaque-a-induction-tc-2400-thermo-control\/\",\"url\":\"https:\/\/www.erresse-shop.it\/fr\/shop\/petits-electromenagers\/caso-design-plaque-a-induction-tc-2400-thermo-control\/\",\"name\":\"CASO DESIGN Plaque \u00e0 induction TC 2400 Thermo Control - Erresse Shop\",\"isPartOf\":{\"@id\":\"https:\/\/www.erresse-shop.it\/fr\/#website\"},\"datePublished\":\"2025-08-26T12:24:59+00:00\",\"dateModified\":\"2025-08-26T12:39:19+00:00\",\"description\":\"Cuisson pr\u00e9cise simplifi\u00e9e avec la CASO Design TC 2400 Avec la TC 2400 ThermoControl, cuisiner devient une exp\u00e9rience pr\u00e9cise et sans effort. Gr\u00e2ce \u00e0 la\",\"breadcrumb\":{\"@id\":\"https:\/\/www.erresse-shop.it\/fr\/shop\/petits-electromenagers\/caso-design-plaque-a-induction-tc-2400-thermo-control\/#breadcrumb\"},\"inLanguage\":\"fr-FR\",\"potentialAction\":[{\"@type\":\"ReadAction\",\"target\":[\"https:\/\/www.erresse-shop.it\/fr\/shop\/petits-electromenagers\/caso-design-plaque-a-induction-tc-2400-thermo-control\/\"]}]},{\"@type\":\"BreadcrumbList\",\"@id\":\"https:\/\/www.erresse-shop.it\/fr\/shop\/petits-electromenagers\/caso-design-plaque-a-induction-tc-2400-thermo-control\/#breadcrumb\",\"itemListElement\":[{\"@type\":\"ListItem\",\"position\":1,\"name\":\"Home\",\"item\":\"https:\/\/www.erresse-shop.it\/fr\/\"},{\"@type\":\"ListItem\",\"position\":2,\"name\":\"Shop\",\"item\":\"https:\/\/www.erresse-shop.it\/fr\/shop\/\"},{\"@type\":\"ListItem\",\"position\":3,\"name\":\"CASO DESIGN Plaque \u00e0 induction TC 2400 Thermo Control\"}]},{\"@type\":\"WebSite\",\"@id\":\"https:\/\/www.erresse-shop.it\/fr\/#website\",\"url\":\"https:\/\/www.erresse-shop.it\/fr\/\",\"name\":\"Erresse Shop\",\"description\":\"Articoli di qualit\u00e0 per la casa\",\"potentialAction\":[{\"@type\":\"SearchAction\",\"target\":{\"@type\":\"EntryPoint\",\"urlTemplate\":\"https:\/\/www.erresse-shop.it\/fr\/?s={search_term_string}\"},\"query-input\":\"required name=search_term_string\"}],\"inLanguage\":\"fr-FR\"}]}<\/script>\n<!-- \/ Yoast SEO Premium plugin. -->","yoast_head_json":{"title":"CASO DESIGN Plaque \u00e0 induction TC 2400 Thermo Control - Erresse Shop","description":"Cuisson pr\u00e9cise simplifi\u00e9e avec la CASO Design TC 2400 Avec la TC 2400 ThermoControl, cuisiner devient une exp\u00e9rience pr\u00e9cise et sans effort. Gr\u00e2ce \u00e0 la","robots":{"index":"index","follow":"follow","max-snippet":"max-snippet:-1","max-image-preview":"max-image-preview:large","max-video-preview":"max-video-preview:-1"},"canonical":"https:\/\/www.erresse-shop.it\/fr\/shop\/petits-electromenagers\/caso-design-plaque-a-induction-tc-2400-thermo-control\/","og_locale":"fr_FR","og_type":"article","og_title":"CASO DESIGN Plaque \u00e0 induction TC 2400 Thermo Control","og_description":"Cuisson pr\u00e9cise simplifi\u00e9e avec la CASO Design TC 2400 Avec la TC 2400 ThermoControl, cuisiner devient une exp\u00e9rience pr\u00e9cise et sans effort. Gr\u00e2ce \u00e0 la","og_url":"https:\/\/www.erresse-shop.it\/fr\/shop\/petits-electromenagers\/caso-design-plaque-a-induction-tc-2400-thermo-control\/","og_site_name":"Erresse Shop","article_modified_time":"2025-08-26T12:39:19+00:00","og_image":[{"width":1200,"height":1200,"url":"https:\/\/www.erresse-shop.it\/wp-content\/uploads\/2025\/08\/CASO-DESIGN-Piano-Cottura-a-Induzione-TC-2400-Thermo-Control.jpg","type":"image\/jpeg"}],"twitter_card":"summary_large_image","schema":{"@context":"https:\/\/schema.org","@graph":[{"@type":"WebPage","@id":"https:\/\/www.erresse-shop.it\/fr\/shop\/petits-electromenagers\/caso-design-plaque-a-induction-tc-2400-thermo-control\/","url":"https:\/\/www.erresse-shop.it\/fr\/shop\/petits-electromenagers\/caso-design-plaque-a-induction-tc-2400-thermo-control\/","name":"CASO DESIGN Plaque \u00e0 induction TC 2400 Thermo Control - Erresse Shop","isPartOf":{"@id":"https:\/\/www.erresse-shop.it\/fr\/#website"},"datePublished":"2025-08-26T12:24:59+00:00","dateModified":"2025-08-26T12:39:19+00:00","description":"Cuisson pr\u00e9cise simplifi\u00e9e avec la CASO Design TC 2400 Avec la TC 2400 ThermoControl, cuisiner devient une exp\u00e9rience pr\u00e9cise et sans effort. Gr\u00e2ce \u00e0 la","breadcrumb":{"@id":"https:\/\/www.erresse-shop.it\/fr\/shop\/petits-electromenagers\/caso-design-plaque-a-induction-tc-2400-thermo-control\/#breadcrumb"},"inLanguage":"fr-FR","potentialAction":[{"@type":"ReadAction","target":["https:\/\/www.erresse-shop.it\/fr\/shop\/petits-electromenagers\/caso-design-plaque-a-induction-tc-2400-thermo-control\/"]}]},{"@type":"BreadcrumbList","@id":"https:\/\/www.erresse-shop.it\/fr\/shop\/petits-electromenagers\/caso-design-plaque-a-induction-tc-2400-thermo-control\/#breadcrumb","itemListElement":[{"@type":"ListItem","position":1,"name":"Home","item":"https:\/\/www.erresse-shop.it\/fr\/"},{"@type":"ListItem","position":2,"name":"Shop","item":"https:\/\/www.erresse-shop.it\/fr\/shop\/"},{"@type":"ListItem","position":3,"name":"CASO DESIGN Plaque \u00e0 induction TC 2400 Thermo Control"}]},{"@type":"WebSite","@id":"https:\/\/www.erresse-shop.it\/fr\/#website","url":"https:\/\/www.erresse-shop.it\/fr\/","name":"Erresse Shop","description":"Articoli di qualit\u00e0 per la casa","potentialAction":[{"@type":"SearchAction","target":{"@type":"EntryPoint","urlTemplate":"https:\/\/www.erresse-shop.it\/fr\/?s={search_term_string}"},"query-input":"required name=search_term_string"}],"inLanguage":"fr-FR"}]}},"df_price":129.99,"df_sale_price":129.99,"df_regular_price":129.99,"df_image_link":"https:\/\/www.erresse-shop.it\/wp-content\/uploads\/2025\/08\/CASO-DESIGN-Piano-Cottura-a-Induzione-TC-2400-Thermo-Control-300x300.jpg","_links":{"self":[{"href":"https:\/\/www.erresse-shop.it\/fr\/wp-json\/wp\/v2\/product\/510694"}],"collection":[{"href":"https:\/\/www.erresse-shop.it\/fr\/wp-json\/wp\/v2\/product"}],"about":[{"href":"https:\/\/www.erresse-shop.it\/fr\/wp-json\/wp\/v2\/types\/product"}],"wp:featuredmedia":[{"embeddable":true,"href":"https:\/\/www.erresse-shop.it\/fr\/wp-json\/wp\/v2\/media\/510717"}],"wp:attachment":[{"href":"https:\/\/www.erresse-shop.it\/fr\/wp-json\/wp\/v2\/media?parent=510694"}],"wp:term":[{"taxonomy":"product_cat","embeddable":true,"href":"https:\/\/www.erresse-shop.it\/fr\/wp-json\/wp\/v2\/product_cat?post=510694"},{"taxonomy":"product_tag","embeddable":true,"href":"https:\/\/www.erresse-shop.it\/fr\/wp-json\/wp\/v2\/product_tag?post=510694"}],"curies":[{"name":"wp","href":"https:\/\/api.w.org\/{rel}","templated":true}]}}