{"id":510632,"date":"2025-08-26T10:50:10","date_gmt":"2025-08-26T10:50:10","guid":{"rendered":"https:\/\/www.erresse-shop.it\/?post_type=product&#038;p=510632"},"modified":"2025-08-26T11:04:59","modified_gmt":"2025-08-26T11:04:59","slug":"caso-design-cuiseur-a-oeufs-electrique-e7","status":"publish","type":"product","link":"https:\/\/www.erresse-shop.it\/fr\/shop\/petits-electromenagers\/robots-de-cuisine\/caso-design-cuiseur-a-oeufs-electrique-e7\/","title":{"rendered":"CASO DESIGN Cuiseur \u00e0 \u0153ufs \u00e9lectrique E7"},"content":{"rendered":"<h3>Caract\u00e9ristiques techniques\u00a0:<\/h3>\n<ul>\n<li>Cuiseur \u00e0 \u0153ufs \u00e9lectronique pour 7 \u0153ufs<\/li>\n<li>Conception en acier inoxydable de haute qualit\u00e9<\/li>\n<li>Contr\u00f4le \u00e9lectronique\u00a0: pas besoin de mesurer l&#8217;eau<\/li>\n<li>Aucun r\u00e9sidu (calcaire et min\u00e9raux) sur la plaque de base, car l&#8217;eau ne s&#8217;\u00e9vapore pas compl\u00e8tement<\/li>\n<li>Aucune odeur d&#8217;\u0153ufs renvers\u00e9s<\/li>\n<li>Cuve de cuisson avec rev\u00eatement antiadh\u00e9sif<\/li>\n<li>13 niveaux de cuisson \u00e0 commande \u00e9lectronique<\/li>\n<li>Voyant de contr\u00f4le avec interrupteur marche\/arr\u00eat<\/li>\n<li>Signal sonore<\/li>\n<li>Verre doseur avec pique-\u0153uf<\/li>\n<li>Plateau \u00e0 \u0153ufs amovible<\/li>\n<\/ul>\n<p><strong>Dimensions\u00a0: 20 x 20 x 15 cm<br \/>\n<strong>Poids\u00a0: 0,5 kg<br \/>\n<strong>Puissance (watts)\u00a0:<\/strong> 350<br \/>\n<strong>Tension\u00a0:<\/strong> 230-240 V~, 50 Hz<br \/>\n<strong>Type de prise\u00a0:<\/strong> Schuko<br \/>\n<strong>Longueur du c\u00e2ble\u00a0:<\/strong> 100 cm<\/p>\n","protected":false},"excerpt":{"rendered":"<p>Caract\u00e9ristiques techniques\u00a0: Cuiseur \u00e0 \u0153ufs \u00e9lectronique pour 7 \u0153ufs Conception en acier inoxydable de haute qualit\u00e9 Contr\u00f4le \u00e9lectronique\u00a0: pas besoin<\/p>\n","protected":false},"featured_media":510649,"template":"","meta":{"_acf_changed":false,"inline_featured_image":false},"product_cat":[12449,12768],"product_tag":[12948,15733],"acf":[],"yoast_head":"<!-- This site is optimized with the Yoast SEO Premium plugin v18.6 (Yoast SEO v19.13) - https:\/\/yoast.com\/wordpress\/plugins\/seo\/ -->\n<title>CASO DESIGN Cuiseur \u00e0 \u0153ufs \u00e9lectrique E7 - Erresse Shop<\/title>\n<meta name=\"description\" content=\"Caract\u00e9ristiques techniques\u00a0: Cuiseur \u00e0 \u0153ufs \u00e9lectronique pour 7 \u0153ufs Conception en acier inoxydable de haute qualit\u00e9 Contr\u00f4le \u00e9lectronique\u00a0: pas besoin\" \/>\n<meta name=\"robots\" content=\"index, follow, max-snippet:-1, max-image-preview:large, max-video-preview:-1\" \/>\n<link rel=\"canonical\" href=\"https:\/\/www.erresse-shop.it\/fr\/shop\/petits-electromenagers\/robots-de-cuisine\/caso-design-cuiseur-a-oeufs-electrique-e7\/\" \/>\n<meta property=\"og:locale\" content=\"fr_FR\" \/>\n<meta property=\"og:type\" content=\"article\" \/>\n<meta property=\"og:title\" content=\"CASO DESIGN Cuiseur \u00e0 \u0153ufs \u00e9lectrique E7\" \/>\n<meta property=\"og:description\" content=\"Caract\u00e9ristiques techniques\u00a0: Cuiseur \u00e0 \u0153ufs \u00e9lectronique pour 7 \u0153ufs Conception en acier inoxydable de haute qualit\u00e9 Contr\u00f4le \u00e9lectronique\u00a0: pas besoin\" \/>\n<meta property=\"og:url\" content=\"https:\/\/www.erresse-shop.it\/fr\/shop\/petits-electromenagers\/robots-de-cuisine\/caso-design-cuiseur-a-oeufs-electrique-e7\/\" \/>\n<meta property=\"og:site_name\" content=\"Erresse Shop\" \/>\n<meta property=\"article:modified_time\" content=\"2025-08-26T11:04:59+00:00\" \/>\n<meta property=\"og:image\" content=\"https:\/\/www.erresse-shop.it\/wp-content\/uploads\/2025\/08\/CASO-DESIGN-Cuociuova-Elettrico-E7.jpg\" \/>\n\t<meta property=\"og:image:width\" content=\"1200\" \/>\n\t<meta property=\"og:image:height\" content=\"1200\" \/>\n\t<meta property=\"og:image:type\" content=\"image\/jpeg\" \/>\n<meta name=\"twitter:card\" content=\"summary_large_image\" \/>\n<script type=\"application\/ld+json\" class=\"yoast-schema-graph\">{\"@context\":\"https:\/\/schema.org\",\"@graph\":[{\"@type\":\"WebPage\",\"@id\":\"https:\/\/www.erresse-shop.it\/fr\/shop\/petits-electromenagers\/robots-de-cuisine\/caso-design-cuiseur-a-oeufs-electrique-e7\/\",\"url\":\"https:\/\/www.erresse-shop.it\/fr\/shop\/petits-electromenagers\/robots-de-cuisine\/caso-design-cuiseur-a-oeufs-electrique-e7\/\",\"name\":\"CASO DESIGN Cuiseur \u00e0 \u0153ufs \u00e9lectrique E7 - Erresse Shop\",\"isPartOf\":{\"@id\":\"https:\/\/www.erresse-shop.it\/fr\/#website\"},\"datePublished\":\"2025-08-26T10:50:10+00:00\",\"dateModified\":\"2025-08-26T11:04:59+00:00\",\"description\":\"Caract\u00e9ristiques techniques\u00a0: Cuiseur \u00e0 \u0153ufs \u00e9lectronique pour 7 \u0153ufs Conception en acier inoxydable de haute qualit\u00e9 Contr\u00f4le \u00e9lectronique\u00a0: pas besoin\",\"breadcrumb\":{\"@id\":\"https:\/\/www.erresse-shop.it\/fr\/shop\/petits-electromenagers\/robots-de-cuisine\/caso-design-cuiseur-a-oeufs-electrique-e7\/#breadcrumb\"},\"inLanguage\":\"fr-FR\",\"potentialAction\":[{\"@type\":\"ReadAction\",\"target\":[\"https:\/\/www.erresse-shop.it\/fr\/shop\/petits-electromenagers\/robots-de-cuisine\/caso-design-cuiseur-a-oeufs-electrique-e7\/\"]}]},{\"@type\":\"BreadcrumbList\",\"@id\":\"https:\/\/www.erresse-shop.it\/fr\/shop\/petits-electromenagers\/robots-de-cuisine\/caso-design-cuiseur-a-oeufs-electrique-e7\/#breadcrumb\",\"itemListElement\":[{\"@type\":\"ListItem\",\"position\":1,\"name\":\"Home\",\"item\":\"https:\/\/www.erresse-shop.it\/fr\/\"},{\"@type\":\"ListItem\",\"position\":2,\"name\":\"Shop\",\"item\":\"https:\/\/www.erresse-shop.it\/fr\/shop\/\"},{\"@type\":\"ListItem\",\"position\":3,\"name\":\"CASO DESIGN Cuiseur \u00e0 \u0153ufs \u00e9lectrique E7\"}]},{\"@type\":\"WebSite\",\"@id\":\"https:\/\/www.erresse-shop.it\/fr\/#website\",\"url\":\"https:\/\/www.erresse-shop.it\/fr\/\",\"name\":\"Erresse Shop\",\"description\":\"Articoli di qualit\u00e0 per la casa\",\"potentialAction\":[{\"@type\":\"SearchAction\",\"target\":{\"@type\":\"EntryPoint\",\"urlTemplate\":\"https:\/\/www.erresse-shop.it\/fr\/?s={search_term_string}\"},\"query-input\":\"required name=search_term_string\"}],\"inLanguage\":\"fr-FR\"}]}<\/script>\n<!-- \/ Yoast SEO Premium plugin. -->","yoast_head_json":{"title":"CASO DESIGN Cuiseur \u00e0 \u0153ufs \u00e9lectrique E7 - Erresse Shop","description":"Caract\u00e9ristiques techniques\u00a0: Cuiseur \u00e0 \u0153ufs \u00e9lectronique pour 7 \u0153ufs Conception en acier inoxydable de haute qualit\u00e9 Contr\u00f4le \u00e9lectronique\u00a0: pas besoin","robots":{"index":"index","follow":"follow","max-snippet":"max-snippet:-1","max-image-preview":"max-image-preview:large","max-video-preview":"max-video-preview:-1"},"canonical":"https:\/\/www.erresse-shop.it\/fr\/shop\/petits-electromenagers\/robots-de-cuisine\/caso-design-cuiseur-a-oeufs-electrique-e7\/","og_locale":"fr_FR","og_type":"article","og_title":"CASO DESIGN Cuiseur \u00e0 \u0153ufs \u00e9lectrique E7","og_description":"Caract\u00e9ristiques techniques\u00a0: Cuiseur \u00e0 \u0153ufs \u00e9lectronique pour 7 \u0153ufs Conception en acier inoxydable de haute qualit\u00e9 Contr\u00f4le \u00e9lectronique\u00a0: pas besoin","og_url":"https:\/\/www.erresse-shop.it\/fr\/shop\/petits-electromenagers\/robots-de-cuisine\/caso-design-cuiseur-a-oeufs-electrique-e7\/","og_site_name":"Erresse Shop","article_modified_time":"2025-08-26T11:04:59+00:00","og_image":[{"width":1200,"height":1200,"url":"https:\/\/www.erresse-shop.it\/wp-content\/uploads\/2025\/08\/CASO-DESIGN-Cuociuova-Elettrico-E7.jpg","type":"image\/jpeg"}],"twitter_card":"summary_large_image","schema":{"@context":"https:\/\/schema.org","@graph":[{"@type":"WebPage","@id":"https:\/\/www.erresse-shop.it\/fr\/shop\/petits-electromenagers\/robots-de-cuisine\/caso-design-cuiseur-a-oeufs-electrique-e7\/","url":"https:\/\/www.erresse-shop.it\/fr\/shop\/petits-electromenagers\/robots-de-cuisine\/caso-design-cuiseur-a-oeufs-electrique-e7\/","name":"CASO DESIGN Cuiseur \u00e0 \u0153ufs \u00e9lectrique E7 - Erresse Shop","isPartOf":{"@id":"https:\/\/www.erresse-shop.it\/fr\/#website"},"datePublished":"2025-08-26T10:50:10+00:00","dateModified":"2025-08-26T11:04:59+00:00","description":"Caract\u00e9ristiques techniques\u00a0: Cuiseur \u00e0 \u0153ufs \u00e9lectronique pour 7 \u0153ufs Conception en acier inoxydable de haute qualit\u00e9 Contr\u00f4le \u00e9lectronique\u00a0: pas besoin","breadcrumb":{"@id":"https:\/\/www.erresse-shop.it\/fr\/shop\/petits-electromenagers\/robots-de-cuisine\/caso-design-cuiseur-a-oeufs-electrique-e7\/#breadcrumb"},"inLanguage":"fr-FR","potentialAction":[{"@type":"ReadAction","target":["https:\/\/www.erresse-shop.it\/fr\/shop\/petits-electromenagers\/robots-de-cuisine\/caso-design-cuiseur-a-oeufs-electrique-e7\/"]}]},{"@type":"BreadcrumbList","@id":"https:\/\/www.erresse-shop.it\/fr\/shop\/petits-electromenagers\/robots-de-cuisine\/caso-design-cuiseur-a-oeufs-electrique-e7\/#breadcrumb","itemListElement":[{"@type":"ListItem","position":1,"name":"Home","item":"https:\/\/www.erresse-shop.it\/fr\/"},{"@type":"ListItem","position":2,"name":"Shop","item":"https:\/\/www.erresse-shop.it\/fr\/shop\/"},{"@type":"ListItem","position":3,"name":"CASO DESIGN Cuiseur \u00e0 \u0153ufs \u00e9lectrique E7"}]},{"@type":"WebSite","@id":"https:\/\/www.erresse-shop.it\/fr\/#website","url":"https:\/\/www.erresse-shop.it\/fr\/","name":"Erresse Shop","description":"Articoli di qualit\u00e0 per la casa","potentialAction":[{"@type":"SearchAction","target":{"@type":"EntryPoint","urlTemplate":"https:\/\/www.erresse-shop.it\/fr\/?s={search_term_string}"},"query-input":"required name=search_term_string"}],"inLanguage":"fr-FR"}]}},"df_price":39.99,"df_sale_price":39.99,"df_regular_price":39.99,"df_image_link":"https:\/\/www.erresse-shop.it\/wp-content\/uploads\/2025\/08\/CASO-DESIGN-Cuociuova-Elettrico-E7-300x300.jpg","_links":{"self":[{"href":"https:\/\/www.erresse-shop.it\/fr\/wp-json\/wp\/v2\/product\/510632"}],"collection":[{"href":"https:\/\/www.erresse-shop.it\/fr\/wp-json\/wp\/v2\/product"}],"about":[{"href":"https:\/\/www.erresse-shop.it\/fr\/wp-json\/wp\/v2\/types\/product"}],"wp:featuredmedia":[{"embeddable":true,"href":"https:\/\/www.erresse-shop.it\/fr\/wp-json\/wp\/v2\/media\/510649"}],"wp:attachment":[{"href":"https:\/\/www.erresse-shop.it\/fr\/wp-json\/wp\/v2\/media?parent=510632"}],"wp:term":[{"taxonomy":"product_cat","embeddable":true,"href":"https:\/\/www.erresse-shop.it\/fr\/wp-json\/wp\/v2\/product_cat?post=510632"},{"taxonomy":"product_tag","embeddable":true,"href":"https:\/\/www.erresse-shop.it\/fr\/wp-json\/wp\/v2\/product_tag?post=510632"}],"curies":[{"name":"wp","href":"https:\/\/api.w.org\/{rel}","templated":true}]}}