{"id":510598,"date":"2025-08-26T10:25:47","date_gmt":"2025-08-26T10:25:47","guid":{"rendered":"https:\/\/www.erresse-shop.it\/?post_type=product&#038;p=510598"},"modified":"2025-08-26T10:46:39","modified_gmt":"2025-08-26T10:46:39","slug":"caso-design-bouilloire-electrique-hw-770-advanced","status":"publish","type":"product","link":"https:\/\/www.erresse-shop.it\/fr\/shop\/petits-electromenagers\/bouilloires-electriques\/caso-design-bouilloire-electrique-hw-770-advanced\/","title":{"rendered":"CASO DESIGN Bouilloire \u00e9lectrique HW 770 Advanced"},"content":{"rendered":"<p><strong>Distributeur d&#8217;eau chaude CASO Design \u00ab\u00a0HW 770 Advanced\u00a0\u00bb\u00a0: ultra-rapide et \u00e9conome en \u00e9nergie. Une nouvelle fa\u00e7on de faire bouillir l&#8217;eau.<\/strong><\/p>\n<p>Cet appareil exceptionnel r\u00e9volutionne l&#8217;\u00e9bullition et permet d&#8217;\u00e9conomiser jusqu&#8217;\u00e0 50\u00a0% d&#8217;\u00e9nergie, d&#8217;eau et de temps par rapport aux bouilloires traditionnelles. Avec un temps de chauffe ultra-rapide de seulement 7\u00a0secondes, l&#8217;eau chaude est pr\u00eate en un clin d&#8217;\u0153il.<\/p>\n<p>Avec ses 13\u00a0r\u00e9glages de temp\u00e9rature individuels, de 40 \u00e0 100\u00a0\u00b0C par paliers de 5\u00a0\u00b0C, le HW 770 Advanced est id\u00e9al pour tous les types de th\u00e9. Ses 7\u00a0doseurs permettent de mesurer pr\u00e9cis\u00e9ment le volume de remplissage souhait\u00e9, de 100 \u00e0 400\u00a0ml, et de verser l&#8217;eau en continu.<\/p>\n<p><strong>Flexibilit\u00e9 maximale pour tous les amateurs de th\u00e9\u00a0: la fonction M\u00e9moire<\/strong><\/p>\n<p>La touche M\u00e9moire, tr\u00e8s pratique, enregistre la temp\u00e9rature d&#8217;infusion et la quantit\u00e9 d&#8217;eau souhait\u00e9es, pour une pr\u00e9paration parfaite de votre th\u00e9 pr\u00e9f\u00e9r\u00e9, sans r\u00e9glages fastidieux.<\/p>\n<p>Son bo\u00eetier en acier inoxydable de haute qualit\u00e9 et son \u00e9cran tactile lisible conf\u00e8rent \u00e0 la HW 770 Advanced un look moderne et une grande simplicit\u00e9 d&#8217;utilisation.<\/p>\n<p>Avec son r\u00e9servoir d&#8217;eau amovible de 2,7 litres, son filtre \u00e0 eau inclus pour une eau d&#8217;une qualit\u00e9 irr\u00e9prochable, ainsi que son rappel de d\u00e9tartrage et son mode nettoyage int\u00e9gr\u00e9s, la HW 770 Advanced offre tout ce dont vous avez besoin pour faire bouillir votre eau facilement et en toute fiabilit\u00e9. Essayez-la d\u00e8s maintenant et d\u00e9couvrez l&#8217;avenir de l&#8217;eau bouillante\u00a0!<\/p>\n<p><strong>CASO Design HW 770 Advanced &#8211; Caract\u00e9ristiques principales\u00a0:<\/strong><\/p>\n<ul>\n<li>\u00c9conomisez jusqu&#8217;\u00e0 50\u00a0% d&#8217;\u00e9nergie, d&#8217;eau et de temps par rapport aux bouilloires \u00e9lectriques.<\/li>\n<li>De l&#8217;eau chaude en seulement 7\u00a0secondes.<\/li>\n<li>S\u00e9lection individuelle de la temp\u00e9rature de 40 \u00e0 100\u00a0\u00b0C par paliers de 5\u00a0\u00b0C.<\/li>\n<li>7\u00a0niveaux de volume pour des quantit\u00e9s de remplissage pr\u00e9cises\u00a0: 100\u00a0\/\u00a0150\u00a0\/\u00a0200\u00a0\/\u00a0250\u00a0\/\u00a0300\u00a0\/\u00a0350\u00a0\/\u00a0400\u00a0ml.<\/li>\n<li>Bouton m\u00e9moire int\u00e9gr\u00e9 pour des r\u00e9glages instantan\u00e9s.<\/li>\n<li>Corps en acier inoxydable de haute qualit\u00e9 pour un design moderne.<\/li>\n<li>\u00c9cran facile \u00e0 lire avec commande tactile.<\/li>\n<li>Grand r\u00e9servoir d&#8217;eau amovible de 2,7\u00a0litres pour un remplissage facile.<\/li>\n<li>Filtre \u00e0 eau inclus pour une eau parfaite et de haute qualit\u00e9.<\/li>\n<li>Convient aux personnes particuli\u00e8rement grandes. tasses (\u00e0 emporter)<\/li>\n<\/ul>\n<p><strong>Ces caract\u00e9ristiques uniques rendent le HW 770 Advanced si sp\u00e9cial.<\/strong><\/p>\n<p>Les points forts du HW 770 Advanced sont son large choix de temp\u00e9ratures, sa fonction m\u00e9moire et son design haut de gamme. Le HW 660, par exemple, se distingue par sa simplicit\u00e9 d&#8217;utilisation et son design compact.<\/p>\n","protected":false},"excerpt":{"rendered":"<p>Distributeur d&#8217;eau chaude CASO Design \u00ab\u00a0HW 770 Advanced\u00a0\u00bb\u00a0: ultra-rapide et \u00e9conome en \u00e9nergie. Une nouvelle fa\u00e7on de faire bouillir l&#8217;eau.<\/p>\n","protected":false},"featured_media":510621,"template":"","meta":{"_acf_changed":false,"inline_featured_image":false},"product_cat":[12763,12449],"product_tag":[13265,13895],"acf":[],"yoast_head":"<!-- This site is optimized with the Yoast SEO Premium plugin v18.6 (Yoast SEO v19.13) - https:\/\/yoast.com\/wordpress\/plugins\/seo\/ -->\n<title>CASO DESIGN Bouilloire \u00e9lectrique HW 770 Advanced - Erresse Shop<\/title>\n<meta name=\"description\" content=\"Distributeur d&#039;eau chaude CASO Design \u00ab\u00a0HW 770 Advanced\u00a0\u00bb\u00a0: ultra-rapide et \u00e9conome en \u00e9nergie. Une nouvelle fa\u00e7on de faire bouillir l&#039;eau. Cet appareil\" \/>\n<meta name=\"robots\" content=\"index, follow, max-snippet:-1, max-image-preview:large, max-video-preview:-1\" \/>\n<link rel=\"canonical\" href=\"https:\/\/www.erresse-shop.it\/fr\/shop\/petits-electromenagers\/bouilloires-electriques\/caso-design-bouilloire-electrique-hw-770-advanced\/\" \/>\n<meta property=\"og:locale\" content=\"fr_FR\" \/>\n<meta property=\"og:type\" content=\"article\" \/>\n<meta property=\"og:title\" content=\"CASO DESIGN Bouilloire \u00e9lectrique HW 770 Advanced\" \/>\n<meta property=\"og:description\" content=\"Distributeur d&#039;eau chaude CASO Design \u00ab\u00a0HW 770 Advanced\u00a0\u00bb\u00a0: ultra-rapide et \u00e9conome en \u00e9nergie. Une nouvelle fa\u00e7on de faire bouillir l&#039;eau. Cet appareil\" \/>\n<meta property=\"og:url\" content=\"https:\/\/www.erresse-shop.it\/fr\/shop\/petits-electromenagers\/bouilloires-electriques\/caso-design-bouilloire-electrique-hw-770-advanced\/\" \/>\n<meta property=\"og:site_name\" content=\"Erresse Shop\" \/>\n<meta property=\"article:modified_time\" content=\"2025-08-26T10:46:39+00:00\" \/>\n<meta property=\"og:image\" content=\"https:\/\/www.erresse-shop.it\/wp-content\/uploads\/2025\/08\/CASO-DESIGN-Bollitore-HW-770-Advanced.jpg\" \/>\n\t<meta property=\"og:image:width\" content=\"1200\" \/>\n\t<meta property=\"og:image:height\" content=\"1200\" \/>\n\t<meta property=\"og:image:type\" content=\"image\/jpeg\" \/>\n<meta name=\"twitter:card\" content=\"summary_large_image\" \/>\n<script type=\"application\/ld+json\" class=\"yoast-schema-graph\">{\"@context\":\"https:\/\/schema.org\",\"@graph\":[{\"@type\":\"WebPage\",\"@id\":\"https:\/\/www.erresse-shop.it\/fr\/shop\/petits-electromenagers\/bouilloires-electriques\/caso-design-bouilloire-electrique-hw-770-advanced\/\",\"url\":\"https:\/\/www.erresse-shop.it\/fr\/shop\/petits-electromenagers\/bouilloires-electriques\/caso-design-bouilloire-electrique-hw-770-advanced\/\",\"name\":\"CASO DESIGN Bouilloire \u00e9lectrique HW 770 Advanced - Erresse Shop\",\"isPartOf\":{\"@id\":\"https:\/\/www.erresse-shop.it\/fr\/#website\"},\"datePublished\":\"2025-08-26T10:25:47+00:00\",\"dateModified\":\"2025-08-26T10:46:39+00:00\",\"description\":\"Distributeur d'eau chaude CASO Design \u00ab\u00a0HW 770 Advanced\u00a0\u00bb\u00a0: ultra-rapide et \u00e9conome en \u00e9nergie. Une nouvelle fa\u00e7on de faire bouillir l'eau. Cet appareil\",\"breadcrumb\":{\"@id\":\"https:\/\/www.erresse-shop.it\/fr\/shop\/petits-electromenagers\/bouilloires-electriques\/caso-design-bouilloire-electrique-hw-770-advanced\/#breadcrumb\"},\"inLanguage\":\"fr-FR\",\"potentialAction\":[{\"@type\":\"ReadAction\",\"target\":[\"https:\/\/www.erresse-shop.it\/fr\/shop\/petits-electromenagers\/bouilloires-electriques\/caso-design-bouilloire-electrique-hw-770-advanced\/\"]}]},{\"@type\":\"BreadcrumbList\",\"@id\":\"https:\/\/www.erresse-shop.it\/fr\/shop\/petits-electromenagers\/bouilloires-electriques\/caso-design-bouilloire-electrique-hw-770-advanced\/#breadcrumb\",\"itemListElement\":[{\"@type\":\"ListItem\",\"position\":1,\"name\":\"Home\",\"item\":\"https:\/\/www.erresse-shop.it\/fr\/\"},{\"@type\":\"ListItem\",\"position\":2,\"name\":\"Shop\",\"item\":\"https:\/\/www.erresse-shop.it\/fr\/shop\/\"},{\"@type\":\"ListItem\",\"position\":3,\"name\":\"CASO DESIGN Bouilloire \u00e9lectrique HW 770 Advanced\"}]},{\"@type\":\"WebSite\",\"@id\":\"https:\/\/www.erresse-shop.it\/fr\/#website\",\"url\":\"https:\/\/www.erresse-shop.it\/fr\/\",\"name\":\"Erresse Shop\",\"description\":\"Articoli di qualit\u00e0 per la casa\",\"potentialAction\":[{\"@type\":\"SearchAction\",\"target\":{\"@type\":\"EntryPoint\",\"urlTemplate\":\"https:\/\/www.erresse-shop.it\/fr\/?s={search_term_string}\"},\"query-input\":\"required name=search_term_string\"}],\"inLanguage\":\"fr-FR\"}]}<\/script>\n<!-- \/ Yoast SEO Premium plugin. -->","yoast_head_json":{"title":"CASO DESIGN Bouilloire \u00e9lectrique HW 770 Advanced - Erresse Shop","description":"Distributeur d'eau chaude CASO Design \u00ab\u00a0HW 770 Advanced\u00a0\u00bb\u00a0: ultra-rapide et \u00e9conome en \u00e9nergie. Une nouvelle fa\u00e7on de faire bouillir l'eau. Cet appareil","robots":{"index":"index","follow":"follow","max-snippet":"max-snippet:-1","max-image-preview":"max-image-preview:large","max-video-preview":"max-video-preview:-1"},"canonical":"https:\/\/www.erresse-shop.it\/fr\/shop\/petits-electromenagers\/bouilloires-electriques\/caso-design-bouilloire-electrique-hw-770-advanced\/","og_locale":"fr_FR","og_type":"article","og_title":"CASO DESIGN Bouilloire \u00e9lectrique HW 770 Advanced","og_description":"Distributeur d'eau chaude CASO Design \u00ab\u00a0HW 770 Advanced\u00a0\u00bb\u00a0: ultra-rapide et \u00e9conome en \u00e9nergie. Une nouvelle fa\u00e7on de faire bouillir l'eau. Cet appareil","og_url":"https:\/\/www.erresse-shop.it\/fr\/shop\/petits-electromenagers\/bouilloires-electriques\/caso-design-bouilloire-electrique-hw-770-advanced\/","og_site_name":"Erresse Shop","article_modified_time":"2025-08-26T10:46:39+00:00","og_image":[{"width":1200,"height":1200,"url":"https:\/\/www.erresse-shop.it\/wp-content\/uploads\/2025\/08\/CASO-DESIGN-Bollitore-HW-770-Advanced.jpg","type":"image\/jpeg"}],"twitter_card":"summary_large_image","schema":{"@context":"https:\/\/schema.org","@graph":[{"@type":"WebPage","@id":"https:\/\/www.erresse-shop.it\/fr\/shop\/petits-electromenagers\/bouilloires-electriques\/caso-design-bouilloire-electrique-hw-770-advanced\/","url":"https:\/\/www.erresse-shop.it\/fr\/shop\/petits-electromenagers\/bouilloires-electriques\/caso-design-bouilloire-electrique-hw-770-advanced\/","name":"CASO DESIGN Bouilloire \u00e9lectrique HW 770 Advanced - Erresse Shop","isPartOf":{"@id":"https:\/\/www.erresse-shop.it\/fr\/#website"},"datePublished":"2025-08-26T10:25:47+00:00","dateModified":"2025-08-26T10:46:39+00:00","description":"Distributeur d'eau chaude CASO Design \u00ab\u00a0HW 770 Advanced\u00a0\u00bb\u00a0: ultra-rapide et \u00e9conome en \u00e9nergie. Une nouvelle fa\u00e7on de faire bouillir l'eau. Cet appareil","breadcrumb":{"@id":"https:\/\/www.erresse-shop.it\/fr\/shop\/petits-electromenagers\/bouilloires-electriques\/caso-design-bouilloire-electrique-hw-770-advanced\/#breadcrumb"},"inLanguage":"fr-FR","potentialAction":[{"@type":"ReadAction","target":["https:\/\/www.erresse-shop.it\/fr\/shop\/petits-electromenagers\/bouilloires-electriques\/caso-design-bouilloire-electrique-hw-770-advanced\/"]}]},{"@type":"BreadcrumbList","@id":"https:\/\/www.erresse-shop.it\/fr\/shop\/petits-electromenagers\/bouilloires-electriques\/caso-design-bouilloire-electrique-hw-770-advanced\/#breadcrumb","itemListElement":[{"@type":"ListItem","position":1,"name":"Home","item":"https:\/\/www.erresse-shop.it\/fr\/"},{"@type":"ListItem","position":2,"name":"Shop","item":"https:\/\/www.erresse-shop.it\/fr\/shop\/"},{"@type":"ListItem","position":3,"name":"CASO DESIGN Bouilloire \u00e9lectrique HW 770 Advanced"}]},{"@type":"WebSite","@id":"https:\/\/www.erresse-shop.it\/fr\/#website","url":"https:\/\/www.erresse-shop.it\/fr\/","name":"Erresse Shop","description":"Articoli di qualit\u00e0 per la casa","potentialAction":[{"@type":"SearchAction","target":{"@type":"EntryPoint","urlTemplate":"https:\/\/www.erresse-shop.it\/fr\/?s={search_term_string}"},"query-input":"required name=search_term_string"}],"inLanguage":"fr-FR"}]}},"df_price":139.99,"df_sale_price":139.99,"df_regular_price":139.99,"df_image_link":"https:\/\/www.erresse-shop.it\/wp-content\/uploads\/2025\/08\/CASO-DESIGN-Bollitore-HW-770-Advanced-300x300.jpg","_links":{"self":[{"href":"https:\/\/www.erresse-shop.it\/fr\/wp-json\/wp\/v2\/product\/510598"}],"collection":[{"href":"https:\/\/www.erresse-shop.it\/fr\/wp-json\/wp\/v2\/product"}],"about":[{"href":"https:\/\/www.erresse-shop.it\/fr\/wp-json\/wp\/v2\/types\/product"}],"wp:featuredmedia":[{"embeddable":true,"href":"https:\/\/www.erresse-shop.it\/fr\/wp-json\/wp\/v2\/media\/510621"}],"wp:attachment":[{"href":"https:\/\/www.erresse-shop.it\/fr\/wp-json\/wp\/v2\/media?parent=510598"}],"wp:term":[{"taxonomy":"product_cat","embeddable":true,"href":"https:\/\/www.erresse-shop.it\/fr\/wp-json\/wp\/v2\/product_cat?post=510598"},{"taxonomy":"product_tag","embeddable":true,"href":"https:\/\/www.erresse-shop.it\/fr\/wp-json\/wp\/v2\/product_tag?post=510598"}],"curies":[{"name":"wp","href":"https:\/\/api.w.org\/{rel}","templated":true}]}}