{"id":510442,"date":"2025-08-21T07:42:32","date_gmt":"2025-08-21T07:42:37","guid":{"rendered":"https:\/\/www.erresse-shop.it\/?post_type=product&#038;p=510442"},"modified":"2026-03-27T11:40:07","modified_gmt":"2026-03-27T11:40:07","slug":"joseph-joseph-table-a-repasser-pliante-gris","status":"publish","type":"product","link":"https:\/\/www.erresse-shop.it\/fr\/shop\/ameublement-maison\/planches-a-repasser\/joseph-joseph-table-a-repasser-pliante-gris\/","title":{"rendered":"JOSEPH JOSEPH Table \u00e0 repasser pliante Gris"},"content":{"rendered":"<p>Les planches \u00e0 repasser sont souvent difficiles \u00e0 installer et \u00e0 ranger. Pocket, quant \u00e0 elle, sort des sentiers battus. Nous avons con\u00e7u notre planche \u00e0 repasser de table r\u00e9volutionnaire avec une capacit\u00e9 de rangement exceptionnelle et une fonctionnalit\u00e9 sans compromis.<\/p>\n<p>Lorsqu&#8217;elle n&#8217;est pas utilis\u00e9e, Pocket se plie en deux pour un rangement facile et dispose m\u00eame d&#8217;un compartiment de rangement int\u00e9gr\u00e9 pour le fer.<\/p>\n<ul>\n<li>Conception compacte et pliable<\/li>\n<li>Compartiment de rangement int\u00e9gr\u00e9 pour le fer<\/li>\n<li>Cintre s\u00e9par\u00e9 inclus pour un rangement facile<\/li>\n<li>Housse 100 % coton facile \u00e0 remplacer avec base rembourr\u00e9e<\/li>\n<li>Grande surface de repassage<\/li>\n<\/ul>\n<p><strong>Entretien et utilisation<\/strong>\u00a0:<\/p>\n<ul>\n<li>Fixation murale\u00a0: Support, vis et chevilles fournis pour fixer la Pocket sur une surface appropri\u00e9e.<\/li>\n<li>Housse\u00a0: Essuyer uniquement\u00a0; ne pas laver en machine.<\/li>\n<li>Cadre\u00a0: Essuyer avec un chiffon humide\u00a0; N&#8217;utilisez pas de chiffons abrasifs ni de nettoyants chimiques agressifs.<\/li>\n<li>Attention\u00a0: Laissez le fer refroidir \u00e0 temp\u00e9rature ambiante avant de le ranger dans son compartiment.<\/li>\n<li>Assurez-vous que la housse est s\u00e8che avant de la plier et de la ranger.<\/li>\n<li>Tenez la planche \u00e0 repasser hors de port\u00e9e des enfants et rangez-la soigneusement apr\u00e8s utilisation.<\/li>\n<li>Le cadre est garanti 3\u00a0ans contre les d\u00e9fauts de fabrication\u00a0; plus d&#8217;informations sont disponibles sur notre page Garantie ici. Toutes les autres pi\u00e8ces sont garanties 2\u00a0ans.<\/li>\n<li>Fer non inclus.<\/li>\n<\/ul>\n<p><strong>Dimensions<\/strong>\u00a0:<\/p>\n<p>Fer ferm\u00e9\u00a0: H\u00a045,5\u00a0x L\u00a034\u00a0x P\u00a015,5\u00a0cm<\/p>\n<p>Surface de repassage\u00a0: H\u00a090\u00a0x L\u00a033\u00a0cm<\/p>\n<p>Une fois ouverte, la surface de repassage se trouve \u00e0 11\u00a0cm du plateau.<\/p>\n<p><strong>Poids\u00a0:<\/strong> 2,62\u00a0kg<\/p>\n<p>&nbsp;<\/p>\n","protected":false},"excerpt":{"rendered":"<p>Les planches \u00e0 repasser sont souvent difficiles \u00e0 installer et \u00e0 ranger. Pocket, quant \u00e0 elle, sort des sentiers battus.<\/p>\n","protected":false},"featured_media":510465,"template":"","meta":{"_acf_changed":false,"inline_featured_image":false},"product_cat":[12738,18095],"product_tag":[25026,25021,18472,14059],"acf":[],"yoast_head":"<!-- This site is optimized with the Yoast SEO Premium plugin v18.6 (Yoast SEO v19.13) - https:\/\/yoast.com\/wordpress\/plugins\/seo\/ -->\n<title>JOSEPH JOSEPH Table \u00e0 repasser pliante Gris - Erresse Shop<\/title>\n<meta name=\"description\" content=\"Les planches \u00e0 repasser sont souvent difficiles \u00e0 installer et \u00e0 ranger. Pocket, quant \u00e0 elle, sort des sentiers battus. Nous avons con\u00e7u notre planche \u00e0\" \/>\n<meta name=\"robots\" content=\"index, follow, max-snippet:-1, max-image-preview:large, max-video-preview:-1\" \/>\n<link rel=\"canonical\" href=\"https:\/\/www.erresse-shop.it\/fr\/shop\/ameublement-maison\/planches-a-repasser\/joseph-joseph-table-a-repasser-pliante-gris\/\" \/>\n<meta property=\"og:locale\" content=\"fr_FR\" \/>\n<meta property=\"og:type\" content=\"article\" \/>\n<meta property=\"og:title\" content=\"JOSEPH JOSEPH Table \u00e0 repasser pliante Gris\" \/>\n<meta property=\"og:description\" content=\"Les planches \u00e0 repasser sont souvent difficiles \u00e0 installer et \u00e0 ranger. Pocket, quant \u00e0 elle, sort des sentiers battus. Nous avons con\u00e7u notre planche \u00e0\" \/>\n<meta property=\"og:url\" content=\"https:\/\/www.erresse-shop.it\/fr\/shop\/ameublement-maison\/planches-a-repasser\/joseph-joseph-table-a-repasser-pliante-gris\/\" \/>\n<meta property=\"og:site_name\" content=\"Erresse Shop\" \/>\n<meta property=\"article:modified_time\" content=\"2026-03-27T11:40:07+00:00\" \/>\n<meta property=\"og:image\" content=\"https:\/\/www.erresse-shop.it\/wp-content\/uploads\/2025\/08\/JOSEPH-Asse-da-Stiro-Pieghevole-Grigio.jpg\" \/>\n\t<meta property=\"og:image:width\" content=\"1200\" \/>\n\t<meta property=\"og:image:height\" content=\"1200\" \/>\n\t<meta property=\"og:image:type\" content=\"image\/jpeg\" \/>\n<meta name=\"twitter:card\" content=\"summary_large_image\" \/>\n<script type=\"application\/ld+json\" class=\"yoast-schema-graph\">{\"@context\":\"https:\/\/schema.org\",\"@graph\":[{\"@type\":\"WebPage\",\"@id\":\"https:\/\/www.erresse-shop.it\/fr\/shop\/ameublement-maison\/planches-a-repasser\/joseph-joseph-table-a-repasser-pliante-gris\/\",\"url\":\"https:\/\/www.erresse-shop.it\/fr\/shop\/ameublement-maison\/planches-a-repasser\/joseph-joseph-table-a-repasser-pliante-gris\/\",\"name\":\"JOSEPH JOSEPH Table \u00e0 repasser pliante Gris - Erresse Shop\",\"isPartOf\":{\"@id\":\"https:\/\/www.erresse-shop.it\/fr\/#website\"},\"datePublished\":\"2025-08-21T07:42:37+00:00\",\"dateModified\":\"2026-03-27T11:40:07+00:00\",\"description\":\"Les planches \u00e0 repasser sont souvent difficiles \u00e0 installer et \u00e0 ranger. Pocket, quant \u00e0 elle, sort des sentiers battus. Nous avons con\u00e7u notre planche \u00e0\",\"breadcrumb\":{\"@id\":\"https:\/\/www.erresse-shop.it\/fr\/shop\/ameublement-maison\/planches-a-repasser\/joseph-joseph-table-a-repasser-pliante-gris\/#breadcrumb\"},\"inLanguage\":\"fr-FR\",\"potentialAction\":[{\"@type\":\"ReadAction\",\"target\":[\"https:\/\/www.erresse-shop.it\/fr\/shop\/ameublement-maison\/planches-a-repasser\/joseph-joseph-table-a-repasser-pliante-gris\/\"]}]},{\"@type\":\"BreadcrumbList\",\"@id\":\"https:\/\/www.erresse-shop.it\/fr\/shop\/ameublement-maison\/planches-a-repasser\/joseph-joseph-table-a-repasser-pliante-gris\/#breadcrumb\",\"itemListElement\":[{\"@type\":\"ListItem\",\"position\":1,\"name\":\"Home\",\"item\":\"https:\/\/www.erresse-shop.it\/fr\/\"},{\"@type\":\"ListItem\",\"position\":2,\"name\":\"Shop\",\"item\":\"https:\/\/www.erresse-shop.it\/fr\/shop\/\"},{\"@type\":\"ListItem\",\"position\":3,\"name\":\"JOSEPH JOSEPH Table \u00e0 repasser pliante Gris\"}]},{\"@type\":\"WebSite\",\"@id\":\"https:\/\/www.erresse-shop.it\/fr\/#website\",\"url\":\"https:\/\/www.erresse-shop.it\/fr\/\",\"name\":\"Erresse Shop\",\"description\":\"Articoli di qualit\u00e0 per la casa\",\"potentialAction\":[{\"@type\":\"SearchAction\",\"target\":{\"@type\":\"EntryPoint\",\"urlTemplate\":\"https:\/\/www.erresse-shop.it\/fr\/?s={search_term_string}\"},\"query-input\":\"required name=search_term_string\"}],\"inLanguage\":\"fr-FR\"}]}<\/script>\n<!-- \/ Yoast SEO Premium plugin. -->","yoast_head_json":{"title":"JOSEPH JOSEPH Table \u00e0 repasser pliante Gris - Erresse Shop","description":"Les planches \u00e0 repasser sont souvent difficiles \u00e0 installer et \u00e0 ranger. Pocket, quant \u00e0 elle, sort des sentiers battus. Nous avons con\u00e7u notre planche \u00e0","robots":{"index":"index","follow":"follow","max-snippet":"max-snippet:-1","max-image-preview":"max-image-preview:large","max-video-preview":"max-video-preview:-1"},"canonical":"https:\/\/www.erresse-shop.it\/fr\/shop\/ameublement-maison\/planches-a-repasser\/joseph-joseph-table-a-repasser-pliante-gris\/","og_locale":"fr_FR","og_type":"article","og_title":"JOSEPH JOSEPH Table \u00e0 repasser pliante Gris","og_description":"Les planches \u00e0 repasser sont souvent difficiles \u00e0 installer et \u00e0 ranger. Pocket, quant \u00e0 elle, sort des sentiers battus. Nous avons con\u00e7u notre planche \u00e0","og_url":"https:\/\/www.erresse-shop.it\/fr\/shop\/ameublement-maison\/planches-a-repasser\/joseph-joseph-table-a-repasser-pliante-gris\/","og_site_name":"Erresse Shop","article_modified_time":"2026-03-27T11:40:07+00:00","og_image":[{"width":1200,"height":1200,"url":"https:\/\/www.erresse-shop.it\/wp-content\/uploads\/2025\/08\/JOSEPH-Asse-da-Stiro-Pieghevole-Grigio.jpg","type":"image\/jpeg"}],"twitter_card":"summary_large_image","schema":{"@context":"https:\/\/schema.org","@graph":[{"@type":"WebPage","@id":"https:\/\/www.erresse-shop.it\/fr\/shop\/ameublement-maison\/planches-a-repasser\/joseph-joseph-table-a-repasser-pliante-gris\/","url":"https:\/\/www.erresse-shop.it\/fr\/shop\/ameublement-maison\/planches-a-repasser\/joseph-joseph-table-a-repasser-pliante-gris\/","name":"JOSEPH JOSEPH Table \u00e0 repasser pliante Gris - Erresse Shop","isPartOf":{"@id":"https:\/\/www.erresse-shop.it\/fr\/#website"},"datePublished":"2025-08-21T07:42:37+00:00","dateModified":"2026-03-27T11:40:07+00:00","description":"Les planches \u00e0 repasser sont souvent difficiles \u00e0 installer et \u00e0 ranger. Pocket, quant \u00e0 elle, sort des sentiers battus. Nous avons con\u00e7u notre planche \u00e0","breadcrumb":{"@id":"https:\/\/www.erresse-shop.it\/fr\/shop\/ameublement-maison\/planches-a-repasser\/joseph-joseph-table-a-repasser-pliante-gris\/#breadcrumb"},"inLanguage":"fr-FR","potentialAction":[{"@type":"ReadAction","target":["https:\/\/www.erresse-shop.it\/fr\/shop\/ameublement-maison\/planches-a-repasser\/joseph-joseph-table-a-repasser-pliante-gris\/"]}]},{"@type":"BreadcrumbList","@id":"https:\/\/www.erresse-shop.it\/fr\/shop\/ameublement-maison\/planches-a-repasser\/joseph-joseph-table-a-repasser-pliante-gris\/#breadcrumb","itemListElement":[{"@type":"ListItem","position":1,"name":"Home","item":"https:\/\/www.erresse-shop.it\/fr\/"},{"@type":"ListItem","position":2,"name":"Shop","item":"https:\/\/www.erresse-shop.it\/fr\/shop\/"},{"@type":"ListItem","position":3,"name":"JOSEPH JOSEPH Table \u00e0 repasser pliante Gris"}]},{"@type":"WebSite","@id":"https:\/\/www.erresse-shop.it\/fr\/#website","url":"https:\/\/www.erresse-shop.it\/fr\/","name":"Erresse Shop","description":"Articoli di qualit\u00e0 per la casa","potentialAction":[{"@type":"SearchAction","target":{"@type":"EntryPoint","urlTemplate":"https:\/\/www.erresse-shop.it\/fr\/?s={search_term_string}"},"query-input":"required name=search_term_string"}],"inLanguage":"fr-FR"}]}},"df_price":82.95,"df_sale_price":82.95,"df_regular_price":119.99,"df_image_link":"https:\/\/www.erresse-shop.it\/wp-content\/uploads\/2025\/08\/JOSEPH-Asse-da-Stiro-Pieghevole-Grigio-300x300.jpg","_links":{"self":[{"href":"https:\/\/www.erresse-shop.it\/fr\/wp-json\/wp\/v2\/product\/510442"}],"collection":[{"href":"https:\/\/www.erresse-shop.it\/fr\/wp-json\/wp\/v2\/product"}],"about":[{"href":"https:\/\/www.erresse-shop.it\/fr\/wp-json\/wp\/v2\/types\/product"}],"wp:featuredmedia":[{"embeddable":true,"href":"https:\/\/www.erresse-shop.it\/fr\/wp-json\/wp\/v2\/media\/510465"}],"wp:attachment":[{"href":"https:\/\/www.erresse-shop.it\/fr\/wp-json\/wp\/v2\/media?parent=510442"}],"wp:term":[{"taxonomy":"product_cat","embeddable":true,"href":"https:\/\/www.erresse-shop.it\/fr\/wp-json\/wp\/v2\/product_cat?post=510442"},{"taxonomy":"product_tag","embeddable":true,"href":"https:\/\/www.erresse-shop.it\/fr\/wp-json\/wp\/v2\/product_tag?post=510442"}],"curies":[{"name":"wp","href":"https:\/\/api.w.org\/{rel}","templated":true}]}}