{"id":510213,"date":"2025-08-08T06:15:36","date_gmt":"2025-08-08T06:15:41","guid":{"rendered":"https:\/\/www.erresse-shop.it\/?post_type=product&#038;p=510213"},"modified":"2026-02-04T08:35:59","modified_gmt":"2026-02-04T08:35:59","slug":"taitu-mare-set-de-table-double-face","status":"publish","type":"product","link":"https:\/\/www.erresse-shop.it\/fr\/shop\/table-fr-2\/taitu-mare-set-de-table-double-face\/","title":{"rendered":"TAIT\u00d9 Mare Set de table Double-Face"},"content":{"rendered":"<p>\u00c9cologiques, naturels et pr\u00e9cieux\u00a0: les sets de table <strong>FREESTYLE<\/strong> sont un produit de luxe \u00e9cologique, <strong>Made In Italy<\/strong>, en 100 % cuir reconstitu\u00e9 avec une finition gaufr\u00e9e.<\/p>\n<p><strong>Double-Face<\/strong>, deux sets de table en un. Les deux faces sont en cuir reconstitu\u00e9 : l&#8217;une d\u00e9cor\u00e9e des cr\u00e9ations phares de TAIT\u00d9, l&#8217;autre en noir pur, pour une approche minimaliste et une polyvalence maximale.<\/p>\n<p>Id\u00e9aux comme cadeaux, ils s&#8217;int\u00e8grent parfaitement \u00e0 tous les d\u00e9cors\u00a0: du petit-d\u00e9jeuner aux tables les plus \u00e9l\u00e9gantes, pour une table \u00e9co-chic.<\/p>\n<p>Nettoyer avec un chiffon doux imbib\u00e9 d&#8217;un d\u00e9tergent neutre doux. Ne pas utiliser de produits contenant de l&#8217;alcool. Traiter rapidement en cas de contact avec des aliments ou des substances susceptibles de tacher (caf\u00e9, th\u00e9, etc.).<\/p>\n<p><strong>Dimensions\u00a0:<\/strong> 45 x 33 x 0,14\u00a0cm<\/p>\n","protected":false},"excerpt":{"rendered":"<p>\u00c9cologiques, naturels et pr\u00e9cieux\u00a0: les sets de table FREESTYLE sont un produit de luxe \u00e9cologique, Made In Italy, en 100<\/p>\n","protected":false},"featured_media":510237,"template":"","meta":{"_acf_changed":false,"inline_featured_image":false},"product_cat":[12782],"product_tag":[23690,14588,12817],"acf":[],"yoast_head":"<!-- This site is optimized with the Yoast SEO Premium plugin v18.6 (Yoast SEO v19.13) - https:\/\/yoast.com\/wordpress\/plugins\/seo\/ -->\n<title>TAIT\u00d9 Mare Set de table Double-Face - Erresse Shop<\/title>\n<meta name=\"description\" content=\"\u00c9cologiques, naturels et pr\u00e9cieux\u00a0: les sets de table FREESTYLE sont un produit de luxe \u00e9cologique, Made In Italy, en 100 % cuir reconstitu\u00e9 avec une\" \/>\n<meta name=\"robots\" content=\"index, follow, max-snippet:-1, max-image-preview:large, max-video-preview:-1\" \/>\n<link rel=\"canonical\" href=\"https:\/\/www.erresse-shop.it\/fr\/shop\/table-fr-2\/taitu-mare-set-de-table-double-face\/\" \/>\n<meta property=\"og:locale\" content=\"fr_FR\" \/>\n<meta property=\"og:type\" content=\"article\" \/>\n<meta property=\"og:title\" content=\"TAIT\u00d9 Mare Set de table Double-Face\" \/>\n<meta property=\"og:description\" content=\"\u00c9cologiques, naturels et pr\u00e9cieux\u00a0: les sets de table FREESTYLE sont un produit de luxe \u00e9cologique, Made In Italy, en 100 % cuir reconstitu\u00e9 avec une\" \/>\n<meta property=\"og:url\" content=\"https:\/\/www.erresse-shop.it\/fr\/shop\/table-fr-2\/taitu-mare-set-de-table-double-face\/\" \/>\n<meta property=\"og:site_name\" content=\"Erresse Shop\" \/>\n<meta property=\"article:modified_time\" content=\"2026-02-04T08:35:59+00:00\" \/>\n<meta property=\"og:image\" content=\"https:\/\/www.erresse-shop.it\/wp-content\/uploads\/2025\/08\/TAITU-Mare-Tovaglietta-Double-Face.jpg\" \/>\n\t<meta property=\"og:image:width\" content=\"1200\" \/>\n\t<meta property=\"og:image:height\" content=\"1200\" \/>\n\t<meta property=\"og:image:type\" content=\"image\/jpeg\" \/>\n<meta name=\"twitter:card\" content=\"summary_large_image\" \/>\n<script type=\"application\/ld+json\" class=\"yoast-schema-graph\">{\"@context\":\"https:\/\/schema.org\",\"@graph\":[{\"@type\":\"WebPage\",\"@id\":\"https:\/\/www.erresse-shop.it\/fr\/shop\/table-fr-2\/taitu-mare-set-de-table-double-face\/\",\"url\":\"https:\/\/www.erresse-shop.it\/fr\/shop\/table-fr-2\/taitu-mare-set-de-table-double-face\/\",\"name\":\"TAIT\u00d9 Mare Set de table Double-Face - Erresse Shop\",\"isPartOf\":{\"@id\":\"https:\/\/www.erresse-shop.it\/fr\/#website\"},\"datePublished\":\"2025-08-08T06:15:41+00:00\",\"dateModified\":\"2026-02-04T08:35:59+00:00\",\"description\":\"\u00c9cologiques, naturels et pr\u00e9cieux\u00a0: les sets de table FREESTYLE sont un produit de luxe \u00e9cologique, Made In Italy, en 100 % cuir reconstitu\u00e9 avec une\",\"breadcrumb\":{\"@id\":\"https:\/\/www.erresse-shop.it\/fr\/shop\/table-fr-2\/taitu-mare-set-de-table-double-face\/#breadcrumb\"},\"inLanguage\":\"fr-FR\",\"potentialAction\":[{\"@type\":\"ReadAction\",\"target\":[\"https:\/\/www.erresse-shop.it\/fr\/shop\/table-fr-2\/taitu-mare-set-de-table-double-face\/\"]}]},{\"@type\":\"BreadcrumbList\",\"@id\":\"https:\/\/www.erresse-shop.it\/fr\/shop\/table-fr-2\/taitu-mare-set-de-table-double-face\/#breadcrumb\",\"itemListElement\":[{\"@type\":\"ListItem\",\"position\":1,\"name\":\"Home\",\"item\":\"https:\/\/www.erresse-shop.it\/fr\/\"},{\"@type\":\"ListItem\",\"position\":2,\"name\":\"Shop\",\"item\":\"https:\/\/www.erresse-shop.it\/fr\/shop\/\"},{\"@type\":\"ListItem\",\"position\":3,\"name\":\"TAIT\u00d9 Mare Set de table Double-Face\"}]},{\"@type\":\"WebSite\",\"@id\":\"https:\/\/www.erresse-shop.it\/fr\/#website\",\"url\":\"https:\/\/www.erresse-shop.it\/fr\/\",\"name\":\"Erresse Shop\",\"description\":\"Articoli di qualit\u00e0 per la casa\",\"potentialAction\":[{\"@type\":\"SearchAction\",\"target\":{\"@type\":\"EntryPoint\",\"urlTemplate\":\"https:\/\/www.erresse-shop.it\/fr\/?s={search_term_string}\"},\"query-input\":\"required name=search_term_string\"}],\"inLanguage\":\"fr-FR\"}]}<\/script>\n<!-- \/ Yoast SEO Premium plugin. -->","yoast_head_json":{"title":"TAIT\u00d9 Mare Set de table Double-Face - Erresse Shop","description":"\u00c9cologiques, naturels et pr\u00e9cieux\u00a0: les sets de table FREESTYLE sont un produit de luxe \u00e9cologique, Made In Italy, en 100 % cuir reconstitu\u00e9 avec une","robots":{"index":"index","follow":"follow","max-snippet":"max-snippet:-1","max-image-preview":"max-image-preview:large","max-video-preview":"max-video-preview:-1"},"canonical":"https:\/\/www.erresse-shop.it\/fr\/shop\/table-fr-2\/taitu-mare-set-de-table-double-face\/","og_locale":"fr_FR","og_type":"article","og_title":"TAIT\u00d9 Mare Set de table Double-Face","og_description":"\u00c9cologiques, naturels et pr\u00e9cieux\u00a0: les sets de table FREESTYLE sont un produit de luxe \u00e9cologique, Made In Italy, en 100 % cuir reconstitu\u00e9 avec une","og_url":"https:\/\/www.erresse-shop.it\/fr\/shop\/table-fr-2\/taitu-mare-set-de-table-double-face\/","og_site_name":"Erresse Shop","article_modified_time":"2026-02-04T08:35:59+00:00","og_image":[{"width":1200,"height":1200,"url":"https:\/\/www.erresse-shop.it\/wp-content\/uploads\/2025\/08\/TAITU-Mare-Tovaglietta-Double-Face.jpg","type":"image\/jpeg"}],"twitter_card":"summary_large_image","schema":{"@context":"https:\/\/schema.org","@graph":[{"@type":"WebPage","@id":"https:\/\/www.erresse-shop.it\/fr\/shop\/table-fr-2\/taitu-mare-set-de-table-double-face\/","url":"https:\/\/www.erresse-shop.it\/fr\/shop\/table-fr-2\/taitu-mare-set-de-table-double-face\/","name":"TAIT\u00d9 Mare Set de table Double-Face - Erresse Shop","isPartOf":{"@id":"https:\/\/www.erresse-shop.it\/fr\/#website"},"datePublished":"2025-08-08T06:15:41+00:00","dateModified":"2026-02-04T08:35:59+00:00","description":"\u00c9cologiques, naturels et pr\u00e9cieux\u00a0: les sets de table FREESTYLE sont un produit de luxe \u00e9cologique, Made In Italy, en 100 % cuir reconstitu\u00e9 avec une","breadcrumb":{"@id":"https:\/\/www.erresse-shop.it\/fr\/shop\/table-fr-2\/taitu-mare-set-de-table-double-face\/#breadcrumb"},"inLanguage":"fr-FR","potentialAction":[{"@type":"ReadAction","target":["https:\/\/www.erresse-shop.it\/fr\/shop\/table-fr-2\/taitu-mare-set-de-table-double-face\/"]}]},{"@type":"BreadcrumbList","@id":"https:\/\/www.erresse-shop.it\/fr\/shop\/table-fr-2\/taitu-mare-set-de-table-double-face\/#breadcrumb","itemListElement":[{"@type":"ListItem","position":1,"name":"Home","item":"https:\/\/www.erresse-shop.it\/fr\/"},{"@type":"ListItem","position":2,"name":"Shop","item":"https:\/\/www.erresse-shop.it\/fr\/shop\/"},{"@type":"ListItem","position":3,"name":"TAIT\u00d9 Mare Set de table Double-Face"}]},{"@type":"WebSite","@id":"https:\/\/www.erresse-shop.it\/fr\/#website","url":"https:\/\/www.erresse-shop.it\/fr\/","name":"Erresse Shop","description":"Articoli di qualit\u00e0 per la casa","potentialAction":[{"@type":"SearchAction","target":{"@type":"EntryPoint","urlTemplate":"https:\/\/www.erresse-shop.it\/fr\/?s={search_term_string}"},"query-input":"required name=search_term_string"}],"inLanguage":"fr-FR"}]}},"df_price":19.25,"df_sale_price":19.25,"df_regular_price":35,"df_image_link":"https:\/\/www.erresse-shop.it\/wp-content\/uploads\/2025\/08\/TAITU-Mare-Tovaglietta-Double-Face-300x300.jpg","_links":{"self":[{"href":"https:\/\/www.erresse-shop.it\/fr\/wp-json\/wp\/v2\/product\/510213"}],"collection":[{"href":"https:\/\/www.erresse-shop.it\/fr\/wp-json\/wp\/v2\/product"}],"about":[{"href":"https:\/\/www.erresse-shop.it\/fr\/wp-json\/wp\/v2\/types\/product"}],"wp:featuredmedia":[{"embeddable":true,"href":"https:\/\/www.erresse-shop.it\/fr\/wp-json\/wp\/v2\/media\/510237"}],"wp:attachment":[{"href":"https:\/\/www.erresse-shop.it\/fr\/wp-json\/wp\/v2\/media?parent=510213"}],"wp:term":[{"taxonomy":"product_cat","embeddable":true,"href":"https:\/\/www.erresse-shop.it\/fr\/wp-json\/wp\/v2\/product_cat?post=510213"},{"taxonomy":"product_tag","embeddable":true,"href":"https:\/\/www.erresse-shop.it\/fr\/wp-json\/wp\/v2\/product_tag?post=510213"}],"curies":[{"name":"wp","href":"https:\/\/api.w.org\/{rel}","templated":true}]}}