{"id":510129,"date":"2025-08-07T07:43:35","date_gmt":"2025-08-07T07:43:40","guid":{"rendered":"https:\/\/www.erresse-shop.it\/?post_type=product&#038;p=510129"},"modified":"2025-08-07T08:11:23","modified_gmt":"2025-08-07T08:11:23","slug":"kitchenaid-mini-dechiqueteur-830-ml-rouge-imperial-copia","status":"publish","type":"product","link":"https:\/\/www.erresse-shop.it\/fr\/shop\/petits-electromenagers\/robots-de-cuisine\/kitchenaid-mini-dechiqueteur-830-ml-rouge-imperial-copia\/","title":{"rendered":"KITCHENAID R\u00e2pe \u00e9lectrique semi-professionnelle"},"content":{"rendered":"<h3 data-start=\"165\" data-end=\"241\"><strong data-start=\"169\" data-end=\"241\">R\u00e2pe \u00e9lectrique professionnelle en aluminium et acier inoxydable<\/strong><\/h3>\n<p data-start=\"243\" data-end=\"555\">Puissante, s\u00fbre et con\u00e7ue pour durer, cette <strong data-start=\"291\" data-end=\"328\">r\u00e2pe \u00e9lectrique professionnelle<\/strong> est le choix id\u00e9al pour ceux qui recherchent des performances \u00e9lev\u00e9es et des mat\u00e9riaux de haute qualit\u00e9. Gr\u00e2ce \u00e0 sa structure en <strong data-start=\"440\" data-end=\"465\">aluminium poli<\/strong> et \u00e0 son <strong data-start=\"468\" data-end=\"498\">bo\u00eetier en acier inoxydable<\/strong>, elle allie robustesse, design moderne et efficacit\u00e9 maximale.<\/p>\n<h4 data-start=\"557\" data-end=\"593\"><strong data-start=\"562\" data-end=\"593\">Caract\u00e9ristiques principales\u00a0:<\/strong><\/h4>\n<ul data-start=\"594\" data-end=\"1195\">\n<li data-start=\"594\" data-end=\"679\">\n<p data-start=\"596\" data-end=\"679\"><strong data-start=\"596\" data-end=\"635\">R\u00e9ducteur \u00e0 engrenages m\u00e9talliques<\/strong> pour une transmission durable et performante.<\/p>\n<\/li>\n<li data-start=\"680\" data-end=\"781\">\n<p data-start=\"682\" data-end=\"781\"><strong data-start=\"682\" data-end=\"718\">Poign\u00e9e ergonomique en aluminium<\/strong> avec <strong data-start=\"723\" data-end=\"746\">protection en caoutchouc<\/strong> et <strong data-start=\"749\" data-end=\"780\">syst\u00e8me de fermeture \u00e0 ressort<\/strong>.<\/p>\n<\/li>\n<li data-start=\"782\" data-end=\"830\">\n<p data-start=\"784\" data-end=\"830\"><strong data-start=\"784\" data-end=\"809\">Bouton de s\u00e9curit\u00e9<\/strong> pour une utilisation en toute s\u00e9curit\u00e9.<\/p>\n<\/li>\n<li data-start=\"831\" data-end=\"921\">\n<p data-start=\"833\" data-end=\"921\"><strong data-start=\"833\" data-end=\"862\">Rouleau en acier \u00e9tam\u00e9<\/strong> (\u00d8 47 x 81 mm) pour un r\u00e2page pr\u00e9cis et uniforme.<\/p>\n<\/li>\n<li data-start=\"922\" data-end=\"1010\">\n<p data-start=\"924\" data-end=\"1010\"><strong data-start=\"924\" data-end=\"952\">Large ouverture sup\u00e9rieure<\/strong> (8 x 5,5 cm) pour un chargement facile des aliments.<\/p>\n<\/li>\n<li data-start=\"1011\" data-end=\"1097\">\n<p data-start=\"1013\" data-end=\"1097\"><strong data-start=\"1013\" data-end=\"1047\">Grand bac de r\u00e9cup\u00e9ration<\/strong>, en plastique alimentaire.<\/p>\n<\/li>\n<li data-start=\"1098\" data-end=\"1195\">\n<p data-start=\"1100\" data-end=\"1195\"><strong data-start=\"1100\" data-end=\"1137\">Moteur \u00e9conome en \u00e9nergie<\/strong>, qui ajuste la puissance en fonction de la pression appliqu\u00e9e.<\/p>\n<\/li>\n<\/ul>\n<h4 data-start=\"1197\" data-end=\"1231\"><strong data-start=\"1202\" data-end=\"1231\">Id\u00e9al pour r\u00e2per\u00a0:<\/strong><\/h4>\n<ul data-start=\"1232\" data-end=\"1307\">\n<li data-start=\"1232\" data-end=\"1260\">\n<p data-start=\"1234\" data-end=\"1260\">Fromages \u00e0 p\u00e2te dure et mi-dure<\/p>\n<\/li>\n<li data-start=\"1261\" data-end=\"1275\">\n<p data-start=\"1263\" data-end=\"1275\">Secs Pain<\/p>\n<\/li>\n<li data-start=\"1276\" data-end=\"1290\">\n<p data-start=\"1278\" data-end=\"1290\">Chocolat<\/p>\n<\/li>\n<li data-start=\"1291\" data-end=\"1307\">\n<p data-start=\"1293\" data-end=\"1307\">Fruits secs<\/p>\n<\/li>\n<\/ul>\n<h3 data-start=\"1314\" data-end=\"1342\"><strong data-start=\"1318\" data-end=\"1342\">Sp\u00e9cifications techniques\u00a0:<\/strong><\/h3>\n<ul data-start=\"1343\" data-end=\"1626\">\n<li data-start=\"1343\" data-end=\"1372\">\n<p data-start=\"1345\" data-end=\"1372\"><strong data-start=\"1345\" data-end=\"1364\">Puissance du moteur\u00a0: 200\u00a0W<\/strong><\/p>\n<\/li>\n<li data-start=\"1373\" data-end=\"1410\">\n<p data-start=\"1375\" data-end=\"1410\"><strong data-start=\"1375\" data-end=\"1405\">Fonctionnement continu<\/strong><\/p>\n<\/li>\n<li data-start=\"1450\" data-end=\"1476\">\n<p data-start=\"1452\" data-end=\"1476\"><strong data-start=\"1452\" data-end=\"1467\">Poids net\u00a0: 5,1\u00a0kg<\/strong><\/p>\n<\/li>\n<li data-start=\"1477\" data-end=\"1503\">\n<p data-start=\"1479\" data-end=\"1503\"><strong data-start=\"1479\" data-end=\"1494\">Poids brut\u00a0: 6,5 kg<\/strong><\/p>\n<\/li>\n<li data-start=\"1504\" data-end=\"1548\">\n<p data-start=\"1506\" data-end=\"1548\"><strong data-start=\"1506\" data-end=\"1530\">Dimensions du produit\u00a0: 35 x 17 x 28 cm<\/strong><\/p>\n<\/li>\n<li data-start=\"1549\" data-end=\"1580\">\n<p data-start=\"1551\" data-end=\"1580\"><strong data-start=\"1551\" data-end=\"1565\">Mat\u00e9riau\u00a0: Acier inoxydable<\/strong><\/p>\n<\/li>\n<li data-start=\"1581\" data-end=\"1626\">\n<p data-start=\"1583\" data-end=\"1626\"><strong data-start=\"1583\" data-end=\"1621\">Moteur \u00e9conome en \u00e9nergie<\/strong><\/p>\n<\/li>\n<\/ul>\n<p data-start=\"1633\" data-end=\"1862\">Con\u00e7u pour un usage intensif, il convient aussi bien \u00e0 la maison qu&#8217;aux petits laboratoires ou \u00e9piceries fines. Il allie <strong data-start=\"1748\" data-end=\"1811\">performances professionnelles, \u00e9conomies d&#8217;\u00e9nergie et s\u00e9curit\u00e9<\/strong>, le tout dans un produit compact et fiable.<\/p>\n","protected":false},"excerpt":{"rendered":"<p>R\u00e2pe \u00e9lectrique professionnelle en aluminium et acier inoxydable Puissante, s\u00fbre et con\u00e7ue pour durer, cette r\u00e2pe \u00e9lectrique professionnelle est le<\/p>\n","protected":false},"featured_media":510146,"template":"","meta":{"_acf_changed":false,"inline_featured_image":false},"product_cat":[12449,12768],"product_tag":[12948],"acf":[],"yoast_head":"<!-- This site is optimized with the Yoast SEO Premium plugin v18.6 (Yoast SEO v19.13) - https:\/\/yoast.com\/wordpress\/plugins\/seo\/ -->\n<title>KITCHENAID R\u00e2pe \u00e9lectrique semi-professionnelle - Erresse Shop<\/title>\n<meta name=\"description\" content=\"R\u00e2pe \u00e9lectrique professionnelle en aluminium et acier inoxydable Puissante, s\u00fbre et con\u00e7ue pour durer, cette r\u00e2pe \u00e9lectrique professionnelle est le choix\" \/>\n<meta name=\"robots\" content=\"index, follow, max-snippet:-1, max-image-preview:large, max-video-preview:-1\" \/>\n<link rel=\"canonical\" href=\"https:\/\/www.erresse-shop.it\/fr\/shop\/petits-electromenagers\/robots-de-cuisine\/kitchenaid-mini-dechiqueteur-830-ml-rouge-imperial-copia\/\" \/>\n<meta property=\"og:locale\" content=\"fr_FR\" \/>\n<meta property=\"og:type\" content=\"article\" \/>\n<meta property=\"og:title\" content=\"KITCHENAID R\u00e2pe \u00e9lectrique semi-professionnelle\" \/>\n<meta property=\"og:description\" content=\"R\u00e2pe \u00e9lectrique professionnelle en aluminium et acier inoxydable Puissante, s\u00fbre et con\u00e7ue pour durer, cette r\u00e2pe \u00e9lectrique professionnelle est le choix\" \/>\n<meta property=\"og:url\" content=\"https:\/\/www.erresse-shop.it\/fr\/shop\/petits-electromenagers\/robots-de-cuisine\/kitchenaid-mini-dechiqueteur-830-ml-rouge-imperial-copia\/\" \/>\n<meta property=\"og:site_name\" content=\"Erresse Shop\" \/>\n<meta property=\"article:modified_time\" content=\"2025-08-07T08:11:23+00:00\" \/>\n<meta property=\"og:image\" content=\"https:\/\/www.erresse-shop.it\/wp-content\/uploads\/2025\/08\/REBER-Grattugia-Elettrica-Semi-Professionale-Inox.jpg\" \/>\n\t<meta property=\"og:image:width\" content=\"1200\" \/>\n\t<meta property=\"og:image:height\" content=\"1200\" \/>\n\t<meta property=\"og:image:type\" content=\"image\/jpeg\" \/>\n<meta name=\"twitter:card\" content=\"summary_large_image\" \/>\n<script type=\"application\/ld+json\" class=\"yoast-schema-graph\">{\"@context\":\"https:\/\/schema.org\",\"@graph\":[{\"@type\":\"WebPage\",\"@id\":\"https:\/\/www.erresse-shop.it\/fr\/shop\/petits-electromenagers\/robots-de-cuisine\/kitchenaid-mini-dechiqueteur-830-ml-rouge-imperial-copia\/\",\"url\":\"https:\/\/www.erresse-shop.it\/fr\/shop\/petits-electromenagers\/robots-de-cuisine\/kitchenaid-mini-dechiqueteur-830-ml-rouge-imperial-copia\/\",\"name\":\"KITCHENAID R\u00e2pe \u00e9lectrique semi-professionnelle - Erresse Shop\",\"isPartOf\":{\"@id\":\"https:\/\/www.erresse-shop.it\/fr\/#website\"},\"datePublished\":\"2025-08-07T07:43:40+00:00\",\"dateModified\":\"2025-08-07T08:11:23+00:00\",\"description\":\"R\u00e2pe \u00e9lectrique professionnelle en aluminium et acier inoxydable Puissante, s\u00fbre et con\u00e7ue pour durer, cette r\u00e2pe \u00e9lectrique professionnelle est le choix\",\"breadcrumb\":{\"@id\":\"https:\/\/www.erresse-shop.it\/fr\/shop\/petits-electromenagers\/robots-de-cuisine\/kitchenaid-mini-dechiqueteur-830-ml-rouge-imperial-copia\/#breadcrumb\"},\"inLanguage\":\"fr-FR\",\"potentialAction\":[{\"@type\":\"ReadAction\",\"target\":[\"https:\/\/www.erresse-shop.it\/fr\/shop\/petits-electromenagers\/robots-de-cuisine\/kitchenaid-mini-dechiqueteur-830-ml-rouge-imperial-copia\/\"]}]},{\"@type\":\"BreadcrumbList\",\"@id\":\"https:\/\/www.erresse-shop.it\/fr\/shop\/petits-electromenagers\/robots-de-cuisine\/kitchenaid-mini-dechiqueteur-830-ml-rouge-imperial-copia\/#breadcrumb\",\"itemListElement\":[{\"@type\":\"ListItem\",\"position\":1,\"name\":\"Home\",\"item\":\"https:\/\/www.erresse-shop.it\/fr\/\"},{\"@type\":\"ListItem\",\"position\":2,\"name\":\"Shop\",\"item\":\"https:\/\/www.erresse-shop.it\/fr\/shop\/\"},{\"@type\":\"ListItem\",\"position\":3,\"name\":\"KITCHENAID R\u00e2pe \u00e9lectrique semi-professionnelle\"}]},{\"@type\":\"WebSite\",\"@id\":\"https:\/\/www.erresse-shop.it\/fr\/#website\",\"url\":\"https:\/\/www.erresse-shop.it\/fr\/\",\"name\":\"Erresse Shop\",\"description\":\"Articoli di qualit\u00e0 per la casa\",\"potentialAction\":[{\"@type\":\"SearchAction\",\"target\":{\"@type\":\"EntryPoint\",\"urlTemplate\":\"https:\/\/www.erresse-shop.it\/fr\/?s={search_term_string}\"},\"query-input\":\"required name=search_term_string\"}],\"inLanguage\":\"fr-FR\"}]}<\/script>\n<!-- \/ Yoast SEO Premium plugin. -->","yoast_head_json":{"title":"KITCHENAID R\u00e2pe \u00e9lectrique semi-professionnelle - Erresse Shop","description":"R\u00e2pe \u00e9lectrique professionnelle en aluminium et acier inoxydable Puissante, s\u00fbre et con\u00e7ue pour durer, cette r\u00e2pe \u00e9lectrique professionnelle est le choix","robots":{"index":"index","follow":"follow","max-snippet":"max-snippet:-1","max-image-preview":"max-image-preview:large","max-video-preview":"max-video-preview:-1"},"canonical":"https:\/\/www.erresse-shop.it\/fr\/shop\/petits-electromenagers\/robots-de-cuisine\/kitchenaid-mini-dechiqueteur-830-ml-rouge-imperial-copia\/","og_locale":"fr_FR","og_type":"article","og_title":"KITCHENAID R\u00e2pe \u00e9lectrique semi-professionnelle","og_description":"R\u00e2pe \u00e9lectrique professionnelle en aluminium et acier inoxydable Puissante, s\u00fbre et con\u00e7ue pour durer, cette r\u00e2pe \u00e9lectrique professionnelle est le choix","og_url":"https:\/\/www.erresse-shop.it\/fr\/shop\/petits-electromenagers\/robots-de-cuisine\/kitchenaid-mini-dechiqueteur-830-ml-rouge-imperial-copia\/","og_site_name":"Erresse Shop","article_modified_time":"2025-08-07T08:11:23+00:00","og_image":[{"width":1200,"height":1200,"url":"https:\/\/www.erresse-shop.it\/wp-content\/uploads\/2025\/08\/REBER-Grattugia-Elettrica-Semi-Professionale-Inox.jpg","type":"image\/jpeg"}],"twitter_card":"summary_large_image","schema":{"@context":"https:\/\/schema.org","@graph":[{"@type":"WebPage","@id":"https:\/\/www.erresse-shop.it\/fr\/shop\/petits-electromenagers\/robots-de-cuisine\/kitchenaid-mini-dechiqueteur-830-ml-rouge-imperial-copia\/","url":"https:\/\/www.erresse-shop.it\/fr\/shop\/petits-electromenagers\/robots-de-cuisine\/kitchenaid-mini-dechiqueteur-830-ml-rouge-imperial-copia\/","name":"KITCHENAID R\u00e2pe \u00e9lectrique semi-professionnelle - Erresse Shop","isPartOf":{"@id":"https:\/\/www.erresse-shop.it\/fr\/#website"},"datePublished":"2025-08-07T07:43:40+00:00","dateModified":"2025-08-07T08:11:23+00:00","description":"R\u00e2pe \u00e9lectrique professionnelle en aluminium et acier inoxydable Puissante, s\u00fbre et con\u00e7ue pour durer, cette r\u00e2pe \u00e9lectrique professionnelle est le choix","breadcrumb":{"@id":"https:\/\/www.erresse-shop.it\/fr\/shop\/petits-electromenagers\/robots-de-cuisine\/kitchenaid-mini-dechiqueteur-830-ml-rouge-imperial-copia\/#breadcrumb"},"inLanguage":"fr-FR","potentialAction":[{"@type":"ReadAction","target":["https:\/\/www.erresse-shop.it\/fr\/shop\/petits-electromenagers\/robots-de-cuisine\/kitchenaid-mini-dechiqueteur-830-ml-rouge-imperial-copia\/"]}]},{"@type":"BreadcrumbList","@id":"https:\/\/www.erresse-shop.it\/fr\/shop\/petits-electromenagers\/robots-de-cuisine\/kitchenaid-mini-dechiqueteur-830-ml-rouge-imperial-copia\/#breadcrumb","itemListElement":[{"@type":"ListItem","position":1,"name":"Home","item":"https:\/\/www.erresse-shop.it\/fr\/"},{"@type":"ListItem","position":2,"name":"Shop","item":"https:\/\/www.erresse-shop.it\/fr\/shop\/"},{"@type":"ListItem","position":3,"name":"KITCHENAID R\u00e2pe \u00e9lectrique semi-professionnelle"}]},{"@type":"WebSite","@id":"https:\/\/www.erresse-shop.it\/fr\/#website","url":"https:\/\/www.erresse-shop.it\/fr\/","name":"Erresse Shop","description":"Articoli di qualit\u00e0 per la casa","potentialAction":[{"@type":"SearchAction","target":{"@type":"EntryPoint","urlTemplate":"https:\/\/www.erresse-shop.it\/fr\/?s={search_term_string}"},"query-input":"required name=search_term_string"}],"inLanguage":"fr-FR"}]}},"df_price":165,"df_sale_price":165,"df_regular_price":165,"df_image_link":"https:\/\/www.erresse-shop.it\/wp-content\/uploads\/2025\/08\/REBER-Grattugia-Elettrica-Semi-Professionale-Inox-300x300.jpg","_links":{"self":[{"href":"https:\/\/www.erresse-shop.it\/fr\/wp-json\/wp\/v2\/product\/510129"}],"collection":[{"href":"https:\/\/www.erresse-shop.it\/fr\/wp-json\/wp\/v2\/product"}],"about":[{"href":"https:\/\/www.erresse-shop.it\/fr\/wp-json\/wp\/v2\/types\/product"}],"wp:featuredmedia":[{"embeddable":true,"href":"https:\/\/www.erresse-shop.it\/fr\/wp-json\/wp\/v2\/media\/510146"}],"wp:attachment":[{"href":"https:\/\/www.erresse-shop.it\/fr\/wp-json\/wp\/v2\/media?parent=510129"}],"wp:term":[{"taxonomy":"product_cat","embeddable":true,"href":"https:\/\/www.erresse-shop.it\/fr\/wp-json\/wp\/v2\/product_cat?post=510129"},{"taxonomy":"product_tag","embeddable":true,"href":"https:\/\/www.erresse-shop.it\/fr\/wp-json\/wp\/v2\/product_tag?post=510129"}],"curies":[{"name":"wp","href":"https:\/\/api.w.org\/{rel}","templated":true}]}}