{"id":510075,"date":"2025-08-06T08:43:50","date_gmt":"2025-08-06T08:43:54","guid":{"rendered":"https:\/\/www.erresse-shop.it\/?post_type=product&#038;p=510075"},"modified":"2025-08-06T08:58:24","modified_gmt":"2025-08-06T08:58:24","slug":"stockli-deshydrateur-pour-fruits-et-legumes","status":"publish","type":"product","link":"https:\/\/www.erresse-shop.it\/fr\/shop\/petits-electromenagers\/deshydrateurs\/stockli-deshydrateur-pour-fruits-et-legumes\/","title":{"rendered":"STOCKLI D\u00e9shydrateur pour fruits et l\u00e9gumes"},"content":{"rendered":"<p>D\u00e9shydrateur avec bo\u00eetier en plastique facile \u00e0 nettoyer, plage de temp\u00e9rature r\u00e9glable et circulation d&#8217;air chaud active, comprenant trois plateaux de s\u00e9chage en plastique et un \u00e9cran LED.<\/p>\n<p>Les temps de s\u00e9chage des diff\u00e9rents fruits et l\u00e9gumes sont indiqu\u00e9s sur le couvercle transparent.<\/p>\n<p>Capacit\u00e9\u00a0: L&#8217;appareil peut accueillir jusqu&#8217;\u00e0 dix plateaux de s\u00e9chage.<\/p>\n<p>Sp\u00e9cifications techniques<\/p>\n<ul>\n<li>Poids : 2,69 kg<\/li>\n<li>Hauteur\u00a0: 27,5\u00a0cm<\/li>\n<li>Longueur\u00a0: 33,5\u00a0cm<\/li>\n<li>Largeur\u00a0: 33,5\u00a0cm<\/li>\n<li>Temp\u00e9rature r\u00e9glable\u00a0: 20\u00a0&#8211;\u00a070\u00a0\u00b0C<\/li>\n<li>Tension\u00a0: 230\u00a0V<\/li>\n<li>Puissance\u00a0: 540\u00a0W<\/li>\n<\/ul>\n","protected":false},"excerpt":{"rendered":"<p>D\u00e9shydrateur avec bo\u00eetier en plastique facile \u00e0 nettoyer, plage de temp\u00e9rature r\u00e9glable et circulation d&#8217;air chaud active, comprenant trois plateaux<\/p>\n","protected":false},"featured_media":510092,"template":"","meta":{"_acf_changed":false,"inline_featured_image":false},"product_cat":[18062,12449],"product_tag":[],"acf":[],"yoast_head":"<!-- This site is optimized with the Yoast SEO Premium plugin v18.6 (Yoast SEO v19.13) - https:\/\/yoast.com\/wordpress\/plugins\/seo\/ -->\n<title>BOSKA Set \u00e0 fondue \u00e9lectrique Pro 12 pi\u00e8ces<\/title>\n<meta name=\"description\" content=\"D\u00e9couvrez BOSKA Set \u00e0 fondue \u00e9lectrique Pro 12 pi\u00e8ces sur ErresseShop. Qualit\u00e9, prix r\u00e9duits et achat s\u00e9curis\u00e9 \u2013 commandez d\u00e8s maintenant en ligne !\" \/>\n<meta name=\"robots\" content=\"index, follow, max-snippet:-1, max-image-preview:large, max-video-preview:-1\" \/>\n<link rel=\"canonical\" href=\"https:\/\/www.erresse-shop.it\/fr\/shop\/petits-electromenagers\/deshydrateurs\/stockli-deshydrateur-pour-fruits-et-legumes\/\" \/>\n<meta property=\"og:locale\" content=\"fr_FR\" \/>\n<meta property=\"og:type\" content=\"article\" \/>\n<meta property=\"og:title\" content=\"STOCKLI D\u00e9shydrateur pour fruits et l\u00e9gumes\" \/>\n<meta property=\"og:description\" content=\"D\u00e9couvrez BOSKA Set \u00e0 fondue \u00e9lectrique Pro 12 pi\u00e8ces sur ErresseShop. Qualit\u00e9, prix r\u00e9duits et achat s\u00e9curis\u00e9 \u2013 commandez d\u00e8s maintenant en ligne !\" \/>\n<meta property=\"og:url\" content=\"https:\/\/www.erresse-shop.it\/fr\/shop\/petits-electromenagers\/deshydrateurs\/stockli-deshydrateur-pour-fruits-et-legumes\/\" \/>\n<meta property=\"og:site_name\" content=\"Erresse Shop\" \/>\n<meta property=\"article:modified_time\" content=\"2025-08-06T08:58:24+00:00\" \/>\n<meta property=\"og:image\" content=\"https:\/\/www.erresse-shop.it\/wp-content\/uploads\/2025\/08\/STOCKLI-Essiccatore-Per-Frutta-e-Verdura.jpg\" \/>\n\t<meta property=\"og:image:width\" content=\"1200\" \/>\n\t<meta property=\"og:image:height\" content=\"1200\" \/>\n\t<meta property=\"og:image:type\" content=\"image\/jpeg\" \/>\n<meta name=\"twitter:card\" content=\"summary_large_image\" \/>\n<script type=\"application\/ld+json\" class=\"yoast-schema-graph\">{\"@context\":\"https:\/\/schema.org\",\"@graph\":[{\"@type\":\"WebPage\",\"@id\":\"https:\/\/www.erresse-shop.it\/fr\/shop\/petits-electromenagers\/deshydrateurs\/stockli-deshydrateur-pour-fruits-et-legumes\/\",\"url\":\"https:\/\/www.erresse-shop.it\/fr\/shop\/petits-electromenagers\/deshydrateurs\/stockli-deshydrateur-pour-fruits-et-legumes\/\",\"name\":\"BOSKA Set \u00e0 fondue \u00e9lectrique Pro 12 pi\u00e8ces\",\"isPartOf\":{\"@id\":\"https:\/\/www.erresse-shop.it\/fr\/#website\"},\"datePublished\":\"2025-08-06T08:43:54+00:00\",\"dateModified\":\"2025-08-06T08:58:24+00:00\",\"description\":\"D\u00e9couvrez BOSKA Set \u00e0 fondue \u00e9lectrique Pro 12 pi\u00e8ces sur ErresseShop. Qualit\u00e9, prix r\u00e9duits et achat s\u00e9curis\u00e9 \u2013 commandez d\u00e8s maintenant en ligne !\",\"breadcrumb\":{\"@id\":\"https:\/\/www.erresse-shop.it\/fr\/shop\/petits-electromenagers\/deshydrateurs\/stockli-deshydrateur-pour-fruits-et-legumes\/#breadcrumb\"},\"inLanguage\":\"fr-FR\",\"potentialAction\":[{\"@type\":\"ReadAction\",\"target\":[\"https:\/\/www.erresse-shop.it\/fr\/shop\/petits-electromenagers\/deshydrateurs\/stockli-deshydrateur-pour-fruits-et-legumes\/\"]}]},{\"@type\":\"BreadcrumbList\",\"@id\":\"https:\/\/www.erresse-shop.it\/fr\/shop\/petits-electromenagers\/deshydrateurs\/stockli-deshydrateur-pour-fruits-et-legumes\/#breadcrumb\",\"itemListElement\":[{\"@type\":\"ListItem\",\"position\":1,\"name\":\"Home\",\"item\":\"https:\/\/www.erresse-shop.it\/fr\/\"},{\"@type\":\"ListItem\",\"position\":2,\"name\":\"Shop\",\"item\":\"https:\/\/www.erresse-shop.it\/fr\/shop\/\"},{\"@type\":\"ListItem\",\"position\":3,\"name\":\"STOCKLI D\u00e9shydrateur pour fruits et l\u00e9gumes\"}]},{\"@type\":\"WebSite\",\"@id\":\"https:\/\/www.erresse-shop.it\/fr\/#website\",\"url\":\"https:\/\/www.erresse-shop.it\/fr\/\",\"name\":\"Erresse Shop\",\"description\":\"Articoli di qualit\u00e0 per la casa\",\"potentialAction\":[{\"@type\":\"SearchAction\",\"target\":{\"@type\":\"EntryPoint\",\"urlTemplate\":\"https:\/\/www.erresse-shop.it\/fr\/?s={search_term_string}\"},\"query-input\":\"required name=search_term_string\"}],\"inLanguage\":\"fr-FR\"}]}<\/script>\n<!-- \/ Yoast SEO Premium plugin. -->","yoast_head_json":{"title":"BOSKA Set \u00e0 fondue \u00e9lectrique Pro 12 pi\u00e8ces","description":"D\u00e9couvrez BOSKA Set \u00e0 fondue \u00e9lectrique Pro 12 pi\u00e8ces sur ErresseShop. Qualit\u00e9, prix r\u00e9duits et achat s\u00e9curis\u00e9 \u2013 commandez d\u00e8s maintenant en ligne !","robots":{"index":"index","follow":"follow","max-snippet":"max-snippet:-1","max-image-preview":"max-image-preview:large","max-video-preview":"max-video-preview:-1"},"canonical":"https:\/\/www.erresse-shop.it\/fr\/shop\/petits-electromenagers\/deshydrateurs\/stockli-deshydrateur-pour-fruits-et-legumes\/","og_locale":"fr_FR","og_type":"article","og_title":"STOCKLI D\u00e9shydrateur pour fruits et l\u00e9gumes","og_description":"D\u00e9couvrez BOSKA Set \u00e0 fondue \u00e9lectrique Pro 12 pi\u00e8ces sur ErresseShop. Qualit\u00e9, prix r\u00e9duits et achat s\u00e9curis\u00e9 \u2013 commandez d\u00e8s maintenant en ligne !","og_url":"https:\/\/www.erresse-shop.it\/fr\/shop\/petits-electromenagers\/deshydrateurs\/stockli-deshydrateur-pour-fruits-et-legumes\/","og_site_name":"Erresse Shop","article_modified_time":"2025-08-06T08:58:24+00:00","og_image":[{"width":1200,"height":1200,"url":"https:\/\/www.erresse-shop.it\/wp-content\/uploads\/2025\/08\/STOCKLI-Essiccatore-Per-Frutta-e-Verdura.jpg","type":"image\/jpeg"}],"twitter_card":"summary_large_image","schema":{"@context":"https:\/\/schema.org","@graph":[{"@type":"WebPage","@id":"https:\/\/www.erresse-shop.it\/fr\/shop\/petits-electromenagers\/deshydrateurs\/stockli-deshydrateur-pour-fruits-et-legumes\/","url":"https:\/\/www.erresse-shop.it\/fr\/shop\/petits-electromenagers\/deshydrateurs\/stockli-deshydrateur-pour-fruits-et-legumes\/","name":"BOSKA Set \u00e0 fondue \u00e9lectrique Pro 12 pi\u00e8ces","isPartOf":{"@id":"https:\/\/www.erresse-shop.it\/fr\/#website"},"datePublished":"2025-08-06T08:43:54+00:00","dateModified":"2025-08-06T08:58:24+00:00","description":"D\u00e9couvrez BOSKA Set \u00e0 fondue \u00e9lectrique Pro 12 pi\u00e8ces sur ErresseShop. Qualit\u00e9, prix r\u00e9duits et achat s\u00e9curis\u00e9 \u2013 commandez d\u00e8s maintenant en ligne !","breadcrumb":{"@id":"https:\/\/www.erresse-shop.it\/fr\/shop\/petits-electromenagers\/deshydrateurs\/stockli-deshydrateur-pour-fruits-et-legumes\/#breadcrumb"},"inLanguage":"fr-FR","potentialAction":[{"@type":"ReadAction","target":["https:\/\/www.erresse-shop.it\/fr\/shop\/petits-electromenagers\/deshydrateurs\/stockli-deshydrateur-pour-fruits-et-legumes\/"]}]},{"@type":"BreadcrumbList","@id":"https:\/\/www.erresse-shop.it\/fr\/shop\/petits-electromenagers\/deshydrateurs\/stockli-deshydrateur-pour-fruits-et-legumes\/#breadcrumb","itemListElement":[{"@type":"ListItem","position":1,"name":"Home","item":"https:\/\/www.erresse-shop.it\/fr\/"},{"@type":"ListItem","position":2,"name":"Shop","item":"https:\/\/www.erresse-shop.it\/fr\/shop\/"},{"@type":"ListItem","position":3,"name":"STOCKLI D\u00e9shydrateur pour fruits et l\u00e9gumes"}]},{"@type":"WebSite","@id":"https:\/\/www.erresse-shop.it\/fr\/#website","url":"https:\/\/www.erresse-shop.it\/fr\/","name":"Erresse Shop","description":"Articoli di qualit\u00e0 per la casa","potentialAction":[{"@type":"SearchAction","target":{"@type":"EntryPoint","urlTemplate":"https:\/\/www.erresse-shop.it\/fr\/?s={search_term_string}"},"query-input":"required name=search_term_string"}],"inLanguage":"fr-FR"}]}},"df_price":152.1,"df_sale_price":152.1,"df_regular_price":169,"df_image_link":"https:\/\/www.erresse-shop.it\/wp-content\/uploads\/2025\/08\/STOCKLI-Essiccatore-Per-Frutta-e-Verdura-300x300.jpg","_links":{"self":[{"href":"https:\/\/www.erresse-shop.it\/fr\/wp-json\/wp\/v2\/product\/510075"}],"collection":[{"href":"https:\/\/www.erresse-shop.it\/fr\/wp-json\/wp\/v2\/product"}],"about":[{"href":"https:\/\/www.erresse-shop.it\/fr\/wp-json\/wp\/v2\/types\/product"}],"wp:featuredmedia":[{"embeddable":true,"href":"https:\/\/www.erresse-shop.it\/fr\/wp-json\/wp\/v2\/media\/510092"}],"wp:attachment":[{"href":"https:\/\/www.erresse-shop.it\/fr\/wp-json\/wp\/v2\/media?parent=510075"}],"wp:term":[{"taxonomy":"product_cat","embeddable":true,"href":"https:\/\/www.erresse-shop.it\/fr\/wp-json\/wp\/v2\/product_cat?post=510075"},{"taxonomy":"product_tag","embeddable":true,"href":"https:\/\/www.erresse-shop.it\/fr\/wp-json\/wp\/v2\/product_tag?post=510075"}],"curies":[{"name":"wp","href":"https:\/\/api.w.org\/{rel}","templated":true}]}}