{"id":509992,"date":"2025-08-06T07:30:55","date_gmt":"2025-08-06T07:30:59","guid":{"rendered":"https:\/\/www.erresse-shop.it\/?post_type=product&#038;p=509992"},"modified":"2025-08-06T07:54:52","modified_gmt":"2025-08-06T07:54:52","slug":"stockli-deshydrateur-pour-fruits-et-legumes-avec-trois-plateaux-metalliques","status":"publish","type":"product","link":"https:\/\/www.erresse-shop.it\/fr\/shop\/petits-electromenagers\/deshydrateurs\/stockli-deshydrateur-pour-fruits-et-legumes-avec-trois-plateaux-metalliques\/","title":{"rendered":"STOCKLI D\u00e9shydrateur pour fruits et l\u00e9gumes avec trois plateaux m\u00e9talliques"},"content":{"rendered":"<p>Chaque r\u00e9union est une occasion de faire la f\u00eate\u00a0: entre amis, en famille, entre connaissances et, bien s\u00fbr, avec le four \u00e0 ch\u00e2taignes St\u00f6ckli, un appareil polyvalent.<\/p>\n<p>Vous pouvez l&#8217;utiliser pour un festin de ch\u00e2taignes, griller \u00e0 volont\u00e9 gr\u00e2ce \u00e0 la plaque de cuisson ou pr\u00e9parer de d\u00e9licieuses cr\u00eapes.<\/p>\n<p>Les possibilit\u00e9s sont infinies.<\/p>\n<p>Po\u00eale \u00e0 ch\u00e2taignes et couvercle en \u00e9mail noir, fond thermolaqu\u00e9 noir. Un outil sp\u00e9cial pour \u00e9taler la p\u00e2te est inclus.<\/p>\n<p><strong>Sp\u00e9cifications techniques<\/strong><\/p>\n<ul>\n<li>Poids\u00a0: 3,5\u00a0kg<\/li>\n<li>Hauteur\u00a0: 22\u00a0cm<\/li>\n<li>Longueur\u00a0: 25\u00a0cm<\/li>\n<li>Largeur\u00a0: 25\u00a0cm<\/li>\n<li>Mat\u00e9riau\u00a0: Acier<\/li>\n<li>Tension et prise standard\u00a0: Schuko 230\u00a0V<\/li>\n<li>Puissance\u00a0: 500\u00a0W<\/li>\n<\/ul>\n","protected":false},"excerpt":{"rendered":"<p>Chaque r\u00e9union est une occasion de faire la f\u00eate\u00a0: entre amis, en famille, entre connaissances et, bien s\u00fbr, avec le<\/p>\n","protected":false},"featured_media":510010,"template":"","meta":{"_acf_changed":false,"inline_featured_image":false},"product_cat":[18062,12449],"product_tag":[],"acf":[],"yoast_head":"<!-- This site is optimized with the Yoast SEO Premium plugin v18.6 (Yoast SEO v19.13) - https:\/\/yoast.com\/wordpress\/plugins\/seo\/ -->\n<title>BOSKA Set \u00e0 fondue \u00e9lectrique Pro 12 pi\u00e8ces<\/title>\n<meta name=\"description\" content=\"D\u00e9couvrez BOSKA Set \u00e0 fondue \u00e9lectrique Pro 12 pi\u00e8ces sur ErresseShop. Qualit\u00e9, prix r\u00e9duits et achat s\u00e9curis\u00e9 \u2013 commandez d\u00e8s maintenant en ligne !\" \/>\n<meta name=\"robots\" content=\"index, follow, max-snippet:-1, max-image-preview:large, max-video-preview:-1\" \/>\n<link rel=\"canonical\" href=\"https:\/\/www.erresse-shop.it\/fr\/shop\/petits-electromenagers\/deshydrateurs\/stockli-deshydrateur-pour-fruits-et-legumes-avec-trois-plateaux-metalliques\/\" \/>\n<meta property=\"og:locale\" content=\"fr_FR\" \/>\n<meta property=\"og:type\" content=\"article\" \/>\n<meta property=\"og:title\" content=\"STOCKLI D\u00e9shydrateur pour fruits et l\u00e9gumes avec trois plateaux m\u00e9talliques\" \/>\n<meta property=\"og:description\" content=\"D\u00e9couvrez BOSKA Set \u00e0 fondue \u00e9lectrique Pro 12 pi\u00e8ces sur ErresseShop. Qualit\u00e9, prix r\u00e9duits et achat s\u00e9curis\u00e9 \u2013 commandez d\u00e8s maintenant en ligne !\" \/>\n<meta property=\"og:url\" content=\"https:\/\/www.erresse-shop.it\/fr\/shop\/petits-electromenagers\/deshydrateurs\/stockli-deshydrateur-pour-fruits-et-legumes-avec-trois-plateaux-metalliques\/\" \/>\n<meta property=\"og:site_name\" content=\"Erresse Shop\" \/>\n<meta property=\"article:modified_time\" content=\"2025-08-06T07:54:52+00:00\" \/>\n<meta property=\"og:image\" content=\"https:\/\/www.erresse-shop.it\/wp-content\/uploads\/2025\/08\/STOCKLI-Essiccatore-con-Tre-Vassoi-in-Metallo.jpg\" \/>\n\t<meta property=\"og:image:width\" content=\"1200\" \/>\n\t<meta property=\"og:image:height\" content=\"1200\" \/>\n\t<meta property=\"og:image:type\" content=\"image\/jpeg\" \/>\n<meta name=\"twitter:card\" content=\"summary_large_image\" \/>\n<script type=\"application\/ld+json\" class=\"yoast-schema-graph\">{\"@context\":\"https:\/\/schema.org\",\"@graph\":[{\"@type\":\"WebPage\",\"@id\":\"https:\/\/www.erresse-shop.it\/fr\/shop\/petits-electromenagers\/deshydrateurs\/stockli-deshydrateur-pour-fruits-et-legumes-avec-trois-plateaux-metalliques\/\",\"url\":\"https:\/\/www.erresse-shop.it\/fr\/shop\/petits-electromenagers\/deshydrateurs\/stockli-deshydrateur-pour-fruits-et-legumes-avec-trois-plateaux-metalliques\/\",\"name\":\"BOSKA Set \u00e0 fondue \u00e9lectrique Pro 12 pi\u00e8ces\",\"isPartOf\":{\"@id\":\"https:\/\/www.erresse-shop.it\/fr\/#website\"},\"datePublished\":\"2025-08-06T07:30:59+00:00\",\"dateModified\":\"2025-08-06T07:54:52+00:00\",\"description\":\"D\u00e9couvrez BOSKA Set \u00e0 fondue \u00e9lectrique Pro 12 pi\u00e8ces sur ErresseShop. Qualit\u00e9, prix r\u00e9duits et achat s\u00e9curis\u00e9 \u2013 commandez d\u00e8s maintenant en ligne !\",\"breadcrumb\":{\"@id\":\"https:\/\/www.erresse-shop.it\/fr\/shop\/petits-electromenagers\/deshydrateurs\/stockli-deshydrateur-pour-fruits-et-legumes-avec-trois-plateaux-metalliques\/#breadcrumb\"},\"inLanguage\":\"fr-FR\",\"potentialAction\":[{\"@type\":\"ReadAction\",\"target\":[\"https:\/\/www.erresse-shop.it\/fr\/shop\/petits-electromenagers\/deshydrateurs\/stockli-deshydrateur-pour-fruits-et-legumes-avec-trois-plateaux-metalliques\/\"]}]},{\"@type\":\"BreadcrumbList\",\"@id\":\"https:\/\/www.erresse-shop.it\/fr\/shop\/petits-electromenagers\/deshydrateurs\/stockli-deshydrateur-pour-fruits-et-legumes-avec-trois-plateaux-metalliques\/#breadcrumb\",\"itemListElement\":[{\"@type\":\"ListItem\",\"position\":1,\"name\":\"Home\",\"item\":\"https:\/\/www.erresse-shop.it\/fr\/\"},{\"@type\":\"ListItem\",\"position\":2,\"name\":\"Shop\",\"item\":\"https:\/\/www.erresse-shop.it\/fr\/shop\/\"},{\"@type\":\"ListItem\",\"position\":3,\"name\":\"STOCKLI D\u00e9shydrateur pour fruits et l\u00e9gumes avec trois plateaux m\u00e9talliques\"}]},{\"@type\":\"WebSite\",\"@id\":\"https:\/\/www.erresse-shop.it\/fr\/#website\",\"url\":\"https:\/\/www.erresse-shop.it\/fr\/\",\"name\":\"Erresse Shop\",\"description\":\"Articoli di qualit\u00e0 per la casa\",\"potentialAction\":[{\"@type\":\"SearchAction\",\"target\":{\"@type\":\"EntryPoint\",\"urlTemplate\":\"https:\/\/www.erresse-shop.it\/fr\/?s={search_term_string}\"},\"query-input\":\"required name=search_term_string\"}],\"inLanguage\":\"fr-FR\"}]}<\/script>\n<!-- \/ Yoast SEO Premium plugin. -->","yoast_head_json":{"title":"BOSKA Set \u00e0 fondue \u00e9lectrique Pro 12 pi\u00e8ces","description":"D\u00e9couvrez BOSKA Set \u00e0 fondue \u00e9lectrique Pro 12 pi\u00e8ces sur ErresseShop. Qualit\u00e9, prix r\u00e9duits et achat s\u00e9curis\u00e9 \u2013 commandez d\u00e8s maintenant en ligne !","robots":{"index":"index","follow":"follow","max-snippet":"max-snippet:-1","max-image-preview":"max-image-preview:large","max-video-preview":"max-video-preview:-1"},"canonical":"https:\/\/www.erresse-shop.it\/fr\/shop\/petits-electromenagers\/deshydrateurs\/stockli-deshydrateur-pour-fruits-et-legumes-avec-trois-plateaux-metalliques\/","og_locale":"fr_FR","og_type":"article","og_title":"STOCKLI D\u00e9shydrateur pour fruits et l\u00e9gumes avec trois plateaux m\u00e9talliques","og_description":"D\u00e9couvrez BOSKA Set \u00e0 fondue \u00e9lectrique Pro 12 pi\u00e8ces sur ErresseShop. Qualit\u00e9, prix r\u00e9duits et achat s\u00e9curis\u00e9 \u2013 commandez d\u00e8s maintenant en ligne !","og_url":"https:\/\/www.erresse-shop.it\/fr\/shop\/petits-electromenagers\/deshydrateurs\/stockli-deshydrateur-pour-fruits-et-legumes-avec-trois-plateaux-metalliques\/","og_site_name":"Erresse Shop","article_modified_time":"2025-08-06T07:54:52+00:00","og_image":[{"width":1200,"height":1200,"url":"https:\/\/www.erresse-shop.it\/wp-content\/uploads\/2025\/08\/STOCKLI-Essiccatore-con-Tre-Vassoi-in-Metallo.jpg","type":"image\/jpeg"}],"twitter_card":"summary_large_image","schema":{"@context":"https:\/\/schema.org","@graph":[{"@type":"WebPage","@id":"https:\/\/www.erresse-shop.it\/fr\/shop\/petits-electromenagers\/deshydrateurs\/stockli-deshydrateur-pour-fruits-et-legumes-avec-trois-plateaux-metalliques\/","url":"https:\/\/www.erresse-shop.it\/fr\/shop\/petits-electromenagers\/deshydrateurs\/stockli-deshydrateur-pour-fruits-et-legumes-avec-trois-plateaux-metalliques\/","name":"BOSKA Set \u00e0 fondue \u00e9lectrique Pro 12 pi\u00e8ces","isPartOf":{"@id":"https:\/\/www.erresse-shop.it\/fr\/#website"},"datePublished":"2025-08-06T07:30:59+00:00","dateModified":"2025-08-06T07:54:52+00:00","description":"D\u00e9couvrez BOSKA Set \u00e0 fondue \u00e9lectrique Pro 12 pi\u00e8ces sur ErresseShop. Qualit\u00e9, prix r\u00e9duits et achat s\u00e9curis\u00e9 \u2013 commandez d\u00e8s maintenant en ligne !","breadcrumb":{"@id":"https:\/\/www.erresse-shop.it\/fr\/shop\/petits-electromenagers\/deshydrateurs\/stockli-deshydrateur-pour-fruits-et-legumes-avec-trois-plateaux-metalliques\/#breadcrumb"},"inLanguage":"fr-FR","potentialAction":[{"@type":"ReadAction","target":["https:\/\/www.erresse-shop.it\/fr\/shop\/petits-electromenagers\/deshydrateurs\/stockli-deshydrateur-pour-fruits-et-legumes-avec-trois-plateaux-metalliques\/"]}]},{"@type":"BreadcrumbList","@id":"https:\/\/www.erresse-shop.it\/fr\/shop\/petits-electromenagers\/deshydrateurs\/stockli-deshydrateur-pour-fruits-et-legumes-avec-trois-plateaux-metalliques\/#breadcrumb","itemListElement":[{"@type":"ListItem","position":1,"name":"Home","item":"https:\/\/www.erresse-shop.it\/fr\/"},{"@type":"ListItem","position":2,"name":"Shop","item":"https:\/\/www.erresse-shop.it\/fr\/shop\/"},{"@type":"ListItem","position":3,"name":"STOCKLI D\u00e9shydrateur pour fruits et l\u00e9gumes avec trois plateaux m\u00e9talliques"}]},{"@type":"WebSite","@id":"https:\/\/www.erresse-shop.it\/fr\/#website","url":"https:\/\/www.erresse-shop.it\/fr\/","name":"Erresse Shop","description":"Articoli di qualit\u00e0 per la casa","potentialAction":[{"@type":"SearchAction","target":{"@type":"EntryPoint","urlTemplate":"https:\/\/www.erresse-shop.it\/fr\/?s={search_term_string}"},"query-input":"required name=search_term_string"}],"inLanguage":"fr-FR"}]}},"df_price":188.1,"df_sale_price":188.1,"df_regular_price":209,"df_image_link":"https:\/\/www.erresse-shop.it\/wp-content\/uploads\/2025\/08\/STOCKLI-Essiccatore-con-Tre-Vassoi-in-Metallo-300x300.jpg","_links":{"self":[{"href":"https:\/\/www.erresse-shop.it\/fr\/wp-json\/wp\/v2\/product\/509992"}],"collection":[{"href":"https:\/\/www.erresse-shop.it\/fr\/wp-json\/wp\/v2\/product"}],"about":[{"href":"https:\/\/www.erresse-shop.it\/fr\/wp-json\/wp\/v2\/types\/product"}],"wp:featuredmedia":[{"embeddable":true,"href":"https:\/\/www.erresse-shop.it\/fr\/wp-json\/wp\/v2\/media\/510010"}],"wp:attachment":[{"href":"https:\/\/www.erresse-shop.it\/fr\/wp-json\/wp\/v2\/media?parent=509992"}],"wp:term":[{"taxonomy":"product_cat","embeddable":true,"href":"https:\/\/www.erresse-shop.it\/fr\/wp-json\/wp\/v2\/product_cat?post=509992"},{"taxonomy":"product_tag","embeddable":true,"href":"https:\/\/www.erresse-shop.it\/fr\/wp-json\/wp\/v2\/product_tag?post=509992"}],"curies":[{"name":"wp","href":"https:\/\/api.w.org\/{rel}","templated":true}]}}