{"id":509823,"date":"2025-08-04T10:19:20","date_gmt":"2025-08-04T10:19:25","guid":{"rendered":"https:\/\/www.erresse-shop.it\/?post_type=product&#038;p=509823"},"modified":"2025-08-04T10:24:14","modified_gmt":"2025-08-04T10:24:14","slug":"stirolux-fer-1800-noir","status":"publish","type":"product","link":"https:\/\/www.erresse-shop.it\/fr\/shop\/ameublement-maison\/planches-a-repasser\/stirolux-fer-1800-noir\/","title":{"rendered":"STIROLUX Fer 1800 Noir"},"content":{"rendered":"<p>Id\u00e9al pour ceux qui recherchent un fer \u00e0 repasser semi-professionnel pour la maison ou un usage l\u00e9g\u00e8rement intensif, avec une excellente autonomie, une puissance constante et une attention particuli\u00e8re port\u00e9e aux d\u00e9tails (comme la plaque nickel\u00e9e et la vapeur s\u00e8che). Convient aux familles ou aux personnes qui repassent fr\u00e9quemment pendant de longues p\u00e9riodes.<\/p>\n<ul>\n<li><span class=\"relative -mx-px my-[-0.2rem] rounded px-px py-[0.2rem] transition-colors duration-100 ease-in-out\"><strong data-start=\"0\" data-end=\"47\" data-is-only-node=\"\">Chaudi\u00e8re professionnelle en aluminium de 1,8 L<\/strong> (chaudi\u00e8re totale de 2,6 L), avec une autonomie de repassage d&#8217;environ 2 \u00e0 3 heures sans recharge.<\/span><\/li>\n<li><span class=\"relative -mx-px my-[-0.2rem] rounded px-px py-[0.2rem] transition-colors duration-100 ease-in-out\"><strong data-start=\"0\" data-end=\"11\" data-is-only-node=\"\">Alimentation<\/strong>\u00a0: 1\u00a0000 W pour la chaudi\u00e8re + 780 W pour le fer (total 1\u00a0780 W)<\/span><\/li>\n<li><span class=\"relative -mx-px my-[-0.2rem] rounded px-px py-[0.2rem] transition-colors duration-100 ease-in-out\"><strong data-start=\"0\" data-end=\"24\" data-is-only-node=\"\">Pression vapeur<\/strong>\u00a0: environ 3,2\u00a0bars (valeur professionnelle), avec vapeur s\u00e8che id\u00e9ale pour des r\u00e9sultats impeccables<\/span><\/li>\n<li><span class=\"relative -mx-px my-[-0.2rem] rounded px-px py-[0.2rem] transition-colors duration-100 ease-in-out\"><strong data-start=\"0\" data-end=\"33\" data-is-only-node=\"\">Semelle nickel\u00e9e r\u00e9sistante aux rayures<\/strong> et syst\u00e8me anti-goutte pour une utilisation plus douce sur diff\u00e9rents tissus<\/span><\/li>\n<li><span class=\"relative -mx-px my-[-0.2rem] round px-px py-[0.2rem] transition-colors duration-100 ease-in-out\"><strong data-start=\"0\" data-end=\"25\" data-is-only-node=\"\">Thermostat r\u00e9glable<\/strong>, bouton vapeur ergonomique, bouchon de s\u00e9curit\u00e9 sur la chaudi\u00e8re, c\u00e2bles s\u00e9par\u00e9s et poign\u00e9e pratique<\/span><\/li>\n<li><span class=\"relative -mx-px my-[-0.2rem] round px-px py-[0.2rem] transition-colors duration-100 ease-in-out\"><strong data-start=\"0\" data-end=\"17\" data-is-only-node=\"\">Fabriqu\u00e9 en Italie<\/strong>, assembl\u00e9 avec des mat\u00e9riaux robustes\u00a0; poids total environ 10\u00a0kg. Garantie de 2 \u00e0 3\u00a0ans selon le revendeur\/professionnel.<\/span><\/li>\n<\/ul>\n<p><strong>Dimensions\u00a0:<\/strong> 25\u00a0x\u00a043\u00a0x\u00a0h\u00a034\u00a0cm<\/p>\n","protected":false},"excerpt":{"rendered":"<p>Id\u00e9al pour ceux qui recherchent un fer \u00e0 repasser semi-professionnel pour la maison ou un usage l\u00e9g\u00e8rement intensif, avec une<\/p>\n","protected":false},"featured_media":509860,"template":"","meta":{"_acf_changed":false,"inline_featured_image":false},"product_cat":[12738,18095],"product_tag":[25026,25021,18472,12856],"acf":[],"yoast_head":"<!-- This site is optimized with the Yoast SEO Premium plugin v18.6 (Yoast SEO v19.13) - https:\/\/yoast.com\/wordpress\/plugins\/seo\/ -->\n<title>STIROLUX Fer 1800 Noir - Erresse Shop<\/title>\n<meta name=\"description\" content=\"Id\u00e9al pour ceux qui recherchent un fer \u00e0 repasser semi-professionnel pour la maison ou un usage l\u00e9g\u00e8rement intensif, avec une excellente autonomie, une\" \/>\n<meta name=\"robots\" content=\"index, follow, max-snippet:-1, max-image-preview:large, max-video-preview:-1\" \/>\n<link rel=\"canonical\" href=\"https:\/\/www.erresse-shop.it\/fr\/shop\/ameublement-maison\/planches-a-repasser\/stirolux-fer-1800-noir\/\" \/>\n<meta property=\"og:locale\" content=\"fr_FR\" \/>\n<meta property=\"og:type\" content=\"article\" \/>\n<meta property=\"og:title\" content=\"STIROLUX Fer 1800 Noir\" \/>\n<meta property=\"og:description\" content=\"Id\u00e9al pour ceux qui recherchent un fer \u00e0 repasser semi-professionnel pour la maison ou un usage l\u00e9g\u00e8rement intensif, avec une excellente autonomie, une\" \/>\n<meta property=\"og:url\" content=\"https:\/\/www.erresse-shop.it\/fr\/shop\/ameublement-maison\/planches-a-repasser\/stirolux-fer-1800-noir\/\" \/>\n<meta property=\"og:site_name\" content=\"Erresse Shop\" \/>\n<meta property=\"article:modified_time\" content=\"2025-08-04T10:24:14+00:00\" \/>\n<meta property=\"og:image\" content=\"https:\/\/www.erresse-shop.it\/wp-content\/uploads\/2025\/08\/STIROLUX-Ferro-da-Stiro-1800-Nero.jpg\" \/>\n\t<meta property=\"og:image:width\" content=\"1200\" \/>\n\t<meta property=\"og:image:height\" content=\"1200\" \/>\n\t<meta property=\"og:image:type\" content=\"image\/jpeg\" \/>\n<meta name=\"twitter:card\" content=\"summary_large_image\" \/>\n<script type=\"application\/ld+json\" class=\"yoast-schema-graph\">{\"@context\":\"https:\/\/schema.org\",\"@graph\":[{\"@type\":\"WebPage\",\"@id\":\"https:\/\/www.erresse-shop.it\/fr\/shop\/ameublement-maison\/planches-a-repasser\/stirolux-fer-1800-noir\/\",\"url\":\"https:\/\/www.erresse-shop.it\/fr\/shop\/ameublement-maison\/planches-a-repasser\/stirolux-fer-1800-noir\/\",\"name\":\"STIROLUX Fer 1800 Noir - Erresse Shop\",\"isPartOf\":{\"@id\":\"https:\/\/www.erresse-shop.it\/fr\/#website\"},\"datePublished\":\"2025-08-04T10:19:25+00:00\",\"dateModified\":\"2025-08-04T10:24:14+00:00\",\"description\":\"Id\u00e9al pour ceux qui recherchent un fer \u00e0 repasser semi-professionnel pour la maison ou un usage l\u00e9g\u00e8rement intensif, avec une excellente autonomie, une\",\"breadcrumb\":{\"@id\":\"https:\/\/www.erresse-shop.it\/fr\/shop\/ameublement-maison\/planches-a-repasser\/stirolux-fer-1800-noir\/#breadcrumb\"},\"inLanguage\":\"fr-FR\",\"potentialAction\":[{\"@type\":\"ReadAction\",\"target\":[\"https:\/\/www.erresse-shop.it\/fr\/shop\/ameublement-maison\/planches-a-repasser\/stirolux-fer-1800-noir\/\"]}]},{\"@type\":\"BreadcrumbList\",\"@id\":\"https:\/\/www.erresse-shop.it\/fr\/shop\/ameublement-maison\/planches-a-repasser\/stirolux-fer-1800-noir\/#breadcrumb\",\"itemListElement\":[{\"@type\":\"ListItem\",\"position\":1,\"name\":\"Home\",\"item\":\"https:\/\/www.erresse-shop.it\/fr\/\"},{\"@type\":\"ListItem\",\"position\":2,\"name\":\"Shop\",\"item\":\"https:\/\/www.erresse-shop.it\/fr\/shop\/\"},{\"@type\":\"ListItem\",\"position\":3,\"name\":\"STIROLUX Fer 1800 Noir\"}]},{\"@type\":\"WebSite\",\"@id\":\"https:\/\/www.erresse-shop.it\/fr\/#website\",\"url\":\"https:\/\/www.erresse-shop.it\/fr\/\",\"name\":\"Erresse Shop\",\"description\":\"Articoli di qualit\u00e0 per la casa\",\"potentialAction\":[{\"@type\":\"SearchAction\",\"target\":{\"@type\":\"EntryPoint\",\"urlTemplate\":\"https:\/\/www.erresse-shop.it\/fr\/?s={search_term_string}\"},\"query-input\":\"required name=search_term_string\"}],\"inLanguage\":\"fr-FR\"}]}<\/script>\n<!-- \/ Yoast SEO Premium plugin. -->","yoast_head_json":{"title":"STIROLUX Fer 1800 Noir - Erresse Shop","description":"Id\u00e9al pour ceux qui recherchent un fer \u00e0 repasser semi-professionnel pour la maison ou un usage l\u00e9g\u00e8rement intensif, avec une excellente autonomie, une","robots":{"index":"index","follow":"follow","max-snippet":"max-snippet:-1","max-image-preview":"max-image-preview:large","max-video-preview":"max-video-preview:-1"},"canonical":"https:\/\/www.erresse-shop.it\/fr\/shop\/ameublement-maison\/planches-a-repasser\/stirolux-fer-1800-noir\/","og_locale":"fr_FR","og_type":"article","og_title":"STIROLUX Fer 1800 Noir","og_description":"Id\u00e9al pour ceux qui recherchent un fer \u00e0 repasser semi-professionnel pour la maison ou un usage l\u00e9g\u00e8rement intensif, avec une excellente autonomie, une","og_url":"https:\/\/www.erresse-shop.it\/fr\/shop\/ameublement-maison\/planches-a-repasser\/stirolux-fer-1800-noir\/","og_site_name":"Erresse Shop","article_modified_time":"2025-08-04T10:24:14+00:00","og_image":[{"width":1200,"height":1200,"url":"https:\/\/www.erresse-shop.it\/wp-content\/uploads\/2025\/08\/STIROLUX-Ferro-da-Stiro-1800-Nero.jpg","type":"image\/jpeg"}],"twitter_card":"summary_large_image","schema":{"@context":"https:\/\/schema.org","@graph":[{"@type":"WebPage","@id":"https:\/\/www.erresse-shop.it\/fr\/shop\/ameublement-maison\/planches-a-repasser\/stirolux-fer-1800-noir\/","url":"https:\/\/www.erresse-shop.it\/fr\/shop\/ameublement-maison\/planches-a-repasser\/stirolux-fer-1800-noir\/","name":"STIROLUX Fer 1800 Noir - Erresse Shop","isPartOf":{"@id":"https:\/\/www.erresse-shop.it\/fr\/#website"},"datePublished":"2025-08-04T10:19:25+00:00","dateModified":"2025-08-04T10:24:14+00:00","description":"Id\u00e9al pour ceux qui recherchent un fer \u00e0 repasser semi-professionnel pour la maison ou un usage l\u00e9g\u00e8rement intensif, avec une excellente autonomie, une","breadcrumb":{"@id":"https:\/\/www.erresse-shop.it\/fr\/shop\/ameublement-maison\/planches-a-repasser\/stirolux-fer-1800-noir\/#breadcrumb"},"inLanguage":"fr-FR","potentialAction":[{"@type":"ReadAction","target":["https:\/\/www.erresse-shop.it\/fr\/shop\/ameublement-maison\/planches-a-repasser\/stirolux-fer-1800-noir\/"]}]},{"@type":"BreadcrumbList","@id":"https:\/\/www.erresse-shop.it\/fr\/shop\/ameublement-maison\/planches-a-repasser\/stirolux-fer-1800-noir\/#breadcrumb","itemListElement":[{"@type":"ListItem","position":1,"name":"Home","item":"https:\/\/www.erresse-shop.it\/fr\/"},{"@type":"ListItem","position":2,"name":"Shop","item":"https:\/\/www.erresse-shop.it\/fr\/shop\/"},{"@type":"ListItem","position":3,"name":"STIROLUX Fer 1800 Noir"}]},{"@type":"WebSite","@id":"https:\/\/www.erresse-shop.it\/fr\/#website","url":"https:\/\/www.erresse-shop.it\/fr\/","name":"Erresse Shop","description":"Articoli di qualit\u00e0 per la casa","potentialAction":[{"@type":"SearchAction","target":{"@type":"EntryPoint","urlTemplate":"https:\/\/www.erresse-shop.it\/fr\/?s={search_term_string}"},"query-input":"required name=search_term_string"}],"inLanguage":"fr-FR"}]}},"df_price":179.95,"df_sale_price":179.95,"df_regular_price":209,"df_image_link":"https:\/\/www.erresse-shop.it\/wp-content\/uploads\/2025\/08\/STIROLUX-Ferro-da-Stiro-1800-Nero-1-300x300.jpg","_links":{"self":[{"href":"https:\/\/www.erresse-shop.it\/fr\/wp-json\/wp\/v2\/product\/509823"}],"collection":[{"href":"https:\/\/www.erresse-shop.it\/fr\/wp-json\/wp\/v2\/product"}],"about":[{"href":"https:\/\/www.erresse-shop.it\/fr\/wp-json\/wp\/v2\/types\/product"}],"wp:featuredmedia":[{"embeddable":true,"href":"https:\/\/www.erresse-shop.it\/fr\/wp-json\/wp\/v2\/media\/509860"}],"wp:attachment":[{"href":"https:\/\/www.erresse-shop.it\/fr\/wp-json\/wp\/v2\/media?parent=509823"}],"wp:term":[{"taxonomy":"product_cat","embeddable":true,"href":"https:\/\/www.erresse-shop.it\/fr\/wp-json\/wp\/v2\/product_cat?post=509823"},{"taxonomy":"product_tag","embeddable":true,"href":"https:\/\/www.erresse-shop.it\/fr\/wp-json\/wp\/v2\/product_tag?post=509823"}],"curies":[{"name":"wp","href":"https:\/\/api.w.org\/{rel}","templated":true}]}}