{"id":509633,"date":"2025-08-04T06:28:22","date_gmt":"2025-08-04T06:28:24","guid":{"rendered":"https:\/\/www.erresse-shop.it\/?post_type=product&#038;p=509633"},"modified":"2025-08-04T06:39:04","modified_gmt":"2025-08-04T06:39:04","slug":"mepra-service-60-pieces-stoccolma","status":"publish","type":"product","link":"https:\/\/www.erresse-shop.it\/fr\/shop\/table-fr-2\/couverts\/mepra-service-60-pieces-stoccolma\/","title":{"rendered":"MEPRA Service 60 pi\u00e8ces Stoccolma"},"content":{"rendered":"<p><strong>M\u00e9nag\u00e8re compl\u00e8te Mepra Stockholm en acier inoxydable<\/strong><\/p>\n<ul>\n<li>12 fourchettes de table<\/li>\n<li>12 couteaux de table forg\u00e9s<\/li>\n<li>12 cuill\u00e8res de table<\/li>\n<li>12 cuill\u00e8res \u00e0 caf\u00e9<\/li>\n<li>12 fourchettes \u00e0 dessert<\/li>\n<\/ul>\n<p><strong>Acier inoxydable 18\/10<\/strong><br \/>\n<strong>Lavable au lave-vaisselle<\/strong><\/p>\n","protected":false},"excerpt":{"rendered":"<p>M\u00e9nag\u00e8re compl\u00e8te Mepra Stockholm en acier inoxydable 12 fourchettes de table 12 couteaux de table forg\u00e9s 12 cuill\u00e8res de table<\/p>\n","protected":false},"featured_media":509639,"template":"","meta":{"_acf_changed":false,"inline_featured_image":false},"product_cat":[12790,12782],"product_tag":[24408,25021,25000,12856],"acf":[],"yoast_head":"<!-- This site is optimized with the Yoast SEO Premium plugin v18.6 (Yoast SEO v19.13) - https:\/\/yoast.com\/wordpress\/plugins\/seo\/ -->\n<title>MEPRA Service 60 pi\u00e8ces Stoccolma - Erresse Shop<\/title>\n<meta name=\"description\" content=\"M\u00e9nag\u00e8re compl\u00e8te Mepra Stockholm en acier inoxydable 12 fourchettes de table 12 couteaux de table forg\u00e9s 12 cuill\u00e8res de table 12 cuill\u00e8res \u00e0 caf\u00e9 12\" \/>\n<meta name=\"robots\" content=\"index, follow, max-snippet:-1, max-image-preview:large, max-video-preview:-1\" \/>\n<link rel=\"canonical\" href=\"https:\/\/www.erresse-shop.it\/fr\/shop\/table-fr-2\/couverts\/mepra-service-60-pieces-stoccolma\/\" \/>\n<meta property=\"og:locale\" content=\"fr_FR\" \/>\n<meta property=\"og:type\" content=\"article\" \/>\n<meta property=\"og:title\" content=\"MEPRA Service 60 pi\u00e8ces Stoccolma\" \/>\n<meta property=\"og:description\" content=\"M\u00e9nag\u00e8re compl\u00e8te Mepra Stockholm en acier inoxydable 12 fourchettes de table 12 couteaux de table forg\u00e9s 12 cuill\u00e8res de table 12 cuill\u00e8res \u00e0 caf\u00e9 12\" \/>\n<meta property=\"og:url\" content=\"https:\/\/www.erresse-shop.it\/fr\/shop\/table-fr-2\/couverts\/mepra-service-60-pieces-stoccolma\/\" \/>\n<meta property=\"og:site_name\" content=\"Erresse Shop\" \/>\n<meta property=\"article:modified_time\" content=\"2025-08-04T06:39:04+00:00\" \/>\n<meta property=\"og:image\" content=\"https:\/\/www.erresse-shop.it\/wp-content\/uploads\/2025\/08\/MEPRA-Servizio-60-Pezzi-Stoccolma.jpg\" \/>\n\t<meta property=\"og:image:width\" content=\"1200\" \/>\n\t<meta property=\"og:image:height\" content=\"1200\" \/>\n\t<meta property=\"og:image:type\" content=\"image\/jpeg\" \/>\n<meta name=\"twitter:card\" content=\"summary_large_image\" \/>\n<script type=\"application\/ld+json\" class=\"yoast-schema-graph\">{\"@context\":\"https:\/\/schema.org\",\"@graph\":[{\"@type\":\"WebPage\",\"@id\":\"https:\/\/www.erresse-shop.it\/fr\/shop\/table-fr-2\/couverts\/mepra-service-60-pieces-stoccolma\/\",\"url\":\"https:\/\/www.erresse-shop.it\/fr\/shop\/table-fr-2\/couverts\/mepra-service-60-pieces-stoccolma\/\",\"name\":\"MEPRA Service 60 pi\u00e8ces Stoccolma - Erresse Shop\",\"isPartOf\":{\"@id\":\"https:\/\/www.erresse-shop.it\/fr\/#website\"},\"datePublished\":\"2025-08-04T06:28:24+00:00\",\"dateModified\":\"2025-08-04T06:39:04+00:00\",\"description\":\"M\u00e9nag\u00e8re compl\u00e8te Mepra Stockholm en acier inoxydable 12 fourchettes de table 12 couteaux de table forg\u00e9s 12 cuill\u00e8res de table 12 cuill\u00e8res \u00e0 caf\u00e9 12\",\"breadcrumb\":{\"@id\":\"https:\/\/www.erresse-shop.it\/fr\/shop\/table-fr-2\/couverts\/mepra-service-60-pieces-stoccolma\/#breadcrumb\"},\"inLanguage\":\"fr-FR\",\"potentialAction\":[{\"@type\":\"ReadAction\",\"target\":[\"https:\/\/www.erresse-shop.it\/fr\/shop\/table-fr-2\/couverts\/mepra-service-60-pieces-stoccolma\/\"]}]},{\"@type\":\"BreadcrumbList\",\"@id\":\"https:\/\/www.erresse-shop.it\/fr\/shop\/table-fr-2\/couverts\/mepra-service-60-pieces-stoccolma\/#breadcrumb\",\"itemListElement\":[{\"@type\":\"ListItem\",\"position\":1,\"name\":\"Home\",\"item\":\"https:\/\/www.erresse-shop.it\/fr\/\"},{\"@type\":\"ListItem\",\"position\":2,\"name\":\"Shop\",\"item\":\"https:\/\/www.erresse-shop.it\/fr\/shop\/\"},{\"@type\":\"ListItem\",\"position\":3,\"name\":\"MEPRA Service 60 pi\u00e8ces Stoccolma\"}]},{\"@type\":\"WebSite\",\"@id\":\"https:\/\/www.erresse-shop.it\/fr\/#website\",\"url\":\"https:\/\/www.erresse-shop.it\/fr\/\",\"name\":\"Erresse Shop\",\"description\":\"Articoli di qualit\u00e0 per la casa\",\"potentialAction\":[{\"@type\":\"SearchAction\",\"target\":{\"@type\":\"EntryPoint\",\"urlTemplate\":\"https:\/\/www.erresse-shop.it\/fr\/?s={search_term_string}\"},\"query-input\":\"required name=search_term_string\"}],\"inLanguage\":\"fr-FR\"}]}<\/script>\n<!-- \/ Yoast SEO Premium plugin. -->","yoast_head_json":{"title":"MEPRA Service 60 pi\u00e8ces Stoccolma - Erresse Shop","description":"M\u00e9nag\u00e8re compl\u00e8te Mepra Stockholm en acier inoxydable 12 fourchettes de table 12 couteaux de table forg\u00e9s 12 cuill\u00e8res de table 12 cuill\u00e8res \u00e0 caf\u00e9 12","robots":{"index":"index","follow":"follow","max-snippet":"max-snippet:-1","max-image-preview":"max-image-preview:large","max-video-preview":"max-video-preview:-1"},"canonical":"https:\/\/www.erresse-shop.it\/fr\/shop\/table-fr-2\/couverts\/mepra-service-60-pieces-stoccolma\/","og_locale":"fr_FR","og_type":"article","og_title":"MEPRA Service 60 pi\u00e8ces Stoccolma","og_description":"M\u00e9nag\u00e8re compl\u00e8te Mepra Stockholm en acier inoxydable 12 fourchettes de table 12 couteaux de table forg\u00e9s 12 cuill\u00e8res de table 12 cuill\u00e8res \u00e0 caf\u00e9 12","og_url":"https:\/\/www.erresse-shop.it\/fr\/shop\/table-fr-2\/couverts\/mepra-service-60-pieces-stoccolma\/","og_site_name":"Erresse Shop","article_modified_time":"2025-08-04T06:39:04+00:00","og_image":[{"width":1200,"height":1200,"url":"https:\/\/www.erresse-shop.it\/wp-content\/uploads\/2025\/08\/MEPRA-Servizio-60-Pezzi-Stoccolma.jpg","type":"image\/jpeg"}],"twitter_card":"summary_large_image","schema":{"@context":"https:\/\/schema.org","@graph":[{"@type":"WebPage","@id":"https:\/\/www.erresse-shop.it\/fr\/shop\/table-fr-2\/couverts\/mepra-service-60-pieces-stoccolma\/","url":"https:\/\/www.erresse-shop.it\/fr\/shop\/table-fr-2\/couverts\/mepra-service-60-pieces-stoccolma\/","name":"MEPRA Service 60 pi\u00e8ces Stoccolma - Erresse Shop","isPartOf":{"@id":"https:\/\/www.erresse-shop.it\/fr\/#website"},"datePublished":"2025-08-04T06:28:24+00:00","dateModified":"2025-08-04T06:39:04+00:00","description":"M\u00e9nag\u00e8re compl\u00e8te Mepra Stockholm en acier inoxydable 12 fourchettes de table 12 couteaux de table forg\u00e9s 12 cuill\u00e8res de table 12 cuill\u00e8res \u00e0 caf\u00e9 12","breadcrumb":{"@id":"https:\/\/www.erresse-shop.it\/fr\/shop\/table-fr-2\/couverts\/mepra-service-60-pieces-stoccolma\/#breadcrumb"},"inLanguage":"fr-FR","potentialAction":[{"@type":"ReadAction","target":["https:\/\/www.erresse-shop.it\/fr\/shop\/table-fr-2\/couverts\/mepra-service-60-pieces-stoccolma\/"]}]},{"@type":"BreadcrumbList","@id":"https:\/\/www.erresse-shop.it\/fr\/shop\/table-fr-2\/couverts\/mepra-service-60-pieces-stoccolma\/#breadcrumb","itemListElement":[{"@type":"ListItem","position":1,"name":"Home","item":"https:\/\/www.erresse-shop.it\/fr\/"},{"@type":"ListItem","position":2,"name":"Shop","item":"https:\/\/www.erresse-shop.it\/fr\/shop\/"},{"@type":"ListItem","position":3,"name":"MEPRA Service 60 pi\u00e8ces Stoccolma"}]},{"@type":"WebSite","@id":"https:\/\/www.erresse-shop.it\/fr\/#website","url":"https:\/\/www.erresse-shop.it\/fr\/","name":"Erresse Shop","description":"Articoli di qualit\u00e0 per la casa","potentialAction":[{"@type":"SearchAction","target":{"@type":"EntryPoint","urlTemplate":"https:\/\/www.erresse-shop.it\/fr\/?s={search_term_string}"},"query-input":"required name=search_term_string"}],"inLanguage":"fr-FR"}]}},"df_price":119,"df_sale_price":119,"df_regular_price":425,"df_image_link":"https:\/\/www.erresse-shop.it\/wp-content\/uploads\/2025\/08\/MEPRA-Servizio-60-Pezzi-Stoccolma-300x300.jpg","_links":{"self":[{"href":"https:\/\/www.erresse-shop.it\/fr\/wp-json\/wp\/v2\/product\/509633"}],"collection":[{"href":"https:\/\/www.erresse-shop.it\/fr\/wp-json\/wp\/v2\/product"}],"about":[{"href":"https:\/\/www.erresse-shop.it\/fr\/wp-json\/wp\/v2\/types\/product"}],"wp:featuredmedia":[{"embeddable":true,"href":"https:\/\/www.erresse-shop.it\/fr\/wp-json\/wp\/v2\/media\/509639"}],"wp:attachment":[{"href":"https:\/\/www.erresse-shop.it\/fr\/wp-json\/wp\/v2\/media?parent=509633"}],"wp:term":[{"taxonomy":"product_cat","embeddable":true,"href":"https:\/\/www.erresse-shop.it\/fr\/wp-json\/wp\/v2\/product_cat?post=509633"},{"taxonomy":"product_tag","embeddable":true,"href":"https:\/\/www.erresse-shop.it\/fr\/wp-json\/wp\/v2\/product_tag?post=509633"}],"curies":[{"name":"wp","href":"https:\/\/api.w.org\/{rel}","templated":true}]}}