{"id":507492,"date":"2025-07-24T09:32:05","date_gmt":"2025-07-24T09:32:09","guid":{"rendered":"https:\/\/www.erresse-shop.it\/?post_type=product&#038;p=507492"},"modified":"2025-07-24T09:42:49","modified_gmt":"2025-07-24T09:42:49","slug":"foppapedretti-echelle-lascala-3-0-noix","status":"publish","type":"product","link":"https:\/\/www.erresse-shop.it\/fr\/shop\/ameublement-maison\/meubles\/foppapedretti-echelle-lascala-3-0-noix\/","title":{"rendered":"FOPPAPEDRETTI \u00c9chelle laScala 3.0 Noix"},"content":{"rendered":"<p>L&#8217;\u00e9chelle en bois laScala 3.0 de Foppapedretti est solide et s\u00fbre : elle se tient debout toute seule m\u00eame ferm\u00e9e, occupant peu de place. Il est dot\u00e9 de pieds anti-basculement et de marches antid\u00e9rapantes.<\/p>\n<p>Il a une structure en bois de h\u00eatre massif peinte avec de la peinture \u00e0 l&#8217;eau et est fabriqu\u00e9 en Italie. Il est \u00e9quip\u00e9 d&#8217;une barri\u00e8re de s\u00e9curit\u00e9, d&#8217;une grande plate-forme et d&#8217;un plateau \u00e0 outils pratique.<\/p>\n<p>Le syst\u00e8me de verrouillage de s\u00e9curit\u00e9 emp\u00eache la fermeture de l&#8217;\u00e9chelle, assurant ainsi un support solide et s\u00fbr. Il peut \u00eatre d\u00e9plac\u00e9 facilement gr\u00e2ce aux roues en caoutchouc r\u00e9sistantes aux rayures.<br \/>\nCharge maximale : 150 kg.<br \/>\nHauteur du sol de la surface d&#8217;appui la plus haute : 67 cm.<\/p>\n<p><strong>Conforme \u00e0 la norme europ\u00e9enne EN 131.<\/strong><\/p>\n<p>La marque T\u00dcV S\u00dcD garantit et certifie la s\u00e9curit\u00e9 des produits.<br \/>\nCertifi\u00e9 T\u00dcV S\u00dcD (organisme international de test et de certification qui garantit la s\u00e9curit\u00e9 et la qualit\u00e9 des produits).<\/p>\n<p><strong>Les points forts de laScala 3.0 de Foppapedretti sont\u00a0:<\/strong><\/p>\n<ul>\n<li>Certifi\u00e9 T\u00dcV S\u00dcD (organisme international de test et de certification qui garantit la s\u00e9curit\u00e9 et la qualit\u00e9 des produits).<\/li>\n<li>Grande stabilit\u00e9 gr\u00e2ce aux pieds anti-basculement, au verrouillage de s\u00e9curit\u00e9 et \u00e0 la barri\u00e8re de s\u00e9curit\u00e9<\/li>\n<li>Pratique \u00e0 utiliser gr\u00e2ce \u00e0 la large plateforme, aux marches antid\u00e9rapantes et au plateau de rangement<\/li>\n<li>Facile \u00e0 d\u00e9placer gr\u00e2ce aux roues en caoutchouc r\u00e9sistantes aux rayures<\/li>\n<li>Une fois ferm\u00e9, il prend tr\u00e8s peu de place : seulement 17 centim\u00e8tres<\/li>\n<li>Bois vernis \u00e0 l&#8217;eau.<\/li>\n<\/ul>\n<p><strong>Mesures\u00a0:<\/strong><\/p>\n<ul>\n<li>Dimensions ouvertes cm : H 156 | P 72 | L 64<\/li>\n<li>Dimensions ferm\u00e9 cm : H 92 | P 17 | L 64<\/li>\n<\/ul>\n<p><strong>Poids\u00a0:<\/strong> 10 kg<\/p>\n","protected":false},"excerpt":{"rendered":"<p>L&#8217;\u00e9chelle en bois laScala 3.0 de Foppapedretti est solide et s\u00fbre : elle se tient debout toute seule m\u00eame ferm\u00e9e,<\/p>\n","protected":false},"featured_media":507509,"template":"","meta":{"_acf_changed":false,"inline_featured_image":false},"product_cat":[12738,17094],"product_tag":[],"acf":[],"yoast_head":"<!-- This site is optimized with the Yoast SEO Premium plugin v18.6 (Yoast SEO v19.13) - https:\/\/yoast.com\/wordpress\/plugins\/seo\/ -->\n<title>FOPPAPEDRETTI Cordes \u00e0 linge SuperGulliver 4.0 Bois<\/title>\n<meta name=\"description\" content=\"D\u00e9couvrez FOPPAPEDRETTI Cordes \u00e0 linge SuperGulliver 4.0 Bois sur ErresseShop. Qualit\u00e9, prix r\u00e9duits et achat s\u00e9curis\u00e9 \u2013 commandez d\u00e8s maintenant en ligne !\" \/>\n<meta name=\"robots\" content=\"index, follow, max-snippet:-1, max-image-preview:large, max-video-preview:-1\" \/>\n<link rel=\"canonical\" href=\"https:\/\/www.erresse-shop.it\/fr\/shop\/ameublement-maison\/meubles\/foppapedretti-echelle-lascala-3-0-noix\/\" \/>\n<meta property=\"og:locale\" content=\"fr_FR\" \/>\n<meta property=\"og:type\" content=\"article\" \/>\n<meta property=\"og:title\" content=\"FOPPAPEDRETTI \u00c9chelle laScala 3.0 Noix\" \/>\n<meta property=\"og:description\" content=\"D\u00e9couvrez FOPPAPEDRETTI Cordes \u00e0 linge SuperGulliver 4.0 Bois sur ErresseShop. Qualit\u00e9, prix r\u00e9duits et achat s\u00e9curis\u00e9 \u2013 commandez d\u00e8s maintenant en ligne !\" \/>\n<meta property=\"og:url\" content=\"https:\/\/www.erresse-shop.it\/fr\/shop\/ameublement-maison\/meubles\/foppapedretti-echelle-lascala-3-0-noix\/\" \/>\n<meta property=\"og:site_name\" content=\"Erresse Shop\" \/>\n<meta property=\"article:modified_time\" content=\"2025-07-24T09:42:49+00:00\" \/>\n<meta property=\"og:image\" content=\"https:\/\/www.erresse-shop.it\/wp-content\/uploads\/2025\/07\/FOPPAPEDRETTI-Scala-laScala-3.0-Noce.jpg\" \/>\n\t<meta property=\"og:image:width\" content=\"1200\" \/>\n\t<meta property=\"og:image:height\" content=\"1200\" \/>\n\t<meta property=\"og:image:type\" content=\"image\/jpeg\" \/>\n<meta name=\"twitter:card\" content=\"summary_large_image\" \/>\n<script type=\"application\/ld+json\" class=\"yoast-schema-graph\">{\"@context\":\"https:\/\/schema.org\",\"@graph\":[{\"@type\":\"WebPage\",\"@id\":\"https:\/\/www.erresse-shop.it\/fr\/shop\/ameublement-maison\/meubles\/foppapedretti-echelle-lascala-3-0-noix\/\",\"url\":\"https:\/\/www.erresse-shop.it\/fr\/shop\/ameublement-maison\/meubles\/foppapedretti-echelle-lascala-3-0-noix\/\",\"name\":\"FOPPAPEDRETTI Cordes \u00e0 linge SuperGulliver 4.0 Bois\",\"isPartOf\":{\"@id\":\"https:\/\/www.erresse-shop.it\/fr\/#website\"},\"datePublished\":\"2025-07-24T09:32:09+00:00\",\"dateModified\":\"2025-07-24T09:42:49+00:00\",\"description\":\"D\u00e9couvrez FOPPAPEDRETTI Cordes \u00e0 linge SuperGulliver 4.0 Bois sur ErresseShop. Qualit\u00e9, prix r\u00e9duits et achat s\u00e9curis\u00e9 \u2013 commandez d\u00e8s maintenant en ligne !\",\"breadcrumb\":{\"@id\":\"https:\/\/www.erresse-shop.it\/fr\/shop\/ameublement-maison\/meubles\/foppapedretti-echelle-lascala-3-0-noix\/#breadcrumb\"},\"inLanguage\":\"fr-FR\",\"potentialAction\":[{\"@type\":\"ReadAction\",\"target\":[\"https:\/\/www.erresse-shop.it\/fr\/shop\/ameublement-maison\/meubles\/foppapedretti-echelle-lascala-3-0-noix\/\"]}]},{\"@type\":\"BreadcrumbList\",\"@id\":\"https:\/\/www.erresse-shop.it\/fr\/shop\/ameublement-maison\/meubles\/foppapedretti-echelle-lascala-3-0-noix\/#breadcrumb\",\"itemListElement\":[{\"@type\":\"ListItem\",\"position\":1,\"name\":\"Home\",\"item\":\"https:\/\/www.erresse-shop.it\/fr\/\"},{\"@type\":\"ListItem\",\"position\":2,\"name\":\"Shop\",\"item\":\"https:\/\/www.erresse-shop.it\/fr\/shop\/\"},{\"@type\":\"ListItem\",\"position\":3,\"name\":\"FOPPAPEDRETTI \u00c9chelle laScala 3.0 Noix\"}]},{\"@type\":\"WebSite\",\"@id\":\"https:\/\/www.erresse-shop.it\/fr\/#website\",\"url\":\"https:\/\/www.erresse-shop.it\/fr\/\",\"name\":\"Erresse Shop\",\"description\":\"Articoli di qualit\u00e0 per la casa\",\"potentialAction\":[{\"@type\":\"SearchAction\",\"target\":{\"@type\":\"EntryPoint\",\"urlTemplate\":\"https:\/\/www.erresse-shop.it\/fr\/?s={search_term_string}\"},\"query-input\":\"required name=search_term_string\"}],\"inLanguage\":\"fr-FR\"}]}<\/script>\n<!-- \/ Yoast SEO Premium plugin. -->","yoast_head_json":{"title":"FOPPAPEDRETTI Cordes \u00e0 linge SuperGulliver 4.0 Bois","description":"D\u00e9couvrez FOPPAPEDRETTI Cordes \u00e0 linge SuperGulliver 4.0 Bois sur ErresseShop. Qualit\u00e9, prix r\u00e9duits et achat s\u00e9curis\u00e9 \u2013 commandez d\u00e8s maintenant en ligne !","robots":{"index":"index","follow":"follow","max-snippet":"max-snippet:-1","max-image-preview":"max-image-preview:large","max-video-preview":"max-video-preview:-1"},"canonical":"https:\/\/www.erresse-shop.it\/fr\/shop\/ameublement-maison\/meubles\/foppapedretti-echelle-lascala-3-0-noix\/","og_locale":"fr_FR","og_type":"article","og_title":"FOPPAPEDRETTI \u00c9chelle laScala 3.0 Noix","og_description":"D\u00e9couvrez FOPPAPEDRETTI Cordes \u00e0 linge SuperGulliver 4.0 Bois sur ErresseShop. Qualit\u00e9, prix r\u00e9duits et achat s\u00e9curis\u00e9 \u2013 commandez d\u00e8s maintenant en ligne !","og_url":"https:\/\/www.erresse-shop.it\/fr\/shop\/ameublement-maison\/meubles\/foppapedretti-echelle-lascala-3-0-noix\/","og_site_name":"Erresse Shop","article_modified_time":"2025-07-24T09:42:49+00:00","og_image":[{"width":1200,"height":1200,"url":"https:\/\/www.erresse-shop.it\/wp-content\/uploads\/2025\/07\/FOPPAPEDRETTI-Scala-laScala-3.0-Noce.jpg","type":"image\/jpeg"}],"twitter_card":"summary_large_image","schema":{"@context":"https:\/\/schema.org","@graph":[{"@type":"WebPage","@id":"https:\/\/www.erresse-shop.it\/fr\/shop\/ameublement-maison\/meubles\/foppapedretti-echelle-lascala-3-0-noix\/","url":"https:\/\/www.erresse-shop.it\/fr\/shop\/ameublement-maison\/meubles\/foppapedretti-echelle-lascala-3-0-noix\/","name":"FOPPAPEDRETTI Cordes \u00e0 linge SuperGulliver 4.0 Bois","isPartOf":{"@id":"https:\/\/www.erresse-shop.it\/fr\/#website"},"datePublished":"2025-07-24T09:32:09+00:00","dateModified":"2025-07-24T09:42:49+00:00","description":"D\u00e9couvrez FOPPAPEDRETTI Cordes \u00e0 linge SuperGulliver 4.0 Bois sur ErresseShop. Qualit\u00e9, prix r\u00e9duits et achat s\u00e9curis\u00e9 \u2013 commandez d\u00e8s maintenant en ligne !","breadcrumb":{"@id":"https:\/\/www.erresse-shop.it\/fr\/shop\/ameublement-maison\/meubles\/foppapedretti-echelle-lascala-3-0-noix\/#breadcrumb"},"inLanguage":"fr-FR","potentialAction":[{"@type":"ReadAction","target":["https:\/\/www.erresse-shop.it\/fr\/shop\/ameublement-maison\/meubles\/foppapedretti-echelle-lascala-3-0-noix\/"]}]},{"@type":"BreadcrumbList","@id":"https:\/\/www.erresse-shop.it\/fr\/shop\/ameublement-maison\/meubles\/foppapedretti-echelle-lascala-3-0-noix\/#breadcrumb","itemListElement":[{"@type":"ListItem","position":1,"name":"Home","item":"https:\/\/www.erresse-shop.it\/fr\/"},{"@type":"ListItem","position":2,"name":"Shop","item":"https:\/\/www.erresse-shop.it\/fr\/shop\/"},{"@type":"ListItem","position":3,"name":"FOPPAPEDRETTI \u00c9chelle laScala 3.0 Noix"}]},{"@type":"WebSite","@id":"https:\/\/www.erresse-shop.it\/fr\/#website","url":"https:\/\/www.erresse-shop.it\/fr\/","name":"Erresse Shop","description":"Articoli di qualit\u00e0 per la casa","potentialAction":[{"@type":"SearchAction","target":{"@type":"EntryPoint","urlTemplate":"https:\/\/www.erresse-shop.it\/fr\/?s={search_term_string}"},"query-input":"required name=search_term_string"}],"inLanguage":"fr-FR"}]}},"df_price":149.99,"df_sale_price":149.99,"df_regular_price":288.9,"df_image_link":"https:\/\/www.erresse-shop.it\/wp-content\/uploads\/2025\/07\/FOPPAPEDRETTI-Scala-laScala-3.0-Noce-300x300.jpg","_links":{"self":[{"href":"https:\/\/www.erresse-shop.it\/fr\/wp-json\/wp\/v2\/product\/507492"}],"collection":[{"href":"https:\/\/www.erresse-shop.it\/fr\/wp-json\/wp\/v2\/product"}],"about":[{"href":"https:\/\/www.erresse-shop.it\/fr\/wp-json\/wp\/v2\/types\/product"}],"wp:featuredmedia":[{"embeddable":true,"href":"https:\/\/www.erresse-shop.it\/fr\/wp-json\/wp\/v2\/media\/507509"}],"wp:attachment":[{"href":"https:\/\/www.erresse-shop.it\/fr\/wp-json\/wp\/v2\/media?parent=507492"}],"wp:term":[{"taxonomy":"product_cat","embeddable":true,"href":"https:\/\/www.erresse-shop.it\/fr\/wp-json\/wp\/v2\/product_cat?post=507492"},{"taxonomy":"product_tag","embeddable":true,"href":"https:\/\/www.erresse-shop.it\/fr\/wp-json\/wp\/v2\/product_tag?post=507492"}],"curies":[{"name":"wp","href":"https:\/\/api.w.org\/{rel}","templated":true}]}}