{"id":507410,"date":"2025-07-24T08:43:36","date_gmt":"2025-07-24T08:43:40","guid":{"rendered":"https:\/\/www.erresse-shop.it\/?post_type=product&#038;p=507410"},"modified":"2025-10-19T09:05:56","modified_gmt":"2025-10-19T09:05:56","slug":"foppapedretti-cordes-a-linge-gulliver-4-0-bois","status":"publish","type":"product","link":"https:\/\/www.erresse-shop.it\/fr\/shop\/ameublement-maison\/sechoirs\/foppapedretti-cordes-a-linge-gulliver-4-0-bois\/","title":{"rendered":"FOPPAPEDRETTI Cordes \u00e0 linge Gulliver 4.0 Bois"},"content":{"rendered":"<p>Le nouveau s\u00e9choir \u00e0 linge pliable en bois Gulliver 4.0 de Foppapedretti est une r\u00e9interpr\u00e9tation, apr\u00e8s 40 ans de succ\u00e8s, de notre best-seller Gulliver avec un design contemporain et des boiseries innovantes.<\/p>\n<p>Gulliver 4.0 poss\u00e8de une structure en bois massif certifi\u00e9e FSC caract\u00e9ris\u00e9e par des formes arrondies et est disponible en 3 variantes de couleurs.<\/p>\n<p>Gulliver 4.0 peut \u00eatre ajust\u00e9 en fonction de la quantit\u00e9 de linge \u00e0 s\u00e9cher : il dispose de 27 m\u00e8tres d&#8217;\u00e9tendoir et, gr\u00e2ce \u00e0 des bras lat\u00e9raux et avant ind\u00e9pendants avec des tiges en aluminium peint, il s&#8217;ouvre en fonction de la quantit\u00e9 de linge \u00e0 s\u00e9cher. Gulliver 4.0 se plie jusqu&#8217;\u00e0 une taille tr\u00e8s r\u00e9duite, occupant seulement 14 centim\u00e8tres et tenant m\u00eame debout tout seul\u2026 et peut \u00eatre facilement d\u00e9plac\u00e9 gr\u00e2ce \u00e0 ses roues robustes frein\u00e9es. Il peut \u00eatre plac\u00e9 n&#8217;importe o\u00f9.<\/p>\n<p>Le paquet comprend six pinces \u00e0 linge color\u00e9es Clothy, \u00e0 ranger dans le plateau pratique sur un c\u00f4t\u00e9 de l&#8217;\u00e9tendoir, ou elles peuvent \u00e9galement \u00eatre achet\u00e9es s\u00e9par\u00e9ment.<\/p>\n<p>La marque T\u00dcV S\u00dcD garantit et certifie la s\u00e9curit\u00e9 des produits.<br \/>\nCertifi\u00e9 T\u00dcV S\u00dcD (organisme international de test et de certification qui garantit la s\u00e9curit\u00e9 et la qualit\u00e9 des produits).<\/p>\n<p><strong>Mesures\u00a0:<\/strong><\/p>\n<ul>\n<li>Dimensions ouvertes cm : H 105 | P 80 | L 174<\/li>\n<li>Dimensions ferm\u00e9 cm : H 103 | P 55 | L 14<\/li>\n<\/ul>\n<p><strong>Poids\u00a0:<\/strong> 7,9 kg<\/p>\n","protected":false},"excerpt":{"rendered":"<p>Le nouveau s\u00e9choir \u00e0 linge pliable en bois Gulliver 4.0 de Foppapedretti est une r\u00e9interpr\u00e9tation, apr\u00e8s 40 ans de succ\u00e8s,<\/p>\n","protected":false},"featured_media":507427,"template":"","meta":{"_acf_changed":false,"inline_featured_image":false},"product_cat":[12738,18521],"product_tag":[18473,18472,21821],"acf":[],"yoast_head":"<!-- This site is optimized with the Yoast SEO Premium plugin v18.6 (Yoast SEO v19.13) - https:\/\/yoast.com\/wordpress\/plugins\/seo\/ -->\n<title>FOPPAPEDRETTI Cordes \u00e0 linge SuperGulliver 4.0 Bois<\/title>\n<meta name=\"description\" content=\"D\u00e9couvrez FOPPAPEDRETTI Cordes \u00e0 linge SuperGulliver 4.0 Bois sur ErresseShop. Qualit\u00e9, prix r\u00e9duits et achat s\u00e9curis\u00e9 \u2013 commandez d\u00e8s maintenant en ligne !\" \/>\n<meta name=\"robots\" content=\"index, follow, max-snippet:-1, max-image-preview:large, max-video-preview:-1\" \/>\n<link rel=\"canonical\" href=\"https:\/\/www.erresse-shop.it\/fr\/shop\/ameublement-maison\/sechoirs\/foppapedretti-cordes-a-linge-gulliver-4-0-bois\/\" \/>\n<meta property=\"og:locale\" content=\"fr_FR\" \/>\n<meta property=\"og:type\" content=\"article\" \/>\n<meta property=\"og:title\" content=\"FOPPAPEDRETTI Cordes \u00e0 linge Gulliver 4.0 Bois\" \/>\n<meta property=\"og:description\" content=\"D\u00e9couvrez FOPPAPEDRETTI Cordes \u00e0 linge SuperGulliver 4.0 Bois sur ErresseShop. Qualit\u00e9, prix r\u00e9duits et achat s\u00e9curis\u00e9 \u2013 commandez d\u00e8s maintenant en ligne !\" \/>\n<meta property=\"og:url\" content=\"https:\/\/www.erresse-shop.it\/fr\/shop\/ameublement-maison\/sechoirs\/foppapedretti-cordes-a-linge-gulliver-4-0-bois\/\" \/>\n<meta property=\"og:site_name\" content=\"Erresse Shop\" \/>\n<meta property=\"article:modified_time\" content=\"2025-10-19T09:05:56+00:00\" \/>\n<meta property=\"og:image\" content=\"https:\/\/www.erresse-shop.it\/wp-content\/uploads\/2025\/07\/FOPPAPEDRETTI-Stendibiancheria-Gulliver-4.0-Legno.jpg\" \/>\n\t<meta property=\"og:image:width\" content=\"1200\" \/>\n\t<meta property=\"og:image:height\" content=\"1200\" \/>\n\t<meta property=\"og:image:type\" content=\"image\/jpeg\" \/>\n<meta name=\"twitter:card\" content=\"summary_large_image\" \/>\n<script type=\"application\/ld+json\" class=\"yoast-schema-graph\">{\"@context\":\"https:\/\/schema.org\",\"@graph\":[{\"@type\":\"WebPage\",\"@id\":\"https:\/\/www.erresse-shop.it\/fr\/shop\/ameublement-maison\/sechoirs\/foppapedretti-cordes-a-linge-gulliver-4-0-bois\/\",\"url\":\"https:\/\/www.erresse-shop.it\/fr\/shop\/ameublement-maison\/sechoirs\/foppapedretti-cordes-a-linge-gulliver-4-0-bois\/\",\"name\":\"FOPPAPEDRETTI Cordes \u00e0 linge SuperGulliver 4.0 Bois\",\"isPartOf\":{\"@id\":\"https:\/\/www.erresse-shop.it\/fr\/#website\"},\"datePublished\":\"2025-07-24T08:43:40+00:00\",\"dateModified\":\"2025-10-19T09:05:56+00:00\",\"description\":\"D\u00e9couvrez FOPPAPEDRETTI Cordes \u00e0 linge SuperGulliver 4.0 Bois sur ErresseShop. Qualit\u00e9, prix r\u00e9duits et achat s\u00e9curis\u00e9 \u2013 commandez d\u00e8s maintenant en ligne !\",\"breadcrumb\":{\"@id\":\"https:\/\/www.erresse-shop.it\/fr\/shop\/ameublement-maison\/sechoirs\/foppapedretti-cordes-a-linge-gulliver-4-0-bois\/#breadcrumb\"},\"inLanguage\":\"fr-FR\",\"potentialAction\":[{\"@type\":\"ReadAction\",\"target\":[\"https:\/\/www.erresse-shop.it\/fr\/shop\/ameublement-maison\/sechoirs\/foppapedretti-cordes-a-linge-gulliver-4-0-bois\/\"]}]},{\"@type\":\"BreadcrumbList\",\"@id\":\"https:\/\/www.erresse-shop.it\/fr\/shop\/ameublement-maison\/sechoirs\/foppapedretti-cordes-a-linge-gulliver-4-0-bois\/#breadcrumb\",\"itemListElement\":[{\"@type\":\"ListItem\",\"position\":1,\"name\":\"Home\",\"item\":\"https:\/\/www.erresse-shop.it\/fr\/\"},{\"@type\":\"ListItem\",\"position\":2,\"name\":\"Shop\",\"item\":\"https:\/\/www.erresse-shop.it\/fr\/shop\/\"},{\"@type\":\"ListItem\",\"position\":3,\"name\":\"FOPPAPEDRETTI Cordes \u00e0 linge Gulliver 4.0 Bois\"}]},{\"@type\":\"WebSite\",\"@id\":\"https:\/\/www.erresse-shop.it\/fr\/#website\",\"url\":\"https:\/\/www.erresse-shop.it\/fr\/\",\"name\":\"Erresse Shop\",\"description\":\"Articoli di qualit\u00e0 per la casa\",\"potentialAction\":[{\"@type\":\"SearchAction\",\"target\":{\"@type\":\"EntryPoint\",\"urlTemplate\":\"https:\/\/www.erresse-shop.it\/fr\/?s={search_term_string}\"},\"query-input\":\"required name=search_term_string\"}],\"inLanguage\":\"fr-FR\"}]}<\/script>\n<!-- \/ Yoast SEO Premium plugin. -->","yoast_head_json":{"title":"FOPPAPEDRETTI Cordes \u00e0 linge SuperGulliver 4.0 Bois","description":"D\u00e9couvrez FOPPAPEDRETTI Cordes \u00e0 linge SuperGulliver 4.0 Bois sur ErresseShop. Qualit\u00e9, prix r\u00e9duits et achat s\u00e9curis\u00e9 \u2013 commandez d\u00e8s maintenant en ligne !","robots":{"index":"index","follow":"follow","max-snippet":"max-snippet:-1","max-image-preview":"max-image-preview:large","max-video-preview":"max-video-preview:-1"},"canonical":"https:\/\/www.erresse-shop.it\/fr\/shop\/ameublement-maison\/sechoirs\/foppapedretti-cordes-a-linge-gulliver-4-0-bois\/","og_locale":"fr_FR","og_type":"article","og_title":"FOPPAPEDRETTI Cordes \u00e0 linge Gulliver 4.0 Bois","og_description":"D\u00e9couvrez FOPPAPEDRETTI Cordes \u00e0 linge SuperGulliver 4.0 Bois sur ErresseShop. Qualit\u00e9, prix r\u00e9duits et achat s\u00e9curis\u00e9 \u2013 commandez d\u00e8s maintenant en ligne !","og_url":"https:\/\/www.erresse-shop.it\/fr\/shop\/ameublement-maison\/sechoirs\/foppapedretti-cordes-a-linge-gulliver-4-0-bois\/","og_site_name":"Erresse Shop","article_modified_time":"2025-10-19T09:05:56+00:00","og_image":[{"width":1200,"height":1200,"url":"https:\/\/www.erresse-shop.it\/wp-content\/uploads\/2025\/07\/FOPPAPEDRETTI-Stendibiancheria-Gulliver-4.0-Legno.jpg","type":"image\/jpeg"}],"twitter_card":"summary_large_image","schema":{"@context":"https:\/\/schema.org","@graph":[{"@type":"WebPage","@id":"https:\/\/www.erresse-shop.it\/fr\/shop\/ameublement-maison\/sechoirs\/foppapedretti-cordes-a-linge-gulliver-4-0-bois\/","url":"https:\/\/www.erresse-shop.it\/fr\/shop\/ameublement-maison\/sechoirs\/foppapedretti-cordes-a-linge-gulliver-4-0-bois\/","name":"FOPPAPEDRETTI Cordes \u00e0 linge SuperGulliver 4.0 Bois","isPartOf":{"@id":"https:\/\/www.erresse-shop.it\/fr\/#website"},"datePublished":"2025-07-24T08:43:40+00:00","dateModified":"2025-10-19T09:05:56+00:00","description":"D\u00e9couvrez FOPPAPEDRETTI Cordes \u00e0 linge SuperGulliver 4.0 Bois sur ErresseShop. Qualit\u00e9, prix r\u00e9duits et achat s\u00e9curis\u00e9 \u2013 commandez d\u00e8s maintenant en ligne !","breadcrumb":{"@id":"https:\/\/www.erresse-shop.it\/fr\/shop\/ameublement-maison\/sechoirs\/foppapedretti-cordes-a-linge-gulliver-4-0-bois\/#breadcrumb"},"inLanguage":"fr-FR","potentialAction":[{"@type":"ReadAction","target":["https:\/\/www.erresse-shop.it\/fr\/shop\/ameublement-maison\/sechoirs\/foppapedretti-cordes-a-linge-gulliver-4-0-bois\/"]}]},{"@type":"BreadcrumbList","@id":"https:\/\/www.erresse-shop.it\/fr\/shop\/ameublement-maison\/sechoirs\/foppapedretti-cordes-a-linge-gulliver-4-0-bois\/#breadcrumb","itemListElement":[{"@type":"ListItem","position":1,"name":"Home","item":"https:\/\/www.erresse-shop.it\/fr\/"},{"@type":"ListItem","position":2,"name":"Shop","item":"https:\/\/www.erresse-shop.it\/fr\/shop\/"},{"@type":"ListItem","position":3,"name":"FOPPAPEDRETTI Cordes \u00e0 linge Gulliver 4.0 Bois"}]},{"@type":"WebSite","@id":"https:\/\/www.erresse-shop.it\/fr\/#website","url":"https:\/\/www.erresse-shop.it\/fr\/","name":"Erresse Shop","description":"Articoli di qualit\u00e0 per la casa","potentialAction":[{"@type":"SearchAction","target":{"@type":"EntryPoint","urlTemplate":"https:\/\/www.erresse-shop.it\/fr\/?s={search_term_string}"},"query-input":"required name=search_term_string"}],"inLanguage":"fr-FR"}]}},"df_price":285.5,"df_sale_price":285.5,"df_regular_price":285.5,"df_image_link":"https:\/\/www.erresse-shop.it\/wp-content\/uploads\/2025\/07\/FOPPAPEDRETTI-Stendibiancheria-Gulliver-4.0-Legno-300x300.jpg","_links":{"self":[{"href":"https:\/\/www.erresse-shop.it\/fr\/wp-json\/wp\/v2\/product\/507410"}],"collection":[{"href":"https:\/\/www.erresse-shop.it\/fr\/wp-json\/wp\/v2\/product"}],"about":[{"href":"https:\/\/www.erresse-shop.it\/fr\/wp-json\/wp\/v2\/types\/product"}],"wp:featuredmedia":[{"embeddable":true,"href":"https:\/\/www.erresse-shop.it\/fr\/wp-json\/wp\/v2\/media\/507427"}],"wp:attachment":[{"href":"https:\/\/www.erresse-shop.it\/fr\/wp-json\/wp\/v2\/media?parent=507410"}],"wp:term":[{"taxonomy":"product_cat","embeddable":true,"href":"https:\/\/www.erresse-shop.it\/fr\/wp-json\/wp\/v2\/product_cat?post=507410"},{"taxonomy":"product_tag","embeddable":true,"href":"https:\/\/www.erresse-shop.it\/fr\/wp-json\/wp\/v2\/product_tag?post=507410"}],"curies":[{"name":"wp","href":"https:\/\/api.w.org\/{rel}","templated":true}]}}