{"id":507379,"date":"2025-07-24T08:25:34","date_gmt":"2025-07-24T08:25:38","guid":{"rendered":"https:\/\/www.erresse-shop.it\/?post_type=product&#038;p=507379"},"modified":"2025-08-09T14:10:09","modified_gmt":"2025-08-09T14:10:09","slug":"foppapedretti-cordes-a-linge-gulliver-evo-naturel","status":"publish","type":"product","link":"https:\/\/www.erresse-shop.it\/fr\/shop\/ameublement-maison\/sechoirs\/foppapedretti-cordes-a-linge-gulliver-evo-naturel\/","title":{"rendered":"FOPPAPEDRETTI Cordes \u00e0 linge Gulliver Evo Naturel"},"content":{"rendered":"<p>L&#8217;\u00e9tendoir \u00e0 linge pliable en bois Gulliver de Foppapedretti peut \u00eatre r\u00e9gl\u00e9 en fonction de la quantit\u00e9 de linge \u00e0 \u00e9tendre. Et quand il n&#8217;est pas utilis\u00e9, il se replie pour prendre tr\u00e8s peu de place, occupant seulement 14 centim\u00e8tres&#8230; et il tient m\u00eame debout tout seul !<\/p>\n<p>Gulliver dispose d&#8217;un fil complet de 27 m\u00e8tres pour suspendre le linge et, gr\u00e2ce \u00e0 des bras lat\u00e9raux et avant ind\u00e9pendants, il s&#8217;ouvre en fonction de la quantit\u00e9 de linge \u00e0 s\u00e9cher.<\/p>\n<p>La structure est en bois massif, mais il existe \u00e9galement une variante en aluminium peint en blanc adapt\u00e9e \u00e0 une utilisation en ext\u00e9rieur. Gulliver peut \u00eatre d\u00e9plac\u00e9 facilement gr\u00e2ce \u00e0 ses 4 roues pivotantes robustes (dont 2 avec freins) et les tiges en aluminium peint le rendent solide et r\u00e9sistant. Le paquet comprend six pinces \u00e0 linge color\u00e9es \u00ab Clothy \u00bb, \u00e0 ranger dans le plateau pratique sur un c\u00f4t\u00e9 de l&#8217;\u00e9tendoir, ou peuvent \u00e9galement \u00eatre achet\u00e9es s\u00e9par\u00e9ment.<\/p>\n<p>Gulliver est disponible en deux variantes de mat\u00e9riaux : la structure classique en bois massif, coloris weng\u00e9 et bois canaletto, ou en aluminium peint en blanc pour une utilisation en ext\u00e9rieur. La variante de couleur aluminium p\u00e8se 7,3 kg.<\/p>\n<p>La marque <strong>T\u00dcV S\u00dcD<\/strong> garantit et certifie la s\u00e9curit\u00e9 des produits.<br \/>\nCertifi\u00e9 <strong>T\u00dcV S\u00dcD<\/strong> (organisme international de test et de certification qui garantit la s\u00e9curit\u00e9 et la qualit\u00e9 des produits).<\/p>\n<p><strong>Les points forts de Gulliver sont\u00a0:<\/strong><\/p>\n<ul>\n<li>27 m\u00e8tres de fil utile pour \u00e9tendre le linge<\/li>\n<li>Solide et stable : m\u00eame ferm\u00e9, il tient debout tout seul<\/li>\n<li>Une fois ferm\u00e9, il ne prend que 14 centim\u00e8tres et \u00ab dispara\u00eet \u00bb facilement m\u00eame derri\u00e8re les portes<\/li>\n<li>Gr\u00e2ce aux bras lat\u00e9raux et avant ind\u00e9pendants, il s&#8217;ouvre en fonction de la quantit\u00e9 de linge \u00e0 \u00e9tendre<\/li>\n<li>Il peut \u00eatre d\u00e9plac\u00e9 facilement gr\u00e2ce aux roues pivotantes<\/li>\n<\/ul>\n<p><strong>Mesures\u00a0:<\/strong><\/p>\n<ul>\n<li>Dimensions ouvertes cm : H 105 | P 80 | L 174<\/li>\n<li>Dimensions ferm\u00e9 cm : H 103 | P 55 | L 14<\/li>\n<\/ul>\n<p><strong>Poids\u00a0: <\/strong>7,9 kg<\/p>\n","protected":false},"excerpt":{"rendered":"<p>L&#8217;\u00e9tendoir \u00e0 linge pliable en bois Gulliver de Foppapedretti peut \u00eatre r\u00e9gl\u00e9 en fonction de la quantit\u00e9 de linge \u00e0<\/p>\n","protected":false},"featured_media":507398,"template":"","meta":{"_acf_changed":false,"inline_featured_image":false},"product_cat":[12738,18521],"product_tag":[18473,18472,21821],"acf":[],"yoast_head":"<!-- This site is optimized with the Yoast SEO Premium plugin v18.6 (Yoast SEO v19.13) - https:\/\/yoast.com\/wordpress\/plugins\/seo\/ -->\n<title>FOPPAPEDRETTI Cordes \u00e0 linge SuperGulliver 4.0 Bois<\/title>\n<meta name=\"description\" content=\"D\u00e9couvrez FOPPAPEDRETTI Cordes \u00e0 linge SuperGulliver 4.0 Bois sur ErresseShop. Qualit\u00e9, prix r\u00e9duits et achat s\u00e9curis\u00e9 \u2013 commandez d\u00e8s maintenant en ligne !\" \/>\n<meta name=\"robots\" content=\"index, follow, max-snippet:-1, max-image-preview:large, max-video-preview:-1\" \/>\n<link rel=\"canonical\" href=\"https:\/\/www.erresse-shop.it\/fr\/shop\/ameublement-maison\/sechoirs\/foppapedretti-cordes-a-linge-gulliver-evo-naturel\/\" \/>\n<meta property=\"og:locale\" content=\"fr_FR\" \/>\n<meta property=\"og:type\" content=\"article\" \/>\n<meta property=\"og:title\" content=\"FOPPAPEDRETTI Cordes \u00e0 linge Gulliver Evo Naturel\" \/>\n<meta property=\"og:description\" content=\"D\u00e9couvrez FOPPAPEDRETTI Cordes \u00e0 linge SuperGulliver 4.0 Bois sur ErresseShop. Qualit\u00e9, prix r\u00e9duits et achat s\u00e9curis\u00e9 \u2013 commandez d\u00e8s maintenant en ligne !\" \/>\n<meta property=\"og:url\" content=\"https:\/\/www.erresse-shop.it\/fr\/shop\/ameublement-maison\/sechoirs\/foppapedretti-cordes-a-linge-gulliver-evo-naturel\/\" \/>\n<meta property=\"og:site_name\" content=\"Erresse Shop\" \/>\n<meta property=\"article:modified_time\" content=\"2025-08-09T14:10:09+00:00\" \/>\n<meta property=\"og:image\" content=\"https:\/\/www.erresse-shop.it\/wp-content\/uploads\/2025\/07\/FOPPAPEDRETTI-Stendibiancheria-Gulliver-Evo-Naturale.jpg\" \/>\n\t<meta property=\"og:image:width\" content=\"1200\" \/>\n\t<meta property=\"og:image:height\" content=\"1200\" \/>\n\t<meta property=\"og:image:type\" content=\"image\/jpeg\" \/>\n<meta name=\"twitter:card\" content=\"summary_large_image\" \/>\n<script type=\"application\/ld+json\" class=\"yoast-schema-graph\">{\"@context\":\"https:\/\/schema.org\",\"@graph\":[{\"@type\":\"WebPage\",\"@id\":\"https:\/\/www.erresse-shop.it\/fr\/shop\/ameublement-maison\/sechoirs\/foppapedretti-cordes-a-linge-gulliver-evo-naturel\/\",\"url\":\"https:\/\/www.erresse-shop.it\/fr\/shop\/ameublement-maison\/sechoirs\/foppapedretti-cordes-a-linge-gulliver-evo-naturel\/\",\"name\":\"FOPPAPEDRETTI Cordes \u00e0 linge SuperGulliver 4.0 Bois\",\"isPartOf\":{\"@id\":\"https:\/\/www.erresse-shop.it\/fr\/#website\"},\"datePublished\":\"2025-07-24T08:25:38+00:00\",\"dateModified\":\"2025-08-09T14:10:09+00:00\",\"description\":\"D\u00e9couvrez FOPPAPEDRETTI Cordes \u00e0 linge SuperGulliver 4.0 Bois sur ErresseShop. Qualit\u00e9, prix r\u00e9duits et achat s\u00e9curis\u00e9 \u2013 commandez d\u00e8s maintenant en ligne !\",\"breadcrumb\":{\"@id\":\"https:\/\/www.erresse-shop.it\/fr\/shop\/ameublement-maison\/sechoirs\/foppapedretti-cordes-a-linge-gulliver-evo-naturel\/#breadcrumb\"},\"inLanguage\":\"fr-FR\",\"potentialAction\":[{\"@type\":\"ReadAction\",\"target\":[\"https:\/\/www.erresse-shop.it\/fr\/shop\/ameublement-maison\/sechoirs\/foppapedretti-cordes-a-linge-gulliver-evo-naturel\/\"]}]},{\"@type\":\"BreadcrumbList\",\"@id\":\"https:\/\/www.erresse-shop.it\/fr\/shop\/ameublement-maison\/sechoirs\/foppapedretti-cordes-a-linge-gulliver-evo-naturel\/#breadcrumb\",\"itemListElement\":[{\"@type\":\"ListItem\",\"position\":1,\"name\":\"Home\",\"item\":\"https:\/\/www.erresse-shop.it\/fr\/\"},{\"@type\":\"ListItem\",\"position\":2,\"name\":\"Shop\",\"item\":\"https:\/\/www.erresse-shop.it\/fr\/shop\/\"},{\"@type\":\"ListItem\",\"position\":3,\"name\":\"FOPPAPEDRETTI Cordes \u00e0 linge Gulliver Evo Naturel\"}]},{\"@type\":\"WebSite\",\"@id\":\"https:\/\/www.erresse-shop.it\/fr\/#website\",\"url\":\"https:\/\/www.erresse-shop.it\/fr\/\",\"name\":\"Erresse Shop\",\"description\":\"Articoli di qualit\u00e0 per la casa\",\"potentialAction\":[{\"@type\":\"SearchAction\",\"target\":{\"@type\":\"EntryPoint\",\"urlTemplate\":\"https:\/\/www.erresse-shop.it\/fr\/?s={search_term_string}\"},\"query-input\":\"required name=search_term_string\"}],\"inLanguage\":\"fr-FR\"}]}<\/script>\n<!-- \/ Yoast SEO Premium plugin. -->","yoast_head_json":{"title":"FOPPAPEDRETTI Cordes \u00e0 linge SuperGulliver 4.0 Bois","description":"D\u00e9couvrez FOPPAPEDRETTI Cordes \u00e0 linge SuperGulliver 4.0 Bois sur ErresseShop. Qualit\u00e9, prix r\u00e9duits et achat s\u00e9curis\u00e9 \u2013 commandez d\u00e8s maintenant en ligne !","robots":{"index":"index","follow":"follow","max-snippet":"max-snippet:-1","max-image-preview":"max-image-preview:large","max-video-preview":"max-video-preview:-1"},"canonical":"https:\/\/www.erresse-shop.it\/fr\/shop\/ameublement-maison\/sechoirs\/foppapedretti-cordes-a-linge-gulliver-evo-naturel\/","og_locale":"fr_FR","og_type":"article","og_title":"FOPPAPEDRETTI Cordes \u00e0 linge Gulliver Evo Naturel","og_description":"D\u00e9couvrez FOPPAPEDRETTI Cordes \u00e0 linge SuperGulliver 4.0 Bois sur ErresseShop. Qualit\u00e9, prix r\u00e9duits et achat s\u00e9curis\u00e9 \u2013 commandez d\u00e8s maintenant en ligne !","og_url":"https:\/\/www.erresse-shop.it\/fr\/shop\/ameublement-maison\/sechoirs\/foppapedretti-cordes-a-linge-gulliver-evo-naturel\/","og_site_name":"Erresse Shop","article_modified_time":"2025-08-09T14:10:09+00:00","og_image":[{"width":1200,"height":1200,"url":"https:\/\/www.erresse-shop.it\/wp-content\/uploads\/2025\/07\/FOPPAPEDRETTI-Stendibiancheria-Gulliver-Evo-Naturale.jpg","type":"image\/jpeg"}],"twitter_card":"summary_large_image","schema":{"@context":"https:\/\/schema.org","@graph":[{"@type":"WebPage","@id":"https:\/\/www.erresse-shop.it\/fr\/shop\/ameublement-maison\/sechoirs\/foppapedretti-cordes-a-linge-gulliver-evo-naturel\/","url":"https:\/\/www.erresse-shop.it\/fr\/shop\/ameublement-maison\/sechoirs\/foppapedretti-cordes-a-linge-gulliver-evo-naturel\/","name":"FOPPAPEDRETTI Cordes \u00e0 linge SuperGulliver 4.0 Bois","isPartOf":{"@id":"https:\/\/www.erresse-shop.it\/fr\/#website"},"datePublished":"2025-07-24T08:25:38+00:00","dateModified":"2025-08-09T14:10:09+00:00","description":"D\u00e9couvrez FOPPAPEDRETTI Cordes \u00e0 linge SuperGulliver 4.0 Bois sur ErresseShop. Qualit\u00e9, prix r\u00e9duits et achat s\u00e9curis\u00e9 \u2013 commandez d\u00e8s maintenant en ligne !","breadcrumb":{"@id":"https:\/\/www.erresse-shop.it\/fr\/shop\/ameublement-maison\/sechoirs\/foppapedretti-cordes-a-linge-gulliver-evo-naturel\/#breadcrumb"},"inLanguage":"fr-FR","potentialAction":[{"@type":"ReadAction","target":["https:\/\/www.erresse-shop.it\/fr\/shop\/ameublement-maison\/sechoirs\/foppapedretti-cordes-a-linge-gulliver-evo-naturel\/"]}]},{"@type":"BreadcrumbList","@id":"https:\/\/www.erresse-shop.it\/fr\/shop\/ameublement-maison\/sechoirs\/foppapedretti-cordes-a-linge-gulliver-evo-naturel\/#breadcrumb","itemListElement":[{"@type":"ListItem","position":1,"name":"Home","item":"https:\/\/www.erresse-shop.it\/fr\/"},{"@type":"ListItem","position":2,"name":"Shop","item":"https:\/\/www.erresse-shop.it\/fr\/shop\/"},{"@type":"ListItem","position":3,"name":"FOPPAPEDRETTI Cordes \u00e0 linge Gulliver Evo Naturel"}]},{"@type":"WebSite","@id":"https:\/\/www.erresse-shop.it\/fr\/#website","url":"https:\/\/www.erresse-shop.it\/fr\/","name":"Erresse Shop","description":"Articoli di qualit\u00e0 per la casa","potentialAction":[{"@type":"SearchAction","target":{"@type":"EntryPoint","urlTemplate":"https:\/\/www.erresse-shop.it\/fr\/?s={search_term_string}"},"query-input":"required name=search_term_string"}],"inLanguage":"fr-FR"}]}},"df_price":250.8,"df_sale_price":250.8,"df_regular_price":250.8,"df_image_link":"https:\/\/www.erresse-shop.it\/wp-content\/uploads\/2025\/07\/FOPPAPEDRETTI-Stendibiancheria-Gulliver-Evo-Naturale-300x300.jpg","_links":{"self":[{"href":"https:\/\/www.erresse-shop.it\/fr\/wp-json\/wp\/v2\/product\/507379"}],"collection":[{"href":"https:\/\/www.erresse-shop.it\/fr\/wp-json\/wp\/v2\/product"}],"about":[{"href":"https:\/\/www.erresse-shop.it\/fr\/wp-json\/wp\/v2\/types\/product"}],"wp:featuredmedia":[{"embeddable":true,"href":"https:\/\/www.erresse-shop.it\/fr\/wp-json\/wp\/v2\/media\/507398"}],"wp:attachment":[{"href":"https:\/\/www.erresse-shop.it\/fr\/wp-json\/wp\/v2\/media?parent=507379"}],"wp:term":[{"taxonomy":"product_cat","embeddable":true,"href":"https:\/\/www.erresse-shop.it\/fr\/wp-json\/wp\/v2\/product_cat?post=507379"},{"taxonomy":"product_tag","embeddable":true,"href":"https:\/\/www.erresse-shop.it\/fr\/wp-json\/wp\/v2\/product_tag?post=507379"}],"curies":[{"name":"wp","href":"https:\/\/api.w.org\/{rel}","templated":true}]}}