{"id":506723,"date":"2025-07-21T06:42:06","date_gmt":"2025-07-21T06:42:08","guid":{"rendered":"https:\/\/www.erresse-shop.it\/?post_type=product&#038;p=506723"},"modified":"2025-10-08T20:19:32","modified_gmt":"2025-10-08T20:19:32","slug":"magimix-micro-cromo-ensemble-dassiettes-arthur-krupp-wood-essence","status":"publish","type":"product","link":"https:\/\/www.erresse-shop.it\/fr\/shop\/table-fr-2\/plats\/magimix-micro-cromo-ensemble-dassiettes-arthur-krupp-wood-essence\/","title":{"rendered":"MAGIMIX Micro Cromo + Ensemble d&#8217;assiettes Arthur Krupp Wood Essence"},"content":{"rendered":"<h4 data-start=\"397\" data-end=\"441\"><strong data-start=\"402\" data-end=\"441\">Robot de cuisine MAGIMIX Micro Chrome<\/strong><\/h4>\n<p data-start=\"442\" data-end=\"776\">Compact, puissant et intuitif : le robot culinaire <strong data-start=\"492\" data-end=\"515\">MAGIMIX Micro Cromo<\/strong> est l&#8217;alli\u00e9 id\u00e9al pour simplifier chaque pr\u00e9paration en cuisine. Avec son design \u00e9l\u00e9gant en acier chrom\u00e9, il allie esth\u00e9tique et fonctionnalit\u00e9 dans un outil polyvalent, parfait pour hacher, m\u00e9langer, \u00e9mulsionner et pr\u00e9parer d&#8217;innombrables recettes en quelques minutes seulement.<\/p>\n<ul data-start=\"778\" data-end=\"910\">\n<li data-start=\"778\" data-end=\"821\">\n<p data-start=\"780\" data-end=\"821\"><strong data-start=\"780\" data-end=\"819\">Puissance et performances professionnelles<\/strong><\/p>\n<\/li>\n<li data-start=\"822\" data-end=\"855\">\n<p data-start=\"824\" data-end=\"855\"><strong data-start=\"824\" data-end=\"855\">Facile \u00e0 utiliser et \u00e0 nettoyer<\/strong><\/p>\n<\/li>\n<li data-start=\"856\" data-end=\"910\">\n<p data-start=\"858\" data-end=\"910\"><strong data-start=\"858\" data-end=\"910\">Conception compacte, id\u00e9ale m\u00eame pour les petites cuisines<\/strong><\/p>\n<\/li>\n<\/ul>\n<p><strong>CARACT\u00c9RISTIQUES TECHNIQUES\u00a0:<\/strong><\/p>\n<ul>\n<li><strong>Capacit\u00e9 du r\u00e9servoir\u00a0:<\/strong> 0,8 l<\/li>\n<li><strong>Puissance du moteur\u00a0:<\/strong> 290 W<\/li>\n<li><strong>Dimensions\u00a0:<\/strong> 17 x 12 x 24 cm<\/li>\n<li><strong>Poids\u00a0:<\/strong> 1,7 kg<\/li>\n<li><strong>Fabriqu\u00e9 en France<\/strong><\/li>\n<\/ul>\n<h4 data-start=\"912\" data-end=\"962\"><strong data-start=\"917\" data-end=\"962\">Arthur Krupp &#8211; Ensemble de 12 assiettes en essence de bois<\/strong><\/h4>\n<p data-start=\"963\" data-end=\"1237\">Compl\u00e9tez votre table avec le style sophistiqu\u00e9 du service de table 12 pi\u00e8ces <strong data-start=\"1032\" data-end=\"1061\">Arthur Krupp Wood Essence<\/strong>. Un ensemble \u00e9l\u00e9gant au design naturel, inspir\u00e9 du grain du bois, parfait pour ajouter une touche raffin\u00e9e \u00e0 n&#8217;importe quelle occasion, des d\u00e9jeuners quotidiens aux d\u00eeners avec des invit\u00e9s.<\/p>\n<ul data-start=\"1239\" data-end=\"1366\">\n<li data-start=\"1239\" data-end=\"1286\">\n<p data-start=\"1241\" data-end=\"1286\"><strong data-start=\"1241\" data-end=\"1286\">Mat\u00e9riaux r\u00e9sistants et finitions de haute qualit\u00e9<\/strong><\/p>\n<\/li>\n<li data-start=\"1287\" data-end=\"1325\">\n<p data-start=\"1289\" data-end=\"1325\"><strong data-start=\"1289\" data-end=\"1325\">Design moderne effet bois<\/strong><\/p>\n<\/li>\n<li data-start=\"1326\" data-end=\"1366\">\n<p data-start=\"1328\" data-end=\"1366\"><strong data-start=\"1328\" data-end=\"1366\">Convient au lave-vaisselle et au micro-ondes<\/strong><\/p>\n<\/li>\n<\/ul>\n<p><strong>Cet ensemble contient\u00a0:<\/strong><\/p>\n<ul>\n<li>4 assiettes plates 28 cm<\/li>\n<li>4 assiettes creuses 22 cm<\/li>\n<li>4 assiettes \u00e0 fruits 20 cm<\/li>\n<\/ul>\n<p><u><\/u><span style=\"text-decoration: underline;\"><strong>Ne pas vendre en dehors de l&#8217;Europe<\/strong><\/span><\/p>\n","protected":false},"excerpt":{"rendered":"<p>Robot de cuisine MAGIMIX Micro Chrome Compact, puissant et intuitif : le robot culinaire MAGIMIX Micro Cromo est l&#8217;alli\u00e9 id\u00e9al<\/p>\n","protected":false},"featured_media":506748,"template":"","meta":{"_acf_changed":false,"inline_featured_image":false},"product_cat":[12449,12788,12768,12782],"product_tag":[20171,22041,21063,20906,21969,19357,15733,23261,12817],"acf":[],"yoast_head":"<!-- This site is optimized with the Yoast SEO Premium plugin v18.6 (Yoast SEO v19.13) - https:\/\/yoast.com\/wordpress\/plugins\/seo\/ -->\n<title>MAGIMIX Micro Cromo + Ensemble d&#039;assiettes Arthur Krupp Wood Essence - Erresse Shop<\/title>\n<meta name=\"description\" content=\"Robot de cuisine MAGIMIX Micro Chrome Compact, puissant et intuitif : le robot culinaire MAGIMIX Micro Cromo est l&#039;alli\u00e9 id\u00e9al pour simplifier chaque\" \/>\n<meta name=\"robots\" content=\"index, follow, max-snippet:-1, max-image-preview:large, max-video-preview:-1\" \/>\n<link rel=\"canonical\" href=\"https:\/\/www.erresse-shop.it\/fr\/shop\/table-fr-2\/plats\/magimix-micro-cromo-ensemble-dassiettes-arthur-krupp-wood-essence\/\" \/>\n<meta property=\"og:locale\" content=\"fr_FR\" \/>\n<meta property=\"og:type\" content=\"article\" \/>\n<meta property=\"og:title\" content=\"MAGIMIX Micro Cromo + Ensemble d&#039;assiettes Arthur Krupp Wood Essence\" \/>\n<meta property=\"og:description\" content=\"Robot de cuisine MAGIMIX Micro Chrome Compact, puissant et intuitif : le robot culinaire MAGIMIX Micro Cromo est l&#039;alli\u00e9 id\u00e9al pour simplifier chaque\" \/>\n<meta property=\"og:url\" content=\"https:\/\/www.erresse-shop.it\/fr\/shop\/table-fr-2\/plats\/magimix-micro-cromo-ensemble-dassiettes-arthur-krupp-wood-essence\/\" \/>\n<meta property=\"og:site_name\" content=\"Erresse Shop\" \/>\n<meta property=\"article:modified_time\" content=\"2025-10-08T20:19:32+00:00\" \/>\n<meta property=\"og:image\" content=\"https:\/\/www.erresse-shop.it\/wp-content\/uploads\/2025\/07\/MAGIMIX-Micro-Cromo-Set-Piatti-Arthur-Krupp.jpg\" \/>\n\t<meta property=\"og:image:width\" content=\"1200\" \/>\n\t<meta property=\"og:image:height\" content=\"1200\" \/>\n\t<meta property=\"og:image:type\" content=\"image\/jpeg\" \/>\n<meta name=\"twitter:card\" content=\"summary_large_image\" \/>\n<script type=\"application\/ld+json\" class=\"yoast-schema-graph\">{\"@context\":\"https:\/\/schema.org\",\"@graph\":[{\"@type\":\"WebPage\",\"@id\":\"https:\/\/www.erresse-shop.it\/fr\/shop\/table-fr-2\/plats\/magimix-micro-cromo-ensemble-dassiettes-arthur-krupp-wood-essence\/\",\"url\":\"https:\/\/www.erresse-shop.it\/fr\/shop\/table-fr-2\/plats\/magimix-micro-cromo-ensemble-dassiettes-arthur-krupp-wood-essence\/\",\"name\":\"MAGIMIX Micro Cromo + Ensemble d'assiettes Arthur Krupp Wood Essence - Erresse Shop\",\"isPartOf\":{\"@id\":\"https:\/\/www.erresse-shop.it\/fr\/#website\"},\"datePublished\":\"2025-07-21T06:42:08+00:00\",\"dateModified\":\"2025-10-08T20:19:32+00:00\",\"description\":\"Robot de cuisine MAGIMIX Micro Chrome Compact, puissant et intuitif : le robot culinaire MAGIMIX Micro Cromo est l'alli\u00e9 id\u00e9al pour simplifier chaque\",\"breadcrumb\":{\"@id\":\"https:\/\/www.erresse-shop.it\/fr\/shop\/table-fr-2\/plats\/magimix-micro-cromo-ensemble-dassiettes-arthur-krupp-wood-essence\/#breadcrumb\"},\"inLanguage\":\"fr-FR\",\"potentialAction\":[{\"@type\":\"ReadAction\",\"target\":[\"https:\/\/www.erresse-shop.it\/fr\/shop\/table-fr-2\/plats\/magimix-micro-cromo-ensemble-dassiettes-arthur-krupp-wood-essence\/\"]}]},{\"@type\":\"BreadcrumbList\",\"@id\":\"https:\/\/www.erresse-shop.it\/fr\/shop\/table-fr-2\/plats\/magimix-micro-cromo-ensemble-dassiettes-arthur-krupp-wood-essence\/#breadcrumb\",\"itemListElement\":[{\"@type\":\"ListItem\",\"position\":1,\"name\":\"Home\",\"item\":\"https:\/\/www.erresse-shop.it\/fr\/\"},{\"@type\":\"ListItem\",\"position\":2,\"name\":\"Shop\",\"item\":\"https:\/\/www.erresse-shop.it\/fr\/shop\/\"},{\"@type\":\"ListItem\",\"position\":3,\"name\":\"MAGIMIX Micro Cromo + Ensemble d&#8217;assiettes Arthur Krupp Wood Essence\"}]},{\"@type\":\"WebSite\",\"@id\":\"https:\/\/www.erresse-shop.it\/fr\/#website\",\"url\":\"https:\/\/www.erresse-shop.it\/fr\/\",\"name\":\"Erresse Shop\",\"description\":\"Articoli di qualit\u00e0 per la casa\",\"potentialAction\":[{\"@type\":\"SearchAction\",\"target\":{\"@type\":\"EntryPoint\",\"urlTemplate\":\"https:\/\/www.erresse-shop.it\/fr\/?s={search_term_string}\"},\"query-input\":\"required name=search_term_string\"}],\"inLanguage\":\"fr-FR\"}]}<\/script>\n<!-- \/ Yoast SEO Premium plugin. -->","yoast_head_json":{"title":"MAGIMIX Micro Cromo + Ensemble d'assiettes Arthur Krupp Wood Essence - Erresse Shop","description":"Robot de cuisine MAGIMIX Micro Chrome Compact, puissant et intuitif : le robot culinaire MAGIMIX Micro Cromo est l'alli\u00e9 id\u00e9al pour simplifier chaque","robots":{"index":"index","follow":"follow","max-snippet":"max-snippet:-1","max-image-preview":"max-image-preview:large","max-video-preview":"max-video-preview:-1"},"canonical":"https:\/\/www.erresse-shop.it\/fr\/shop\/table-fr-2\/plats\/magimix-micro-cromo-ensemble-dassiettes-arthur-krupp-wood-essence\/","og_locale":"fr_FR","og_type":"article","og_title":"MAGIMIX Micro Cromo + Ensemble d'assiettes Arthur Krupp Wood Essence","og_description":"Robot de cuisine MAGIMIX Micro Chrome Compact, puissant et intuitif : le robot culinaire MAGIMIX Micro Cromo est l'alli\u00e9 id\u00e9al pour simplifier chaque","og_url":"https:\/\/www.erresse-shop.it\/fr\/shop\/table-fr-2\/plats\/magimix-micro-cromo-ensemble-dassiettes-arthur-krupp-wood-essence\/","og_site_name":"Erresse Shop","article_modified_time":"2025-10-08T20:19:32+00:00","og_image":[{"width":1200,"height":1200,"url":"https:\/\/www.erresse-shop.it\/wp-content\/uploads\/2025\/07\/MAGIMIX-Micro-Cromo-Set-Piatti-Arthur-Krupp.jpg","type":"image\/jpeg"}],"twitter_card":"summary_large_image","schema":{"@context":"https:\/\/schema.org","@graph":[{"@type":"WebPage","@id":"https:\/\/www.erresse-shop.it\/fr\/shop\/table-fr-2\/plats\/magimix-micro-cromo-ensemble-dassiettes-arthur-krupp-wood-essence\/","url":"https:\/\/www.erresse-shop.it\/fr\/shop\/table-fr-2\/plats\/magimix-micro-cromo-ensemble-dassiettes-arthur-krupp-wood-essence\/","name":"MAGIMIX Micro Cromo + Ensemble d'assiettes Arthur Krupp Wood Essence - Erresse Shop","isPartOf":{"@id":"https:\/\/www.erresse-shop.it\/fr\/#website"},"datePublished":"2025-07-21T06:42:08+00:00","dateModified":"2025-10-08T20:19:32+00:00","description":"Robot de cuisine MAGIMIX Micro Chrome Compact, puissant et intuitif : le robot culinaire MAGIMIX Micro Cromo est l'alli\u00e9 id\u00e9al pour simplifier chaque","breadcrumb":{"@id":"https:\/\/www.erresse-shop.it\/fr\/shop\/table-fr-2\/plats\/magimix-micro-cromo-ensemble-dassiettes-arthur-krupp-wood-essence\/#breadcrumb"},"inLanguage":"fr-FR","potentialAction":[{"@type":"ReadAction","target":["https:\/\/www.erresse-shop.it\/fr\/shop\/table-fr-2\/plats\/magimix-micro-cromo-ensemble-dassiettes-arthur-krupp-wood-essence\/"]}]},{"@type":"BreadcrumbList","@id":"https:\/\/www.erresse-shop.it\/fr\/shop\/table-fr-2\/plats\/magimix-micro-cromo-ensemble-dassiettes-arthur-krupp-wood-essence\/#breadcrumb","itemListElement":[{"@type":"ListItem","position":1,"name":"Home","item":"https:\/\/www.erresse-shop.it\/fr\/"},{"@type":"ListItem","position":2,"name":"Shop","item":"https:\/\/www.erresse-shop.it\/fr\/shop\/"},{"@type":"ListItem","position":3,"name":"MAGIMIX Micro Cromo + Ensemble d&#8217;assiettes Arthur Krupp Wood Essence"}]},{"@type":"WebSite","@id":"https:\/\/www.erresse-shop.it\/fr\/#website","url":"https:\/\/www.erresse-shop.it\/fr\/","name":"Erresse Shop","description":"Articoli di qualit\u00e0 per la casa","potentialAction":[{"@type":"SearchAction","target":{"@type":"EntryPoint","urlTemplate":"https:\/\/www.erresse-shop.it\/fr\/?s={search_term_string}"},"query-input":"required name=search_term_string"}],"inLanguage":"fr-FR"}]}},"df_price":99.9,"df_sale_price":99.9,"df_regular_price":324,"df_image_link":"https:\/\/www.erresse-shop.it\/wp-content\/uploads\/2025\/07\/MAGIMIX-Micro-Cromo-Set-Piatti-Arthur-Krupp-300x300.jpg","_links":{"self":[{"href":"https:\/\/www.erresse-shop.it\/fr\/wp-json\/wp\/v2\/product\/506723"}],"collection":[{"href":"https:\/\/www.erresse-shop.it\/fr\/wp-json\/wp\/v2\/product"}],"about":[{"href":"https:\/\/www.erresse-shop.it\/fr\/wp-json\/wp\/v2\/types\/product"}],"wp:featuredmedia":[{"embeddable":true,"href":"https:\/\/www.erresse-shop.it\/fr\/wp-json\/wp\/v2\/media\/506748"}],"wp:attachment":[{"href":"https:\/\/www.erresse-shop.it\/fr\/wp-json\/wp\/v2\/media?parent=506723"}],"wp:term":[{"taxonomy":"product_cat","embeddable":true,"href":"https:\/\/www.erresse-shop.it\/fr\/wp-json\/wp\/v2\/product_cat?post=506723"},{"taxonomy":"product_tag","embeddable":true,"href":"https:\/\/www.erresse-shop.it\/fr\/wp-json\/wp\/v2\/product_tag?post=506723"}],"curies":[{"name":"wp","href":"https:\/\/api.w.org\/{rel}","templated":true}]}}