{"id":506644,"date":"2025-07-17T12:05:44","date_gmt":"2025-07-17T12:05:44","guid":{"rendered":"https:\/\/www.erresse-shop.it\/?post_type=product&#038;p=506644"},"modified":"2025-07-17T12:27:21","modified_gmt":"2025-07-17T12:27:21","slug":"kitchenaid-mini-dechiqueteur-830-ml-rouge-imperial","status":"publish","type":"product","link":"https:\/\/www.erresse-shop.it\/fr\/shop\/petits-electromenagers\/robots-de-cuisine\/kitchenaid-mini-dechiqueteur-830-ml-rouge-imperial\/","title":{"rendered":"KITCHENAID Mini D\u00e9chiqueteur 830 ml Rouge imp\u00e9rial"},"content":{"rendered":"<h3 class=\"c-hakerL c-hakerL-dgMgRV-heading-h1 c-hakerL-ibYpUUV-css\" data-component-id=\"heading-title\">Le mini hachoir r\u00e9duit le stress<\/h3>\n<div class=\"c-jUKCJJ\">\n<p class=\" c-jalOHX c-eScBxI\">Oubliez le hachage et la r\u00e9duction en pur\u00e9e des ingr\u00e9dients\u00a0! Ce hachoir compact et puissant de 830\u00a0ml s&#8217;en charge pour vous. Sauces, vinaigrettes, sauces, trempettes, houmous et autres vinaigrettes sont pr\u00eats en un clin d&#8217;\u0153il, un v\u00e9ritable gain de temps. Et il est suffisamment compact pour \u00eatre laiss\u00e9 sur le plan de travail, toujours \u00e0 port\u00e9e de main.<\/p>\n<h3 class=\"c-hakerL c-hakerL-kAKwKq-heading-h2 c-hakerL-ifvayZa-css\" data-component-id=\"photo-title\">Pour hacher, mixer et r\u00e9duire en pur\u00e9e<\/h3>\n<div class=\"PJLV PJLV-iRIaNi-css\" data-component-id=\"photo-content\">\n<div class=\"c-jUKCJJ\">\n<p class=\" c-jalOHX\">Pr\u00e9parez toutes sortes de plats maison nutritifs et pouvez m\u00eame hacher de la viande ou faire de la chapelure. Comment \u00e7a marche\u00a0? Choisissez entre deux vitesses (hacher ou r\u00e9duire en pur\u00e9e) et utilisez la fonction Pulse pour obtenir la consistance souhait\u00e9e, de grossi\u00e8re \u00e0 fine.<\/p>\n<p class=\" c-jalOHX\">Vous pouvez hacher des fruits, des l\u00e9gumes ou des noix crus, \u00e9mincer du persil ou de l&#8217;ail, et r\u00e9duire en pur\u00e9e des fruits et l\u00e9gumes cuits de mani\u00e8re homog\u00e8ne. La lame en acier inoxydable du mini-hachoir KitchenAid vous permet d&#8217;accomplir de nombreuses t\u00e2ches. Pourquoi ne pas r\u00e9duire rapidement en pur\u00e9e des fruits et l\u00e9gumes cuits\u00a0? Id\u00e9al pour les petits pots nutritifs pour b\u00e9b\u00e9 ou pour cr\u00e9er des soupes comme la pur\u00e9e de c\u00e9leri.<\/p>\n<h3 class=\"c-hakerL c-hakerL-kAKwKq-heading-h2 c-hakerL-ifvayZa-css\" data-component-id=\"photo-title\">Format pratique et compact<\/h3>\n<div class=\"PJLV PJLV-iRIaNi-css\" data-component-id=\"photo-content\">\n<div class=\"c-jUKCJJ\">\n<p class=\" c-jalOHX\">Ce mini-hachoir est id\u00e9al pour les petites t\u00e2ches n\u00e9cessaires \u00e0 de nombreuses recettes. Qu&#8217;il s&#8217;agisse de hacher des herbes, de l&#8217;ail ou des noix, de r\u00e9duire des tomates en pur\u00e9e ou de pr\u00e9parer des vinaigrettes ou des sauces, vous pouvez tout faire en un clin d&#8217;\u0153il. <\/p>\n<p class=\" c-jalOHX\">Plus petit qu&#8217;un robot culinaire, il se range facilement dans n&#8217;importe quelle cuisine. Gr\u00e2ce \u00e0 son faible encombrement sur le plan de travail et \u00e0 son rangement simple du cordon, il se range facilement une fois la pr\u00e9paration termin\u00e9e.<\/p>\n<p class=\" c-jalOHX\">Gr\u00e2ce \u00e0 sa conception compacte et l\u00e9g\u00e8re, il prend peu de place dans un placard ou sur le plan de travail. La lame multifonction s&#8217;ins\u00e8re parfaitement dans le bol, et le cordon se range sous la base pour le ranger.<\/p>\n<h3 class=\"c-hakerL c-hakerL-kAKwKq-heading-h2 c-hakerL-ifvayZa-css\" data-component-id=\"photo-title\">Petit, mais plein de fonctionnalit\u00e9s<\/h3>\n<div class=\"PJLV PJLV-iRIaNi-css\" data-component-id=\"photo-content\">\n<div class=\"c-jUKCJJ\">\n<p class=\" c-jalOHX\">Ce petit hachoir vous offre de nombreuses fonctions pratiques. Le bouton Pulse\/On est situ\u00e9 directement sur le couvercle, au-dessus de la poign\u00e9e, vous permettant d&#8217;appuyer dessus avec votre pouce d&#8217;une seule main. Besoin de verser votre pr\u00e9paration\u00a0? C&#8217;est facile gr\u00e2ce au bec verseur du bol et \u00e0 la lame en acier inoxydable qui se verrouille pour un versement facile.<\/p>\n<p class=\" c-jalOHX\">Versez la bonne quantit\u00e9 d&#8217;huile ou de liquide dans le bol du couvercle tout en mixant vos ingr\u00e9dients. L&#8217;huile s&#8217;\u00e9gouttera progressivement \u00e0 la vitesse id\u00e9ale pour pr\u00e9parer une mayonnaise, une sauce ou une vinaigrette pour votre prochain repas.<\/p>\n<h3 class=\"c-hakerL c-hakerL-kAKwKq-heading-h2 c-hakerL-ifvayZa-css\" data-component-id=\"photo-title\">Nettoyage rapide apr\u00e8s utilisation<\/h3>\n<div class=\"PJLV PJLV-iRIaNi-css\" data-component-id=\"photo-content\">\n<p class=\" c-jalOHX\">Vous aurez envie d&#8217;utiliser le <b>mini-hachoir KitchenAid<\/b> tous les jours \u00e0 la maison\u00a0; c&#8217;est pourquoi nous l&#8217;avons rendu facile \u00e0 nettoyer. Le bol, le couvercle et les accessoires passent au lave-vaisselle (panier sup\u00e9rieur).<\/p>\n<p class=\" c-jalOHX\">Une fois l&#8217;utilisation termin\u00e9e, essuyez simplement la base avec un chiffon humide.<\/p>\n<p><strong>SP\u00c9CIFICATIONS TECHNIQUES\u00a0:<\/strong><\/p>\n<ul>\n<li><strong>Fr\u00e9quence (Hz)\u00a0:<\/strong> 50\/60<\/li>\n<li><strong>Tension (V)\u00a0:<\/strong> 220-240<\/li>\n<li><strong>Vitesse de rotation maximale\u00a0:<\/strong> 3450<\/li>\n<li><strong>Vitesse de rotation minimale\u00a0:<\/strong> 2450<\/li>\n<li><strong>Profondeur du produit\u00a0:<\/strong> 143,0<\/li>\n<\/ul>\n<p><strong>DIMENSIONS\u00a0:<\/strong><\/p>\n<ul>\n<li><strong>Longueur du produit\u00a0:<\/strong> 21 cm<\/li>\n<li><strong>Largeur du produit\u00a0:<\/strong> 18 cm<\/li>\n<li><strong>Hauteur du produit\u00a0:<\/strong> 24 cm<\/li>\n<li><strong>Poids brut (kg)\u00a0:<\/strong> 1,85<\/li>\n<li><strong>Poids net (kg)\u00a0:<\/strong> 1,2<\/li>\n<\/ul>\n<\/div>\n<\/div>\n<\/div>\n<\/div>\n<\/div>\n<\/div>\n<\/div>\n<\/div>\n","protected":false},"excerpt":{"rendered":"<p>Le mini hachoir r\u00e9duit le stress Oubliez le hachage et la r\u00e9duction en pur\u00e9e des ingr\u00e9dients\u00a0! Ce hachoir compact et<\/p>\n","protected":false},"featured_media":506668,"template":"","meta":{"_acf_changed":false,"inline_featured_image":false},"product_cat":[12449,12768],"product_tag":[21531,17956,15610,20906],"acf":[],"yoast_head":"<!-- This site is optimized with the Yoast SEO Premium plugin v18.6 (Yoast SEO v19.13) - https:\/\/yoast.com\/wordpress\/plugins\/seo\/ -->\n<title>KITCHENAID Mini D\u00e9chiqueteur 830 ml Rouge imp\u00e9rial - Erresse Shop<\/title>\n<meta name=\"description\" content=\"Le mini hachoir r\u00e9duit le stress Oubliez le hachage et la r\u00e9duction en pur\u00e9e des ingr\u00e9dients\u00a0! Ce hachoir compact et puissant de 830\u00a0ml s&#039;en charge pour\" \/>\n<meta name=\"robots\" content=\"index, follow, max-snippet:-1, max-image-preview:large, max-video-preview:-1\" \/>\n<link rel=\"canonical\" href=\"https:\/\/www.erresse-shop.it\/fr\/shop\/petits-electromenagers\/robots-de-cuisine\/kitchenaid-mini-dechiqueteur-830-ml-rouge-imperial\/\" \/>\n<meta property=\"og:locale\" content=\"fr_FR\" \/>\n<meta property=\"og:type\" content=\"article\" \/>\n<meta property=\"og:title\" content=\"KITCHENAID Mini D\u00e9chiqueteur 830 ml Rouge imp\u00e9rial\" \/>\n<meta property=\"og:description\" content=\"Le mini hachoir r\u00e9duit le stress Oubliez le hachage et la r\u00e9duction en pur\u00e9e des ingr\u00e9dients\u00a0! Ce hachoir compact et puissant de 830\u00a0ml s&#039;en charge pour\" \/>\n<meta property=\"og:url\" content=\"https:\/\/www.erresse-shop.it\/fr\/shop\/petits-electromenagers\/robots-de-cuisine\/kitchenaid-mini-dechiqueteur-830-ml-rouge-imperial\/\" \/>\n<meta property=\"og:site_name\" content=\"Erresse Shop\" \/>\n<meta property=\"article:modified_time\" content=\"2025-07-17T12:27:21+00:00\" \/>\n<meta property=\"og:image\" content=\"https:\/\/www.erresse-shop.it\/wp-content\/uploads\/2025\/07\/KITCHENAID-Mini-Tritatutto-Rosso.jpg\" \/>\n\t<meta property=\"og:image:width\" content=\"1200\" \/>\n\t<meta property=\"og:image:height\" content=\"1200\" \/>\n\t<meta property=\"og:image:type\" content=\"image\/jpeg\" \/>\n<meta name=\"twitter:card\" content=\"summary_large_image\" \/>\n<script type=\"application\/ld+json\" class=\"yoast-schema-graph\">{\"@context\":\"https:\/\/schema.org\",\"@graph\":[{\"@type\":\"WebPage\",\"@id\":\"https:\/\/www.erresse-shop.it\/fr\/shop\/petits-electromenagers\/robots-de-cuisine\/kitchenaid-mini-dechiqueteur-830-ml-rouge-imperial\/\",\"url\":\"https:\/\/www.erresse-shop.it\/fr\/shop\/petits-electromenagers\/robots-de-cuisine\/kitchenaid-mini-dechiqueteur-830-ml-rouge-imperial\/\",\"name\":\"KITCHENAID Mini D\u00e9chiqueteur 830 ml Rouge imp\u00e9rial - Erresse Shop\",\"isPartOf\":{\"@id\":\"https:\/\/www.erresse-shop.it\/fr\/#website\"},\"datePublished\":\"2025-07-17T12:05:44+00:00\",\"dateModified\":\"2025-07-17T12:27:21+00:00\",\"description\":\"Le mini hachoir r\u00e9duit le stress Oubliez le hachage et la r\u00e9duction en pur\u00e9e des ingr\u00e9dients\u00a0! Ce hachoir compact et puissant de 830\u00a0ml s'en charge pour\",\"breadcrumb\":{\"@id\":\"https:\/\/www.erresse-shop.it\/fr\/shop\/petits-electromenagers\/robots-de-cuisine\/kitchenaid-mini-dechiqueteur-830-ml-rouge-imperial\/#breadcrumb\"},\"inLanguage\":\"fr-FR\",\"potentialAction\":[{\"@type\":\"ReadAction\",\"target\":[\"https:\/\/www.erresse-shop.it\/fr\/shop\/petits-electromenagers\/robots-de-cuisine\/kitchenaid-mini-dechiqueteur-830-ml-rouge-imperial\/\"]}]},{\"@type\":\"BreadcrumbList\",\"@id\":\"https:\/\/www.erresse-shop.it\/fr\/shop\/petits-electromenagers\/robots-de-cuisine\/kitchenaid-mini-dechiqueteur-830-ml-rouge-imperial\/#breadcrumb\",\"itemListElement\":[{\"@type\":\"ListItem\",\"position\":1,\"name\":\"Home\",\"item\":\"https:\/\/www.erresse-shop.it\/fr\/\"},{\"@type\":\"ListItem\",\"position\":2,\"name\":\"Shop\",\"item\":\"https:\/\/www.erresse-shop.it\/fr\/shop\/\"},{\"@type\":\"ListItem\",\"position\":3,\"name\":\"KITCHENAID Mini D\u00e9chiqueteur 830 ml Rouge imp\u00e9rial\"}]},{\"@type\":\"WebSite\",\"@id\":\"https:\/\/www.erresse-shop.it\/fr\/#website\",\"url\":\"https:\/\/www.erresse-shop.it\/fr\/\",\"name\":\"Erresse Shop\",\"description\":\"Articoli di qualit\u00e0 per la casa\",\"potentialAction\":[{\"@type\":\"SearchAction\",\"target\":{\"@type\":\"EntryPoint\",\"urlTemplate\":\"https:\/\/www.erresse-shop.it\/fr\/?s={search_term_string}\"},\"query-input\":\"required name=search_term_string\"}],\"inLanguage\":\"fr-FR\"}]}<\/script>\n<!-- \/ Yoast SEO Premium plugin. -->","yoast_head_json":{"title":"KITCHENAID Mini D\u00e9chiqueteur 830 ml Rouge imp\u00e9rial - Erresse Shop","description":"Le mini hachoir r\u00e9duit le stress Oubliez le hachage et la r\u00e9duction en pur\u00e9e des ingr\u00e9dients\u00a0! Ce hachoir compact et puissant de 830\u00a0ml s'en charge pour","robots":{"index":"index","follow":"follow","max-snippet":"max-snippet:-1","max-image-preview":"max-image-preview:large","max-video-preview":"max-video-preview:-1"},"canonical":"https:\/\/www.erresse-shop.it\/fr\/shop\/petits-electromenagers\/robots-de-cuisine\/kitchenaid-mini-dechiqueteur-830-ml-rouge-imperial\/","og_locale":"fr_FR","og_type":"article","og_title":"KITCHENAID Mini D\u00e9chiqueteur 830 ml Rouge imp\u00e9rial","og_description":"Le mini hachoir r\u00e9duit le stress Oubliez le hachage et la r\u00e9duction en pur\u00e9e des ingr\u00e9dients\u00a0! Ce hachoir compact et puissant de 830\u00a0ml s'en charge pour","og_url":"https:\/\/www.erresse-shop.it\/fr\/shop\/petits-electromenagers\/robots-de-cuisine\/kitchenaid-mini-dechiqueteur-830-ml-rouge-imperial\/","og_site_name":"Erresse Shop","article_modified_time":"2025-07-17T12:27:21+00:00","og_image":[{"width":1200,"height":1200,"url":"https:\/\/www.erresse-shop.it\/wp-content\/uploads\/2025\/07\/KITCHENAID-Mini-Tritatutto-Rosso.jpg","type":"image\/jpeg"}],"twitter_card":"summary_large_image","schema":{"@context":"https:\/\/schema.org","@graph":[{"@type":"WebPage","@id":"https:\/\/www.erresse-shop.it\/fr\/shop\/petits-electromenagers\/robots-de-cuisine\/kitchenaid-mini-dechiqueteur-830-ml-rouge-imperial\/","url":"https:\/\/www.erresse-shop.it\/fr\/shop\/petits-electromenagers\/robots-de-cuisine\/kitchenaid-mini-dechiqueteur-830-ml-rouge-imperial\/","name":"KITCHENAID Mini D\u00e9chiqueteur 830 ml Rouge imp\u00e9rial - Erresse Shop","isPartOf":{"@id":"https:\/\/www.erresse-shop.it\/fr\/#website"},"datePublished":"2025-07-17T12:05:44+00:00","dateModified":"2025-07-17T12:27:21+00:00","description":"Le mini hachoir r\u00e9duit le stress Oubliez le hachage et la r\u00e9duction en pur\u00e9e des ingr\u00e9dients\u00a0! Ce hachoir compact et puissant de 830\u00a0ml s'en charge pour","breadcrumb":{"@id":"https:\/\/www.erresse-shop.it\/fr\/shop\/petits-electromenagers\/robots-de-cuisine\/kitchenaid-mini-dechiqueteur-830-ml-rouge-imperial\/#breadcrumb"},"inLanguage":"fr-FR","potentialAction":[{"@type":"ReadAction","target":["https:\/\/www.erresse-shop.it\/fr\/shop\/petits-electromenagers\/robots-de-cuisine\/kitchenaid-mini-dechiqueteur-830-ml-rouge-imperial\/"]}]},{"@type":"BreadcrumbList","@id":"https:\/\/www.erresse-shop.it\/fr\/shop\/petits-electromenagers\/robots-de-cuisine\/kitchenaid-mini-dechiqueteur-830-ml-rouge-imperial\/#breadcrumb","itemListElement":[{"@type":"ListItem","position":1,"name":"Home","item":"https:\/\/www.erresse-shop.it\/fr\/"},{"@type":"ListItem","position":2,"name":"Shop","item":"https:\/\/www.erresse-shop.it\/fr\/shop\/"},{"@type":"ListItem","position":3,"name":"KITCHENAID Mini D\u00e9chiqueteur 830 ml Rouge imp\u00e9rial"}]},{"@type":"WebSite","@id":"https:\/\/www.erresse-shop.it\/fr\/#website","url":"https:\/\/www.erresse-shop.it\/fr\/","name":"Erresse Shop","description":"Articoli di qualit\u00e0 per la casa","potentialAction":[{"@type":"SearchAction","target":{"@type":"EntryPoint","urlTemplate":"https:\/\/www.erresse-shop.it\/fr\/?s={search_term_string}"},"query-input":"required name=search_term_string"}],"inLanguage":"fr-FR"}]}},"df_price":74.25,"df_sale_price":74.25,"df_regular_price":99,"df_image_link":"https:\/\/www.erresse-shop.it\/wp-content\/uploads\/2025\/07\/KITCHENAID-Mini-Tritatutto-Rosso-300x300.jpg","_links":{"self":[{"href":"https:\/\/www.erresse-shop.it\/fr\/wp-json\/wp\/v2\/product\/506644"}],"collection":[{"href":"https:\/\/www.erresse-shop.it\/fr\/wp-json\/wp\/v2\/product"}],"about":[{"href":"https:\/\/www.erresse-shop.it\/fr\/wp-json\/wp\/v2\/types\/product"}],"wp:featuredmedia":[{"embeddable":true,"href":"https:\/\/www.erresse-shop.it\/fr\/wp-json\/wp\/v2\/media\/506668"}],"wp:attachment":[{"href":"https:\/\/www.erresse-shop.it\/fr\/wp-json\/wp\/v2\/media?parent=506644"}],"wp:term":[{"taxonomy":"product_cat","embeddable":true,"href":"https:\/\/www.erresse-shop.it\/fr\/wp-json\/wp\/v2\/product_cat?post=506644"},{"taxonomy":"product_tag","embeddable":true,"href":"https:\/\/www.erresse-shop.it\/fr\/wp-json\/wp\/v2\/product_tag?post=506644"}],"curies":[{"name":"wp","href":"https:\/\/api.w.org\/{rel}","templated":true}]}}