{"id":506510,"date":"2025-07-11T12:19:59","date_gmt":"2025-07-11T12:20:03","guid":{"rendered":"https:\/\/www.erresse-shop.it\/?post_type=product&#038;p=506510"},"modified":"2026-02-04T08:45:42","modified_gmt":"2026-02-04T08:45:42","slug":"bordallo-pinheiro-fraise-plateau-de-fromages-avec-souris-315-cm-vert","status":"publish","type":"product","link":"https:\/\/www.erresse-shop.it\/fr\/shop\/table-fr-2\/plateaux\/bordallo-pinheiro-fraise-plateau-de-fromages-avec-souris-315-cm-vert\/","title":{"rendered":"BORDALLO PINHEIRO Fraise Plateau de fromages avec souris 31,5 cm Vert"},"content":{"rendered":"<p>Servez une d\u00e9licieuse s\u00e9lection de fromages et d&#8217;ap\u00e9ritifs sur ce plateau de fromages au design complexe de Bordallo Pinheiro. Impr\u00e9gn\u00e9 de la tradition portugaise, Bordallo Pinheiro est rest\u00e9 fid\u00e8le \u00e0 sa tradition d&#8217;utilisation de techniques de fabrication ancestrales et de motifs naturalistes avec cette collection organique.<\/p>\n<p>Fabriqu\u00e9 en c\u00e9ramique textur\u00e9e avec une finition \u00e9meraude \u00e9maill\u00e9e \u00e0 la main, ce plateau \u00e0 fromages pr\u00e9sente un charmant motif de fraise et deux oiseaux sur le bord. Parfait pour ajouter de la personnalit\u00e9 \u00e0 votre table.<\/p>\n<p>Conseils d&#8217;entretien : Passe au lave-vaisselle et au micro-ondes ; L&#8217;article doit \u00eatre retir\u00e9 du lave-vaisselle avant le s\u00e9chage \u00e0 la vapeur.<\/p>\n<p><strong>Mat\u00e9riau\u00a0:<\/strong> Terre cuite<br \/>\n<strong>Dimensions\u00a0:<\/strong> 36 x 32,5 x 6,5<br \/>\n<strong>Poids\u00a0:<\/strong> 1 kg<\/p>\n","protected":false},"excerpt":{"rendered":"<p>Servez une d\u00e9licieuse s\u00e9lection de fromages et d&#8217;ap\u00e9ritifs sur ce plateau de fromages au design complexe de Bordallo Pinheiro. Impr\u00e9gn\u00e9<\/p>\n","protected":false},"featured_media":506515,"template":"","meta":{"_acf_changed":false,"inline_featured_image":false},"product_cat":[12792,12782],"product_tag":[23910,13499,22617],"acf":[],"yoast_head":"<!-- This site is optimized with the Yoast SEO Premium plugin v18.6 (Yoast SEO v19.13) - https:\/\/yoast.com\/wordpress\/plugins\/seo\/ -->\n<title>BORDALLO PINHEIRO Fraise Plateau de fromages avec souris 31,5 cm Vert - Erresse Shop<\/title>\n<meta name=\"description\" content=\"Servez une d\u00e9licieuse s\u00e9lection de fromages et d&#039;ap\u00e9ritifs sur ce plateau de fromages au design complexe de Bordallo Pinheiro. Impr\u00e9gn\u00e9 de la tradition\" \/>\n<meta name=\"robots\" content=\"index, follow, max-snippet:-1, max-image-preview:large, max-video-preview:-1\" \/>\n<link rel=\"canonical\" href=\"https:\/\/www.erresse-shop.it\/fr\/shop\/table-fr-2\/plateaux\/bordallo-pinheiro-fraise-plateau-de-fromages-avec-souris-315-cm-vert\/\" \/>\n<meta property=\"og:locale\" content=\"fr_FR\" \/>\n<meta property=\"og:type\" content=\"article\" \/>\n<meta property=\"og:title\" content=\"BORDALLO PINHEIRO Fraise Plateau de fromages avec souris 31,5 cm Vert\" \/>\n<meta property=\"og:description\" content=\"Servez une d\u00e9licieuse s\u00e9lection de fromages et d&#039;ap\u00e9ritifs sur ce plateau de fromages au design complexe de Bordallo Pinheiro. Impr\u00e9gn\u00e9 de la tradition\" \/>\n<meta property=\"og:url\" content=\"https:\/\/www.erresse-shop.it\/fr\/shop\/table-fr-2\/plateaux\/bordallo-pinheiro-fraise-plateau-de-fromages-avec-souris-315-cm-vert\/\" \/>\n<meta property=\"og:site_name\" content=\"Erresse Shop\" \/>\n<meta property=\"article:modified_time\" content=\"2026-02-04T08:45:42+00:00\" \/>\n<meta property=\"og:image\" content=\"https:\/\/www.erresse-shop.it\/wp-content\/uploads\/2025\/07\/BORDALLO-PINHEIRO-Vassoio-Fragole-Per-formaggi-con-Uccellini-315-cm-Verde.jpg\" \/>\n\t<meta property=\"og:image:width\" content=\"1200\" \/>\n\t<meta property=\"og:image:height\" content=\"1200\" \/>\n\t<meta property=\"og:image:type\" content=\"image\/jpeg\" \/>\n<meta name=\"twitter:card\" content=\"summary_large_image\" \/>\n<script type=\"application\/ld+json\" class=\"yoast-schema-graph\">{\"@context\":\"https:\/\/schema.org\",\"@graph\":[{\"@type\":\"WebPage\",\"@id\":\"https:\/\/www.erresse-shop.it\/fr\/shop\/table-fr-2\/plateaux\/bordallo-pinheiro-fraise-plateau-de-fromages-avec-souris-315-cm-vert\/\",\"url\":\"https:\/\/www.erresse-shop.it\/fr\/shop\/table-fr-2\/plateaux\/bordallo-pinheiro-fraise-plateau-de-fromages-avec-souris-315-cm-vert\/\",\"name\":\"BORDALLO PINHEIRO Fraise Plateau de fromages avec souris 31,5 cm Vert - Erresse Shop\",\"isPartOf\":{\"@id\":\"https:\/\/www.erresse-shop.it\/fr\/#website\"},\"datePublished\":\"2025-07-11T12:20:03+00:00\",\"dateModified\":\"2026-02-04T08:45:42+00:00\",\"description\":\"Servez une d\u00e9licieuse s\u00e9lection de fromages et d'ap\u00e9ritifs sur ce plateau de fromages au design complexe de Bordallo Pinheiro. Impr\u00e9gn\u00e9 de la tradition\",\"breadcrumb\":{\"@id\":\"https:\/\/www.erresse-shop.it\/fr\/shop\/table-fr-2\/plateaux\/bordallo-pinheiro-fraise-plateau-de-fromages-avec-souris-315-cm-vert\/#breadcrumb\"},\"inLanguage\":\"fr-FR\",\"potentialAction\":[{\"@type\":\"ReadAction\",\"target\":[\"https:\/\/www.erresse-shop.it\/fr\/shop\/table-fr-2\/plateaux\/bordallo-pinheiro-fraise-plateau-de-fromages-avec-souris-315-cm-vert\/\"]}]},{\"@type\":\"BreadcrumbList\",\"@id\":\"https:\/\/www.erresse-shop.it\/fr\/shop\/table-fr-2\/plateaux\/bordallo-pinheiro-fraise-plateau-de-fromages-avec-souris-315-cm-vert\/#breadcrumb\",\"itemListElement\":[{\"@type\":\"ListItem\",\"position\":1,\"name\":\"Home\",\"item\":\"https:\/\/www.erresse-shop.it\/fr\/\"},{\"@type\":\"ListItem\",\"position\":2,\"name\":\"Shop\",\"item\":\"https:\/\/www.erresse-shop.it\/fr\/shop\/\"},{\"@type\":\"ListItem\",\"position\":3,\"name\":\"BORDALLO PINHEIRO Fraise Plateau de fromages avec souris 31,5 cm Vert\"}]},{\"@type\":\"WebSite\",\"@id\":\"https:\/\/www.erresse-shop.it\/fr\/#website\",\"url\":\"https:\/\/www.erresse-shop.it\/fr\/\",\"name\":\"Erresse Shop\",\"description\":\"Articoli di qualit\u00e0 per la casa\",\"potentialAction\":[{\"@type\":\"SearchAction\",\"target\":{\"@type\":\"EntryPoint\",\"urlTemplate\":\"https:\/\/www.erresse-shop.it\/fr\/?s={search_term_string}\"},\"query-input\":\"required name=search_term_string\"}],\"inLanguage\":\"fr-FR\"}]}<\/script>\n<!-- \/ Yoast SEO Premium plugin. -->","yoast_head_json":{"title":"BORDALLO PINHEIRO Fraise Plateau de fromages avec souris 31,5 cm Vert - Erresse Shop","description":"Servez une d\u00e9licieuse s\u00e9lection de fromages et d'ap\u00e9ritifs sur ce plateau de fromages au design complexe de Bordallo Pinheiro. Impr\u00e9gn\u00e9 de la tradition","robots":{"index":"index","follow":"follow","max-snippet":"max-snippet:-1","max-image-preview":"max-image-preview:large","max-video-preview":"max-video-preview:-1"},"canonical":"https:\/\/www.erresse-shop.it\/fr\/shop\/table-fr-2\/plateaux\/bordallo-pinheiro-fraise-plateau-de-fromages-avec-souris-315-cm-vert\/","og_locale":"fr_FR","og_type":"article","og_title":"BORDALLO PINHEIRO Fraise Plateau de fromages avec souris 31,5 cm Vert","og_description":"Servez une d\u00e9licieuse s\u00e9lection de fromages et d'ap\u00e9ritifs sur ce plateau de fromages au design complexe de Bordallo Pinheiro. Impr\u00e9gn\u00e9 de la tradition","og_url":"https:\/\/www.erresse-shop.it\/fr\/shop\/table-fr-2\/plateaux\/bordallo-pinheiro-fraise-plateau-de-fromages-avec-souris-315-cm-vert\/","og_site_name":"Erresse Shop","article_modified_time":"2026-02-04T08:45:42+00:00","og_image":[{"width":1200,"height":1200,"url":"https:\/\/www.erresse-shop.it\/wp-content\/uploads\/2025\/07\/BORDALLO-PINHEIRO-Vassoio-Fragole-Per-formaggi-con-Uccellini-315-cm-Verde.jpg","type":"image\/jpeg"}],"twitter_card":"summary_large_image","schema":{"@context":"https:\/\/schema.org","@graph":[{"@type":"WebPage","@id":"https:\/\/www.erresse-shop.it\/fr\/shop\/table-fr-2\/plateaux\/bordallo-pinheiro-fraise-plateau-de-fromages-avec-souris-315-cm-vert\/","url":"https:\/\/www.erresse-shop.it\/fr\/shop\/table-fr-2\/plateaux\/bordallo-pinheiro-fraise-plateau-de-fromages-avec-souris-315-cm-vert\/","name":"BORDALLO PINHEIRO Fraise Plateau de fromages avec souris 31,5 cm Vert - Erresse Shop","isPartOf":{"@id":"https:\/\/www.erresse-shop.it\/fr\/#website"},"datePublished":"2025-07-11T12:20:03+00:00","dateModified":"2026-02-04T08:45:42+00:00","description":"Servez une d\u00e9licieuse s\u00e9lection de fromages et d'ap\u00e9ritifs sur ce plateau de fromages au design complexe de Bordallo Pinheiro. Impr\u00e9gn\u00e9 de la tradition","breadcrumb":{"@id":"https:\/\/www.erresse-shop.it\/fr\/shop\/table-fr-2\/plateaux\/bordallo-pinheiro-fraise-plateau-de-fromages-avec-souris-315-cm-vert\/#breadcrumb"},"inLanguage":"fr-FR","potentialAction":[{"@type":"ReadAction","target":["https:\/\/www.erresse-shop.it\/fr\/shop\/table-fr-2\/plateaux\/bordallo-pinheiro-fraise-plateau-de-fromages-avec-souris-315-cm-vert\/"]}]},{"@type":"BreadcrumbList","@id":"https:\/\/www.erresse-shop.it\/fr\/shop\/table-fr-2\/plateaux\/bordallo-pinheiro-fraise-plateau-de-fromages-avec-souris-315-cm-vert\/#breadcrumb","itemListElement":[{"@type":"ListItem","position":1,"name":"Home","item":"https:\/\/www.erresse-shop.it\/fr\/"},{"@type":"ListItem","position":2,"name":"Shop","item":"https:\/\/www.erresse-shop.it\/fr\/shop\/"},{"@type":"ListItem","position":3,"name":"BORDALLO PINHEIRO Fraise Plateau de fromages avec souris 31,5 cm Vert"}]},{"@type":"WebSite","@id":"https:\/\/www.erresse-shop.it\/fr\/#website","url":"https:\/\/www.erresse-shop.it\/fr\/","name":"Erresse Shop","description":"Articoli di qualit\u00e0 per la casa","potentialAction":[{"@type":"SearchAction","target":{"@type":"EntryPoint","urlTemplate":"https:\/\/www.erresse-shop.it\/fr\/?s={search_term_string}"},"query-input":"required name=search_term_string"}],"inLanguage":"fr-FR"}]}},"df_price":38.25,"df_sale_price":38.25,"df_regular_price":85,"df_image_link":"https:\/\/www.erresse-shop.it\/wp-content\/uploads\/2025\/07\/BORDALLO-PINHEIRO-Vassoio-Fragole-Per-formaggi-con-Uccellini-315-cm-Verde-300x300.jpg","_links":{"self":[{"href":"https:\/\/www.erresse-shop.it\/fr\/wp-json\/wp\/v2\/product\/506510"}],"collection":[{"href":"https:\/\/www.erresse-shop.it\/fr\/wp-json\/wp\/v2\/product"}],"about":[{"href":"https:\/\/www.erresse-shop.it\/fr\/wp-json\/wp\/v2\/types\/product"}],"wp:featuredmedia":[{"embeddable":true,"href":"https:\/\/www.erresse-shop.it\/fr\/wp-json\/wp\/v2\/media\/506515"}],"wp:attachment":[{"href":"https:\/\/www.erresse-shop.it\/fr\/wp-json\/wp\/v2\/media?parent=506510"}],"wp:term":[{"taxonomy":"product_cat","embeddable":true,"href":"https:\/\/www.erresse-shop.it\/fr\/wp-json\/wp\/v2\/product_cat?post=506510"},{"taxonomy":"product_tag","embeddable":true,"href":"https:\/\/www.erresse-shop.it\/fr\/wp-json\/wp\/v2\/product_tag?post=506510"}],"curies":[{"name":"wp","href":"https:\/\/api.w.org\/{rel}","templated":true}]}}