{"id":506451,"date":"2025-07-11T09:25:52","date_gmt":"2025-07-11T09:25:56","guid":{"rendered":"https:\/\/www.erresse-shop.it\/?post_type=product&#038;p=506451"},"modified":"2026-02-04T08:55:03","modified_gmt":"2026-02-04T08:55:03","slug":"bordallo-pinheiro-plat-de-service-chou-43-cm","status":"publish","type":"product","link":"https:\/\/www.erresse-shop.it\/fr\/shop\/table-fr-2\/plats\/plats-de-service\/bordallo-pinheiro-plat-de-service-chou-43-cm\/","title":{"rendered":"BORDALLO PINHEIRO Plat de service Chou 43 cm"},"content":{"rendered":"<p>Le chou, dans sa forme brute et plate, pouvait \u00eatre utilis\u00e9 comme une m\u00e9taphore des mani\u00e8res rustiques du Portugal, que Bordallo avait si souvent caricatur\u00e9es. C&#8217;est une mani\u00e8re habile de l&#8217;honorer, de le mettre sur les tables de la bourgeoisie, o\u00f9 il n&#8217;aurait jamais \u00e9t\u00e9 pr\u00e9sent autrement.<\/p>\n<p><strong>Mat\u00e9riau :<\/strong> terre cuite<br \/>\n<strong>Dimensions :<\/strong> 43 x 32 x 3 cm<br \/>\n<strong>Poids :<\/strong> 1,7 kg<\/p>\n","protected":false},"excerpt":{"rendered":"<p>Le chou, dans sa forme brute et plate, pouvait \u00eatre utilis\u00e9 comme une m\u00e9taphore des mani\u00e8res rustiques du Portugal, que<\/p>\n","protected":false},"featured_media":506457,"template":"","meta":{"_acf_changed":false,"inline_featured_image":false},"product_cat":[12789,12782],"product_tag":[13169,14556,23910,18167,14261,22617,19357,24603],"acf":[],"yoast_head":"<!-- This site is optimized with the Yoast SEO Premium plugin v18.6 (Yoast SEO v19.13) - https:\/\/yoast.com\/wordpress\/plugins\/seo\/ -->\n<title>BORDALLO PINHEIRO Plat de service Chou 43 cm - Erresse Shop<\/title>\n<meta name=\"description\" content=\"Le chou, dans sa forme brute et plate, pouvait \u00eatre utilis\u00e9 comme une m\u00e9taphore des mani\u00e8res rustiques du Portugal, que Bordallo avait si souvent\" \/>\n<meta name=\"robots\" content=\"index, follow, max-snippet:-1, max-image-preview:large, max-video-preview:-1\" \/>\n<link rel=\"canonical\" href=\"https:\/\/www.erresse-shop.it\/fr\/shop\/table-fr-2\/plats\/plats-de-service\/bordallo-pinheiro-plat-de-service-chou-43-cm\/\" \/>\n<meta property=\"og:locale\" content=\"fr_FR\" \/>\n<meta property=\"og:type\" content=\"article\" \/>\n<meta property=\"og:title\" content=\"BORDALLO PINHEIRO Plat de service Chou 43 cm\" \/>\n<meta property=\"og:description\" content=\"Le chou, dans sa forme brute et plate, pouvait \u00eatre utilis\u00e9 comme une m\u00e9taphore des mani\u00e8res rustiques du Portugal, que Bordallo avait si souvent\" \/>\n<meta property=\"og:url\" content=\"https:\/\/www.erresse-shop.it\/fr\/shop\/table-fr-2\/plats\/plats-de-service\/bordallo-pinheiro-plat-de-service-chou-43-cm\/\" \/>\n<meta property=\"og:site_name\" content=\"Erresse Shop\" \/>\n<meta property=\"article:modified_time\" content=\"2026-02-04T08:55:03+00:00\" \/>\n<meta property=\"og:image\" content=\"https:\/\/www.erresse-shop.it\/wp-content\/uploads\/2025\/07\/BORDALLO-PINHEIRO-Piatto-da-Portata-43-cm.jpg\" \/>\n\t<meta property=\"og:image:width\" content=\"1200\" \/>\n\t<meta property=\"og:image:height\" content=\"1200\" \/>\n\t<meta property=\"og:image:type\" content=\"image\/jpeg\" \/>\n<meta name=\"twitter:card\" content=\"summary_large_image\" \/>\n<script type=\"application\/ld+json\" class=\"yoast-schema-graph\">{\"@context\":\"https:\/\/schema.org\",\"@graph\":[{\"@type\":\"WebPage\",\"@id\":\"https:\/\/www.erresse-shop.it\/fr\/shop\/table-fr-2\/plats\/plats-de-service\/bordallo-pinheiro-plat-de-service-chou-43-cm\/\",\"url\":\"https:\/\/www.erresse-shop.it\/fr\/shop\/table-fr-2\/plats\/plats-de-service\/bordallo-pinheiro-plat-de-service-chou-43-cm\/\",\"name\":\"BORDALLO PINHEIRO Plat de service Chou 43 cm - Erresse Shop\",\"isPartOf\":{\"@id\":\"https:\/\/www.erresse-shop.it\/fr\/#website\"},\"datePublished\":\"2025-07-11T09:25:56+00:00\",\"dateModified\":\"2026-02-04T08:55:03+00:00\",\"description\":\"Le chou, dans sa forme brute et plate, pouvait \u00eatre utilis\u00e9 comme une m\u00e9taphore des mani\u00e8res rustiques du Portugal, que Bordallo avait si souvent\",\"breadcrumb\":{\"@id\":\"https:\/\/www.erresse-shop.it\/fr\/shop\/table-fr-2\/plats\/plats-de-service\/bordallo-pinheiro-plat-de-service-chou-43-cm\/#breadcrumb\"},\"inLanguage\":\"fr-FR\",\"potentialAction\":[{\"@type\":\"ReadAction\",\"target\":[\"https:\/\/www.erresse-shop.it\/fr\/shop\/table-fr-2\/plats\/plats-de-service\/bordallo-pinheiro-plat-de-service-chou-43-cm\/\"]}]},{\"@type\":\"BreadcrumbList\",\"@id\":\"https:\/\/www.erresse-shop.it\/fr\/shop\/table-fr-2\/plats\/plats-de-service\/bordallo-pinheiro-plat-de-service-chou-43-cm\/#breadcrumb\",\"itemListElement\":[{\"@type\":\"ListItem\",\"position\":1,\"name\":\"Home\",\"item\":\"https:\/\/www.erresse-shop.it\/fr\/\"},{\"@type\":\"ListItem\",\"position\":2,\"name\":\"Shop\",\"item\":\"https:\/\/www.erresse-shop.it\/fr\/shop\/\"},{\"@type\":\"ListItem\",\"position\":3,\"name\":\"BORDALLO PINHEIRO Plat de service Chou 43 cm\"}]},{\"@type\":\"WebSite\",\"@id\":\"https:\/\/www.erresse-shop.it\/fr\/#website\",\"url\":\"https:\/\/www.erresse-shop.it\/fr\/\",\"name\":\"Erresse Shop\",\"description\":\"Articoli di qualit\u00e0 per la casa\",\"potentialAction\":[{\"@type\":\"SearchAction\",\"target\":{\"@type\":\"EntryPoint\",\"urlTemplate\":\"https:\/\/www.erresse-shop.it\/fr\/?s={search_term_string}\"},\"query-input\":\"required name=search_term_string\"}],\"inLanguage\":\"fr-FR\"}]}<\/script>\n<!-- \/ Yoast SEO Premium plugin. -->","yoast_head_json":{"title":"BORDALLO PINHEIRO Plat de service Chou 43 cm - Erresse Shop","description":"Le chou, dans sa forme brute et plate, pouvait \u00eatre utilis\u00e9 comme une m\u00e9taphore des mani\u00e8res rustiques du Portugal, que Bordallo avait si souvent","robots":{"index":"index","follow":"follow","max-snippet":"max-snippet:-1","max-image-preview":"max-image-preview:large","max-video-preview":"max-video-preview:-1"},"canonical":"https:\/\/www.erresse-shop.it\/fr\/shop\/table-fr-2\/plats\/plats-de-service\/bordallo-pinheiro-plat-de-service-chou-43-cm\/","og_locale":"fr_FR","og_type":"article","og_title":"BORDALLO PINHEIRO Plat de service Chou 43 cm","og_description":"Le chou, dans sa forme brute et plate, pouvait \u00eatre utilis\u00e9 comme une m\u00e9taphore des mani\u00e8res rustiques du Portugal, que Bordallo avait si souvent","og_url":"https:\/\/www.erresse-shop.it\/fr\/shop\/table-fr-2\/plats\/plats-de-service\/bordallo-pinheiro-plat-de-service-chou-43-cm\/","og_site_name":"Erresse Shop","article_modified_time":"2026-02-04T08:55:03+00:00","og_image":[{"width":1200,"height":1200,"url":"https:\/\/www.erresse-shop.it\/wp-content\/uploads\/2025\/07\/BORDALLO-PINHEIRO-Piatto-da-Portata-43-cm.jpg","type":"image\/jpeg"}],"twitter_card":"summary_large_image","schema":{"@context":"https:\/\/schema.org","@graph":[{"@type":"WebPage","@id":"https:\/\/www.erresse-shop.it\/fr\/shop\/table-fr-2\/plats\/plats-de-service\/bordallo-pinheiro-plat-de-service-chou-43-cm\/","url":"https:\/\/www.erresse-shop.it\/fr\/shop\/table-fr-2\/plats\/plats-de-service\/bordallo-pinheiro-plat-de-service-chou-43-cm\/","name":"BORDALLO PINHEIRO Plat de service Chou 43 cm - Erresse Shop","isPartOf":{"@id":"https:\/\/www.erresse-shop.it\/fr\/#website"},"datePublished":"2025-07-11T09:25:56+00:00","dateModified":"2026-02-04T08:55:03+00:00","description":"Le chou, dans sa forme brute et plate, pouvait \u00eatre utilis\u00e9 comme une m\u00e9taphore des mani\u00e8res rustiques du Portugal, que Bordallo avait si souvent","breadcrumb":{"@id":"https:\/\/www.erresse-shop.it\/fr\/shop\/table-fr-2\/plats\/plats-de-service\/bordallo-pinheiro-plat-de-service-chou-43-cm\/#breadcrumb"},"inLanguage":"fr-FR","potentialAction":[{"@type":"ReadAction","target":["https:\/\/www.erresse-shop.it\/fr\/shop\/table-fr-2\/plats\/plats-de-service\/bordallo-pinheiro-plat-de-service-chou-43-cm\/"]}]},{"@type":"BreadcrumbList","@id":"https:\/\/www.erresse-shop.it\/fr\/shop\/table-fr-2\/plats\/plats-de-service\/bordallo-pinheiro-plat-de-service-chou-43-cm\/#breadcrumb","itemListElement":[{"@type":"ListItem","position":1,"name":"Home","item":"https:\/\/www.erresse-shop.it\/fr\/"},{"@type":"ListItem","position":2,"name":"Shop","item":"https:\/\/www.erresse-shop.it\/fr\/shop\/"},{"@type":"ListItem","position":3,"name":"BORDALLO PINHEIRO Plat de service Chou 43 cm"}]},{"@type":"WebSite","@id":"https:\/\/www.erresse-shop.it\/fr\/#website","url":"https:\/\/www.erresse-shop.it\/fr\/","name":"Erresse Shop","description":"Articoli di qualit\u00e0 per la casa","potentialAction":[{"@type":"SearchAction","target":{"@type":"EntryPoint","urlTemplate":"https:\/\/www.erresse-shop.it\/fr\/?s={search_term_string}"},"query-input":"required name=search_term_string"}],"inLanguage":"fr-FR"}]}},"df_price":26.55,"df_sale_price":26.55,"df_regular_price":59,"df_image_link":"https:\/\/www.erresse-shop.it\/wp-content\/uploads\/2025\/07\/BORDALLO-PINHEIRO-Piatto-da-Portata-43-cm-300x300.jpg","_links":{"self":[{"href":"https:\/\/www.erresse-shop.it\/fr\/wp-json\/wp\/v2\/product\/506451"}],"collection":[{"href":"https:\/\/www.erresse-shop.it\/fr\/wp-json\/wp\/v2\/product"}],"about":[{"href":"https:\/\/www.erresse-shop.it\/fr\/wp-json\/wp\/v2\/types\/product"}],"wp:featuredmedia":[{"embeddable":true,"href":"https:\/\/www.erresse-shop.it\/fr\/wp-json\/wp\/v2\/media\/506457"}],"wp:attachment":[{"href":"https:\/\/www.erresse-shop.it\/fr\/wp-json\/wp\/v2\/media?parent=506451"}],"wp:term":[{"taxonomy":"product_cat","embeddable":true,"href":"https:\/\/www.erresse-shop.it\/fr\/wp-json\/wp\/v2\/product_cat?post=506451"},{"taxonomy":"product_tag","embeddable":true,"href":"https:\/\/www.erresse-shop.it\/fr\/wp-json\/wp\/v2\/product_tag?post=506451"}],"curies":[{"name":"wp","href":"https:\/\/api.w.org\/{rel}","templated":true}]}}