{"id":506362,"date":"2025-07-10T09:50:28","date_gmt":"2025-07-10T09:50:31","guid":{"rendered":"https:\/\/www.erresse-shop.it\/?post_type=product&#038;p=506362"},"modified":"2026-02-03T10:57:51","modified_gmt":"2026-02-03T10:57:51","slug":"toms-drag-roi-des-grenouilles-carlos-xl","status":"publish","type":"product","link":"https:\/\/www.erresse-shop.it\/fr\/shop\/ameublement-maison\/objets-de-decoration\/toms-drag-roi-des-grenouilles-carlos-xl\/","title":{"rendered":"TOM&#8217;S DRAG Roi des Grenouilles Carlos XL"},"content":{"rendered":"<p><strong>Roi des grenouilles \u00ab Carlos \u00bb XL<\/strong><br \/>\n<strong>Dimensions\u00a0:<\/strong> H 22, 21&#215;18 cm,<br \/>\n<strong>Mati\u00e8re :<\/strong> Marmorin,<br \/>\nCarlos, un v\u00e9ritable prince de conte de f\u00e9es auquel personne ne peut r\u00e9sister.<\/p>\n","protected":false},"excerpt":{"rendered":"<p>Roi des grenouilles \u00ab Carlos \u00bb XL Dimensions\u00a0: H 22, 21&#215;18 cm, Mati\u00e8re : Marmorin, Carlos, un v\u00e9ritable prince de<\/p>\n","protected":false},"featured_media":506379,"template":"","meta":{"_acf_changed":false,"inline_featured_image":false},"product_cat":[12738,14441],"product_tag":[25036,16990,25021,17079,17078,16993],"acf":[],"yoast_head":"<!-- This site is optimized with the Yoast SEO Premium plugin v18.6 (Yoast SEO v19.13) - https:\/\/yoast.com\/wordpress\/plugins\/seo\/ -->\n<title>TOM&#039;S DRAG Roi des Grenouilles Carlos XL - Erresse Shop<\/title>\n<meta name=\"description\" content=\"Roi des grenouilles \u00ab Carlos \u00bb XL Dimensions\u00a0: H 22, 21x18 cm, Mati\u00e8re : Marmorin, Carlos, un v\u00e9ritable prince de conte de f\u00e9es auquel personne ne peut\" \/>\n<meta name=\"robots\" content=\"index, follow, max-snippet:-1, max-image-preview:large, max-video-preview:-1\" \/>\n<link rel=\"canonical\" href=\"https:\/\/www.erresse-shop.it\/fr\/shop\/ameublement-maison\/objets-de-decoration\/toms-drag-roi-des-grenouilles-carlos-xl\/\" \/>\n<meta property=\"og:locale\" content=\"fr_FR\" \/>\n<meta property=\"og:type\" content=\"article\" \/>\n<meta property=\"og:title\" content=\"TOM&#039;S DRAG Roi des Grenouilles Carlos XL\" \/>\n<meta property=\"og:description\" content=\"Roi des grenouilles \u00ab Carlos \u00bb XL Dimensions\u00a0: H 22, 21x18 cm, Mati\u00e8re : Marmorin, Carlos, un v\u00e9ritable prince de conte de f\u00e9es auquel personne ne peut\" \/>\n<meta property=\"og:url\" content=\"https:\/\/www.erresse-shop.it\/fr\/shop\/ameublement-maison\/objets-de-decoration\/toms-drag-roi-des-grenouilles-carlos-xl\/\" \/>\n<meta property=\"og:site_name\" content=\"Erresse Shop\" \/>\n<meta property=\"article:modified_time\" content=\"2026-02-03T10:57:51+00:00\" \/>\n<meta property=\"og:image\" content=\"https:\/\/www.erresse-shop.it\/wp-content\/uploads\/2025\/07\/TOMS-DRAG-Re-dei-Ranocchi-Carlos-XL.jpg\" \/>\n\t<meta property=\"og:image:width\" content=\"1200\" \/>\n\t<meta property=\"og:image:height\" content=\"1200\" \/>\n\t<meta property=\"og:image:type\" content=\"image\/jpeg\" \/>\n<meta name=\"twitter:card\" content=\"summary_large_image\" \/>\n<script type=\"application\/ld+json\" class=\"yoast-schema-graph\">{\"@context\":\"https:\/\/schema.org\",\"@graph\":[{\"@type\":\"WebPage\",\"@id\":\"https:\/\/www.erresse-shop.it\/fr\/shop\/ameublement-maison\/objets-de-decoration\/toms-drag-roi-des-grenouilles-carlos-xl\/\",\"url\":\"https:\/\/www.erresse-shop.it\/fr\/shop\/ameublement-maison\/objets-de-decoration\/toms-drag-roi-des-grenouilles-carlos-xl\/\",\"name\":\"TOM'S DRAG Roi des Grenouilles Carlos XL - Erresse Shop\",\"isPartOf\":{\"@id\":\"https:\/\/www.erresse-shop.it\/fr\/#website\"},\"datePublished\":\"2025-07-10T09:50:31+00:00\",\"dateModified\":\"2026-02-03T10:57:51+00:00\",\"description\":\"Roi des grenouilles \u00ab Carlos \u00bb XL Dimensions\u00a0: H 22, 21x18 cm, Mati\u00e8re : Marmorin, Carlos, un v\u00e9ritable prince de conte de f\u00e9es auquel personne ne peut\",\"breadcrumb\":{\"@id\":\"https:\/\/www.erresse-shop.it\/fr\/shop\/ameublement-maison\/objets-de-decoration\/toms-drag-roi-des-grenouilles-carlos-xl\/#breadcrumb\"},\"inLanguage\":\"fr-FR\",\"potentialAction\":[{\"@type\":\"ReadAction\",\"target\":[\"https:\/\/www.erresse-shop.it\/fr\/shop\/ameublement-maison\/objets-de-decoration\/toms-drag-roi-des-grenouilles-carlos-xl\/\"]}]},{\"@type\":\"BreadcrumbList\",\"@id\":\"https:\/\/www.erresse-shop.it\/fr\/shop\/ameublement-maison\/objets-de-decoration\/toms-drag-roi-des-grenouilles-carlos-xl\/#breadcrumb\",\"itemListElement\":[{\"@type\":\"ListItem\",\"position\":1,\"name\":\"Home\",\"item\":\"https:\/\/www.erresse-shop.it\/fr\/\"},{\"@type\":\"ListItem\",\"position\":2,\"name\":\"Shop\",\"item\":\"https:\/\/www.erresse-shop.it\/fr\/shop\/\"},{\"@type\":\"ListItem\",\"position\":3,\"name\":\"TOM&#8217;S DRAG Roi des Grenouilles Carlos XL\"}]},{\"@type\":\"WebSite\",\"@id\":\"https:\/\/www.erresse-shop.it\/fr\/#website\",\"url\":\"https:\/\/www.erresse-shop.it\/fr\/\",\"name\":\"Erresse Shop\",\"description\":\"Articoli di qualit\u00e0 per la casa\",\"potentialAction\":[{\"@type\":\"SearchAction\",\"target\":{\"@type\":\"EntryPoint\",\"urlTemplate\":\"https:\/\/www.erresse-shop.it\/fr\/?s={search_term_string}\"},\"query-input\":\"required name=search_term_string\"}],\"inLanguage\":\"fr-FR\"}]}<\/script>\n<!-- \/ Yoast SEO Premium plugin. -->","yoast_head_json":{"title":"TOM'S DRAG Roi des Grenouilles Carlos XL - Erresse Shop","description":"Roi des grenouilles \u00ab Carlos \u00bb XL Dimensions\u00a0: H 22, 21x18 cm, Mati\u00e8re : Marmorin, Carlos, un v\u00e9ritable prince de conte de f\u00e9es auquel personne ne peut","robots":{"index":"index","follow":"follow","max-snippet":"max-snippet:-1","max-image-preview":"max-image-preview:large","max-video-preview":"max-video-preview:-1"},"canonical":"https:\/\/www.erresse-shop.it\/fr\/shop\/ameublement-maison\/objets-de-decoration\/toms-drag-roi-des-grenouilles-carlos-xl\/","og_locale":"fr_FR","og_type":"article","og_title":"TOM'S DRAG Roi des Grenouilles Carlos XL","og_description":"Roi des grenouilles \u00ab Carlos \u00bb XL Dimensions\u00a0: H 22, 21x18 cm, Mati\u00e8re : Marmorin, Carlos, un v\u00e9ritable prince de conte de f\u00e9es auquel personne ne peut","og_url":"https:\/\/www.erresse-shop.it\/fr\/shop\/ameublement-maison\/objets-de-decoration\/toms-drag-roi-des-grenouilles-carlos-xl\/","og_site_name":"Erresse Shop","article_modified_time":"2026-02-03T10:57:51+00:00","og_image":[{"width":1200,"height":1200,"url":"https:\/\/www.erresse-shop.it\/wp-content\/uploads\/2025\/07\/TOMS-DRAG-Re-dei-Ranocchi-Carlos-XL.jpg","type":"image\/jpeg"}],"twitter_card":"summary_large_image","schema":{"@context":"https:\/\/schema.org","@graph":[{"@type":"WebPage","@id":"https:\/\/www.erresse-shop.it\/fr\/shop\/ameublement-maison\/objets-de-decoration\/toms-drag-roi-des-grenouilles-carlos-xl\/","url":"https:\/\/www.erresse-shop.it\/fr\/shop\/ameublement-maison\/objets-de-decoration\/toms-drag-roi-des-grenouilles-carlos-xl\/","name":"TOM'S DRAG Roi des Grenouilles Carlos XL - Erresse Shop","isPartOf":{"@id":"https:\/\/www.erresse-shop.it\/fr\/#website"},"datePublished":"2025-07-10T09:50:31+00:00","dateModified":"2026-02-03T10:57:51+00:00","description":"Roi des grenouilles \u00ab Carlos \u00bb XL Dimensions\u00a0: H 22, 21x18 cm, Mati\u00e8re : Marmorin, Carlos, un v\u00e9ritable prince de conte de f\u00e9es auquel personne ne peut","breadcrumb":{"@id":"https:\/\/www.erresse-shop.it\/fr\/shop\/ameublement-maison\/objets-de-decoration\/toms-drag-roi-des-grenouilles-carlos-xl\/#breadcrumb"},"inLanguage":"fr-FR","potentialAction":[{"@type":"ReadAction","target":["https:\/\/www.erresse-shop.it\/fr\/shop\/ameublement-maison\/objets-de-decoration\/toms-drag-roi-des-grenouilles-carlos-xl\/"]}]},{"@type":"BreadcrumbList","@id":"https:\/\/www.erresse-shop.it\/fr\/shop\/ameublement-maison\/objets-de-decoration\/toms-drag-roi-des-grenouilles-carlos-xl\/#breadcrumb","itemListElement":[{"@type":"ListItem","position":1,"name":"Home","item":"https:\/\/www.erresse-shop.it\/fr\/"},{"@type":"ListItem","position":2,"name":"Shop","item":"https:\/\/www.erresse-shop.it\/fr\/shop\/"},{"@type":"ListItem","position":3,"name":"TOM&#8217;S DRAG Roi des Grenouilles Carlos XL"}]},{"@type":"WebSite","@id":"https:\/\/www.erresse-shop.it\/fr\/#website","url":"https:\/\/www.erresse-shop.it\/fr\/","name":"Erresse Shop","description":"Articoli di qualit\u00e0 per la casa","potentialAction":[{"@type":"SearchAction","target":{"@type":"EntryPoint","urlTemplate":"https:\/\/www.erresse-shop.it\/fr\/?s={search_term_string}"},"query-input":"required name=search_term_string"}],"inLanguage":"fr-FR"}]}},"df_price":189.95,"df_sale_price":189.95,"df_regular_price":245,"df_image_link":"https:\/\/www.erresse-shop.it\/wp-content\/uploads\/2025\/07\/TOMS-DRAG-Re-dei-Ranocchi-Carlos-XL-300x300.jpg","_links":{"self":[{"href":"https:\/\/www.erresse-shop.it\/fr\/wp-json\/wp\/v2\/product\/506362"}],"collection":[{"href":"https:\/\/www.erresse-shop.it\/fr\/wp-json\/wp\/v2\/product"}],"about":[{"href":"https:\/\/www.erresse-shop.it\/fr\/wp-json\/wp\/v2\/types\/product"}],"wp:featuredmedia":[{"embeddable":true,"href":"https:\/\/www.erresse-shop.it\/fr\/wp-json\/wp\/v2\/media\/506379"}],"wp:attachment":[{"href":"https:\/\/www.erresse-shop.it\/fr\/wp-json\/wp\/v2\/media?parent=506362"}],"wp:term":[{"taxonomy":"product_cat","embeddable":true,"href":"https:\/\/www.erresse-shop.it\/fr\/wp-json\/wp\/v2\/product_cat?post=506362"},{"taxonomy":"product_tag","embeddable":true,"href":"https:\/\/www.erresse-shop.it\/fr\/wp-json\/wp\/v2\/product_tag?post=506362"}],"curies":[{"name":"wp","href":"https:\/\/api.w.org\/{rel}","templated":true}]}}