{"id":505654,"date":"2025-06-27T12:39:43","date_gmt":"2025-06-27T12:39:47","guid":{"rendered":"https:\/\/www.erresse-shop.it\/?post_type=product&#038;p=505654"},"modified":"2025-06-27T13:01:11","modified_gmt":"2025-06-27T13:01:11","slug":"fissler-adamant-comfort-ensemble-de-2-poeles","status":"publish","type":"product","link":"https:\/\/www.erresse-shop.it\/fr\/shop\/poeles-pots\/poeles\/fissler-adamant-comfort-ensemble-de-2-poeles\/","title":{"rendered":"FISSLER Adamant Comfort Ensemble de 2 po\u00eales"},"content":{"rendered":"<p>Ensemble Adamant Comfort 2 pi\u00e8ces &#8211; Compos\u00e9 d&#8217;une po\u00eale de 24 cm (2,1 litres) et d&#8217;une po\u00eale de 28 cm (3,2 litres), cet ensemble allie durabilit\u00e9 et praticit\u00e9. Le rev\u00eatement antiadh\u00e9sif renforc\u00e9 de particules min\u00e9rales assure une cuisson longue dur\u00e9e et homog\u00e8ne, id\u00e9ale pour une utilisation quotidienne sur tous les feux, y compris l&#8217;induction.<\/p>\n<p><strong>Ensemble comprenant\u00a0:<\/strong><\/p>\n<ul>\n<li>Po\u00eale de 24 cm \u00d8 2,1 litres<\/li>\n<li>Po\u00eale de 28 cm \u00d8 3,2 litres<\/li>\n<\/ul>\n<p><strong>Feux compatibles\u00a0:<\/strong> Tous feux, y compris l&#8217;induction<br \/>\n<strong>Passe au four\u00a0:<\/strong> Ne convient pas au four<br \/>\n<strong>Nettoyage\u00a0:<\/strong> Passe au lave-vaisselle, mais lavage \u00e0 la main recommand\u00e9<\/p>\n","protected":false},"excerpt":{"rendered":"<p>Ensemble Adamant Comfort 2 pi\u00e8ces &#8211; Compos\u00e9 d&#8217;une po\u00eale de 24 cm (2,1 litres) et d&#8217;une po\u00eale de 28 cm<\/p>\n","protected":false},"featured_media":505659,"template":"","meta":{"_acf_changed":false,"inline_featured_image":false},"product_cat":[12458,14802],"product_tag":[21529,25021,13178,22927],"acf":[],"yoast_head":"<!-- This site is optimized with the Yoast SEO Premium plugin v18.6 (Yoast SEO v19.13) - https:\/\/yoast.com\/wordpress\/plugins\/seo\/ -->\n<title>FISSLER Adamant Comfort Ensemble de 2 po\u00eales - Erresse Shop<\/title>\n<meta name=\"description\" content=\"Ensemble Adamant Comfort 2 pi\u00e8ces - Compos\u00e9 d&#039;une po\u00eale de 24 cm (2,1 litres) et d&#039;une po\u00eale de 28 cm (3,2 litres), cet ensemble allie durabilit\u00e9 et\" \/>\n<meta name=\"robots\" content=\"index, follow, max-snippet:-1, max-image-preview:large, max-video-preview:-1\" \/>\n<link rel=\"canonical\" href=\"https:\/\/www.erresse-shop.it\/fr\/shop\/poeles-pots\/poeles\/fissler-adamant-comfort-ensemble-de-2-poeles\/\" \/>\n<meta property=\"og:locale\" content=\"fr_FR\" \/>\n<meta property=\"og:type\" content=\"article\" \/>\n<meta property=\"og:title\" content=\"FISSLER Adamant Comfort Ensemble de 2 po\u00eales\" \/>\n<meta property=\"og:description\" content=\"Ensemble Adamant Comfort 2 pi\u00e8ces - Compos\u00e9 d&#039;une po\u00eale de 24 cm (2,1 litres) et d&#039;une po\u00eale de 28 cm (3,2 litres), cet ensemble allie durabilit\u00e9 et\" \/>\n<meta property=\"og:url\" content=\"https:\/\/www.erresse-shop.it\/fr\/shop\/poeles-pots\/poeles\/fissler-adamant-comfort-ensemble-de-2-poeles\/\" \/>\n<meta property=\"og:site_name\" content=\"Erresse Shop\" \/>\n<meta property=\"article:modified_time\" content=\"2025-06-27T13:01:11+00:00\" \/>\n<meta property=\"og:image\" content=\"https:\/\/www.erresse-shop.it\/wp-content\/uploads\/2025\/06\/FISSLER-Adamant-Comfort-Set-2-Padelle.jpg\" \/>\n\t<meta property=\"og:image:width\" content=\"1200\" \/>\n\t<meta property=\"og:image:height\" content=\"1200\" \/>\n\t<meta property=\"og:image:type\" content=\"image\/jpeg\" \/>\n<meta name=\"twitter:card\" content=\"summary_large_image\" \/>\n<script type=\"application\/ld+json\" class=\"yoast-schema-graph\">{\"@context\":\"https:\/\/schema.org\",\"@graph\":[{\"@type\":\"WebPage\",\"@id\":\"https:\/\/www.erresse-shop.it\/fr\/shop\/poeles-pots\/poeles\/fissler-adamant-comfort-ensemble-de-2-poeles\/\",\"url\":\"https:\/\/www.erresse-shop.it\/fr\/shop\/poeles-pots\/poeles\/fissler-adamant-comfort-ensemble-de-2-poeles\/\",\"name\":\"FISSLER Adamant Comfort Ensemble de 2 po\u00eales - Erresse Shop\",\"isPartOf\":{\"@id\":\"https:\/\/www.erresse-shop.it\/fr\/#website\"},\"datePublished\":\"2025-06-27T12:39:47+00:00\",\"dateModified\":\"2025-06-27T13:01:11+00:00\",\"description\":\"Ensemble Adamant Comfort 2 pi\u00e8ces - Compos\u00e9 d'une po\u00eale de 24 cm (2,1 litres) et d'une po\u00eale de 28 cm (3,2 litres), cet ensemble allie durabilit\u00e9 et\",\"breadcrumb\":{\"@id\":\"https:\/\/www.erresse-shop.it\/fr\/shop\/poeles-pots\/poeles\/fissler-adamant-comfort-ensemble-de-2-poeles\/#breadcrumb\"},\"inLanguage\":\"fr-FR\",\"potentialAction\":[{\"@type\":\"ReadAction\",\"target\":[\"https:\/\/www.erresse-shop.it\/fr\/shop\/poeles-pots\/poeles\/fissler-adamant-comfort-ensemble-de-2-poeles\/\"]}]},{\"@type\":\"BreadcrumbList\",\"@id\":\"https:\/\/www.erresse-shop.it\/fr\/shop\/poeles-pots\/poeles\/fissler-adamant-comfort-ensemble-de-2-poeles\/#breadcrumb\",\"itemListElement\":[{\"@type\":\"ListItem\",\"position\":1,\"name\":\"Home\",\"item\":\"https:\/\/www.erresse-shop.it\/fr\/\"},{\"@type\":\"ListItem\",\"position\":2,\"name\":\"Shop\",\"item\":\"https:\/\/www.erresse-shop.it\/fr\/shop\/\"},{\"@type\":\"ListItem\",\"position\":3,\"name\":\"FISSLER Adamant Comfort Ensemble de 2 po\u00eales\"}]},{\"@type\":\"WebSite\",\"@id\":\"https:\/\/www.erresse-shop.it\/fr\/#website\",\"url\":\"https:\/\/www.erresse-shop.it\/fr\/\",\"name\":\"Erresse Shop\",\"description\":\"Articoli di qualit\u00e0 per la casa\",\"potentialAction\":[{\"@type\":\"SearchAction\",\"target\":{\"@type\":\"EntryPoint\",\"urlTemplate\":\"https:\/\/www.erresse-shop.it\/fr\/?s={search_term_string}\"},\"query-input\":\"required name=search_term_string\"}],\"inLanguage\":\"fr-FR\"}]}<\/script>\n<!-- \/ Yoast SEO Premium plugin. -->","yoast_head_json":{"title":"FISSLER Adamant Comfort Ensemble de 2 po\u00eales - Erresse Shop","description":"Ensemble Adamant Comfort 2 pi\u00e8ces - Compos\u00e9 d'une po\u00eale de 24 cm (2,1 litres) et d'une po\u00eale de 28 cm (3,2 litres), cet ensemble allie durabilit\u00e9 et","robots":{"index":"index","follow":"follow","max-snippet":"max-snippet:-1","max-image-preview":"max-image-preview:large","max-video-preview":"max-video-preview:-1"},"canonical":"https:\/\/www.erresse-shop.it\/fr\/shop\/poeles-pots\/poeles\/fissler-adamant-comfort-ensemble-de-2-poeles\/","og_locale":"fr_FR","og_type":"article","og_title":"FISSLER Adamant Comfort Ensemble de 2 po\u00eales","og_description":"Ensemble Adamant Comfort 2 pi\u00e8ces - Compos\u00e9 d'une po\u00eale de 24 cm (2,1 litres) et d'une po\u00eale de 28 cm (3,2 litres), cet ensemble allie durabilit\u00e9 et","og_url":"https:\/\/www.erresse-shop.it\/fr\/shop\/poeles-pots\/poeles\/fissler-adamant-comfort-ensemble-de-2-poeles\/","og_site_name":"Erresse Shop","article_modified_time":"2025-06-27T13:01:11+00:00","og_image":[{"width":1200,"height":1200,"url":"https:\/\/www.erresse-shop.it\/wp-content\/uploads\/2025\/06\/FISSLER-Adamant-Comfort-Set-2-Padelle.jpg","type":"image\/jpeg"}],"twitter_card":"summary_large_image","schema":{"@context":"https:\/\/schema.org","@graph":[{"@type":"WebPage","@id":"https:\/\/www.erresse-shop.it\/fr\/shop\/poeles-pots\/poeles\/fissler-adamant-comfort-ensemble-de-2-poeles\/","url":"https:\/\/www.erresse-shop.it\/fr\/shop\/poeles-pots\/poeles\/fissler-adamant-comfort-ensemble-de-2-poeles\/","name":"FISSLER Adamant Comfort Ensemble de 2 po\u00eales - Erresse Shop","isPartOf":{"@id":"https:\/\/www.erresse-shop.it\/fr\/#website"},"datePublished":"2025-06-27T12:39:47+00:00","dateModified":"2025-06-27T13:01:11+00:00","description":"Ensemble Adamant Comfort 2 pi\u00e8ces - Compos\u00e9 d'une po\u00eale de 24 cm (2,1 litres) et d'une po\u00eale de 28 cm (3,2 litres), cet ensemble allie durabilit\u00e9 et","breadcrumb":{"@id":"https:\/\/www.erresse-shop.it\/fr\/shop\/poeles-pots\/poeles\/fissler-adamant-comfort-ensemble-de-2-poeles\/#breadcrumb"},"inLanguage":"fr-FR","potentialAction":[{"@type":"ReadAction","target":["https:\/\/www.erresse-shop.it\/fr\/shop\/poeles-pots\/poeles\/fissler-adamant-comfort-ensemble-de-2-poeles\/"]}]},{"@type":"BreadcrumbList","@id":"https:\/\/www.erresse-shop.it\/fr\/shop\/poeles-pots\/poeles\/fissler-adamant-comfort-ensemble-de-2-poeles\/#breadcrumb","itemListElement":[{"@type":"ListItem","position":1,"name":"Home","item":"https:\/\/www.erresse-shop.it\/fr\/"},{"@type":"ListItem","position":2,"name":"Shop","item":"https:\/\/www.erresse-shop.it\/fr\/shop\/"},{"@type":"ListItem","position":3,"name":"FISSLER Adamant Comfort Ensemble de 2 po\u00eales"}]},{"@type":"WebSite","@id":"https:\/\/www.erresse-shop.it\/fr\/#website","url":"https:\/\/www.erresse-shop.it\/fr\/","name":"Erresse Shop","description":"Articoli di qualit\u00e0 per la casa","potentialAction":[{"@type":"SearchAction","target":{"@type":"EntryPoint","urlTemplate":"https:\/\/www.erresse-shop.it\/fr\/?s={search_term_string}"},"query-input":"required name=search_term_string"}],"inLanguage":"fr-FR"}]}},"df_price":149.95,"df_sale_price":149.95,"df_regular_price":169,"df_image_link":"https:\/\/www.erresse-shop.it\/wp-content\/uploads\/2025\/06\/FISSLER-Adamant-Comfort-Set-2-Padelle-300x300.jpg","_links":{"self":[{"href":"https:\/\/www.erresse-shop.it\/fr\/wp-json\/wp\/v2\/product\/505654"}],"collection":[{"href":"https:\/\/www.erresse-shop.it\/fr\/wp-json\/wp\/v2\/product"}],"about":[{"href":"https:\/\/www.erresse-shop.it\/fr\/wp-json\/wp\/v2\/types\/product"}],"wp:featuredmedia":[{"embeddable":true,"href":"https:\/\/www.erresse-shop.it\/fr\/wp-json\/wp\/v2\/media\/505659"}],"wp:attachment":[{"href":"https:\/\/www.erresse-shop.it\/fr\/wp-json\/wp\/v2\/media?parent=505654"}],"wp:term":[{"taxonomy":"product_cat","embeddable":true,"href":"https:\/\/www.erresse-shop.it\/fr\/wp-json\/wp\/v2\/product_cat?post=505654"},{"taxonomy":"product_tag","embeddable":true,"href":"https:\/\/www.erresse-shop.it\/fr\/wp-json\/wp\/v2\/product_tag?post=505654"}],"curies":[{"name":"wp","href":"https:\/\/api.w.org\/{rel}","templated":true}]}}