{"id":505575,"date":"2025-06-27T10:34:03","date_gmt":"2025-06-27T10:34:10","guid":{"rendered":"https:\/\/www.erresse-shop.it\/?post_type=product&#038;p=505575"},"modified":"2025-06-27T10:39:53","modified_gmt":"2025-06-27T10:39:53","slug":"fissler-adamant-wok-30-cm","status":"publish","type":"product","link":"https:\/\/www.erresse-shop.it\/fr\/shop\/poeles-pots\/wok\/fissler-adamant-wok-30-cm\/","title":{"rendered":"FISSLER Adamant Wok 30 cm"},"content":{"rendered":"<p>Le wok Fissler Adamant\u00ae est un v\u00e9ritable outil polyvalent. Con\u00e7u pour tous les chefs qui appr\u00e9cient la praticit\u00e9 et la polyvalence \u00ab\u00a0Made in Germany\u00a0\u00bb, il est fabriqu\u00e9 \u00e0 partir d&#8217;Adamant\u00ae \u00e0 base d&#8217;eau, particuli\u00e8rement r\u00e9sistant aux rayures et dot\u00e9 d&#8217;un excellent effet antiadh\u00e9sif. Il est id\u00e9al pour saisir des viandes croustillantes, faire revenir des l\u00e9gumes et saisir d\u00e9licatement des aliments d\u00e9licats qui accrochent facilement. Avec sa forme arrondie et son bord extra haut, le wok Fissler est id\u00e9al pour retourner et remuer facilement sans rien renverser. Vous pourrez ainsi pr\u00e9parer des plats asiatiques en un rien de temps. Gr\u00e2ce \u00e0 son rev\u00eatement, la vaisselle devient un jeu d&#8217;enfant. Fabriqu\u00e9e de mani\u00e8re durable \u00e0 Hoppst\u00e4dten-Weiersbach, en Rh\u00e9nanie-Palatinat, \u00e0 partir de jusqu&#8217;\u00e0 60\u00a0% d&#8217;aluminium recycl\u00e9, la collection Fissler Adamant\u00ae est un ustensile polyvalent pour un usage quotidien en cuisine.<\/p>\n<p>Sans PFOA, conform\u00e9ment au r\u00e8glement (UE) n\u00b0\u00a02019\/1021.<\/p>\n<p>Caract\u00e9ristiques techniques\u00a0:<\/p>\n<p>Diam\u00e8tre : 30 cm<br \/>\nCapacit\u00e9 : 5,2 litres<br \/>\nPlaques de cuisson compatibles\u00a0: Tous feux, y compris induction<br \/>\nCompatible au four\u00a0: Compatible au four jusqu\u2019\u00e0 180\u00a0\u00b0C (350\u00a0\u00b0F)<br \/>\nNettoyage\u00a0: Compatible lave-vaisselle<\/p>\n","protected":false},"excerpt":{"rendered":"<p>Le wok Fissler Adamant\u00ae est un v\u00e9ritable outil polyvalent. Con\u00e7u pour tous les chefs qui appr\u00e9cient la praticit\u00e9 et la<\/p>\n","protected":false},"featured_media":505580,"template":"","meta":{"_acf_changed":false,"inline_featured_image":false},"product_cat":[12458,12472],"product_tag":[21529,25021,12474],"acf":[],"yoast_head":"<!-- This site is optimized with the Yoast SEO Premium plugin v18.6 (Yoast SEO v19.13) - https:\/\/yoast.com\/wordpress\/plugins\/seo\/ -->\n<title>FISSLER Adamant Wok 30 cm - Erresse Shop<\/title>\n<meta name=\"description\" content=\"Le wok Fissler Adamant\u00ae est un v\u00e9ritable outil polyvalent. Con\u00e7u pour tous les chefs qui appr\u00e9cient la praticit\u00e9 et la polyvalence \u00ab\u00a0Made in Germany\u00a0\u00bb, il\" \/>\n<meta name=\"robots\" content=\"index, follow, max-snippet:-1, max-image-preview:large, max-video-preview:-1\" \/>\n<link rel=\"canonical\" href=\"https:\/\/www.erresse-shop.it\/fr\/shop\/poeles-pots\/wok\/fissler-adamant-wok-30-cm\/\" \/>\n<meta property=\"og:locale\" content=\"fr_FR\" \/>\n<meta property=\"og:type\" content=\"article\" \/>\n<meta property=\"og:title\" content=\"FISSLER Adamant Wok 30 cm\" \/>\n<meta property=\"og:description\" content=\"Le wok Fissler Adamant\u00ae est un v\u00e9ritable outil polyvalent. Con\u00e7u pour tous les chefs qui appr\u00e9cient la praticit\u00e9 et la polyvalence \u00ab\u00a0Made in Germany\u00a0\u00bb, il\" \/>\n<meta property=\"og:url\" content=\"https:\/\/www.erresse-shop.it\/fr\/shop\/poeles-pots\/wok\/fissler-adamant-wok-30-cm\/\" \/>\n<meta property=\"og:site_name\" content=\"Erresse Shop\" \/>\n<meta property=\"article:modified_time\" content=\"2025-06-27T10:39:53+00:00\" \/>\n<meta property=\"og:image\" content=\"https:\/\/www.erresse-shop.it\/wp-content\/uploads\/2025\/06\/Nuovo-progeaFISSLER-Adamant-Wok-30-cmtto.jpg\" \/>\n\t<meta property=\"og:image:width\" content=\"1200\" \/>\n\t<meta property=\"og:image:height\" content=\"1200\" \/>\n\t<meta property=\"og:image:type\" content=\"image\/jpeg\" \/>\n<meta name=\"twitter:card\" content=\"summary_large_image\" \/>\n<script type=\"application\/ld+json\" class=\"yoast-schema-graph\">{\"@context\":\"https:\/\/schema.org\",\"@graph\":[{\"@type\":\"WebPage\",\"@id\":\"https:\/\/www.erresse-shop.it\/fr\/shop\/poeles-pots\/wok\/fissler-adamant-wok-30-cm\/\",\"url\":\"https:\/\/www.erresse-shop.it\/fr\/shop\/poeles-pots\/wok\/fissler-adamant-wok-30-cm\/\",\"name\":\"FISSLER Adamant Wok 30 cm - Erresse Shop\",\"isPartOf\":{\"@id\":\"https:\/\/www.erresse-shop.it\/fr\/#website\"},\"datePublished\":\"2025-06-27T10:34:10+00:00\",\"dateModified\":\"2025-06-27T10:39:53+00:00\",\"description\":\"Le wok Fissler Adamant\u00ae est un v\u00e9ritable outil polyvalent. Con\u00e7u pour tous les chefs qui appr\u00e9cient la praticit\u00e9 et la polyvalence \u00ab\u00a0Made in Germany\u00a0\u00bb, il\",\"breadcrumb\":{\"@id\":\"https:\/\/www.erresse-shop.it\/fr\/shop\/poeles-pots\/wok\/fissler-adamant-wok-30-cm\/#breadcrumb\"},\"inLanguage\":\"fr-FR\",\"potentialAction\":[{\"@type\":\"ReadAction\",\"target\":[\"https:\/\/www.erresse-shop.it\/fr\/shop\/poeles-pots\/wok\/fissler-adamant-wok-30-cm\/\"]}]},{\"@type\":\"BreadcrumbList\",\"@id\":\"https:\/\/www.erresse-shop.it\/fr\/shop\/poeles-pots\/wok\/fissler-adamant-wok-30-cm\/#breadcrumb\",\"itemListElement\":[{\"@type\":\"ListItem\",\"position\":1,\"name\":\"Home\",\"item\":\"https:\/\/www.erresse-shop.it\/fr\/\"},{\"@type\":\"ListItem\",\"position\":2,\"name\":\"Shop\",\"item\":\"https:\/\/www.erresse-shop.it\/fr\/shop\/\"},{\"@type\":\"ListItem\",\"position\":3,\"name\":\"FISSLER Adamant Wok 30 cm\"}]},{\"@type\":\"WebSite\",\"@id\":\"https:\/\/www.erresse-shop.it\/fr\/#website\",\"url\":\"https:\/\/www.erresse-shop.it\/fr\/\",\"name\":\"Erresse Shop\",\"description\":\"Articoli di qualit\u00e0 per la casa\",\"potentialAction\":[{\"@type\":\"SearchAction\",\"target\":{\"@type\":\"EntryPoint\",\"urlTemplate\":\"https:\/\/www.erresse-shop.it\/fr\/?s={search_term_string}\"},\"query-input\":\"required name=search_term_string\"}],\"inLanguage\":\"fr-FR\"}]}<\/script>\n<!-- \/ Yoast SEO Premium plugin. -->","yoast_head_json":{"title":"FISSLER Adamant Wok 30 cm - Erresse Shop","description":"Le wok Fissler Adamant\u00ae est un v\u00e9ritable outil polyvalent. Con\u00e7u pour tous les chefs qui appr\u00e9cient la praticit\u00e9 et la polyvalence \u00ab\u00a0Made in Germany\u00a0\u00bb, il","robots":{"index":"index","follow":"follow","max-snippet":"max-snippet:-1","max-image-preview":"max-image-preview:large","max-video-preview":"max-video-preview:-1"},"canonical":"https:\/\/www.erresse-shop.it\/fr\/shop\/poeles-pots\/wok\/fissler-adamant-wok-30-cm\/","og_locale":"fr_FR","og_type":"article","og_title":"FISSLER Adamant Wok 30 cm","og_description":"Le wok Fissler Adamant\u00ae est un v\u00e9ritable outil polyvalent. Con\u00e7u pour tous les chefs qui appr\u00e9cient la praticit\u00e9 et la polyvalence \u00ab\u00a0Made in Germany\u00a0\u00bb, il","og_url":"https:\/\/www.erresse-shop.it\/fr\/shop\/poeles-pots\/wok\/fissler-adamant-wok-30-cm\/","og_site_name":"Erresse Shop","article_modified_time":"2025-06-27T10:39:53+00:00","og_image":[{"width":1200,"height":1200,"url":"https:\/\/www.erresse-shop.it\/wp-content\/uploads\/2025\/06\/Nuovo-progeaFISSLER-Adamant-Wok-30-cmtto.jpg","type":"image\/jpeg"}],"twitter_card":"summary_large_image","schema":{"@context":"https:\/\/schema.org","@graph":[{"@type":"WebPage","@id":"https:\/\/www.erresse-shop.it\/fr\/shop\/poeles-pots\/wok\/fissler-adamant-wok-30-cm\/","url":"https:\/\/www.erresse-shop.it\/fr\/shop\/poeles-pots\/wok\/fissler-adamant-wok-30-cm\/","name":"FISSLER Adamant Wok 30 cm - Erresse Shop","isPartOf":{"@id":"https:\/\/www.erresse-shop.it\/fr\/#website"},"datePublished":"2025-06-27T10:34:10+00:00","dateModified":"2025-06-27T10:39:53+00:00","description":"Le wok Fissler Adamant\u00ae est un v\u00e9ritable outil polyvalent. Con\u00e7u pour tous les chefs qui appr\u00e9cient la praticit\u00e9 et la polyvalence \u00ab\u00a0Made in Germany\u00a0\u00bb, il","breadcrumb":{"@id":"https:\/\/www.erresse-shop.it\/fr\/shop\/poeles-pots\/wok\/fissler-adamant-wok-30-cm\/#breadcrumb"},"inLanguage":"fr-FR","potentialAction":[{"@type":"ReadAction","target":["https:\/\/www.erresse-shop.it\/fr\/shop\/poeles-pots\/wok\/fissler-adamant-wok-30-cm\/"]}]},{"@type":"BreadcrumbList","@id":"https:\/\/www.erresse-shop.it\/fr\/shop\/poeles-pots\/wok\/fissler-adamant-wok-30-cm\/#breadcrumb","itemListElement":[{"@type":"ListItem","position":1,"name":"Home","item":"https:\/\/www.erresse-shop.it\/fr\/"},{"@type":"ListItem","position":2,"name":"Shop","item":"https:\/\/www.erresse-shop.it\/fr\/shop\/"},{"@type":"ListItem","position":3,"name":"FISSLER Adamant Wok 30 cm"}]},{"@type":"WebSite","@id":"https:\/\/www.erresse-shop.it\/fr\/#website","url":"https:\/\/www.erresse-shop.it\/fr\/","name":"Erresse Shop","description":"Articoli di qualit\u00e0 per la casa","potentialAction":[{"@type":"SearchAction","target":{"@type":"EntryPoint","urlTemplate":"https:\/\/www.erresse-shop.it\/fr\/?s={search_term_string}"},"query-input":"required name=search_term_string"}],"inLanguage":"fr-FR"}]}},"df_price":139,"df_sale_price":139,"df_regular_price":139,"df_image_link":"https:\/\/www.erresse-shop.it\/wp-content\/uploads\/2025\/06\/Nuovo-progeaFISSLER-Adamant-Wok-30-cmtto-300x300.jpg","_links":{"self":[{"href":"https:\/\/www.erresse-shop.it\/fr\/wp-json\/wp\/v2\/product\/505575"}],"collection":[{"href":"https:\/\/www.erresse-shop.it\/fr\/wp-json\/wp\/v2\/product"}],"about":[{"href":"https:\/\/www.erresse-shop.it\/fr\/wp-json\/wp\/v2\/types\/product"}],"wp:featuredmedia":[{"embeddable":true,"href":"https:\/\/www.erresse-shop.it\/fr\/wp-json\/wp\/v2\/media\/505580"}],"wp:attachment":[{"href":"https:\/\/www.erresse-shop.it\/fr\/wp-json\/wp\/v2\/media?parent=505575"}],"wp:term":[{"taxonomy":"product_cat","embeddable":true,"href":"https:\/\/www.erresse-shop.it\/fr\/wp-json\/wp\/v2\/product_cat?post=505575"},{"taxonomy":"product_tag","embeddable":true,"href":"https:\/\/www.erresse-shop.it\/fr\/wp-json\/wp\/v2\/product_tag?post=505575"}],"curies":[{"name":"wp","href":"https:\/\/api.w.org\/{rel}","templated":true}]}}