{"id":505535,"date":"2025-06-27T10:08:06","date_gmt":"2025-06-27T10:08:09","guid":{"rendered":"https:\/\/www.erresse-shop.it\/?post_type=product&#038;p=505535"},"modified":"2025-06-27T10:22:09","modified_gmt":"2025-06-27T10:22:09","slug":"fissler-ceratal-comfort-ensemble-de-2-poeles","status":"publish","type":"product","link":"https:\/\/www.erresse-shop.it\/fr\/shop\/poeles-pots\/poeles\/fissler-ceratal-comfort-ensemble-de-2-poeles\/","title":{"rendered":"FISSLER Ceratal Comfort Ensemble de 2 po\u00eales"},"content":{"rendered":"<p>La po\u00eale Ceratal\u00ae est l&#8217;alternative \u00e0 la c\u00e9ramique pour une cuisson douce et croustillante de viandes, de l\u00e9gumes et d&#8217;\u0153ufs. Dot\u00e9e d&#8217;un rev\u00eatement c\u00e9ramique \u00e0 base d&#8217;eau offrant un excellent effet antiadh\u00e9sif, sans PFAS\/PTFE, elle est id\u00e9ale pour une cuisson douce et croustillante, t\u00e9moignant ainsi d&#8217;une grande appr\u00e9ciation pour ceux pour qui nous cuisinons.<\/p>\n<p><strong>Lot de 2 po\u00eales Ceratal\u00ae Comfort (24 et 28 cm)<\/strong><\/p>\n<ul>\n<li>Convient pour des cuissons douces et croustillantes<\/li>\n<li>Rev\u00eatement antiadh\u00e9sif en c\u00e9ramique \u00e0 base d&#8217;eau, sans PFAS\/PTFE<\/li>\n<li>Fabriqu\u00e9 de mani\u00e8re durable \u00e0 partir de jusqu&#8217;\u00e0 60 % d&#8217;aluminium recycl\u00e9<\/li>\n<li>Facile \u00e0 nettoyer, lavage \u00e0 la main recommand\u00e9<\/li>\n<li>Corps de la po\u00eale Fissler Comfort avec rebord haut et surface de cuisson extra-large pour remuer et retourner facilement et sans d\u00e9bordement<\/li>\n<li>Poign\u00e9e de s\u00e9curit\u00e9 Fissler ergonomique avec prot\u00e8ge-doigts\u00a0: sans rivets, particuli\u00e8rement stable et hygi\u00e9nique<\/li>\n<li>Convient \u00e0 tous les types de feux, y compris l&#8217;induction<\/li>\n<li>Fond CookStar\u00ae exclusif \u00e0 \u00e9conomie d&#8217;\u00e9nergie pour une r\u00e9partition optimale de la chaleur<\/li>\n<li>Qualit\u00e9 premium &#8211; Fabriqu\u00e9 en Allemagne<\/li>\n<\/ul>\n","protected":false},"excerpt":{"rendered":"<p>La po\u00eale Ceratal\u00ae est l&#8217;alternative \u00e0 la c\u00e9ramique pour une cuisson douce et croustillante de viandes, de l\u00e9gumes et d&#8217;\u0153ufs.<\/p>\n","protected":false},"featured_media":505546,"template":"","meta":{"_acf_changed":false,"inline_featured_image":false},"product_cat":[12458,14802],"product_tag":[21529,25021,13178,22927],"acf":[],"yoast_head":"<!-- This site is optimized with the Yoast SEO Premium plugin v18.6 (Yoast SEO v19.13) - https:\/\/yoast.com\/wordpress\/plugins\/seo\/ -->\n<title>FISSLER Ceratal Comfort Ensemble de 2 po\u00eales - Erresse Shop<\/title>\n<meta name=\"description\" content=\"La po\u00eale Ceratal\u00ae est l&#039;alternative \u00e0 la c\u00e9ramique pour une cuisson douce et croustillante de viandes, de l\u00e9gumes et d&#039;\u0153ufs. Dot\u00e9e d&#039;un rev\u00eatement\" \/>\n<meta name=\"robots\" content=\"index, follow, max-snippet:-1, max-image-preview:large, max-video-preview:-1\" \/>\n<link rel=\"canonical\" href=\"https:\/\/www.erresse-shop.it\/fr\/shop\/poeles-pots\/poeles\/fissler-ceratal-comfort-ensemble-de-2-poeles\/\" \/>\n<meta property=\"og:locale\" content=\"fr_FR\" \/>\n<meta property=\"og:type\" content=\"article\" \/>\n<meta property=\"og:title\" content=\"FISSLER Ceratal Comfort Ensemble de 2 po\u00eales\" \/>\n<meta property=\"og:description\" content=\"La po\u00eale Ceratal\u00ae est l&#039;alternative \u00e0 la c\u00e9ramique pour une cuisson douce et croustillante de viandes, de l\u00e9gumes et d&#039;\u0153ufs. Dot\u00e9e d&#039;un rev\u00eatement\" \/>\n<meta property=\"og:url\" content=\"https:\/\/www.erresse-shop.it\/fr\/shop\/poeles-pots\/poeles\/fissler-ceratal-comfort-ensemble-de-2-poeles\/\" \/>\n<meta property=\"og:site_name\" content=\"Erresse Shop\" \/>\n<meta property=\"article:modified_time\" content=\"2025-06-27T10:22:09+00:00\" \/>\n<meta property=\"og:image\" content=\"https:\/\/www.erresse-shop.it\/wp-content\/uploads\/2025\/06\/FISSLER-Ceratal-Comfort-Set-2-Padelle.jpg\" \/>\n\t<meta property=\"og:image:width\" content=\"1200\" \/>\n\t<meta property=\"og:image:height\" content=\"1200\" \/>\n\t<meta property=\"og:image:type\" content=\"image\/jpeg\" \/>\n<meta name=\"twitter:card\" content=\"summary_large_image\" \/>\n<script type=\"application\/ld+json\" class=\"yoast-schema-graph\">{\"@context\":\"https:\/\/schema.org\",\"@graph\":[{\"@type\":\"WebPage\",\"@id\":\"https:\/\/www.erresse-shop.it\/fr\/shop\/poeles-pots\/poeles\/fissler-ceratal-comfort-ensemble-de-2-poeles\/\",\"url\":\"https:\/\/www.erresse-shop.it\/fr\/shop\/poeles-pots\/poeles\/fissler-ceratal-comfort-ensemble-de-2-poeles\/\",\"name\":\"FISSLER Ceratal Comfort Ensemble de 2 po\u00eales - Erresse Shop\",\"isPartOf\":{\"@id\":\"https:\/\/www.erresse-shop.it\/fr\/#website\"},\"datePublished\":\"2025-06-27T10:08:09+00:00\",\"dateModified\":\"2025-06-27T10:22:09+00:00\",\"description\":\"La po\u00eale Ceratal\u00ae est l'alternative \u00e0 la c\u00e9ramique pour une cuisson douce et croustillante de viandes, de l\u00e9gumes et d'\u0153ufs. Dot\u00e9e d'un rev\u00eatement\",\"breadcrumb\":{\"@id\":\"https:\/\/www.erresse-shop.it\/fr\/shop\/poeles-pots\/poeles\/fissler-ceratal-comfort-ensemble-de-2-poeles\/#breadcrumb\"},\"inLanguage\":\"fr-FR\",\"potentialAction\":[{\"@type\":\"ReadAction\",\"target\":[\"https:\/\/www.erresse-shop.it\/fr\/shop\/poeles-pots\/poeles\/fissler-ceratal-comfort-ensemble-de-2-poeles\/\"]}]},{\"@type\":\"BreadcrumbList\",\"@id\":\"https:\/\/www.erresse-shop.it\/fr\/shop\/poeles-pots\/poeles\/fissler-ceratal-comfort-ensemble-de-2-poeles\/#breadcrumb\",\"itemListElement\":[{\"@type\":\"ListItem\",\"position\":1,\"name\":\"Home\",\"item\":\"https:\/\/www.erresse-shop.it\/fr\/\"},{\"@type\":\"ListItem\",\"position\":2,\"name\":\"Shop\",\"item\":\"https:\/\/www.erresse-shop.it\/fr\/shop\/\"},{\"@type\":\"ListItem\",\"position\":3,\"name\":\"FISSLER Ceratal Comfort Ensemble de 2 po\u00eales\"}]},{\"@type\":\"WebSite\",\"@id\":\"https:\/\/www.erresse-shop.it\/fr\/#website\",\"url\":\"https:\/\/www.erresse-shop.it\/fr\/\",\"name\":\"Erresse Shop\",\"description\":\"Articoli di qualit\u00e0 per la casa\",\"potentialAction\":[{\"@type\":\"SearchAction\",\"target\":{\"@type\":\"EntryPoint\",\"urlTemplate\":\"https:\/\/www.erresse-shop.it\/fr\/?s={search_term_string}\"},\"query-input\":\"required name=search_term_string\"}],\"inLanguage\":\"fr-FR\"}]}<\/script>\n<!-- \/ Yoast SEO Premium plugin. -->","yoast_head_json":{"title":"FISSLER Ceratal Comfort Ensemble de 2 po\u00eales - Erresse Shop","description":"La po\u00eale Ceratal\u00ae est l'alternative \u00e0 la c\u00e9ramique pour une cuisson douce et croustillante de viandes, de l\u00e9gumes et d'\u0153ufs. Dot\u00e9e d'un rev\u00eatement","robots":{"index":"index","follow":"follow","max-snippet":"max-snippet:-1","max-image-preview":"max-image-preview:large","max-video-preview":"max-video-preview:-1"},"canonical":"https:\/\/www.erresse-shop.it\/fr\/shop\/poeles-pots\/poeles\/fissler-ceratal-comfort-ensemble-de-2-poeles\/","og_locale":"fr_FR","og_type":"article","og_title":"FISSLER Ceratal Comfort Ensemble de 2 po\u00eales","og_description":"La po\u00eale Ceratal\u00ae est l'alternative \u00e0 la c\u00e9ramique pour une cuisson douce et croustillante de viandes, de l\u00e9gumes et d'\u0153ufs. Dot\u00e9e d'un rev\u00eatement","og_url":"https:\/\/www.erresse-shop.it\/fr\/shop\/poeles-pots\/poeles\/fissler-ceratal-comfort-ensemble-de-2-poeles\/","og_site_name":"Erresse Shop","article_modified_time":"2025-06-27T10:22:09+00:00","og_image":[{"width":1200,"height":1200,"url":"https:\/\/www.erresse-shop.it\/wp-content\/uploads\/2025\/06\/FISSLER-Ceratal-Comfort-Set-2-Padelle.jpg","type":"image\/jpeg"}],"twitter_card":"summary_large_image","schema":{"@context":"https:\/\/schema.org","@graph":[{"@type":"WebPage","@id":"https:\/\/www.erresse-shop.it\/fr\/shop\/poeles-pots\/poeles\/fissler-ceratal-comfort-ensemble-de-2-poeles\/","url":"https:\/\/www.erresse-shop.it\/fr\/shop\/poeles-pots\/poeles\/fissler-ceratal-comfort-ensemble-de-2-poeles\/","name":"FISSLER Ceratal Comfort Ensemble de 2 po\u00eales - Erresse Shop","isPartOf":{"@id":"https:\/\/www.erresse-shop.it\/fr\/#website"},"datePublished":"2025-06-27T10:08:09+00:00","dateModified":"2025-06-27T10:22:09+00:00","description":"La po\u00eale Ceratal\u00ae est l'alternative \u00e0 la c\u00e9ramique pour une cuisson douce et croustillante de viandes, de l\u00e9gumes et d'\u0153ufs. Dot\u00e9e d'un rev\u00eatement","breadcrumb":{"@id":"https:\/\/www.erresse-shop.it\/fr\/shop\/poeles-pots\/poeles\/fissler-ceratal-comfort-ensemble-de-2-poeles\/#breadcrumb"},"inLanguage":"fr-FR","potentialAction":[{"@type":"ReadAction","target":["https:\/\/www.erresse-shop.it\/fr\/shop\/poeles-pots\/poeles\/fissler-ceratal-comfort-ensemble-de-2-poeles\/"]}]},{"@type":"BreadcrumbList","@id":"https:\/\/www.erresse-shop.it\/fr\/shop\/poeles-pots\/poeles\/fissler-ceratal-comfort-ensemble-de-2-poeles\/#breadcrumb","itemListElement":[{"@type":"ListItem","position":1,"name":"Home","item":"https:\/\/www.erresse-shop.it\/fr\/"},{"@type":"ListItem","position":2,"name":"Shop","item":"https:\/\/www.erresse-shop.it\/fr\/shop\/"},{"@type":"ListItem","position":3,"name":"FISSLER Ceratal Comfort Ensemble de 2 po\u00eales"}]},{"@type":"WebSite","@id":"https:\/\/www.erresse-shop.it\/fr\/#website","url":"https:\/\/www.erresse-shop.it\/fr\/","name":"Erresse Shop","description":"Articoli di qualit\u00e0 per la casa","potentialAction":[{"@type":"SearchAction","target":{"@type":"EntryPoint","urlTemplate":"https:\/\/www.erresse-shop.it\/fr\/?s={search_term_string}"},"query-input":"required name=search_term_string"}],"inLanguage":"fr-FR"}]}},"df_price":159.95,"df_sale_price":159.95,"df_regular_price":169,"df_image_link":"https:\/\/www.erresse-shop.it\/wp-content\/uploads\/2025\/06\/FISSLER-Ceratal-Comfort-Set-2-Padelle-300x300.jpg","_links":{"self":[{"href":"https:\/\/www.erresse-shop.it\/fr\/wp-json\/wp\/v2\/product\/505535"}],"collection":[{"href":"https:\/\/www.erresse-shop.it\/fr\/wp-json\/wp\/v2\/product"}],"about":[{"href":"https:\/\/www.erresse-shop.it\/fr\/wp-json\/wp\/v2\/types\/product"}],"wp:featuredmedia":[{"embeddable":true,"href":"https:\/\/www.erresse-shop.it\/fr\/wp-json\/wp\/v2\/media\/505546"}],"wp:attachment":[{"href":"https:\/\/www.erresse-shop.it\/fr\/wp-json\/wp\/v2\/media?parent=505535"}],"wp:term":[{"taxonomy":"product_cat","embeddable":true,"href":"https:\/\/www.erresse-shop.it\/fr\/wp-json\/wp\/v2\/product_cat?post=505535"},{"taxonomy":"product_tag","embeddable":true,"href":"https:\/\/www.erresse-shop.it\/fr\/wp-json\/wp\/v2\/product_tag?post=505535"}],"curies":[{"name":"wp","href":"https:\/\/api.w.org\/{rel}","templated":true}]}}