{"id":505509,"date":"2025-06-27T09:53:06","date_gmt":"2025-06-27T09:53:10","guid":{"rendered":"https:\/\/www.erresse-shop.it\/?post_type=product&#038;p=505509"},"modified":"2025-06-27T09:58:58","modified_gmt":"2025-06-27T09:58:58","slug":"fissler-pure-collection-ensemble-de-4-pieces","status":"publish","type":"product","link":"https:\/\/www.erresse-shop.it\/fr\/shop\/poeles-pots\/casseroles\/fissler-pure-collection-ensemble-de-4-pieces\/","title":{"rendered":"FISSLER Pure Collection Ensemble de 4 pi\u00e8ces"},"content":{"rendered":"<p>La collection Fissler Pure est d\u00e9di\u00e9e \u00e0 tous les chefs amateurs en herbe et aux familles qui aiment cuisiner et ne veulent pas se passer de la qualit\u00e9 durable Fissler \u00ab Made in Germany \u00bb. Fabriqu\u00e9e de mani\u00e8re durable \u00e0 Hoppst\u00e4dten-Weiersbach, en Rh\u00e9nanie-Palatinat, \u00e0 partir d&#8217;acier inoxydable 18\/10 recycl\u00e9 jusqu&#8217;\u00e0 90 %, la collection Fissler PURE est un compagnon robuste pour la vie quotidienne en cuisine.<\/p>\n<p><strong>L&#8217;ensemble se compose de\u00a0:<\/strong><\/p>\n<ul>\n<li>Po\u00eale 16 cm \u00d8 1,9 l<\/li>\n<li>Po\u00eale 20 cm \u00d8 3,6 l<\/li>\n<li>Po\u00eale 24 cm \u00d8 5,7 l<\/li>\n<li>Casserole 20 cm \u00d8 2,4 l<\/li>\n<\/ul>\n<p><strong>Plaques de cuisson compatibles\u00a0:<\/strong> Tous types de plaques de cuisson, y compris induction<br \/>\n<strong>Convient au four\u00a0:<\/strong> Convient au four jusqu&#8217;\u00e0 180\u00a0\u00b0C (350\u00a0\u00b0F)<br \/>\n<strong>Nettoyage\u00a0:<\/strong> Passe au lave-vaisselle<\/p>\n","protected":false},"excerpt":{"rendered":"<p>La collection Fissler Pure est d\u00e9di\u00e9e \u00e0 tous les chefs amateurs en herbe et aux familles qui aiment cuisiner et<\/p>\n","protected":false},"featured_media":505514,"template":"","meta":{"_acf_changed":false,"inline_featured_image":false},"product_cat":[12458,14777],"product_tag":[21529,25021,12465,12468],"acf":[],"yoast_head":"<!-- This site is optimized with the Yoast SEO Premium plugin v18.6 (Yoast SEO v19.13) - https:\/\/yoast.com\/wordpress\/plugins\/seo\/ -->\n<title>FISSLER Pure Collection Ensemble de 4 pi\u00e8ces - Erresse Shop<\/title>\n<meta name=\"description\" content=\"La collection Fissler Pure est d\u00e9di\u00e9e \u00e0 tous les chefs amateurs en herbe et aux familles qui aiment cuisiner et ne veulent pas se passer de la qualit\u00e9\" \/>\n<meta name=\"robots\" content=\"index, follow, max-snippet:-1, max-image-preview:large, max-video-preview:-1\" \/>\n<link rel=\"canonical\" href=\"https:\/\/www.erresse-shop.it\/fr\/shop\/poeles-pots\/casseroles\/fissler-pure-collection-ensemble-de-4-pieces\/\" \/>\n<meta property=\"og:locale\" content=\"fr_FR\" \/>\n<meta property=\"og:type\" content=\"article\" \/>\n<meta property=\"og:title\" content=\"FISSLER Pure Collection Ensemble de 4 pi\u00e8ces\" \/>\n<meta property=\"og:description\" content=\"La collection Fissler Pure est d\u00e9di\u00e9e \u00e0 tous les chefs amateurs en herbe et aux familles qui aiment cuisiner et ne veulent pas se passer de la qualit\u00e9\" \/>\n<meta property=\"og:url\" content=\"https:\/\/www.erresse-shop.it\/fr\/shop\/poeles-pots\/casseroles\/fissler-pure-collection-ensemble-de-4-pieces\/\" \/>\n<meta property=\"og:site_name\" content=\"Erresse Shop\" \/>\n<meta property=\"article:modified_time\" content=\"2025-06-27T09:58:58+00:00\" \/>\n<meta property=\"og:image\" content=\"https:\/\/www.erresse-shop.it\/wp-content\/uploads\/2025\/06\/FISSLER-Pure-Collection-Set-4-Pezzi.jpg\" \/>\n\t<meta property=\"og:image:width\" content=\"1200\" \/>\n\t<meta property=\"og:image:height\" content=\"1200\" \/>\n\t<meta property=\"og:image:type\" content=\"image\/jpeg\" \/>\n<meta name=\"twitter:card\" content=\"summary_large_image\" \/>\n<script type=\"application\/ld+json\" class=\"yoast-schema-graph\">{\"@context\":\"https:\/\/schema.org\",\"@graph\":[{\"@type\":\"WebPage\",\"@id\":\"https:\/\/www.erresse-shop.it\/fr\/shop\/poeles-pots\/casseroles\/fissler-pure-collection-ensemble-de-4-pieces\/\",\"url\":\"https:\/\/www.erresse-shop.it\/fr\/shop\/poeles-pots\/casseroles\/fissler-pure-collection-ensemble-de-4-pieces\/\",\"name\":\"FISSLER Pure Collection Ensemble de 4 pi\u00e8ces - Erresse Shop\",\"isPartOf\":{\"@id\":\"https:\/\/www.erresse-shop.it\/fr\/#website\"},\"datePublished\":\"2025-06-27T09:53:10+00:00\",\"dateModified\":\"2025-06-27T09:58:58+00:00\",\"description\":\"La collection Fissler Pure est d\u00e9di\u00e9e \u00e0 tous les chefs amateurs en herbe et aux familles qui aiment cuisiner et ne veulent pas se passer de la qualit\u00e9\",\"breadcrumb\":{\"@id\":\"https:\/\/www.erresse-shop.it\/fr\/shop\/poeles-pots\/casseroles\/fissler-pure-collection-ensemble-de-4-pieces\/#breadcrumb\"},\"inLanguage\":\"fr-FR\",\"potentialAction\":[{\"@type\":\"ReadAction\",\"target\":[\"https:\/\/www.erresse-shop.it\/fr\/shop\/poeles-pots\/casseroles\/fissler-pure-collection-ensemble-de-4-pieces\/\"]}]},{\"@type\":\"BreadcrumbList\",\"@id\":\"https:\/\/www.erresse-shop.it\/fr\/shop\/poeles-pots\/casseroles\/fissler-pure-collection-ensemble-de-4-pieces\/#breadcrumb\",\"itemListElement\":[{\"@type\":\"ListItem\",\"position\":1,\"name\":\"Home\",\"item\":\"https:\/\/www.erresse-shop.it\/fr\/\"},{\"@type\":\"ListItem\",\"position\":2,\"name\":\"Shop\",\"item\":\"https:\/\/www.erresse-shop.it\/fr\/shop\/\"},{\"@type\":\"ListItem\",\"position\":3,\"name\":\"FISSLER Pure Collection Ensemble de 4 pi\u00e8ces\"}]},{\"@type\":\"WebSite\",\"@id\":\"https:\/\/www.erresse-shop.it\/fr\/#website\",\"url\":\"https:\/\/www.erresse-shop.it\/fr\/\",\"name\":\"Erresse Shop\",\"description\":\"Articoli di qualit\u00e0 per la casa\",\"potentialAction\":[{\"@type\":\"SearchAction\",\"target\":{\"@type\":\"EntryPoint\",\"urlTemplate\":\"https:\/\/www.erresse-shop.it\/fr\/?s={search_term_string}\"},\"query-input\":\"required name=search_term_string\"}],\"inLanguage\":\"fr-FR\"}]}<\/script>\n<!-- \/ Yoast SEO Premium plugin. -->","yoast_head_json":{"title":"FISSLER Pure Collection Ensemble de 4 pi\u00e8ces - Erresse Shop","description":"La collection Fissler Pure est d\u00e9di\u00e9e \u00e0 tous les chefs amateurs en herbe et aux familles qui aiment cuisiner et ne veulent pas se passer de la qualit\u00e9","robots":{"index":"index","follow":"follow","max-snippet":"max-snippet:-1","max-image-preview":"max-image-preview:large","max-video-preview":"max-video-preview:-1"},"canonical":"https:\/\/www.erresse-shop.it\/fr\/shop\/poeles-pots\/casseroles\/fissler-pure-collection-ensemble-de-4-pieces\/","og_locale":"fr_FR","og_type":"article","og_title":"FISSLER Pure Collection Ensemble de 4 pi\u00e8ces","og_description":"La collection Fissler Pure est d\u00e9di\u00e9e \u00e0 tous les chefs amateurs en herbe et aux familles qui aiment cuisiner et ne veulent pas se passer de la qualit\u00e9","og_url":"https:\/\/www.erresse-shop.it\/fr\/shop\/poeles-pots\/casseroles\/fissler-pure-collection-ensemble-de-4-pieces\/","og_site_name":"Erresse Shop","article_modified_time":"2025-06-27T09:58:58+00:00","og_image":[{"width":1200,"height":1200,"url":"https:\/\/www.erresse-shop.it\/wp-content\/uploads\/2025\/06\/FISSLER-Pure-Collection-Set-4-Pezzi.jpg","type":"image\/jpeg"}],"twitter_card":"summary_large_image","schema":{"@context":"https:\/\/schema.org","@graph":[{"@type":"WebPage","@id":"https:\/\/www.erresse-shop.it\/fr\/shop\/poeles-pots\/casseroles\/fissler-pure-collection-ensemble-de-4-pieces\/","url":"https:\/\/www.erresse-shop.it\/fr\/shop\/poeles-pots\/casseroles\/fissler-pure-collection-ensemble-de-4-pieces\/","name":"FISSLER Pure Collection Ensemble de 4 pi\u00e8ces - Erresse Shop","isPartOf":{"@id":"https:\/\/www.erresse-shop.it\/fr\/#website"},"datePublished":"2025-06-27T09:53:10+00:00","dateModified":"2025-06-27T09:58:58+00:00","description":"La collection Fissler Pure est d\u00e9di\u00e9e \u00e0 tous les chefs amateurs en herbe et aux familles qui aiment cuisiner et ne veulent pas se passer de la qualit\u00e9","breadcrumb":{"@id":"https:\/\/www.erresse-shop.it\/fr\/shop\/poeles-pots\/casseroles\/fissler-pure-collection-ensemble-de-4-pieces\/#breadcrumb"},"inLanguage":"fr-FR","potentialAction":[{"@type":"ReadAction","target":["https:\/\/www.erresse-shop.it\/fr\/shop\/poeles-pots\/casseroles\/fissler-pure-collection-ensemble-de-4-pieces\/"]}]},{"@type":"BreadcrumbList","@id":"https:\/\/www.erresse-shop.it\/fr\/shop\/poeles-pots\/casseroles\/fissler-pure-collection-ensemble-de-4-pieces\/#breadcrumb","itemListElement":[{"@type":"ListItem","position":1,"name":"Home","item":"https:\/\/www.erresse-shop.it\/fr\/"},{"@type":"ListItem","position":2,"name":"Shop","item":"https:\/\/www.erresse-shop.it\/fr\/shop\/"},{"@type":"ListItem","position":3,"name":"FISSLER Pure Collection Ensemble de 4 pi\u00e8ces"}]},{"@type":"WebSite","@id":"https:\/\/www.erresse-shop.it\/fr\/#website","url":"https:\/\/www.erresse-shop.it\/fr\/","name":"Erresse Shop","description":"Articoli di qualit\u00e0 per la casa","potentialAction":[{"@type":"SearchAction","target":{"@type":"EntryPoint","urlTemplate":"https:\/\/www.erresse-shop.it\/fr\/?s={search_term_string}"},"query-input":"required name=search_term_string"}],"inLanguage":"fr-FR"}]}},"df_price":299.95,"df_sale_price":299.95,"df_regular_price":379,"df_image_link":"https:\/\/www.erresse-shop.it\/wp-content\/uploads\/2025\/06\/FISSLER-Pure-Collection-Set-4-Pezzi-300x300.jpg","_links":{"self":[{"href":"https:\/\/www.erresse-shop.it\/fr\/wp-json\/wp\/v2\/product\/505509"}],"collection":[{"href":"https:\/\/www.erresse-shop.it\/fr\/wp-json\/wp\/v2\/product"}],"about":[{"href":"https:\/\/www.erresse-shop.it\/fr\/wp-json\/wp\/v2\/types\/product"}],"wp:featuredmedia":[{"embeddable":true,"href":"https:\/\/www.erresse-shop.it\/fr\/wp-json\/wp\/v2\/media\/505514"}],"wp:attachment":[{"href":"https:\/\/www.erresse-shop.it\/fr\/wp-json\/wp\/v2\/media?parent=505509"}],"wp:term":[{"taxonomy":"product_cat","embeddable":true,"href":"https:\/\/www.erresse-shop.it\/fr\/wp-json\/wp\/v2\/product_cat?post=505509"},{"taxonomy":"product_tag","embeddable":true,"href":"https:\/\/www.erresse-shop.it\/fr\/wp-json\/wp\/v2\/product_tag?post=505509"}],"curies":[{"name":"wp","href":"https:\/\/api.w.org\/{rel}","templated":true}]}}