{"id":505463,"date":"2025-06-27T09:06:06","date_gmt":"2025-06-27T09:06:09","guid":{"rendered":"https:\/\/www.erresse-shop.it\/?post_type=product&#038;p=505463"},"modified":"2025-06-27T09:22:24","modified_gmt":"2025-06-27T09:22:24","slug":"fissler-original-profi-collection-ensemble-de-5-pieces-poelon","status":"publish","type":"product","link":"https:\/\/www.erresse-shop.it\/fr\/shop\/poeles-pots\/batteries-de-cuisine\/fissler-original-profi-collection-ensemble-de-5-pieces-poelon\/","title":{"rendered":"FISSLER Original-Profi Collection Ensemble de 5 pi\u00e8ces Po\u00ealon"},"content":{"rendered":"<p>La collection Original-Profi\u00ae a \u00e9t\u00e9 d\u00e9velopp\u00e9e en collaboration avec des chefs \u00e9toil\u00e9s et convainc aussi bien dans les cuisines \u00e9toil\u00e9es que sur la cuisini\u00e8re \u00e0 la maison.<\/p>\n<p>Bas\u00e9 sur les normes de qualit\u00e9 les plus \u00e9lev\u00e9es, le design de la s\u00e9rie est simple, pur et en m\u00eame temps avec des lignes fortes.<\/p>\n<p><strong>L&#8217;ensemble se compose de\u00a0:<\/strong><\/p>\n<ul>\n<li>Po\u00eale 16 cm \u00d8 2,1 l<\/li>\n<li>Po\u00eale 20 cm \u00d8 4,0 l<\/li>\n<li>Po\u00eale 24 cm \u00d8 6,3 l<\/li>\n<li>Casserole sans couvercle 16 cm \u00d8 1,4 l<\/li>\n<li>Po\u00eale sans couvercle 24 cm \u00d8 2,0 l<\/li>\n<\/ul>\n<p><strong>Avantages en bref\u00a0:<\/strong><\/p>\n<ul>\n<li>Facile \u00e0 nettoyer et passe au lave-vaisselle<\/li>\n<li>Design moderne et harmonieux avec des composants polis et mats<\/li>\n<li>Poign\u00e9e coud\u00e9e et bride avec d\u00e9coration \u00e0 pois sur tout le pourtour<\/li>\n<li>Corps de casserole robuste en acier inoxydable 18\/10 de haute qualit\u00e9<\/li>\n<li>Les couvercles m\u00e9talliques incurv\u00e9s assurent que la vapeur condens\u00e9e s&#8217;\u00e9coule, rendant les plats encore plus aromatiques et succulents<\/li>\n<li>Les {bold}poign\u00e9es en m\u00e9tal froid en acier inoxydable{\/bold} assurent une temp\u00e9rature confortable pendant la cuisson et peuvent \u00eatre touch\u00e9es sans gants de cuisine<\/li>\n<li>{bulletlist}{bullet}Le {bold}bord verseur extra-large{\/bold} permet un versement et un transfert pr\u00e9cis sans goutter<\/li>\n<li>L&#8217;\u00e9chelle gradu\u00e9e int\u00e9gr\u00e9e grav\u00e9e au laser en unit\u00e9s de litre et de quart rend le dosage des liquides pratique et pratique<\/li>\n<li>La base tous feux Cookstar\u00ae assure une r\u00e9gulation optimale de la chaleur sur tout type de plaque de cuisson<\/li>\n<li>Passe au four jusqu&#8217;\u00e0 230\u00b0C<\/li>\n<li>Fabriqu\u00e9 en Allemagne &#8211; Garantie 15 ans*<\/li>\n<\/ul>\n<p>Fabriqu\u00e9 en acier inoxydable de haute qualit\u00e9, trait\u00e9 avec de l&#8217;\u00e9mail Fabriqu\u00e9 en acier inoxydable 18\/10, la collection Original-Profi\u00ae est facile \u00e0 nettoyer, extr\u00eamement durable et insensible \u00e0 la rouille. Les composants de l&#8217;ensemble conviennent \u00e0 tous les types de plaques de cuisson gr\u00e2ce \u00e0 la base Cookstar\u00ae Allher et sont optimis\u00e9s pour les plaques \u00e0 induction. Sa conception sophistiqu\u00e9e permet une absorption, une distribution et une accumulation optimales de la chaleur. Les poign\u00e9es en m\u00e9tal froid, caract\u00e9ristiques de la s\u00e9rie, assurent une temp\u00e9rature de cuisson agr\u00e9able.<\/p>\n<p>Gr\u00e2ce \u00e0 la fonction \u00ab Condensate-Plus \u00bb, les couvercles m\u00e9talliques de la collection Original-Profi\u00ae garantissent que la vapeur condens\u00e9e s&#8217;\u00e9coule de mani\u00e8re cibl\u00e9e, laissant les aliments juteux et aromatiques.<\/p>\n<p>Cela fait de cette collection un compagnon durable dont vous ne voudrez plus vous passer.<\/p>\n<p>Enti\u00e8rement profil\u00e9 et parfait pour une cuisine sophistiqu\u00e9e !<\/p>\n<p>*Uniquement sur les pi\u00e8ces en acier inoxydable<\/p>\n","protected":false},"excerpt":{"rendered":"<p><br data-mce-bogus=\"1\"><\/p>\n","protected":false},"featured_media":505475,"template":"","meta":{"_acf_changed":false,"inline_featured_image":false},"product_cat":[12458,14780],"product_tag":[21529,25021,13306,12469,13179],"acf":[],"yoast_head":"<!-- This site is optimized with the Yoast SEO Premium plugin v18.6 (Yoast SEO v19.13) - https:\/\/yoast.com\/wordpress\/plugins\/seo\/ -->\n<title>FISSLER Original-Profi Collection Ensemble de 5 pi\u00e8ces Po\u00ealon - Erresse Shop<\/title>\n<meta name=\"robots\" content=\"index, follow, max-snippet:-1, max-image-preview:large, max-video-preview:-1\" \/>\n<link rel=\"canonical\" href=\"https:\/\/www.erresse-shop.it\/fr\/shop\/poeles-pots\/batteries-de-cuisine\/fissler-original-profi-collection-ensemble-de-5-pieces-poelon\/\" \/>\n<meta property=\"og:locale\" content=\"fr_FR\" \/>\n<meta property=\"og:type\" content=\"article\" \/>\n<meta property=\"og:title\" content=\"FISSLER Original-Profi Collection Ensemble de 5 pi\u00e8ces Po\u00ealon\" \/>\n<meta property=\"og:url\" content=\"https:\/\/www.erresse-shop.it\/fr\/shop\/poeles-pots\/batteries-de-cuisine\/fissler-original-profi-collection-ensemble-de-5-pieces-poelon\/\" \/>\n<meta property=\"og:site_name\" content=\"Erresse Shop\" \/>\n<meta property=\"article:modified_time\" content=\"2025-06-27T09:22:24+00:00\" \/>\n<meta property=\"og:image\" content=\"https:\/\/www.erresse-shop.it\/wp-content\/uploads\/2025\/06\/FISSLER-Original-Profi-Collection-Set-5-Pezzi-Tegame.jpg\" \/>\n\t<meta property=\"og:image:width\" content=\"1200\" \/>\n\t<meta property=\"og:image:height\" content=\"1200\" \/>\n\t<meta property=\"og:image:type\" content=\"image\/jpeg\" \/>\n<meta name=\"twitter:card\" content=\"summary_large_image\" \/>\n<script type=\"application\/ld+json\" class=\"yoast-schema-graph\">{\"@context\":\"https:\/\/schema.org\",\"@graph\":[{\"@type\":\"WebPage\",\"@id\":\"https:\/\/www.erresse-shop.it\/fr\/shop\/poeles-pots\/batteries-de-cuisine\/fissler-original-profi-collection-ensemble-de-5-pieces-poelon\/\",\"url\":\"https:\/\/www.erresse-shop.it\/fr\/shop\/poeles-pots\/batteries-de-cuisine\/fissler-original-profi-collection-ensemble-de-5-pieces-poelon\/\",\"name\":\"FISSLER Original-Profi Collection Ensemble de 5 pi\u00e8ces Po\u00ealon - Erresse Shop\",\"isPartOf\":{\"@id\":\"https:\/\/www.erresse-shop.it\/fr\/#website\"},\"datePublished\":\"2025-06-27T09:06:09+00:00\",\"dateModified\":\"2025-06-27T09:22:24+00:00\",\"breadcrumb\":{\"@id\":\"https:\/\/www.erresse-shop.it\/fr\/shop\/poeles-pots\/batteries-de-cuisine\/fissler-original-profi-collection-ensemble-de-5-pieces-poelon\/#breadcrumb\"},\"inLanguage\":\"fr-FR\",\"potentialAction\":[{\"@type\":\"ReadAction\",\"target\":[\"https:\/\/www.erresse-shop.it\/fr\/shop\/poeles-pots\/batteries-de-cuisine\/fissler-original-profi-collection-ensemble-de-5-pieces-poelon\/\"]}]},{\"@type\":\"BreadcrumbList\",\"@id\":\"https:\/\/www.erresse-shop.it\/fr\/shop\/poeles-pots\/batteries-de-cuisine\/fissler-original-profi-collection-ensemble-de-5-pieces-poelon\/#breadcrumb\",\"itemListElement\":[{\"@type\":\"ListItem\",\"position\":1,\"name\":\"Home\",\"item\":\"https:\/\/www.erresse-shop.it\/fr\/\"},{\"@type\":\"ListItem\",\"position\":2,\"name\":\"Shop\",\"item\":\"https:\/\/www.erresse-shop.it\/fr\/shop\/\"},{\"@type\":\"ListItem\",\"position\":3,\"name\":\"FISSLER Original-Profi Collection Ensemble de 5 pi\u00e8ces Po\u00ealon\"}]},{\"@type\":\"WebSite\",\"@id\":\"https:\/\/www.erresse-shop.it\/fr\/#website\",\"url\":\"https:\/\/www.erresse-shop.it\/fr\/\",\"name\":\"Erresse Shop\",\"description\":\"Articoli di qualit\u00e0 per la casa\",\"potentialAction\":[{\"@type\":\"SearchAction\",\"target\":{\"@type\":\"EntryPoint\",\"urlTemplate\":\"https:\/\/www.erresse-shop.it\/fr\/?s={search_term_string}\"},\"query-input\":\"required name=search_term_string\"}],\"inLanguage\":\"fr-FR\"}]}<\/script>\n<!-- \/ Yoast SEO Premium plugin. -->","yoast_head_json":{"title":"FISSLER Original-Profi Collection Ensemble de 5 pi\u00e8ces Po\u00ealon - Erresse Shop","robots":{"index":"index","follow":"follow","max-snippet":"max-snippet:-1","max-image-preview":"max-image-preview:large","max-video-preview":"max-video-preview:-1"},"canonical":"https:\/\/www.erresse-shop.it\/fr\/shop\/poeles-pots\/batteries-de-cuisine\/fissler-original-profi-collection-ensemble-de-5-pieces-poelon\/","og_locale":"fr_FR","og_type":"article","og_title":"FISSLER Original-Profi Collection Ensemble de 5 pi\u00e8ces Po\u00ealon","og_url":"https:\/\/www.erresse-shop.it\/fr\/shop\/poeles-pots\/batteries-de-cuisine\/fissler-original-profi-collection-ensemble-de-5-pieces-poelon\/","og_site_name":"Erresse Shop","article_modified_time":"2025-06-27T09:22:24+00:00","og_image":[{"width":1200,"height":1200,"url":"https:\/\/www.erresse-shop.it\/wp-content\/uploads\/2025\/06\/FISSLER-Original-Profi-Collection-Set-5-Pezzi-Tegame.jpg","type":"image\/jpeg"}],"twitter_card":"summary_large_image","schema":{"@context":"https:\/\/schema.org","@graph":[{"@type":"WebPage","@id":"https:\/\/www.erresse-shop.it\/fr\/shop\/poeles-pots\/batteries-de-cuisine\/fissler-original-profi-collection-ensemble-de-5-pieces-poelon\/","url":"https:\/\/www.erresse-shop.it\/fr\/shop\/poeles-pots\/batteries-de-cuisine\/fissler-original-profi-collection-ensemble-de-5-pieces-poelon\/","name":"FISSLER Original-Profi Collection Ensemble de 5 pi\u00e8ces Po\u00ealon - Erresse Shop","isPartOf":{"@id":"https:\/\/www.erresse-shop.it\/fr\/#website"},"datePublished":"2025-06-27T09:06:09+00:00","dateModified":"2025-06-27T09:22:24+00:00","breadcrumb":{"@id":"https:\/\/www.erresse-shop.it\/fr\/shop\/poeles-pots\/batteries-de-cuisine\/fissler-original-profi-collection-ensemble-de-5-pieces-poelon\/#breadcrumb"},"inLanguage":"fr-FR","potentialAction":[{"@type":"ReadAction","target":["https:\/\/www.erresse-shop.it\/fr\/shop\/poeles-pots\/batteries-de-cuisine\/fissler-original-profi-collection-ensemble-de-5-pieces-poelon\/"]}]},{"@type":"BreadcrumbList","@id":"https:\/\/www.erresse-shop.it\/fr\/shop\/poeles-pots\/batteries-de-cuisine\/fissler-original-profi-collection-ensemble-de-5-pieces-poelon\/#breadcrumb","itemListElement":[{"@type":"ListItem","position":1,"name":"Home","item":"https:\/\/www.erresse-shop.it\/fr\/"},{"@type":"ListItem","position":2,"name":"Shop","item":"https:\/\/www.erresse-shop.it\/fr\/shop\/"},{"@type":"ListItem","position":3,"name":"FISSLER Original-Profi Collection Ensemble de 5 pi\u00e8ces Po\u00ealon"}]},{"@type":"WebSite","@id":"https:\/\/www.erresse-shop.it\/fr\/#website","url":"https:\/\/www.erresse-shop.it\/fr\/","name":"Erresse Shop","description":"Articoli di qualit\u00e0 per la casa","potentialAction":[{"@type":"SearchAction","target":{"@type":"EntryPoint","urlTemplate":"https:\/\/www.erresse-shop.it\/fr\/?s={search_term_string}"},"query-input":"required name=search_term_string"}],"inLanguage":"fr-FR"}]}},"df_price":559.95,"df_sale_price":559.95,"df_regular_price":729,"df_image_link":"https:\/\/www.erresse-shop.it\/wp-content\/uploads\/2025\/06\/FISSLER-Original-Profi-Collection-Set-5-Pezzi-Tegame-300x300.jpg","_links":{"self":[{"href":"https:\/\/www.erresse-shop.it\/fr\/wp-json\/wp\/v2\/product\/505463"}],"collection":[{"href":"https:\/\/www.erresse-shop.it\/fr\/wp-json\/wp\/v2\/product"}],"about":[{"href":"https:\/\/www.erresse-shop.it\/fr\/wp-json\/wp\/v2\/types\/product"}],"wp:featuredmedia":[{"embeddable":true,"href":"https:\/\/www.erresse-shop.it\/fr\/wp-json\/wp\/v2\/media\/505475"}],"wp:attachment":[{"href":"https:\/\/www.erresse-shop.it\/fr\/wp-json\/wp\/v2\/media?parent=505463"}],"wp:term":[{"taxonomy":"product_cat","embeddable":true,"href":"https:\/\/www.erresse-shop.it\/fr\/wp-json\/wp\/v2\/product_cat?post=505463"},{"taxonomy":"product_tag","embeddable":true,"href":"https:\/\/www.erresse-shop.it\/fr\/wp-json\/wp\/v2\/product_tag?post=505463"}],"curies":[{"name":"wp","href":"https:\/\/api.w.org\/{rel}","templated":true}]}}