{"id":505422,"date":"2025-06-27T08:27:12","date_gmt":"2025-06-27T08:27:15","guid":{"rendered":"https:\/\/www.erresse-shop.it\/?post_type=product&#038;p=505422"},"modified":"2025-06-27T09:03:54","modified_gmt":"2025-06-27T09:03:54","slug":"fissler-original-profi-collection-ensemble-de-3-pieces","status":"publish","type":"product","link":"https:\/\/www.erresse-shop.it\/fr\/shop\/poeles-pots\/batteries-de-cuisine\/fissler-original-profi-collection-ensemble-de-3-pieces\/","title":{"rendered":"FISSLER Original-Profi Collection Ensemble de 3 pi\u00e8ces"},"content":{"rendered":"<p>La collection Original-Profi\u00ae a \u00e9t\u00e9 d\u00e9velopp\u00e9e en collaboration avec des chefs \u00e9toil\u00e9s et s\u00e9duit aussi bien dans les cuisines \u00e9toil\u00e9es que sur les fourneaux de la maison.<\/p>\n<p>R\u00e9pondant aux plus hautes exigences de qualit\u00e9, le design de la s\u00e9rie est \u00e0 la fois simple, \u00e9pur\u00e9 et aux lignes claires.<\/p>\n<p><strong>L&#8217;ensemble comprend\u00a0:<\/strong><\/p>\n<ul>\n<li>Faitout 20 cm \u00d8 4,0 l<\/li>\n<li>Faitout sans couvercle 16 cm \u00d8 1,4 l<\/li>\n<li>Po\u00eale sans couvercle 24 cm \u00d8 2,0 l<\/li>\n<\/ul>\n<p><strong>Avantages en bref\u00a0:<\/strong><\/p>\n<ul>\n<li>Facile \u00e0 nettoyer et compatible lave-vaisselle<\/li>\n<li>Design moderne et harmonieux avec des \u00e9l\u00e9ments polis et mats<\/li>\n<li>Poign\u00e9e et bride coud\u00e9es orn\u00e9es de pois<\/li>\n<li>Corps robuste en acier inoxydable 18\/10 de haute qualit\u00e9<\/li>\n<li>Les couvercles m\u00e9talliques incurv\u00e9s permettent \u00e0 la vapeur de s&#8217;\u00e9couler, rendant les plats encore plus savoureux et succulents<\/li>\n<li>Les poign\u00e9es m\u00e9talliques en acier inoxydable, qui restent froides, assurent une temp\u00e9rature uniforme et agr\u00e9able pendant la cuisson et peuvent \u00eatre manipul\u00e9es sans four Gants<\/li>\n<li>Le bord verseur extra-large permet un versement et un transfert pr\u00e9cis et sans coulures.<\/li>\n<li>L&#8217;\u00e9chelle int\u00e9gr\u00e9e grav\u00e9e au laser en litres et en quarts facilite le dosage des liquides.<\/li>\n<li>Le fond Cookstar\u00ae tous feux assure une r\u00e9gulation optimale de la chaleur sur tous les types de feux.<\/li>\n<li>Passe au four jusqu&#8217;\u00e0 230 \u00b0C.<\/li>\n<li>Fabriqu\u00e9 en Allemagne &#8211; Garantie 15 ans*.<\/li>\n<\/ul>\n<p>Fabriqu\u00e9 en acier inoxydable 18\/10 rectifi\u00e9 de haute qualit\u00e9, l&#8217;Original-Profi Collection\u00ae est facile d&#8217;entretien, extr\u00eamement durable et insensible \u00e0 la rouille. Les \u00e9l\u00e9ments de l&#8217;ensemble sont compatibles avec tous les types de feux gr\u00e2ce au fond Cookstar\u00ae Allher et sont optimis\u00e9s pour les plaques \u00e0 induction. Leur conception sophistiqu\u00e9e permet une absorption, une r\u00e9partition et une conservation optimales de la chaleur. Les poign\u00e9es m\u00e9talliques froides caract\u00e9ristiques de la s\u00e9rie garantissent une temp\u00e9rature de cuisson agr\u00e9able.<\/p>\n<p>Gr\u00e2ce \u00e0 la fonction condensation-plus, les couvercles m\u00e9talliques de la Collection Original-Profi\u00ae assurent une \u00e9vacuation cibl\u00e9e de la vapeur condens\u00e9e, laissant les aliments juteux et savoureux.<\/p>\n<p>C&#8217;est ainsi un compagnon durable dont vous ne pourrez plus vous passer.<\/p>\n<p>Contour parfait pour une cuisine raffin\u00e9e\u00a0!<\/p>\n<p>*Uniquement sur les pi\u00e8ces en acier inoxydable<\/p>\n","protected":false},"excerpt":{"rendered":"<p><br data-mce-bogus=\"1\"><\/p>\n","protected":false},"featured_media":505433,"template":"","meta":{"_acf_changed":false,"inline_featured_image":false},"product_cat":[12458,14780],"product_tag":[21529,25021,13178,12469],"acf":[],"yoast_head":"<!-- This site is optimized with the Yoast SEO Premium plugin v18.6 (Yoast SEO v19.13) - https:\/\/yoast.com\/wordpress\/plugins\/seo\/ -->\n<title>FISSLER Original-Profi Collection Ensemble de 3 pi\u00e8ces - Erresse Shop<\/title>\n<meta name=\"robots\" content=\"index, follow, max-snippet:-1, max-image-preview:large, max-video-preview:-1\" \/>\n<link rel=\"canonical\" href=\"https:\/\/www.erresse-shop.it\/fr\/shop\/poeles-pots\/batteries-de-cuisine\/fissler-original-profi-collection-ensemble-de-3-pieces\/\" \/>\n<meta property=\"og:locale\" content=\"fr_FR\" \/>\n<meta property=\"og:type\" content=\"article\" \/>\n<meta property=\"og:title\" content=\"FISSLER Original-Profi Collection Ensemble de 3 pi\u00e8ces\" \/>\n<meta property=\"og:url\" content=\"https:\/\/www.erresse-shop.it\/fr\/shop\/poeles-pots\/batteries-de-cuisine\/fissler-original-profi-collection-ensemble-de-3-pieces\/\" \/>\n<meta property=\"og:site_name\" content=\"Erresse Shop\" \/>\n<meta property=\"article:modified_time\" content=\"2025-06-27T09:03:54+00:00\" \/>\n<meta property=\"og:image\" content=\"https:\/\/www.erresse-shop.it\/wp-content\/uploads\/2025\/06\/FISSLER-Original-Profi-Collection-Set-3-Pezzi.jpg\" \/>\n\t<meta property=\"og:image:width\" content=\"1200\" \/>\n\t<meta property=\"og:image:height\" content=\"1200\" \/>\n\t<meta property=\"og:image:type\" content=\"image\/jpeg\" \/>\n<meta name=\"twitter:card\" content=\"summary_large_image\" \/>\n<script type=\"application\/ld+json\" class=\"yoast-schema-graph\">{\"@context\":\"https:\/\/schema.org\",\"@graph\":[{\"@type\":\"WebPage\",\"@id\":\"https:\/\/www.erresse-shop.it\/fr\/shop\/poeles-pots\/batteries-de-cuisine\/fissler-original-profi-collection-ensemble-de-3-pieces\/\",\"url\":\"https:\/\/www.erresse-shop.it\/fr\/shop\/poeles-pots\/batteries-de-cuisine\/fissler-original-profi-collection-ensemble-de-3-pieces\/\",\"name\":\"FISSLER Original-Profi Collection Ensemble de 3 pi\u00e8ces - Erresse Shop\",\"isPartOf\":{\"@id\":\"https:\/\/www.erresse-shop.it\/fr\/#website\"},\"datePublished\":\"2025-06-27T08:27:15+00:00\",\"dateModified\":\"2025-06-27T09:03:54+00:00\",\"breadcrumb\":{\"@id\":\"https:\/\/www.erresse-shop.it\/fr\/shop\/poeles-pots\/batteries-de-cuisine\/fissler-original-profi-collection-ensemble-de-3-pieces\/#breadcrumb\"},\"inLanguage\":\"fr-FR\",\"potentialAction\":[{\"@type\":\"ReadAction\",\"target\":[\"https:\/\/www.erresse-shop.it\/fr\/shop\/poeles-pots\/batteries-de-cuisine\/fissler-original-profi-collection-ensemble-de-3-pieces\/\"]}]},{\"@type\":\"BreadcrumbList\",\"@id\":\"https:\/\/www.erresse-shop.it\/fr\/shop\/poeles-pots\/batteries-de-cuisine\/fissler-original-profi-collection-ensemble-de-3-pieces\/#breadcrumb\",\"itemListElement\":[{\"@type\":\"ListItem\",\"position\":1,\"name\":\"Home\",\"item\":\"https:\/\/www.erresse-shop.it\/fr\/\"},{\"@type\":\"ListItem\",\"position\":2,\"name\":\"Shop\",\"item\":\"https:\/\/www.erresse-shop.it\/fr\/shop\/\"},{\"@type\":\"ListItem\",\"position\":3,\"name\":\"FISSLER Original-Profi Collection Ensemble de 3 pi\u00e8ces\"}]},{\"@type\":\"WebSite\",\"@id\":\"https:\/\/www.erresse-shop.it\/fr\/#website\",\"url\":\"https:\/\/www.erresse-shop.it\/fr\/\",\"name\":\"Erresse Shop\",\"description\":\"Articoli di qualit\u00e0 per la casa\",\"potentialAction\":[{\"@type\":\"SearchAction\",\"target\":{\"@type\":\"EntryPoint\",\"urlTemplate\":\"https:\/\/www.erresse-shop.it\/fr\/?s={search_term_string}\"},\"query-input\":\"required name=search_term_string\"}],\"inLanguage\":\"fr-FR\"}]}<\/script>\n<!-- \/ Yoast SEO Premium plugin. -->","yoast_head_json":{"title":"FISSLER Original-Profi Collection Ensemble de 3 pi\u00e8ces - Erresse Shop","robots":{"index":"index","follow":"follow","max-snippet":"max-snippet:-1","max-image-preview":"max-image-preview:large","max-video-preview":"max-video-preview:-1"},"canonical":"https:\/\/www.erresse-shop.it\/fr\/shop\/poeles-pots\/batteries-de-cuisine\/fissler-original-profi-collection-ensemble-de-3-pieces\/","og_locale":"fr_FR","og_type":"article","og_title":"FISSLER Original-Profi Collection Ensemble de 3 pi\u00e8ces","og_url":"https:\/\/www.erresse-shop.it\/fr\/shop\/poeles-pots\/batteries-de-cuisine\/fissler-original-profi-collection-ensemble-de-3-pieces\/","og_site_name":"Erresse Shop","article_modified_time":"2025-06-27T09:03:54+00:00","og_image":[{"width":1200,"height":1200,"url":"https:\/\/www.erresse-shop.it\/wp-content\/uploads\/2025\/06\/FISSLER-Original-Profi-Collection-Set-3-Pezzi.jpg","type":"image\/jpeg"}],"twitter_card":"summary_large_image","schema":{"@context":"https:\/\/schema.org","@graph":[{"@type":"WebPage","@id":"https:\/\/www.erresse-shop.it\/fr\/shop\/poeles-pots\/batteries-de-cuisine\/fissler-original-profi-collection-ensemble-de-3-pieces\/","url":"https:\/\/www.erresse-shop.it\/fr\/shop\/poeles-pots\/batteries-de-cuisine\/fissler-original-profi-collection-ensemble-de-3-pieces\/","name":"FISSLER Original-Profi Collection Ensemble de 3 pi\u00e8ces - Erresse Shop","isPartOf":{"@id":"https:\/\/www.erresse-shop.it\/fr\/#website"},"datePublished":"2025-06-27T08:27:15+00:00","dateModified":"2025-06-27T09:03:54+00:00","breadcrumb":{"@id":"https:\/\/www.erresse-shop.it\/fr\/shop\/poeles-pots\/batteries-de-cuisine\/fissler-original-profi-collection-ensemble-de-3-pieces\/#breadcrumb"},"inLanguage":"fr-FR","potentialAction":[{"@type":"ReadAction","target":["https:\/\/www.erresse-shop.it\/fr\/shop\/poeles-pots\/batteries-de-cuisine\/fissler-original-profi-collection-ensemble-de-3-pieces\/"]}]},{"@type":"BreadcrumbList","@id":"https:\/\/www.erresse-shop.it\/fr\/shop\/poeles-pots\/batteries-de-cuisine\/fissler-original-profi-collection-ensemble-de-3-pieces\/#breadcrumb","itemListElement":[{"@type":"ListItem","position":1,"name":"Home","item":"https:\/\/www.erresse-shop.it\/fr\/"},{"@type":"ListItem","position":2,"name":"Shop","item":"https:\/\/www.erresse-shop.it\/fr\/shop\/"},{"@type":"ListItem","position":3,"name":"FISSLER Original-Profi Collection Ensemble de 3 pi\u00e8ces"}]},{"@type":"WebSite","@id":"https:\/\/www.erresse-shop.it\/fr\/#website","url":"https:\/\/www.erresse-shop.it\/fr\/","name":"Erresse Shop","description":"Articoli di qualit\u00e0 per la casa","potentialAction":[{"@type":"SearchAction","target":{"@type":"EntryPoint","urlTemplate":"https:\/\/www.erresse-shop.it\/fr\/?s={search_term_string}"},"query-input":"required name=search_term_string"}],"inLanguage":"fr-FR"}]}},"df_price":319.95,"df_sale_price":319.95,"df_regular_price":399,"df_image_link":"https:\/\/www.erresse-shop.it\/wp-content\/uploads\/2025\/06\/FISSLER-Original-Profi-Collection-Set-3-Pezzi-300x300.jpg","_links":{"self":[{"href":"https:\/\/www.erresse-shop.it\/fr\/wp-json\/wp\/v2\/product\/505422"}],"collection":[{"href":"https:\/\/www.erresse-shop.it\/fr\/wp-json\/wp\/v2\/product"}],"about":[{"href":"https:\/\/www.erresse-shop.it\/fr\/wp-json\/wp\/v2\/types\/product"}],"wp:featuredmedia":[{"embeddable":true,"href":"https:\/\/www.erresse-shop.it\/fr\/wp-json\/wp\/v2\/media\/505433"}],"wp:attachment":[{"href":"https:\/\/www.erresse-shop.it\/fr\/wp-json\/wp\/v2\/media?parent=505422"}],"wp:term":[{"taxonomy":"product_cat","embeddable":true,"href":"https:\/\/www.erresse-shop.it\/fr\/wp-json\/wp\/v2\/product_cat?post=505422"},{"taxonomy":"product_tag","embeddable":true,"href":"https:\/\/www.erresse-shop.it\/fr\/wp-json\/wp\/v2\/product_tag?post=505422"}],"curies":[{"name":"wp","href":"https:\/\/api.w.org\/{rel}","templated":true}]}}