{"id":505381,"date":"2025-06-27T07:44:34","date_gmt":"2025-06-27T07:44:37","guid":{"rendered":"https:\/\/www.erresse-shop.it\/?post_type=product&#038;p=505381"},"modified":"2025-06-27T08:09:26","modified_gmt":"2025-06-27T08:09:26","slug":"fissler-palermo-ensemble-de-5-pieces-copia","status":"publish","type":"product","link":"https:\/\/www.erresse-shop.it\/fr\/shop\/poeles-pots\/batteries-de-cuisine\/fissler-palermo-ensemble-de-5-pieces-copia\/","title":{"rendered":"FISSLER San Francisco Ensemble de 4 pi\u00e8ces"},"content":{"rendered":"<p>Les poign\u00e9es incurv\u00e9es et la finition satin\u00e9e de la s\u00e9rie d&#8217;ustensiles de cuisine San Francisco ajoutent une touche de style.<\/p>\n<p>Le fond superthermique assure une r\u00e9partition uniforme et \u00e9conome en \u00e9nergie de la chaleur sur tous les feux, y compris l&#8217;induction. La balance de mesure int\u00e9gr\u00e9e est un outil pratique pour mesurer les liquides sans tasse \u00e0 mesurer suppl\u00e9mentaire, tandis que le bord antiadh\u00e9sif assure un versement facile et sans goutte des sauces ou des soupes. Les casseroles sont \u00e9galement \u00e9quip\u00e9es d&#8217;un couvercle en verre de qualit\u00e9 avec fermeture herm\u00e9tique, qui permet les meilleures conditions de cuisson et une cuisson visible \u00e9conome en \u00e9nergie.<\/p>\n<p><strong>L&#8217;ensemble se compose de\u00a0:<\/strong><\/p>\n<ul>\n<li>Faitout 16 cm<\/li>\n<li>Faitout 20 cm<\/li>\n<li>Faitout 24 cm<\/li>\n<li>Casserole de 20 cm<\/li>\n<\/ul>\n<h4 data-start=\"826\" data-end=\"862\"><strong data-start=\"831\" data-end=\"862\">Principales caract\u00e9ristiques\u00a0:<\/strong><\/h4>\n<ul>\n<li data-start=\"865\" data-end=\"956\"><strong data-start=\"865\" data-end=\"887\">Fond superthermique<\/strong>\u00a0: r\u00e9partition uniforme de la chaleur et efficacit\u00e9 \u00e9nerg\u00e9tique maximale<\/li>\n<li data-start=\"959\" data-end=\"1045\"><strong data-start=\"959\" data-end=\"1000\">Compatible avec tous les feux<\/strong>, y compris l&#8217;induction et le four (jusqu&#8217;\u00e0 180 \u00b0C)<\/li>\n<li data-start=\"1048\" data-end=\"1138\"><strong data-start=\"1048\" data-end=\"1079\">Couvercles en verre tremp\u00e9<\/strong>\u00a0: surveillez la cuisson sans soulever le couvercle<\/li>\n<li data-start=\"1141\" data-end=\"1201\"><strong data-start=\"1141\" data-end=\"1167\">Poign\u00e9es en acier inoxydable<\/strong>\u00a0: robustes et r\u00e9sistantes \u00e0 la chaleur<\/li>\n<li data-start=\"1204\" data-end=\"1256\"><strong data-start=\"1204\" data-end=\"1233\">Lavable au lave-vaisselle<\/strong>\u00a0: entretien facile<\/li>\n<li data-start=\"1259\" data-end=\"1303\"><strong data-start=\"1259\" data-end=\"1278\">Bord verseur<\/strong>\u00a0: pour un versement sans gouttes<\/li>\n<\/ul>\n","protected":false},"excerpt":{"rendered":"<p><br data-mce-bogus=\"1\"><\/p>\n","protected":false},"featured_media":505392,"template":"","meta":{"_acf_changed":false,"inline_featured_image":false},"product_cat":[12458,14780],"product_tag":[21529,25021,12469],"acf":[],"yoast_head":"<!-- This site is optimized with the Yoast SEO Premium plugin v18.6 (Yoast SEO v19.13) - https:\/\/yoast.com\/wordpress\/plugins\/seo\/ -->\n<title>FISSLER San Francisco Ensemble de 4 pi\u00e8ces - Erresse Shop<\/title>\n<meta name=\"robots\" content=\"index, follow, max-snippet:-1, max-image-preview:large, max-video-preview:-1\" \/>\n<link rel=\"canonical\" href=\"https:\/\/www.erresse-shop.it\/fr\/shop\/poeles-pots\/batteries-de-cuisine\/fissler-palermo-ensemble-de-5-pieces-copia\/\" \/>\n<meta property=\"og:locale\" content=\"fr_FR\" \/>\n<meta property=\"og:type\" content=\"article\" \/>\n<meta property=\"og:title\" content=\"FISSLER San Francisco Ensemble de 4 pi\u00e8ces\" \/>\n<meta property=\"og:url\" content=\"https:\/\/www.erresse-shop.it\/fr\/shop\/poeles-pots\/batteries-de-cuisine\/fissler-palermo-ensemble-de-5-pieces-copia\/\" \/>\n<meta property=\"og:site_name\" content=\"Erresse Shop\" \/>\n<meta property=\"article:modified_time\" content=\"2025-06-27T08:09:26+00:00\" \/>\n<meta property=\"og:image\" content=\"https:\/\/www.erresse-shop.it\/wp-content\/uploads\/2025\/06\/FISSLER-San-Francisco-Set-4-Pezzi.jpg\" \/>\n\t<meta property=\"og:image:width\" content=\"1200\" \/>\n\t<meta property=\"og:image:height\" content=\"1200\" \/>\n\t<meta property=\"og:image:type\" content=\"image\/jpeg\" \/>\n<meta name=\"twitter:card\" content=\"summary_large_image\" \/>\n<script type=\"application\/ld+json\" class=\"yoast-schema-graph\">{\"@context\":\"https:\/\/schema.org\",\"@graph\":[{\"@type\":\"WebPage\",\"@id\":\"https:\/\/www.erresse-shop.it\/fr\/shop\/poeles-pots\/batteries-de-cuisine\/fissler-palermo-ensemble-de-5-pieces-copia\/\",\"url\":\"https:\/\/www.erresse-shop.it\/fr\/shop\/poeles-pots\/batteries-de-cuisine\/fissler-palermo-ensemble-de-5-pieces-copia\/\",\"name\":\"FISSLER San Francisco Ensemble de 4 pi\u00e8ces - Erresse Shop\",\"isPartOf\":{\"@id\":\"https:\/\/www.erresse-shop.it\/fr\/#website\"},\"datePublished\":\"2025-06-27T07:44:37+00:00\",\"dateModified\":\"2025-06-27T08:09:26+00:00\",\"breadcrumb\":{\"@id\":\"https:\/\/www.erresse-shop.it\/fr\/shop\/poeles-pots\/batteries-de-cuisine\/fissler-palermo-ensemble-de-5-pieces-copia\/#breadcrumb\"},\"inLanguage\":\"fr-FR\",\"potentialAction\":[{\"@type\":\"ReadAction\",\"target\":[\"https:\/\/www.erresse-shop.it\/fr\/shop\/poeles-pots\/batteries-de-cuisine\/fissler-palermo-ensemble-de-5-pieces-copia\/\"]}]},{\"@type\":\"BreadcrumbList\",\"@id\":\"https:\/\/www.erresse-shop.it\/fr\/shop\/poeles-pots\/batteries-de-cuisine\/fissler-palermo-ensemble-de-5-pieces-copia\/#breadcrumb\",\"itemListElement\":[{\"@type\":\"ListItem\",\"position\":1,\"name\":\"Home\",\"item\":\"https:\/\/www.erresse-shop.it\/fr\/\"},{\"@type\":\"ListItem\",\"position\":2,\"name\":\"Shop\",\"item\":\"https:\/\/www.erresse-shop.it\/fr\/shop\/\"},{\"@type\":\"ListItem\",\"position\":3,\"name\":\"FISSLER San Francisco Ensemble de 4 pi\u00e8ces\"}]},{\"@type\":\"WebSite\",\"@id\":\"https:\/\/www.erresse-shop.it\/fr\/#website\",\"url\":\"https:\/\/www.erresse-shop.it\/fr\/\",\"name\":\"Erresse Shop\",\"description\":\"Articoli di qualit\u00e0 per la casa\",\"potentialAction\":[{\"@type\":\"SearchAction\",\"target\":{\"@type\":\"EntryPoint\",\"urlTemplate\":\"https:\/\/www.erresse-shop.it\/fr\/?s={search_term_string}\"},\"query-input\":\"required name=search_term_string\"}],\"inLanguage\":\"fr-FR\"}]}<\/script>\n<!-- \/ Yoast SEO Premium plugin. -->","yoast_head_json":{"title":"FISSLER San Francisco Ensemble de 4 pi\u00e8ces - Erresse Shop","robots":{"index":"index","follow":"follow","max-snippet":"max-snippet:-1","max-image-preview":"max-image-preview:large","max-video-preview":"max-video-preview:-1"},"canonical":"https:\/\/www.erresse-shop.it\/fr\/shop\/poeles-pots\/batteries-de-cuisine\/fissler-palermo-ensemble-de-5-pieces-copia\/","og_locale":"fr_FR","og_type":"article","og_title":"FISSLER San Francisco Ensemble de 4 pi\u00e8ces","og_url":"https:\/\/www.erresse-shop.it\/fr\/shop\/poeles-pots\/batteries-de-cuisine\/fissler-palermo-ensemble-de-5-pieces-copia\/","og_site_name":"Erresse Shop","article_modified_time":"2025-06-27T08:09:26+00:00","og_image":[{"width":1200,"height":1200,"url":"https:\/\/www.erresse-shop.it\/wp-content\/uploads\/2025\/06\/FISSLER-San-Francisco-Set-4-Pezzi.jpg","type":"image\/jpeg"}],"twitter_card":"summary_large_image","schema":{"@context":"https:\/\/schema.org","@graph":[{"@type":"WebPage","@id":"https:\/\/www.erresse-shop.it\/fr\/shop\/poeles-pots\/batteries-de-cuisine\/fissler-palermo-ensemble-de-5-pieces-copia\/","url":"https:\/\/www.erresse-shop.it\/fr\/shop\/poeles-pots\/batteries-de-cuisine\/fissler-palermo-ensemble-de-5-pieces-copia\/","name":"FISSLER San Francisco Ensemble de 4 pi\u00e8ces - Erresse Shop","isPartOf":{"@id":"https:\/\/www.erresse-shop.it\/fr\/#website"},"datePublished":"2025-06-27T07:44:37+00:00","dateModified":"2025-06-27T08:09:26+00:00","breadcrumb":{"@id":"https:\/\/www.erresse-shop.it\/fr\/shop\/poeles-pots\/batteries-de-cuisine\/fissler-palermo-ensemble-de-5-pieces-copia\/#breadcrumb"},"inLanguage":"fr-FR","potentialAction":[{"@type":"ReadAction","target":["https:\/\/www.erresse-shop.it\/fr\/shop\/poeles-pots\/batteries-de-cuisine\/fissler-palermo-ensemble-de-5-pieces-copia\/"]}]},{"@type":"BreadcrumbList","@id":"https:\/\/www.erresse-shop.it\/fr\/shop\/poeles-pots\/batteries-de-cuisine\/fissler-palermo-ensemble-de-5-pieces-copia\/#breadcrumb","itemListElement":[{"@type":"ListItem","position":1,"name":"Home","item":"https:\/\/www.erresse-shop.it\/fr\/"},{"@type":"ListItem","position":2,"name":"Shop","item":"https:\/\/www.erresse-shop.it\/fr\/shop\/"},{"@type":"ListItem","position":3,"name":"FISSLER San Francisco Ensemble de 4 pi\u00e8ces"}]},{"@type":"WebSite","@id":"https:\/\/www.erresse-shop.it\/fr\/#website","url":"https:\/\/www.erresse-shop.it\/fr\/","name":"Erresse Shop","description":"Articoli di qualit\u00e0 per la casa","potentialAction":[{"@type":"SearchAction","target":{"@type":"EntryPoint","urlTemplate":"https:\/\/www.erresse-shop.it\/fr\/?s={search_term_string}"},"query-input":"required name=search_term_string"}],"inLanguage":"fr-FR"}]}},"df_price":179.95,"df_sale_price":179.95,"df_regular_price":209,"df_image_link":"https:\/\/www.erresse-shop.it\/wp-content\/uploads\/2025\/06\/FISSLER-San-Francisco-Set-4-Pezzi-300x300.jpg","_links":{"self":[{"href":"https:\/\/www.erresse-shop.it\/fr\/wp-json\/wp\/v2\/product\/505381"}],"collection":[{"href":"https:\/\/www.erresse-shop.it\/fr\/wp-json\/wp\/v2\/product"}],"about":[{"href":"https:\/\/www.erresse-shop.it\/fr\/wp-json\/wp\/v2\/types\/product"}],"wp:featuredmedia":[{"embeddable":true,"href":"https:\/\/www.erresse-shop.it\/fr\/wp-json\/wp\/v2\/media\/505392"}],"wp:attachment":[{"href":"https:\/\/www.erresse-shop.it\/fr\/wp-json\/wp\/v2\/media?parent=505381"}],"wp:term":[{"taxonomy":"product_cat","embeddable":true,"href":"https:\/\/www.erresse-shop.it\/fr\/wp-json\/wp\/v2\/product_cat?post=505381"},{"taxonomy":"product_tag","embeddable":true,"href":"https:\/\/www.erresse-shop.it\/fr\/wp-json\/wp\/v2\/product_tag?post=505381"}],"curies":[{"name":"wp","href":"https:\/\/api.w.org\/{rel}","templated":true}]}}