{"id":505346,"date":"2025-06-27T06:49:01","date_gmt":"2025-06-27T06:49:05","guid":{"rendered":"https:\/\/www.erresse-shop.it\/?post_type=product&#038;p=505346"},"modified":"2025-06-27T07:39:20","modified_gmt":"2025-06-27T07:39:20","slug":"fissler-kunmig-wok-36-cm-couvercle-en-verre","status":"publish","type":"product","link":"https:\/\/www.erresse-shop.it\/fr\/shop\/poeles-pots\/wok\/fissler-kunmig-wok-36-cm-couvercle-en-verre\/","title":{"rendered":"FISSLER Kunmig Wok 36 cm Couvercle en verre"},"content":{"rendered":"<p>Le wok en acier inoxydable Kunming avec couvercle en verre et poign\u00e9es m\u00e9talliques pratiques est la base pour savourer la cuisine asiatique.<\/p>\n<p>Le bac collecteur en acier inoxydable de haute qualit\u00e9 sert de support pour les aliments frits et les maintient au chaud pendant la cuisson. Et m\u00eame lorsque la cuisini\u00e8re est chaude, les grandes poign\u00e9es m\u00e9talliques des woks Fissler Kunming restent froides et tiennent bien dans la main pendant la cuisson, la friture et le saut\u00e9.<\/p>\n<p><strong>Caract\u00e9ristiques techniques\u00a0:<\/strong><\/p>\n<ul>\n<li style=\"list-style-type: none;\">\n<ul>\n<li>Capacit\u00e9 6,4 l<\/li>\n<li>Mat\u00e9riau : acier inoxydable 18\/10<\/li>\n<li>Diam\u00e8tre de la base 16,5 cm<\/li>\n<li>Dimensions 36 cm<\/li>\n<li>Type de produit\u00a0: Wok avec deux poign\u00e9es lat\u00e9rales<\/li>\n<li>Passe au four jusqu&#8217;\u00e0 180\u00b0C<\/li>\n<\/ul>\n<\/li>\n<\/ul>\n<p>Couleur\u00a0: Acier inoxydable \/ Argent<\/p>\n<ul>\n<li>Mat\u00e9riau du manche\u00a0: acier inoxydable<\/li>\n<li>Surface int\u00e9rieure liss\u00e9e<\/li>\n<li>Surface ext\u00e9rieure polie<\/li>\n<li>Taille de plaque de cuisson recommand\u00e9e\u00a0: 14,5\u00a0cm<\/li>\n<\/ul>\n<p><strong>Dimensions\u00a0:<\/strong> 37,5 x 46,5 x 20 cm<br \/>\n<strong>Poids\u00a0;<\/strong> 3 kg<\/p>\n","protected":false},"excerpt":{"rendered":"<p>Le wok en acier inoxydable Kunming avec couvercle en verre et poign\u00e9es m\u00e9talliques pratiques est la base pour savourer la<\/p>\n","protected":false},"featured_media":505372,"template":"","meta":{"_acf_changed":false,"inline_featured_image":false},"product_cat":[12458,12472],"product_tag":[21529,25021,12474],"acf":[],"yoast_head":"<!-- This site is optimized with the Yoast SEO Premium plugin v18.6 (Yoast SEO v19.13) - https:\/\/yoast.com\/wordpress\/plugins\/seo\/ -->\n<title>FISSLER Kunmig Wok 36 cm Couvercle en verre - Erresse Shop<\/title>\n<meta name=\"description\" content=\"Le wok en acier inoxydable Kunming avec couvercle en verre et poign\u00e9es m\u00e9talliques pratiques est la base pour savourer la cuisine asiatique. Le bac\" \/>\n<meta name=\"robots\" content=\"index, follow, max-snippet:-1, max-image-preview:large, max-video-preview:-1\" \/>\n<link rel=\"canonical\" href=\"https:\/\/www.erresse-shop.it\/fr\/shop\/poeles-pots\/wok\/fissler-kunmig-wok-36-cm-couvercle-en-verre\/\" \/>\n<meta property=\"og:locale\" content=\"fr_FR\" \/>\n<meta property=\"og:type\" content=\"article\" \/>\n<meta property=\"og:title\" content=\"FISSLER Kunmig Wok 36 cm Couvercle en verre\" \/>\n<meta property=\"og:description\" content=\"Le wok en acier inoxydable Kunming avec couvercle en verre et poign\u00e9es m\u00e9talliques pratiques est la base pour savourer la cuisine asiatique. Le bac\" \/>\n<meta property=\"og:url\" content=\"https:\/\/www.erresse-shop.it\/fr\/shop\/poeles-pots\/wok\/fissler-kunmig-wok-36-cm-couvercle-en-verre\/\" \/>\n<meta property=\"og:site_name\" content=\"Erresse Shop\" \/>\n<meta property=\"article:modified_time\" content=\"2025-06-27T07:39:20+00:00\" \/>\n<meta property=\"og:image\" content=\"https:\/\/www.erresse-shop.it\/wp-content\/uploads\/2025\/06\/FISSLER-Kunmig-Wok-36-cm-Coperchio-in-vetro.jpg\" \/>\n\t<meta property=\"og:image:width\" content=\"1200\" \/>\n\t<meta property=\"og:image:height\" content=\"1200\" \/>\n\t<meta property=\"og:image:type\" content=\"image\/jpeg\" \/>\n<meta name=\"twitter:card\" content=\"summary_large_image\" \/>\n<script type=\"application\/ld+json\" class=\"yoast-schema-graph\">{\"@context\":\"https:\/\/schema.org\",\"@graph\":[{\"@type\":\"WebPage\",\"@id\":\"https:\/\/www.erresse-shop.it\/fr\/shop\/poeles-pots\/wok\/fissler-kunmig-wok-36-cm-couvercle-en-verre\/\",\"url\":\"https:\/\/www.erresse-shop.it\/fr\/shop\/poeles-pots\/wok\/fissler-kunmig-wok-36-cm-couvercle-en-verre\/\",\"name\":\"FISSLER Kunmig Wok 36 cm Couvercle en verre - Erresse Shop\",\"isPartOf\":{\"@id\":\"https:\/\/www.erresse-shop.it\/fr\/#website\"},\"datePublished\":\"2025-06-27T06:49:05+00:00\",\"dateModified\":\"2025-06-27T07:39:20+00:00\",\"description\":\"Le wok en acier inoxydable Kunming avec couvercle en verre et poign\u00e9es m\u00e9talliques pratiques est la base pour savourer la cuisine asiatique. Le bac\",\"breadcrumb\":{\"@id\":\"https:\/\/www.erresse-shop.it\/fr\/shop\/poeles-pots\/wok\/fissler-kunmig-wok-36-cm-couvercle-en-verre\/#breadcrumb\"},\"inLanguage\":\"fr-FR\",\"potentialAction\":[{\"@type\":\"ReadAction\",\"target\":[\"https:\/\/www.erresse-shop.it\/fr\/shop\/poeles-pots\/wok\/fissler-kunmig-wok-36-cm-couvercle-en-verre\/\"]}]},{\"@type\":\"BreadcrumbList\",\"@id\":\"https:\/\/www.erresse-shop.it\/fr\/shop\/poeles-pots\/wok\/fissler-kunmig-wok-36-cm-couvercle-en-verre\/#breadcrumb\",\"itemListElement\":[{\"@type\":\"ListItem\",\"position\":1,\"name\":\"Home\",\"item\":\"https:\/\/www.erresse-shop.it\/fr\/\"},{\"@type\":\"ListItem\",\"position\":2,\"name\":\"Shop\",\"item\":\"https:\/\/www.erresse-shop.it\/fr\/shop\/\"},{\"@type\":\"ListItem\",\"position\":3,\"name\":\"FISSLER Kunmig Wok 36 cm Couvercle en verre\"}]},{\"@type\":\"WebSite\",\"@id\":\"https:\/\/www.erresse-shop.it\/fr\/#website\",\"url\":\"https:\/\/www.erresse-shop.it\/fr\/\",\"name\":\"Erresse Shop\",\"description\":\"Articoli di qualit\u00e0 per la casa\",\"potentialAction\":[{\"@type\":\"SearchAction\",\"target\":{\"@type\":\"EntryPoint\",\"urlTemplate\":\"https:\/\/www.erresse-shop.it\/fr\/?s={search_term_string}\"},\"query-input\":\"required name=search_term_string\"}],\"inLanguage\":\"fr-FR\"}]}<\/script>\n<!-- \/ Yoast SEO Premium plugin. -->","yoast_head_json":{"title":"FISSLER Kunmig Wok 36 cm Couvercle en verre - Erresse Shop","description":"Le wok en acier inoxydable Kunming avec couvercle en verre et poign\u00e9es m\u00e9talliques pratiques est la base pour savourer la cuisine asiatique. Le bac","robots":{"index":"index","follow":"follow","max-snippet":"max-snippet:-1","max-image-preview":"max-image-preview:large","max-video-preview":"max-video-preview:-1"},"canonical":"https:\/\/www.erresse-shop.it\/fr\/shop\/poeles-pots\/wok\/fissler-kunmig-wok-36-cm-couvercle-en-verre\/","og_locale":"fr_FR","og_type":"article","og_title":"FISSLER Kunmig Wok 36 cm Couvercle en verre","og_description":"Le wok en acier inoxydable Kunming avec couvercle en verre et poign\u00e9es m\u00e9talliques pratiques est la base pour savourer la cuisine asiatique. Le bac","og_url":"https:\/\/www.erresse-shop.it\/fr\/shop\/poeles-pots\/wok\/fissler-kunmig-wok-36-cm-couvercle-en-verre\/","og_site_name":"Erresse Shop","article_modified_time":"2025-06-27T07:39:20+00:00","og_image":[{"width":1200,"height":1200,"url":"https:\/\/www.erresse-shop.it\/wp-content\/uploads\/2025\/06\/FISSLER-Kunmig-Wok-36-cm-Coperchio-in-vetro.jpg","type":"image\/jpeg"}],"twitter_card":"summary_large_image","schema":{"@context":"https:\/\/schema.org","@graph":[{"@type":"WebPage","@id":"https:\/\/www.erresse-shop.it\/fr\/shop\/poeles-pots\/wok\/fissler-kunmig-wok-36-cm-couvercle-en-verre\/","url":"https:\/\/www.erresse-shop.it\/fr\/shop\/poeles-pots\/wok\/fissler-kunmig-wok-36-cm-couvercle-en-verre\/","name":"FISSLER Kunmig Wok 36 cm Couvercle en verre - Erresse Shop","isPartOf":{"@id":"https:\/\/www.erresse-shop.it\/fr\/#website"},"datePublished":"2025-06-27T06:49:05+00:00","dateModified":"2025-06-27T07:39:20+00:00","description":"Le wok en acier inoxydable Kunming avec couvercle en verre et poign\u00e9es m\u00e9talliques pratiques est la base pour savourer la cuisine asiatique. Le bac","breadcrumb":{"@id":"https:\/\/www.erresse-shop.it\/fr\/shop\/poeles-pots\/wok\/fissler-kunmig-wok-36-cm-couvercle-en-verre\/#breadcrumb"},"inLanguage":"fr-FR","potentialAction":[{"@type":"ReadAction","target":["https:\/\/www.erresse-shop.it\/fr\/shop\/poeles-pots\/wok\/fissler-kunmig-wok-36-cm-couvercle-en-verre\/"]}]},{"@type":"BreadcrumbList","@id":"https:\/\/www.erresse-shop.it\/fr\/shop\/poeles-pots\/wok\/fissler-kunmig-wok-36-cm-couvercle-en-verre\/#breadcrumb","itemListElement":[{"@type":"ListItem","position":1,"name":"Home","item":"https:\/\/www.erresse-shop.it\/fr\/"},{"@type":"ListItem","position":2,"name":"Shop","item":"https:\/\/www.erresse-shop.it\/fr\/shop\/"},{"@type":"ListItem","position":3,"name":"FISSLER Kunmig Wok 36 cm Couvercle en verre"}]},{"@type":"WebSite","@id":"https:\/\/www.erresse-shop.it\/fr\/#website","url":"https:\/\/www.erresse-shop.it\/fr\/","name":"Erresse Shop","description":"Articoli di qualit\u00e0 per la casa","potentialAction":[{"@type":"SearchAction","target":{"@type":"EntryPoint","urlTemplate":"https:\/\/www.erresse-shop.it\/fr\/?s={search_term_string}"},"query-input":"required name=search_term_string"}],"inLanguage":"fr-FR"}]}},"df_price":149.95,"df_sale_price":149.95,"df_regular_price":159,"df_image_link":"https:\/\/www.erresse-shop.it\/wp-content\/uploads\/2025\/06\/FISSLER-Kunmig-Wok-36-cm-Coperchio-in-vetro-300x300.jpg","_links":{"self":[{"href":"https:\/\/www.erresse-shop.it\/fr\/wp-json\/wp\/v2\/product\/505346"}],"collection":[{"href":"https:\/\/www.erresse-shop.it\/fr\/wp-json\/wp\/v2\/product"}],"about":[{"href":"https:\/\/www.erresse-shop.it\/fr\/wp-json\/wp\/v2\/types\/product"}],"wp:featuredmedia":[{"embeddable":true,"href":"https:\/\/www.erresse-shop.it\/fr\/wp-json\/wp\/v2\/media\/505372"}],"wp:attachment":[{"href":"https:\/\/www.erresse-shop.it\/fr\/wp-json\/wp\/v2\/media?parent=505346"}],"wp:term":[{"taxonomy":"product_cat","embeddable":true,"href":"https:\/\/www.erresse-shop.it\/fr\/wp-json\/wp\/v2\/product_cat?post=505346"},{"taxonomy":"product_tag","embeddable":true,"href":"https:\/\/www.erresse-shop.it\/fr\/wp-json\/wp\/v2\/product_tag?post=505346"}],"curies":[{"name":"wp","href":"https:\/\/api.w.org\/{rel}","templated":true}]}}