{"id":505311,"date":"2025-06-27T06:02:32","date_gmt":"2025-06-27T06:02:35","guid":{"rendered":"https:\/\/www.erresse-shop.it\/?post_type=product&#038;p=505311"},"modified":"2025-06-27T06:37:23","modified_gmt":"2025-06-27T06:37:23","slug":"fissler-palermo-ensemble-de-5-pieces","status":"publish","type":"product","link":"https:\/\/www.erresse-shop.it\/fr\/shop\/poeles-pots\/batteries-de-cuisine\/fissler-palermo-ensemble-de-5-pieces\/","title":{"rendered":"FISSLER Palermo Ensemble de 5 pi\u00e8ces"},"content":{"rendered":"<p data-start=\"213\" data-end=\"564\">D\u00e9couvrez la qualit\u00e9 allemande de Fissler avec la <strong data-start=\"274\" data-end=\"296\">batterie de cuisine 5 pi\u00e8ces Palermo<\/strong>, con\u00e7ue pour ceux qui recherchent fonctionnalit\u00e9, durabilit\u00e9 et design intemporel. Fabriqu\u00e9 en <strong data-start=\"377\" data-end=\"415\">acier inoxydable 18\/10 de haute qualit\u00e9<\/strong>, cet ensemble offre d&#8217;excellentes performances sur tous les types de plaques de cuisson, <strong data-start=\"493\" data-end=\"516\">y compris l&#8217;induction<\/strong>, et est parfait pour une utilisation quotidienne intensive.<\/p>\n<h4 data-start=\"566\" data-end=\"593\"><strong data-start=\"571\" data-end=\"593\">Contenu de l&#8217;ensemble&nbsp;:<\/strong><\/h4>\n<ul>\n<li data-start=\"596\" data-end=\"640\">1 casserole avec couvercle en verre \u2013 \u00d8 16 cm<\/li>\n<li data-start=\"643\" data-end=\"687\">1 casserole avec couvercle en verre \u2013 \u00d8 20 cm<\/li>\n<li data-start=\"690\" data-end=\"734\">1 casserole avec couvercle en verre \u2013 \u00d8 24 cm<\/li>\n<li data-start=\"737\" data-end=\"784\">1 casserole avec couvercle en verre \u2013 \u00d8 20 cm<\/li>\n<li data-start=\"787\" data-end=\"824\">1 casserole sans couvercle \u2013 \u00d8 16 cm<\/li>\n<\/ul>\n<h4 data-start=\"826\" data-end=\"862\"><strong data-start=\"831\" data-end=\"862\">Principales caract\u00e9ristiques&nbsp;:<\/strong><\/h4>\n<ul>\n<li data-start=\"865\" data-end=\"956\"><strong data-start=\"865\" data-end=\"887\">Fond superthermique<\/strong>&nbsp;: r\u00e9partition uniforme de la chaleur et efficacit\u00e9 \u00e9nerg\u00e9tique maximale<\/li>\n<li data-start=\"959\" data-end=\"1045\"><strong data-start=\"959\" data-end=\"1000\">Compatible avec tous les feux<\/strong>, y compris l&#8217;induction et le four (jusqu&#8217;\u00e0 180 \u00b0C)<\/li>\n<li data-start=\"1048\" data-end=\"1138\"><strong data-start=\"1048\" data-end=\"1079\">Couvercles en verre tremp\u00e9<\/strong>&nbsp;: surveillez la cuisson sans soulever le couvercle<\/li>\n<li data-start=\"1141\" data-end=\"1201\"><strong data-start=\"1141\" data-end=\"1167\">Poign\u00e9es en acier inoxydable<\/strong>&nbsp;: robustes et r\u00e9sistantes \u00e0 la chaleur<\/li>\n<li data-start=\"1204\" data-end=\"1256\"><strong data-start=\"1204\" data-end=\"1233\">Lavable au lave-vaisselle<\/strong>&nbsp;: entretien facile<\/li>\n<li data-start=\"1259\" data-end=\"1303\"><strong data-start=\"1259\" data-end=\"1278\">Bord verseur<\/strong>&nbsp;: pour un versement sans gouttes<\/li>\n<\/ul>\n","protected":false},"excerpt":{"rendered":"<p><br data-mce-bogus=\"1\"><\/p>\n","protected":false},"featured_media":505337,"template":"","meta":{"_acf_changed":false,"inline_featured_image":false},"product_cat":[12458,14780],"product_tag":[12888,21529,25021,12469],"acf":[],"yoast_head":"<!-- This site is optimized with the Yoast SEO Premium plugin v18.6 (Yoast SEO v19.13) - https:\/\/yoast.com\/wordpress\/plugins\/seo\/ -->\n<title>FISSLER Palermo Ensemble de 5 pi\u00e8ces - Erresse Shop<\/title>\n<meta name=\"robots\" content=\"index, follow, max-snippet:-1, max-image-preview:large, max-video-preview:-1\" \/>\n<link rel=\"canonical\" href=\"https:\/\/www.erresse-shop.it\/fr\/shop\/poeles-pots\/batteries-de-cuisine\/fissler-palermo-ensemble-de-5-pieces\/\" \/>\n<meta property=\"og:locale\" content=\"fr_FR\" \/>\n<meta property=\"og:type\" content=\"article\" \/>\n<meta property=\"og:title\" content=\"FISSLER Palermo Ensemble de 5 pi\u00e8ces\" \/>\n<meta property=\"og:url\" content=\"https:\/\/www.erresse-shop.it\/fr\/shop\/poeles-pots\/batteries-de-cuisine\/fissler-palermo-ensemble-de-5-pieces\/\" \/>\n<meta property=\"og:site_name\" content=\"Erresse Shop\" \/>\n<meta property=\"article:modified_time\" content=\"2025-06-27T06:37:23+00:00\" \/>\n<meta property=\"og:image\" content=\"https:\/\/www.erresse-shop.it\/wp-content\/uploads\/2025\/06\/BARAZZONI-Palermo-Set-5-Pezzi.jpg\" \/>\n\t<meta property=\"og:image:width\" content=\"1200\" \/>\n\t<meta property=\"og:image:height\" content=\"1200\" \/>\n\t<meta property=\"og:image:type\" content=\"image\/jpeg\" \/>\n<meta name=\"twitter:card\" content=\"summary_large_image\" \/>\n<script type=\"application\/ld+json\" class=\"yoast-schema-graph\">{\"@context\":\"https:\/\/schema.org\",\"@graph\":[{\"@type\":\"WebPage\",\"@id\":\"https:\/\/www.erresse-shop.it\/fr\/shop\/poeles-pots\/batteries-de-cuisine\/fissler-palermo-ensemble-de-5-pieces\/\",\"url\":\"https:\/\/www.erresse-shop.it\/fr\/shop\/poeles-pots\/batteries-de-cuisine\/fissler-palermo-ensemble-de-5-pieces\/\",\"name\":\"FISSLER Palermo Ensemble de 5 pi\u00e8ces - Erresse Shop\",\"isPartOf\":{\"@id\":\"https:\/\/www.erresse-shop.it\/fr\/#website\"},\"datePublished\":\"2025-06-27T06:02:35+00:00\",\"dateModified\":\"2025-06-27T06:37:23+00:00\",\"breadcrumb\":{\"@id\":\"https:\/\/www.erresse-shop.it\/fr\/shop\/poeles-pots\/batteries-de-cuisine\/fissler-palermo-ensemble-de-5-pieces\/#breadcrumb\"},\"inLanguage\":\"fr-FR\",\"potentialAction\":[{\"@type\":\"ReadAction\",\"target\":[\"https:\/\/www.erresse-shop.it\/fr\/shop\/poeles-pots\/batteries-de-cuisine\/fissler-palermo-ensemble-de-5-pieces\/\"]}]},{\"@type\":\"BreadcrumbList\",\"@id\":\"https:\/\/www.erresse-shop.it\/fr\/shop\/poeles-pots\/batteries-de-cuisine\/fissler-palermo-ensemble-de-5-pieces\/#breadcrumb\",\"itemListElement\":[{\"@type\":\"ListItem\",\"position\":1,\"name\":\"Home\",\"item\":\"https:\/\/www.erresse-shop.it\/fr\/\"},{\"@type\":\"ListItem\",\"position\":2,\"name\":\"Shop\",\"item\":\"https:\/\/www.erresse-shop.it\/fr\/shop\/\"},{\"@type\":\"ListItem\",\"position\":3,\"name\":\"FISSLER Palermo Ensemble de 5 pi\u00e8ces\"}]},{\"@type\":\"WebSite\",\"@id\":\"https:\/\/www.erresse-shop.it\/fr\/#website\",\"url\":\"https:\/\/www.erresse-shop.it\/fr\/\",\"name\":\"Erresse Shop\",\"description\":\"Articoli di qualit\u00e0 per la casa\",\"potentialAction\":[{\"@type\":\"SearchAction\",\"target\":{\"@type\":\"EntryPoint\",\"urlTemplate\":\"https:\/\/www.erresse-shop.it\/fr\/?s={search_term_string}\"},\"query-input\":\"required name=search_term_string\"}],\"inLanguage\":\"fr-FR\"}]}<\/script>\n<!-- \/ Yoast SEO Premium plugin. -->","yoast_head_json":{"title":"FISSLER Palermo Ensemble de 5 pi\u00e8ces - Erresse Shop","robots":{"index":"index","follow":"follow","max-snippet":"max-snippet:-1","max-image-preview":"max-image-preview:large","max-video-preview":"max-video-preview:-1"},"canonical":"https:\/\/www.erresse-shop.it\/fr\/shop\/poeles-pots\/batteries-de-cuisine\/fissler-palermo-ensemble-de-5-pieces\/","og_locale":"fr_FR","og_type":"article","og_title":"FISSLER Palermo Ensemble de 5 pi\u00e8ces","og_url":"https:\/\/www.erresse-shop.it\/fr\/shop\/poeles-pots\/batteries-de-cuisine\/fissler-palermo-ensemble-de-5-pieces\/","og_site_name":"Erresse Shop","article_modified_time":"2025-06-27T06:37:23+00:00","og_image":[{"width":1200,"height":1200,"url":"https:\/\/www.erresse-shop.it\/wp-content\/uploads\/2025\/06\/BARAZZONI-Palermo-Set-5-Pezzi.jpg","type":"image\/jpeg"}],"twitter_card":"summary_large_image","schema":{"@context":"https:\/\/schema.org","@graph":[{"@type":"WebPage","@id":"https:\/\/www.erresse-shop.it\/fr\/shop\/poeles-pots\/batteries-de-cuisine\/fissler-palermo-ensemble-de-5-pieces\/","url":"https:\/\/www.erresse-shop.it\/fr\/shop\/poeles-pots\/batteries-de-cuisine\/fissler-palermo-ensemble-de-5-pieces\/","name":"FISSLER Palermo Ensemble de 5 pi\u00e8ces - Erresse Shop","isPartOf":{"@id":"https:\/\/www.erresse-shop.it\/fr\/#website"},"datePublished":"2025-06-27T06:02:35+00:00","dateModified":"2025-06-27T06:37:23+00:00","breadcrumb":{"@id":"https:\/\/www.erresse-shop.it\/fr\/shop\/poeles-pots\/batteries-de-cuisine\/fissler-palermo-ensemble-de-5-pieces\/#breadcrumb"},"inLanguage":"fr-FR","potentialAction":[{"@type":"ReadAction","target":["https:\/\/www.erresse-shop.it\/fr\/shop\/poeles-pots\/batteries-de-cuisine\/fissler-palermo-ensemble-de-5-pieces\/"]}]},{"@type":"BreadcrumbList","@id":"https:\/\/www.erresse-shop.it\/fr\/shop\/poeles-pots\/batteries-de-cuisine\/fissler-palermo-ensemble-de-5-pieces\/#breadcrumb","itemListElement":[{"@type":"ListItem","position":1,"name":"Home","item":"https:\/\/www.erresse-shop.it\/fr\/"},{"@type":"ListItem","position":2,"name":"Shop","item":"https:\/\/www.erresse-shop.it\/fr\/shop\/"},{"@type":"ListItem","position":3,"name":"FISSLER Palermo Ensemble de 5 pi\u00e8ces"}]},{"@type":"WebSite","@id":"https:\/\/www.erresse-shop.it\/fr\/#website","url":"https:\/\/www.erresse-shop.it\/fr\/","name":"Erresse Shop","description":"Articoli di qualit\u00e0 per la casa","potentialAction":[{"@type":"SearchAction","target":{"@type":"EntryPoint","urlTemplate":"https:\/\/www.erresse-shop.it\/fr\/?s={search_term_string}"},"query-input":"required name=search_term_string"}],"inLanguage":"fr-FR"}]}},"df_price":199.95,"df_sale_price":199.95,"df_regular_price":239,"df_image_link":"https:\/\/www.erresse-shop.it\/wp-content\/uploads\/2025\/06\/FISSLER-Palermo-Set-5-Pezzi-300x300.jpg","_links":{"self":[{"href":"https:\/\/www.erresse-shop.it\/fr\/wp-json\/wp\/v2\/product\/505311"}],"collection":[{"href":"https:\/\/www.erresse-shop.it\/fr\/wp-json\/wp\/v2\/product"}],"about":[{"href":"https:\/\/www.erresse-shop.it\/fr\/wp-json\/wp\/v2\/types\/product"}],"wp:featuredmedia":[{"embeddable":true,"href":"https:\/\/www.erresse-shop.it\/fr\/wp-json\/wp\/v2\/media\/505337"}],"wp:attachment":[{"href":"https:\/\/www.erresse-shop.it\/fr\/wp-json\/wp\/v2\/media?parent=505311"}],"wp:term":[{"taxonomy":"product_cat","embeddable":true,"href":"https:\/\/www.erresse-shop.it\/fr\/wp-json\/wp\/v2\/product_cat?post=505311"},{"taxonomy":"product_tag","embeddable":true,"href":"https:\/\/www.erresse-shop.it\/fr\/wp-json\/wp\/v2\/product_tag?post=505311"}],"curies":[{"name":"wp","href":"https:\/\/api.w.org\/{rel}","templated":true}]}}