{"id":505267,"date":"2025-06-26T09:50:47","date_gmt":"2025-06-26T09:50:50","guid":{"rendered":"https:\/\/www.erresse-shop.it\/?post_type=product&#038;p=505267"},"modified":"2025-06-26T10:05:04","modified_gmt":"2025-06-26T10:05:04","slug":"fissler-vitaquick-premium-autocuiseur-25-l-18-cm","status":"publish","type":"product","link":"https:\/\/www.erresse-shop.it\/fr\/shop\/poeles-pots\/casseroles\/fissler-vitaquick-premium-autocuiseur-25-l-18-cm\/","title":{"rendered":"FISSLER Vitaquick Premium Autocuiseur 2,5 L 18 cm"},"content":{"rendered":"<p>Cuisiner est encore plus agr\u00e9able avec des outils simples \u00e0 port\u00e9e de main. Avec les autocuiseurs Fissler faciles \u00e0 utiliser, pr\u00e9parer le repas sain et savoureux dont vous r\u00eavez est une exp\u00e9rience absolument d\u00e9tendue.<\/p>\n<p>En plus de l&#8217;aide au positionnement pratique, le Vitaquick\u00ae facile \u00e0 utiliser offre \u00e9galement une fonction d&#8217;indicateur d&#8217;\u00e9tat de verrouillage, afin que vous sachiez quand le couvercle est correctement positionn\u00e9. La base superthermique de haute qualit\u00e9 assure une absorption, une distribution et un maintien uniformes de la chaleur sur tous les types de plaques de cuisson, y compris l&#8217;induction.<\/p>\n<ul>\n<li>compatible avec les plaques \u00e0 induction<\/li>\n<li>fonds superthermique<\/li>\n<li>Aide au positionnement Vitaquick\u00ae<\/li>\n<li>indicateur de verrouillage<\/li>\n<li>poign\u00e9e amovible<\/li>\n<li>fonction d&#8217;empilement<\/li>\n<\/ul>\n<p><strong>Caract\u00e9ristiques techniques\u00a0:<\/strong><\/p>\n<ul>\n<li>Capacit\u00e9 10 l<\/li>\n<li>Mat\u00e9riau : acier inoxydable 18\/10<\/li>\n<li>Diam\u00e8tre : Base 23 cm<\/li>\n<li>Fabriqu\u00e9 en Allemagne<\/li>\n<li>Couleur\u00a0: Acier inoxydable \/ Argent<\/li>\n<li>Mat\u00e9riau du manche\u00a0: plastique<\/li>\n<li>Surface int\u00e9rieure liss\u00e9e<\/li>\n<li>Surface ext\u00e9rieure polie<\/li>\n<li>Taille de plaque de cuisson recommand\u00e9e\u00a0: 21\u00a0cm<\/li>\n<\/ul>\n<p><strong>Dimensions :\u00a0<\/strong>21 x 39 x 16,5 cm<br \/>\n<strong>Poids\u00a0;<\/strong> 2 kg<\/p>\n<p><strong>\u00a0Va au lave-vaisselle sauf les pi\u00e8ces amovibles<\/strong><\/p>\n","protected":false},"excerpt":{"rendered":"<p>Cuisiner est encore plus agr\u00e9able avec des outils simples \u00e0 port\u00e9e de main. Avec les autocuiseurs Fissler faciles \u00e0 utiliser,<\/p>\n","protected":false},"featured_media":505272,"template":"","meta":{"_acf_changed":false,"inline_featured_image":false},"product_cat":[12458,14777],"product_tag":[17642,21529,25021,13426,12468],"acf":[],"yoast_head":"<!-- This site is optimized with the Yoast SEO Premium plugin v18.6 (Yoast SEO v19.13) - https:\/\/yoast.com\/wordpress\/plugins\/seo\/ -->\n<title>FISSLER Vitaquick Premium Autocuiseur 2,5 L 18 cm - Erresse Shop<\/title>\n<meta name=\"description\" content=\"Cuisiner est encore plus agr\u00e9able avec des outils simples \u00e0 port\u00e9e de main. Avec les autocuiseurs Fissler faciles \u00e0 utiliser, pr\u00e9parer le repas sain et\" \/>\n<meta name=\"robots\" content=\"index, follow, max-snippet:-1, max-image-preview:large, max-video-preview:-1\" \/>\n<link rel=\"canonical\" href=\"https:\/\/www.erresse-shop.it\/fr\/shop\/poeles-pots\/casseroles\/fissler-vitaquick-premium-autocuiseur-25-l-18-cm\/\" \/>\n<meta property=\"og:locale\" content=\"fr_FR\" \/>\n<meta property=\"og:type\" content=\"article\" \/>\n<meta property=\"og:title\" content=\"FISSLER Vitaquick Premium Autocuiseur 2,5 L 18 cm\" \/>\n<meta property=\"og:description\" content=\"Cuisiner est encore plus agr\u00e9able avec des outils simples \u00e0 port\u00e9e de main. Avec les autocuiseurs Fissler faciles \u00e0 utiliser, pr\u00e9parer le repas sain et\" \/>\n<meta property=\"og:url\" content=\"https:\/\/www.erresse-shop.it\/fr\/shop\/poeles-pots\/casseroles\/fissler-vitaquick-premium-autocuiseur-25-l-18-cm\/\" \/>\n<meta property=\"og:site_name\" content=\"Erresse Shop\" \/>\n<meta property=\"article:modified_time\" content=\"2025-06-26T10:05:04+00:00\" \/>\n<meta property=\"og:image\" content=\"https:\/\/www.erresse-shop.it\/wp-content\/uploads\/2025\/06\/FISSLER-Vitaquick-Premium-Pentola-a-Pressione-25-L-18-cm.jpg\" \/>\n\t<meta property=\"og:image:width\" content=\"1200\" \/>\n\t<meta property=\"og:image:height\" content=\"1200\" \/>\n\t<meta property=\"og:image:type\" content=\"image\/jpeg\" \/>\n<meta name=\"twitter:card\" content=\"summary_large_image\" \/>\n<script type=\"application\/ld+json\" class=\"yoast-schema-graph\">{\"@context\":\"https:\/\/schema.org\",\"@graph\":[{\"@type\":\"WebPage\",\"@id\":\"https:\/\/www.erresse-shop.it\/fr\/shop\/poeles-pots\/casseroles\/fissler-vitaquick-premium-autocuiseur-25-l-18-cm\/\",\"url\":\"https:\/\/www.erresse-shop.it\/fr\/shop\/poeles-pots\/casseroles\/fissler-vitaquick-premium-autocuiseur-25-l-18-cm\/\",\"name\":\"FISSLER Vitaquick Premium Autocuiseur 2,5 L 18 cm - Erresse Shop\",\"isPartOf\":{\"@id\":\"https:\/\/www.erresse-shop.it\/fr\/#website\"},\"datePublished\":\"2025-06-26T09:50:50+00:00\",\"dateModified\":\"2025-06-26T10:05:04+00:00\",\"description\":\"Cuisiner est encore plus agr\u00e9able avec des outils simples \u00e0 port\u00e9e de main. Avec les autocuiseurs Fissler faciles \u00e0 utiliser, pr\u00e9parer le repas sain et\",\"breadcrumb\":{\"@id\":\"https:\/\/www.erresse-shop.it\/fr\/shop\/poeles-pots\/casseroles\/fissler-vitaquick-premium-autocuiseur-25-l-18-cm\/#breadcrumb\"},\"inLanguage\":\"fr-FR\",\"potentialAction\":[{\"@type\":\"ReadAction\",\"target\":[\"https:\/\/www.erresse-shop.it\/fr\/shop\/poeles-pots\/casseroles\/fissler-vitaquick-premium-autocuiseur-25-l-18-cm\/\"]}]},{\"@type\":\"BreadcrumbList\",\"@id\":\"https:\/\/www.erresse-shop.it\/fr\/shop\/poeles-pots\/casseroles\/fissler-vitaquick-premium-autocuiseur-25-l-18-cm\/#breadcrumb\",\"itemListElement\":[{\"@type\":\"ListItem\",\"position\":1,\"name\":\"Home\",\"item\":\"https:\/\/www.erresse-shop.it\/fr\/\"},{\"@type\":\"ListItem\",\"position\":2,\"name\":\"Shop\",\"item\":\"https:\/\/www.erresse-shop.it\/fr\/shop\/\"},{\"@type\":\"ListItem\",\"position\":3,\"name\":\"FISSLER Vitaquick Premium Autocuiseur 2,5 L 18 cm\"}]},{\"@type\":\"WebSite\",\"@id\":\"https:\/\/www.erresse-shop.it\/fr\/#website\",\"url\":\"https:\/\/www.erresse-shop.it\/fr\/\",\"name\":\"Erresse Shop\",\"description\":\"Articoli di qualit\u00e0 per la casa\",\"potentialAction\":[{\"@type\":\"SearchAction\",\"target\":{\"@type\":\"EntryPoint\",\"urlTemplate\":\"https:\/\/www.erresse-shop.it\/fr\/?s={search_term_string}\"},\"query-input\":\"required name=search_term_string\"}],\"inLanguage\":\"fr-FR\"}]}<\/script>\n<!-- \/ Yoast SEO Premium plugin. -->","yoast_head_json":{"title":"FISSLER Vitaquick Premium Autocuiseur 2,5 L 18 cm - Erresse Shop","description":"Cuisiner est encore plus agr\u00e9able avec des outils simples \u00e0 port\u00e9e de main. Avec les autocuiseurs Fissler faciles \u00e0 utiliser, pr\u00e9parer le repas sain et","robots":{"index":"index","follow":"follow","max-snippet":"max-snippet:-1","max-image-preview":"max-image-preview:large","max-video-preview":"max-video-preview:-1"},"canonical":"https:\/\/www.erresse-shop.it\/fr\/shop\/poeles-pots\/casseroles\/fissler-vitaquick-premium-autocuiseur-25-l-18-cm\/","og_locale":"fr_FR","og_type":"article","og_title":"FISSLER Vitaquick Premium Autocuiseur 2,5 L 18 cm","og_description":"Cuisiner est encore plus agr\u00e9able avec des outils simples \u00e0 port\u00e9e de main. Avec les autocuiseurs Fissler faciles \u00e0 utiliser, pr\u00e9parer le repas sain et","og_url":"https:\/\/www.erresse-shop.it\/fr\/shop\/poeles-pots\/casseroles\/fissler-vitaquick-premium-autocuiseur-25-l-18-cm\/","og_site_name":"Erresse Shop","article_modified_time":"2025-06-26T10:05:04+00:00","og_image":[{"width":1200,"height":1200,"url":"https:\/\/www.erresse-shop.it\/wp-content\/uploads\/2025\/06\/FISSLER-Vitaquick-Premium-Pentola-a-Pressione-25-L-18-cm.jpg","type":"image\/jpeg"}],"twitter_card":"summary_large_image","schema":{"@context":"https:\/\/schema.org","@graph":[{"@type":"WebPage","@id":"https:\/\/www.erresse-shop.it\/fr\/shop\/poeles-pots\/casseroles\/fissler-vitaquick-premium-autocuiseur-25-l-18-cm\/","url":"https:\/\/www.erresse-shop.it\/fr\/shop\/poeles-pots\/casseroles\/fissler-vitaquick-premium-autocuiseur-25-l-18-cm\/","name":"FISSLER Vitaquick Premium Autocuiseur 2,5 L 18 cm - Erresse Shop","isPartOf":{"@id":"https:\/\/www.erresse-shop.it\/fr\/#website"},"datePublished":"2025-06-26T09:50:50+00:00","dateModified":"2025-06-26T10:05:04+00:00","description":"Cuisiner est encore plus agr\u00e9able avec des outils simples \u00e0 port\u00e9e de main. Avec les autocuiseurs Fissler faciles \u00e0 utiliser, pr\u00e9parer le repas sain et","breadcrumb":{"@id":"https:\/\/www.erresse-shop.it\/fr\/shop\/poeles-pots\/casseroles\/fissler-vitaquick-premium-autocuiseur-25-l-18-cm\/#breadcrumb"},"inLanguage":"fr-FR","potentialAction":[{"@type":"ReadAction","target":["https:\/\/www.erresse-shop.it\/fr\/shop\/poeles-pots\/casseroles\/fissler-vitaquick-premium-autocuiseur-25-l-18-cm\/"]}]},{"@type":"BreadcrumbList","@id":"https:\/\/www.erresse-shop.it\/fr\/shop\/poeles-pots\/casseroles\/fissler-vitaquick-premium-autocuiseur-25-l-18-cm\/#breadcrumb","itemListElement":[{"@type":"ListItem","position":1,"name":"Home","item":"https:\/\/www.erresse-shop.it\/fr\/"},{"@type":"ListItem","position":2,"name":"Shop","item":"https:\/\/www.erresse-shop.it\/fr\/shop\/"},{"@type":"ListItem","position":3,"name":"FISSLER Vitaquick Premium Autocuiseur 2,5 L 18 cm"}]},{"@type":"WebSite","@id":"https:\/\/www.erresse-shop.it\/fr\/#website","url":"https:\/\/www.erresse-shop.it\/fr\/","name":"Erresse Shop","description":"Articoli di qualit\u00e0 per la casa","potentialAction":[{"@type":"SearchAction","target":{"@type":"EntryPoint","urlTemplate":"https:\/\/www.erresse-shop.it\/fr\/?s={search_term_string}"},"query-input":"required name=search_term_string"}],"inLanguage":"fr-FR"}]}},"df_price":149.95,"df_sale_price":149.95,"df_regular_price":159,"df_image_link":"https:\/\/www.erresse-shop.it\/wp-content\/uploads\/2025\/06\/FISSLER-Vitaquick-Premium-Pentola-a-Pressione-25-L-18-cm-300x300.jpg","_links":{"self":[{"href":"https:\/\/www.erresse-shop.it\/fr\/wp-json\/wp\/v2\/product\/505267"}],"collection":[{"href":"https:\/\/www.erresse-shop.it\/fr\/wp-json\/wp\/v2\/product"}],"about":[{"href":"https:\/\/www.erresse-shop.it\/fr\/wp-json\/wp\/v2\/types\/product"}],"wp:featuredmedia":[{"embeddable":true,"href":"https:\/\/www.erresse-shop.it\/fr\/wp-json\/wp\/v2\/media\/505272"}],"wp:attachment":[{"href":"https:\/\/www.erresse-shop.it\/fr\/wp-json\/wp\/v2\/media?parent=505267"}],"wp:term":[{"taxonomy":"product_cat","embeddable":true,"href":"https:\/\/www.erresse-shop.it\/fr\/wp-json\/wp\/v2\/product_cat?post=505267"},{"taxonomy":"product_tag","embeddable":true,"href":"https:\/\/www.erresse-shop.it\/fr\/wp-json\/wp\/v2\/product_tag?post=505267"}],"curies":[{"name":"wp","href":"https:\/\/api.w.org\/{rel}","templated":true}]}}