{"id":505073,"date":"2025-06-26T07:09:00","date_gmt":"2025-06-26T07:09:04","guid":{"rendered":"https:\/\/www.erresse-shop.it\/?post_type=product&#038;p=505073"},"modified":"2026-03-28T07:38:36","modified_gmt":"2026-03-28T07:38:36","slug":"fissler-vitavit-premium-autocuiseur-35-l","status":"publish","type":"product","link":"https:\/\/www.erresse-shop.it\/fr\/shop\/poeles-pots\/casseroles\/fissler-vitavit-premium-autocuiseur-35-l\/","title":{"rendered":"FISSLER Vitavit Premium Autocuiseur 3,5 L"},"content":{"rendered":"<p>1953 a vu le triomphe de la gamme Vitavit\u00ae, la premi\u00e8re \u00e0 \u00eatre dot\u00e9e d&#8217;une vanne de cuisson \u00e0 plusieurs \u00e9tages, rendant la cuisson sous pression s\u00fbre pour les maisons priv\u00e9es du monde entier. Au cours des 65 derni\u00e8res ann\u00e9es, la gamme Vitavit\u00ae a remport\u00e9 de nombreux prix pour son design et sa fonctionnalit\u00e9. Vitavit\u00ae Premium repr\u00e9sente l&#8217;\u00e9volution de l&#8217;autocuiseur embl\u00e9matique de 1953 et impressionne par sa vari\u00e9t\u00e9 de fonctions intelligentes.<\/p>\n<ul>\n<li>4 niveaux de cuisson<\/li>\n<li>Poign\u00e9e amovible avec indicateur de verrouillage<\/li>\n<li>Base Cookstar\u00ae compatible avec tous les feux<\/li>\n<li>Dipl\u00f4me interne gradu\u00e9<\/li>\n<li>Empilable<\/li>\n<\/ul>\n<p>Fabriqu\u00e9 en acier inoxydable 18\/10 satin\u00e9 de haute qualit\u00e9, il est extr\u00eamement r\u00e9sistant et r\u00e9sistant \u00e0 la rouille.<\/p>\n<p>Quatre niveaux de cuisson r\u00e9glables permettent une cuisson douce ou rapide, garantissant ainsi la pr\u00e9servation des vitamines essentielles. Une phase de cuisson \u00e0 la vapeur sans pression est \u00e9galement int\u00e9gr\u00e9e.<\/p>\n<p>Gr\u00e2ce \u00e0 l&#8217;affichage de cuisson avec fonction feu de signalisation, vous pouvez facilement surveiller la pression dans la casserole. Gr\u00e2ce \u00e0 la fonction d&#8217;arr\u00eat de la vapeur sur la couronne de cuisson et la poign\u00e9e, la pression peut \u00eatre r\u00e9duite facilement et commod\u00e9ment selon les besoins.<\/p>\n<p>La surface de cuisson Novogrill\u00ae est id\u00e9ale pour pr\u00e9parer des l\u00e9gumes et des viandes avec peu de mati\u00e8res grasses et un effet grill\u00e9. Gr\u00e2ce \u00e0 l&#8217;insert, vous pouvez \u00e9galement cuisiner des repas complets, des accompagnements et des desserts en m\u00eame temps.<\/p>\n<p>Vitavit\u00ae Premium convient \u00e0 tous les types de plaques de cuisson et est \u00e9quip\u00e9 de la base Cookstar\u00ae, adapt\u00e9e \u00e0 toutes les plaques de cuisson. Il offre ainsi une absorption, une distribution et une accumulation optimales de la chaleur.<\/p>\n<p>L&#8217;autocuiseur parfait pour les connaisseurs les plus exigeants qui souhaitent cuisiner rapidement et sainement !<\/p>\n<p>Dimensions : 43 x 25 x 16 cm<\/p>\n<p><strong>\u00a0Va au lave-vaisselle sauf les pi\u00e8ces amovibles<\/strong><\/p>\n","protected":false},"excerpt":{"rendered":"<p>1953 a vu le triomphe de la gamme Vitavit\u00ae, la premi\u00e8re \u00e0 \u00eatre dot\u00e9e d&#8217;une vanne de cuisson \u00e0 plusieurs<\/p>\n","protected":false},"featured_media":505084,"template":"","meta":{"_acf_changed":false,"inline_featured_image":false},"product_cat":[12458,14777],"product_tag":[17642,21529,25021,13426,12468],"acf":[],"yoast_head":"<!-- This site is optimized with the Yoast SEO Premium plugin v18.6 (Yoast SEO v19.13) - https:\/\/yoast.com\/wordpress\/plugins\/seo\/ -->\n<title>FISSLER Vitavit Premium Autocuiseur 3,5 L - Erresse Shop<\/title>\n<meta name=\"description\" content=\"1953 a vu le triomphe de la gamme Vitavit\u00ae, la premi\u00e8re \u00e0 \u00eatre dot\u00e9e d&#039;une vanne de cuisson \u00e0 plusieurs \u00e9tages, rendant la cuisson sous pression s\u00fbre pour\" \/>\n<meta name=\"robots\" content=\"index, follow, max-snippet:-1, max-image-preview:large, max-video-preview:-1\" \/>\n<link rel=\"canonical\" href=\"https:\/\/www.erresse-shop.it\/fr\/shop\/poeles-pots\/casseroles\/fissler-vitavit-premium-autocuiseur-35-l\/\" \/>\n<meta property=\"og:locale\" content=\"fr_FR\" \/>\n<meta property=\"og:type\" content=\"article\" \/>\n<meta property=\"og:title\" content=\"FISSLER Vitavit Premium Autocuiseur 3,5 L\" \/>\n<meta property=\"og:description\" content=\"1953 a vu le triomphe de la gamme Vitavit\u00ae, la premi\u00e8re \u00e0 \u00eatre dot\u00e9e d&#039;une vanne de cuisson \u00e0 plusieurs \u00e9tages, rendant la cuisson sous pression s\u00fbre pour\" \/>\n<meta property=\"og:url\" content=\"https:\/\/www.erresse-shop.it\/fr\/shop\/poeles-pots\/casseroles\/fissler-vitavit-premium-autocuiseur-35-l\/\" \/>\n<meta property=\"og:site_name\" content=\"Erresse Shop\" \/>\n<meta property=\"article:modified_time\" content=\"2026-03-28T07:38:36+00:00\" \/>\n<meta property=\"og:image\" content=\"https:\/\/www.erresse-shop.it\/wp-content\/uploads\/2025\/06\/FISSLER-Vitavit-Premium-Pentola-a-Pressione-35-L.jpg\" \/>\n\t<meta property=\"og:image:width\" content=\"1200\" \/>\n\t<meta property=\"og:image:height\" content=\"1200\" \/>\n\t<meta property=\"og:image:type\" content=\"image\/jpeg\" \/>\n<meta name=\"twitter:card\" content=\"summary_large_image\" \/>\n<script type=\"application\/ld+json\" class=\"yoast-schema-graph\">{\"@context\":\"https:\/\/schema.org\",\"@graph\":[{\"@type\":\"WebPage\",\"@id\":\"https:\/\/www.erresse-shop.it\/fr\/shop\/poeles-pots\/casseroles\/fissler-vitavit-premium-autocuiseur-35-l\/\",\"url\":\"https:\/\/www.erresse-shop.it\/fr\/shop\/poeles-pots\/casseroles\/fissler-vitavit-premium-autocuiseur-35-l\/\",\"name\":\"FISSLER Vitavit Premium Autocuiseur 3,5 L - Erresse Shop\",\"isPartOf\":{\"@id\":\"https:\/\/www.erresse-shop.it\/fr\/#website\"},\"datePublished\":\"2025-06-26T07:09:04+00:00\",\"dateModified\":\"2026-03-28T07:38:36+00:00\",\"description\":\"1953 a vu le triomphe de la gamme Vitavit\u00ae, la premi\u00e8re \u00e0 \u00eatre dot\u00e9e d'une vanne de cuisson \u00e0 plusieurs \u00e9tages, rendant la cuisson sous pression s\u00fbre pour\",\"breadcrumb\":{\"@id\":\"https:\/\/www.erresse-shop.it\/fr\/shop\/poeles-pots\/casseroles\/fissler-vitavit-premium-autocuiseur-35-l\/#breadcrumb\"},\"inLanguage\":\"fr-FR\",\"potentialAction\":[{\"@type\":\"ReadAction\",\"target\":[\"https:\/\/www.erresse-shop.it\/fr\/shop\/poeles-pots\/casseroles\/fissler-vitavit-premium-autocuiseur-35-l\/\"]}]},{\"@type\":\"BreadcrumbList\",\"@id\":\"https:\/\/www.erresse-shop.it\/fr\/shop\/poeles-pots\/casseroles\/fissler-vitavit-premium-autocuiseur-35-l\/#breadcrumb\",\"itemListElement\":[{\"@type\":\"ListItem\",\"position\":1,\"name\":\"Home\",\"item\":\"https:\/\/www.erresse-shop.it\/fr\/\"},{\"@type\":\"ListItem\",\"position\":2,\"name\":\"Shop\",\"item\":\"https:\/\/www.erresse-shop.it\/fr\/shop\/\"},{\"@type\":\"ListItem\",\"position\":3,\"name\":\"FISSLER Vitavit Premium Autocuiseur 3,5 L\"}]},{\"@type\":\"WebSite\",\"@id\":\"https:\/\/www.erresse-shop.it\/fr\/#website\",\"url\":\"https:\/\/www.erresse-shop.it\/fr\/\",\"name\":\"Erresse Shop\",\"description\":\"Articoli di qualit\u00e0 per la casa\",\"potentialAction\":[{\"@type\":\"SearchAction\",\"target\":{\"@type\":\"EntryPoint\",\"urlTemplate\":\"https:\/\/www.erresse-shop.it\/fr\/?s={search_term_string}\"},\"query-input\":\"required name=search_term_string\"}],\"inLanguage\":\"fr-FR\"}]}<\/script>\n<!-- \/ Yoast SEO Premium plugin. -->","yoast_head_json":{"title":"FISSLER Vitavit Premium Autocuiseur 3,5 L - Erresse Shop","description":"1953 a vu le triomphe de la gamme Vitavit\u00ae, la premi\u00e8re \u00e0 \u00eatre dot\u00e9e d'une vanne de cuisson \u00e0 plusieurs \u00e9tages, rendant la cuisson sous pression s\u00fbre pour","robots":{"index":"index","follow":"follow","max-snippet":"max-snippet:-1","max-image-preview":"max-image-preview:large","max-video-preview":"max-video-preview:-1"},"canonical":"https:\/\/www.erresse-shop.it\/fr\/shop\/poeles-pots\/casseroles\/fissler-vitavit-premium-autocuiseur-35-l\/","og_locale":"fr_FR","og_type":"article","og_title":"FISSLER Vitavit Premium Autocuiseur 3,5 L","og_description":"1953 a vu le triomphe de la gamme Vitavit\u00ae, la premi\u00e8re \u00e0 \u00eatre dot\u00e9e d'une vanne de cuisson \u00e0 plusieurs \u00e9tages, rendant la cuisson sous pression s\u00fbre pour","og_url":"https:\/\/www.erresse-shop.it\/fr\/shop\/poeles-pots\/casseroles\/fissler-vitavit-premium-autocuiseur-35-l\/","og_site_name":"Erresse Shop","article_modified_time":"2026-03-28T07:38:36+00:00","og_image":[{"width":1200,"height":1200,"url":"https:\/\/www.erresse-shop.it\/wp-content\/uploads\/2025\/06\/FISSLER-Vitavit-Premium-Pentola-a-Pressione-35-L.jpg","type":"image\/jpeg"}],"twitter_card":"summary_large_image","schema":{"@context":"https:\/\/schema.org","@graph":[{"@type":"WebPage","@id":"https:\/\/www.erresse-shop.it\/fr\/shop\/poeles-pots\/casseroles\/fissler-vitavit-premium-autocuiseur-35-l\/","url":"https:\/\/www.erresse-shop.it\/fr\/shop\/poeles-pots\/casseroles\/fissler-vitavit-premium-autocuiseur-35-l\/","name":"FISSLER Vitavit Premium Autocuiseur 3,5 L - Erresse Shop","isPartOf":{"@id":"https:\/\/www.erresse-shop.it\/fr\/#website"},"datePublished":"2025-06-26T07:09:04+00:00","dateModified":"2026-03-28T07:38:36+00:00","description":"1953 a vu le triomphe de la gamme Vitavit\u00ae, la premi\u00e8re \u00e0 \u00eatre dot\u00e9e d'une vanne de cuisson \u00e0 plusieurs \u00e9tages, rendant la cuisson sous pression s\u00fbre pour","breadcrumb":{"@id":"https:\/\/www.erresse-shop.it\/fr\/shop\/poeles-pots\/casseroles\/fissler-vitavit-premium-autocuiseur-35-l\/#breadcrumb"},"inLanguage":"fr-FR","potentialAction":[{"@type":"ReadAction","target":["https:\/\/www.erresse-shop.it\/fr\/shop\/poeles-pots\/casseroles\/fissler-vitavit-premium-autocuiseur-35-l\/"]}]},{"@type":"BreadcrumbList","@id":"https:\/\/www.erresse-shop.it\/fr\/shop\/poeles-pots\/casseroles\/fissler-vitavit-premium-autocuiseur-35-l\/#breadcrumb","itemListElement":[{"@type":"ListItem","position":1,"name":"Home","item":"https:\/\/www.erresse-shop.it\/fr\/"},{"@type":"ListItem","position":2,"name":"Shop","item":"https:\/\/www.erresse-shop.it\/fr\/shop\/"},{"@type":"ListItem","position":3,"name":"FISSLER Vitavit Premium Autocuiseur 3,5 L"}]},{"@type":"WebSite","@id":"https:\/\/www.erresse-shop.it\/fr\/#website","url":"https:\/\/www.erresse-shop.it\/fr\/","name":"Erresse Shop","description":"Articoli di qualit\u00e0 per la casa","potentialAction":[{"@type":"SearchAction","target":{"@type":"EntryPoint","urlTemplate":"https:\/\/www.erresse-shop.it\/fr\/?s={search_term_string}"},"query-input":"required name=search_term_string"}],"inLanguage":"fr-FR"}]}},"df_price":179,"df_sale_price":179,"df_regular_price":259,"df_image_link":"https:\/\/www.erresse-shop.it\/wp-content\/uploads\/2025\/06\/FISSLER-Vitavit-Premium-Pentola-a-Pressione-35-L-300x300.jpg","_links":{"self":[{"href":"https:\/\/www.erresse-shop.it\/fr\/wp-json\/wp\/v2\/product\/505073"}],"collection":[{"href":"https:\/\/www.erresse-shop.it\/fr\/wp-json\/wp\/v2\/product"}],"about":[{"href":"https:\/\/www.erresse-shop.it\/fr\/wp-json\/wp\/v2\/types\/product"}],"wp:featuredmedia":[{"embeddable":true,"href":"https:\/\/www.erresse-shop.it\/fr\/wp-json\/wp\/v2\/media\/505084"}],"wp:attachment":[{"href":"https:\/\/www.erresse-shop.it\/fr\/wp-json\/wp\/v2\/media?parent=505073"}],"wp:term":[{"taxonomy":"product_cat","embeddable":true,"href":"https:\/\/www.erresse-shop.it\/fr\/wp-json\/wp\/v2\/product_cat?post=505073"},{"taxonomy":"product_tag","embeddable":true,"href":"https:\/\/www.erresse-shop.it\/fr\/wp-json\/wp\/v2\/product_tag?post=505073"}],"curies":[{"name":"wp","href":"https:\/\/api.w.org\/{rel}","templated":true}]}}